{"id":4803,"date":"2016-01-17T16:00:36","date_gmt":"2016-01-17T15:00:36","guid":{"rendered":"http:\/\/www.adrianwood.ch\/?page_id=4803"},"modified":"2016-11-04T17:25:05","modified_gmt":"2016-11-04T17:25:05","slug":"04-14-westkuste","status":"publish","type":"page","link":"https:\/\/www.adrianwood.ch\/?page_id=4803","title":{"rendered":"04 14 Westkuste"},"content":{"rendered":"<figure id=\"attachment_4804\" aria-describedby=\"caption-attachment-4804\" style=\"width: 730px\" class=\"wp-caption alignnone\"><a href=\"http:\/\/www.adrianwood.ch\/wp-content\/uploads\/2016\/01\/GC1_0453_r7.jpg\" rel=\"attachment wp-att-4804\"><img loading=\"lazy\" decoding=\"async\" class=\"size-full wp-image-4804\" src=\"http:\/\/www.adrianwood.ch\/wp-content\/uploads\/2016\/01\/GC1_0453_r7.jpg\" alt=\"die schroffe Steilk\u00fcste\" width=\"730\" height=\"487\"><\/a><figcaption id=\"caption-attachment-4804\" class=\"wp-caption-text\">die schroffe Steilk\u00fcste<\/figcaption><\/figure>\n<h2>5. Tag Di 14. 04. Fahrt entlang der Westk\u00fcste<\/h2>\n<p style=\"text-align: justify;\">Ich fahre mit einem Mietauto die S\u00fcdk\u00fcste entlang an Puero Rico vorbei nach Puerto de Mogan und hinauf nach Mogan. Die Landstrassen oberhalb von Mogan winden sich in eine wilde und einsame Bergwelt. Nach s\u00fcdwesten und Westen erheben sich schier endlose goldfarbene, graue und rote Steilh\u00e4nge. Bei Veneguera gibt es sogar gr\u00fcn-farbige Felsen. Auf den hohen behaupten sich Kanarische Pinie, in tiefere Lagen setzten sich Tabaibas, Euphorbien und Opuntien durch. Eine schroffe Steilk\u00fcste, die nur an wenigen Stellen einen Zugang zum Meer gestattet, pr\u00e4gt der weitere Route. Mit \u00fcberw\u00e4ltigende Aussicht f\u00fchrt eine der sch\u00f6nsten Strassen der Insel hoch \u00fcber dem Meer entlang. Nach endlosen Kurven erreicht man das fruchtbare Tal von Agaete, eine gr\u00fcne Oase in der kargen Gegend, und der kleine Ort Puerto de las Nieves eine echte Alternative f\u00fcr ruhesuchende Touristen.ngg_shortcode_0_placeholder<\/p>\n<p style=\"text-align: justify;\"><a href=\"http:\/\/www.adrianwood.ch\/wp-content\/uploads\/2016\/01\/Gran_Canaria_ed4.jpg\"><img loading=\"lazy\" decoding=\"async\" class=\"alignleft size-full wp-image-10472\" src=\"http:\/\/www.adrianwood.ch\/wp-content\/uploads\/2016\/01\/Gran_Canaria_ed4.jpg\" alt=\"Westkuste\" width=\"730\" height=\"1313\" srcset=\"https:\/\/www.adrianwood.ch\/wp-content\/uploads\/2016\/01\/Gran_Canaria_ed4.jpg 730w, https:\/\/www.adrianwood.ch\/wp-content\/uploads\/2016\/01\/Gran_Canaria_ed4-167x300.jpg 167w, https:\/\/www.adrianwood.ch\/wp-content\/uploads\/2016\/01\/Gran_Canaria_ed4-569x1024.jpg 569w\" sizes=\"auto, (max-width: 730px) 100vw, 730px\" \/><\/a><\/p>\n","protected":false},"excerpt":{"rendered":"<p>5. Tag Di 14. 04. Fahrt entlang der Westk\u00fcste Ich fahre mit einem Mietauto die S\u00fcdk\u00fcste entlang an Puero Rico vorbei nach Puerto de Mogan und hinauf nach Mogan. Die Landstrassen oberhalb von Mogan winden sich in eine wilde und einsame Bergwelt. Nach s\u00fcdwesten und Westen erheben sich schier endlose goldfarbene, graue und rote Steilh\u00e4nge. &hellip; <a href=\"https:\/\/www.adrianwood.ch\/?page_id=4803\" class=\"more-link\">Continue reading <span class=\"screen-reader-text\">04 14 Westkuste<\/span> <span class=\"meta-nav\">&rarr;<\/span><\/a><\/p>\n","protected":false},"author":1,"featured_media":0,"parent":4786,"menu_order":4944,"comment_status":"closed","ping_status":"closed","template":"","meta":{"ngg_post_thumbnail":0,"footnotes":""},"class_list":["post-4803","page","type-page","status-publish","hentry"],"_links":{"self":[{"href":"https:\/\/www.adrianwood.ch\/index.php?rest_route=\/wp\/v2\/pages\/4803","targetHints":{"allow":["GET"]}}],"collection":[{"href":"https:\/\/www.adrianwood.ch\/index.php?rest_route=\/wp\/v2\/pages"}],"about":[{"href":"https:\/\/www.adrianwood.ch\/index.php?rest_route=\/wp\/v2\/types\/page"}],"author":[{"embeddable":true,"href":"https:\/\/www.adrianwood.ch\/index.php?rest_route=\/wp\/v2\/users\/1"}],"replies":[{"embeddable":true,"href":"https:\/\/www.adrianwood.ch\/index.php?rest_route=%2Fwp%2Fv2%2Fcomments&post=4803"}],"version-history":[{"count":2,"href":"https:\/\/www.adrianwood.ch\/index.php?rest_route=\/wp\/v2\/pages\/4803\/revisions"}],"predecessor-version":[{"id":10474,"href":"https:\/\/www.adrianwood.ch\/index.php?rest_route=\/wp\/v2\/pages\/4803\/revisions\/10474"}],"up":[{"embeddable":true,"href":"https:\/\/www.adrianwood.ch\/index.php?rest_route=\/wp\/v2\/pages\/4786"}],"wp:attachment":[{"href":"https:\/\/www.adrianwood.ch\/index.php?rest_route=%2Fwp%2Fv2%2Fmedia&parent=4803"}],"curies":[{"name":"wp","href":"https:\/\/api.w.org\/{rel}","templated":true}]}}