{"id":487,"date":"2011-01-20T18:14:51","date_gmt":"2011-01-20T17:14:51","guid":{"rendered":"http:\/\/adrianwood.ch\/"},"modified":"2011-01-20T18:14:51","modified_gmt":"2011-01-20T17:14:51","slug":"08-02-salanfe-mex","status":"publish","type":"page","link":"https:\/\/www.adrianwood.ch\/?page_id=487","title":{"rendered":"08-02 Salanfe-Mex"},"content":{"rendered":"<p><strong>2.August, Lac de Salanfe &#8211; Col du Jorat &#8211; Mex<\/strong><\/p>\n<table border=\"0\" cellspacing=\"0\" cellpadding=\"0\">\n<tbody>\n<tr>\n<td colspan=\"2\" width=\"821\" valign=\"top\">Adrian heute morgen beim Fr\u00fchst\u00fcck: \u201eJochen schreibst du heute mal einen Bericht?\u201c Na klar, mache ich\u201c. Au weia, ich habe noch nicht einmal meinen Schreiber dabei. Vom Nationalfeiertags-Punsch (wie war das noch einmal mit dem Schweizer Bundesfeiertag? R\u00fctlischwur, oder was?)\u00a0 Mal einen echten Schweizer gefragt: \u201eJa, Hm, wei\u00df ich auch nicht. Aber wir haben immer frei\u201c H\u00e4tte wohl auch Probleme mit einem Einb\u00fcrgerungstest. Nach viel Punsch sofort und tief geschlafen.Brauchte keinen Wecker zu stellen. Punkt 7:00 bewegen sich die Schlafmumien, und es startet die Karawane in den Waschraum. Das Fr\u00fchst\u00fcck- heute mal mit Alpenk\u00e4se und Bircherm\u00fcsli und jede Menge guten Kaffee- macht die Wandergruppe munter.<\/td>\n<\/tr>\n<tr>\n<td width=\"411\" valign=\"top\">\u00a0<img decoding=\"async\" class=\"ngg-singlepic ngg-none\" src=\"http:\/\/adrianwood.ch\/wp-content\/gallery\/rhoneknie08\/image001_r4.jpg\" alt=\"image001_r4\" \/><\/td>\n<td width=\"411\" valign=\"top\">\u00a0<img decoding=\"async\" class=\"ngg-singlepic ngg-none\" src=\"http:\/\/adrianwood.ch\/wp-content\/gallery\/rhoneknie08\/image003_r4.jpg\" alt=\"image003_r4\" \/><\/td>\n<\/tr>\n<tr>\n<td colspan=\"2\" width=\"821\" valign=\"top\">15 Minuten vor offizieller Abmarschzeit sind auch die letzten schon startbereit und bei bedecktem Himmel geht\u2019s zum letzten Aufstieg zum Col du Jorat (2210 m) Diese 250 Aufstiegsmeter werden in knapp einer Stunde und im lockeren Schritt absolviert. Hier er\u00f6ffnet sich uns eine wunderbare Aussicht nach NO auf das Rhonetal mit Martigny und die gegen\u00fcberliegenden Berge. Ist das dort nicht Leysin und da dr\u00fcben der Col de Pillon und\u00a0 Chateau D`Oex? Die meisten kennen dieses Gebiet schon von bisherigen Wanderungen. Noch interessanter ist aber wohl ein altes, verwittertes Holzkreuz, das allgemeine Bewunderung hervorruft und sogleich von einigen Mitstreitern als Requisit f\u00fcr ein Foto von \u201eersch\u00f6pften\u201c Bergwanderern genutzt wird.Nach einer ausgiebigen Rast wird es einigen aber doch etwas kalt und windig. Der Abstieg beginnt. 1100 H\u00f6henmeter abw\u00e4rts nach Mex sind noch zu bew\u00e4ltigen. Ein kurzer Regenschauer erm\u00f6glicht einen Test der Regenbekleidung und kurz nach 12 Uhr erreichen wir das kleine Bergdorf, das wie ein Adlernest am Steilhang hoch \u00fcber dem Rhonetal klebt.<\/td>\n<\/tr>\n<tr>\n<td width=\"411\" valign=\"top\">\u00a0<img decoding=\"async\" class=\"ngg-singlepic ngg-none\" src=\"http:\/\/adrianwood.ch\/wp-content\/gallery\/rhoneknie08\/image005_r4.jpg\" alt=\"image005_r4\" \/><\/td>\n<td width=\"411\" valign=\"top\">\u00a0<img decoding=\"async\" class=\"ngg-singlepic ngg-none\" src=\"http:\/\/adrianwood.ch\/wp-content\/gallery\/rhoneknie08\/image007_r4.jpg\" alt=\"image007_r4\" \/><\/td>\n<\/tr>\n<tr>\n<td colspan=\"2\" width=\"821\" valign=\"top\">12:50 Uhr dann unser Postautobus nach St. Maurice. Der Fahrer hupt kr\u00e4ftig vor jeder scharfen Kurve. Wir halten die Luft an. Ja, da kommt uns tats\u00e4chlich in der engsten Kurve ein PKW entgegen. Was passiert jetzt? Wer mu\u00df den R\u00fcckw\u00e4rtsgang einlegen? Nichts dergleichen. Beide Fahrer bleiben cool. Es wird etwas rangiert, dann klappt das Vorbeifahren. Ich merke mir: Nichts f\u00fcr Wohnmobile! Dann sind wir am Bahnhof. Zwei Stunden fr\u00fcher als geplant, um 13:31 geht der Zug nach Basel, und ich steige ein paar Minuten fr\u00fcher mit Hanspeter und Ulrike in den Zug nach Martigny.Wir hatten ein traumhaftes Wetter, eine ganz tolle, erlebnisreiche Wanderung und nette Bergkameraden. Adrian hat alles perfekt organisiert und super gef\u00fchrt. Herzlichen Dank.\u00a0\u00a0\u00a0\u00a0\u00a0\u00a0\u00a0\u00a0\u00a0\u00a0\u00a0\u00a0\u00a0\u00a0\u00a0 Jochen<\/td>\n<\/tr>\n<\/tbody>\n<\/table>\n","protected":false},"excerpt":{"rendered":"<p>2.August, Lac de Salanfe &#8211; Col du Jorat &#8211; Mex Adrian heute morgen beim Fr\u00fchst\u00fcck: \u201eJochen schreibst du heute mal einen Bericht?\u201c Na klar, mache ich\u201c. Au weia, ich habe noch nicht einmal meinen Schreiber dabei. Vom Nationalfeiertags-Punsch (wie war das noch einmal mit dem Schweizer Bundesfeiertag? R\u00fctlischwur, oder was?)\u00a0 Mal einen echten Schweizer gefragt: &hellip; <a href=\"https:\/\/www.adrianwood.ch\/?page_id=487\" class=\"more-link\">Continue reading <span class=\"screen-reader-text\">08-02 Salanfe-Mex<\/span> <span class=\"meta-nav\">&rarr;<\/span><\/a><\/p>\n","protected":false},"author":1,"featured_media":0,"parent":409,"menu_order":1356,"comment_status":"closed","ping_status":"closed","template":"","meta":{"ngg_post_thumbnail":0,"footnotes":""},"class_list":["post-487","page","type-page","status-publish","hentry"],"_links":{"self":[{"href":"https:\/\/www.adrianwood.ch\/index.php?rest_route=\/wp\/v2\/pages\/487","targetHints":{"allow":["GET"]}}],"collection":[{"href":"https:\/\/www.adrianwood.ch\/index.php?rest_route=\/wp\/v2\/pages"}],"about":[{"href":"https:\/\/www.adrianwood.ch\/index.php?rest_route=\/wp\/v2\/types\/page"}],"author":[{"embeddable":true,"href":"https:\/\/www.adrianwood.ch\/index.php?rest_route=\/wp\/v2\/users\/1"}],"replies":[{"embeddable":true,"href":"https:\/\/www.adrianwood.ch\/index.php?rest_route=%2Fwp%2Fv2%2Fcomments&post=487"}],"version-history":[{"count":0,"href":"https:\/\/www.adrianwood.ch\/index.php?rest_route=\/wp\/v2\/pages\/487\/revisions"}],"up":[{"embeddable":true,"href":"https:\/\/www.adrianwood.ch\/index.php?rest_route=\/wp\/v2\/pages\/409"}],"wp:attachment":[{"href":"https:\/\/www.adrianwood.ch\/index.php?rest_route=%2Fwp%2Fv2%2Fmedia&parent=487"}],"curies":[{"name":"wp","href":"https:\/\/api.w.org\/{rel}","templated":true}]}}