{"id":4904,"date":"2016-01-28T15:57:39","date_gmt":"2016-01-28T15:57:39","guid":{"rendered":"http:\/\/www.adrianwood.ch\/?page_id=4904"},"modified":"2016-11-04T17:28:40","modified_gmt":"2016-11-04T17:28:40","slug":"04-16-bandama","status":"publish","type":"page","link":"https:\/\/www.adrianwood.ch\/?page_id=4904","title":{"rendered":"04 16 Bandama"},"content":{"rendered":"<figure id=\"attachment_4907\" aria-describedby=\"caption-attachment-4907\" style=\"width: 730px\" class=\"wp-caption alignnone\"><a href=\"http:\/\/www.adrianwood.ch\/wp-content\/uploads\/2016\/01\/GC1_0651_r7.jpg\" rel=\"attachment wp-att-4907\"><img loading=\"lazy\" decoding=\"async\" class=\"size-full wp-image-4907\" src=\"http:\/\/www.adrianwood.ch\/wp-content\/uploads\/2016\/01\/GC1_0651_r7.jpg\" alt=\"Bandama crater\" width=\"730\" height=\"487\" srcset=\"https:\/\/www.adrianwood.ch\/wp-content\/uploads\/2016\/01\/GC1_0651_r7.jpg 730w, https:\/\/www.adrianwood.ch\/wp-content\/uploads\/2016\/01\/GC1_0651_r7-300x200.jpg 300w\" sizes=\"auto, (max-width: 730px) 100vw, 730px\" \/><\/a><figcaption id=\"caption-attachment-4907\" class=\"wp-caption-text\">Bandama crater<\/figcaption><\/figure>\n<h2>7. Tag Do 16.04. Rund um den Vulkankrater Bandama Auf 280 m \/Ab 280 m &#8211; Gehzeit ca. 3 Std.<\/h2>\n<p>Die \u00f6stliche Region rund um den Vulkankrater Bandama nahe dem Ort Santa Brigida geh\u00f6rt zu den bekanntesten Weinanbaugebieten der Insel. Zun\u00e4chst steigen wir \u00fcber Lavaasche zu den Feldterrassen und der Finca in den Kessel hinab, bevor wir den Kraterrand erwandern. Im Anschluss besuchen wir die Casa del Vino; dort erwartet uns eine inseltypische Weinverkostung mit verschiedenen kulinarischen K\u00f6stlichkeiten.ngg_shortcode_0_placeholder<\/p>\n<p><a href=\"http:\/\/www.adrianwood.ch\/wp-content\/uploads\/2016\/01\/Gran_Canaria_ed6.jpg\"><img loading=\"lazy\" decoding=\"async\" class=\"alignleft size-full wp-image-10478\" src=\"http:\/\/www.adrianwood.ch\/wp-content\/uploads\/2016\/01\/Gran_Canaria_ed6.jpg\" alt=\"Bandama\" width=\"730\" height=\"538\" srcset=\"https:\/\/www.adrianwood.ch\/wp-content\/uploads\/2016\/01\/Gran_Canaria_ed6.jpg 730w, https:\/\/www.adrianwood.ch\/wp-content\/uploads\/2016\/01\/Gran_Canaria_ed6-300x221.jpg 300w\" sizes=\"auto, (max-width: 730px) 100vw, 730px\" \/><\/a><\/p>\n","protected":false},"excerpt":{"rendered":"<p>7. Tag Do 16.04. Rund um den Vulkankrater Bandama Auf 280 m \/Ab 280 m &#8211; Gehzeit ca. 3 Std. Die \u00f6stliche Region rund um den Vulkankrater Bandama nahe dem Ort Santa Brigida geh\u00f6rt zu den bekanntesten Weinanbaugebieten der Insel. Zun\u00e4chst steigen wir \u00fcber Lavaasche zu den Feldterrassen und der Finca in den Kessel hinab, &hellip; <a href=\"https:\/\/www.adrianwood.ch\/?page_id=4904\" class=\"more-link\">Continue reading <span class=\"screen-reader-text\">04 16 Bandama<\/span> <span class=\"meta-nav\">&rarr;<\/span><\/a><\/p>\n","protected":false},"author":1,"featured_media":0,"parent":4786,"menu_order":4946,"comment_status":"closed","ping_status":"closed","template":"","meta":{"ngg_post_thumbnail":0,"footnotes":""},"class_list":["post-4904","page","type-page","status-publish","hentry"],"_links":{"self":[{"href":"https:\/\/www.adrianwood.ch\/index.php?rest_route=\/wp\/v2\/pages\/4904","targetHints":{"allow":["GET"]}}],"collection":[{"href":"https:\/\/www.adrianwood.ch\/index.php?rest_route=\/wp\/v2\/pages"}],"about":[{"href":"https:\/\/www.adrianwood.ch\/index.php?rest_route=\/wp\/v2\/types\/page"}],"author":[{"embeddable":true,"href":"https:\/\/www.adrianwood.ch\/index.php?rest_route=\/wp\/v2\/users\/1"}],"replies":[{"embeddable":true,"href":"https:\/\/www.adrianwood.ch\/index.php?rest_route=%2Fwp%2Fv2%2Fcomments&post=4904"}],"version-history":[{"count":5,"href":"https:\/\/www.adrianwood.ch\/index.php?rest_route=\/wp\/v2\/pages\/4904\/revisions"}],"predecessor-version":[{"id":10480,"href":"https:\/\/www.adrianwood.ch\/index.php?rest_route=\/wp\/v2\/pages\/4904\/revisions\/10480"}],"up":[{"embeddable":true,"href":"https:\/\/www.adrianwood.ch\/index.php?rest_route=\/wp\/v2\/pages\/4786"}],"wp:attachment":[{"href":"https:\/\/www.adrianwood.ch\/index.php?rest_route=%2Fwp%2Fv2%2Fmedia&parent=4904"}],"curies":[{"name":"wp","href":"https:\/\/api.w.org\/{rel}","templated":true}]}}