{"id":4916,"date":"2016-01-28T16:14:02","date_gmt":"2016-01-28T16:14:02","guid":{"rendered":"http:\/\/www.adrianwood.ch\/?page_id=4916"},"modified":"2016-11-04T17:34:08","modified_gmt":"2016-11-04T17:34:08","slug":"04-19-pico-de-las-nieves","status":"publish","type":"page","link":"https:\/\/www.adrianwood.ch\/?page_id=4916","title":{"rendered":"04 19 Pico de las Nieves"},"content":{"rendered":"<figure id=\"attachment_4917\" aria-describedby=\"caption-attachment-4917\" style=\"width: 730px\" class=\"wp-caption alignnone\"><a href=\"http:\/\/www.adrianwood.ch\/wp-content\/uploads\/2016\/01\/GC1_0906_1_r7.jpg\" rel=\"attachment wp-att-4917\"><img loading=\"lazy\" decoding=\"async\" class=\"size-full wp-image-4917\" src=\"http:\/\/www.adrianwood.ch\/wp-content\/uploads\/2016\/01\/GC1_0906_1_r7.jpg\" alt=\"Teide between Roque Nublo and Roque Bentaiga\" width=\"730\" height=\"487\" srcset=\"https:\/\/www.adrianwood.ch\/wp-content\/uploads\/2016\/01\/GC1_0906_1_r7.jpg 730w, https:\/\/www.adrianwood.ch\/wp-content\/uploads\/2016\/01\/GC1_0906_1_r7-300x200.jpg 300w\" sizes=\"auto, (max-width: 730px) 100vw, 730px\" \/><\/a><figcaption id=\"caption-attachment-4917\" class=\"wp-caption-text\">Teide between Roque Nublo and Roque Bentaiga<\/figcaption><\/figure>\n<h2>10. Tag So 19.04. Der h\u00f6chste Punkt der Insel, Pico de las Nieves Auf 370 m \/ Ab 370 m &#8211; Gehzeit: 5 Std. &#8211; mittel<\/h2>\n<p>Wir folgen der GC 600 bis zu einem kleinen Seitental am Kilometer 9, wo wir aufw\u00e4rts durch lichten Kiefernwald gehen. Anschlie\u00dfend \u00fcberqueren wir ein Felsplateau, von woraus wir einen sch\u00f6nen Rundblick haben. Unser Weg wird nun von Ginster und Kiefern ges\u00e4umt. Lichte Stellen und Felskuppen geben immer wieder herrliche Aussichten auf den Roque Nublo und die Caldera de Tejeda frei. In einem kleinen Tal beginnt dann der Aufstieg zum Kammweg. Oben angekommen wenden wir uns ostw\u00e4rts und gehen zum Pico de las Nieves durch Kiefernwald, mannshohe Ginsterstr\u00e4ucher und viele Bl\u00fctenpflanzen. Bald ist der Aussichtspunkt am Pico de las Nieves erreicht. Von hieraus k\u00f6nnen wir fast die ganze Insel \u00fcberblicken, vorausgesetzt das uns Wolken nicht die Aussicht versperren. Wir sehen von hier auf die Caldera de Tirajana mit San Bartholome und Santa Lucia bis hin zu den D\u00fcnen von Maspalomas. Der Roque Nublo zeichnet sich klar \u00fcber der westlichen Cumbre ab. Bei guter Sicht ist auch Teneriffa mit dem Teide zu sehen. Oft scheint es als schwebe der h\u00f6chste Berg Spaniens \u00fcber den Wolken. Wir gehen ein St\u00fcck des Weges auf dem wir gekommen sind zur\u00fcck. Nehmen dann den Anstieg zum Pozo de las Nieves und von hieraus gehen wir dann abw\u00e4rts in Richtung zur Degollada de los Gatos. Von diesen Weg aus k\u00f6nnen wir abermals weite Teile der Insel \u00fcberblicken. Wir folgen nun dem Weg weiter bis zu unserem Ausgangspunkt.ngg_shortcode_0_placeholder<\/p>\n<p><a href=\"http:\/\/www.adrianwood.ch\/wp-content\/uploads\/2016\/01\/Gran_Canaria_ed9.jpg\"><img loading=\"lazy\" decoding=\"async\" class=\"alignleft size-full wp-image-10487\" src=\"http:\/\/www.adrianwood.ch\/wp-content\/uploads\/2016\/01\/Gran_Canaria_ed9.jpg\" alt=\"Pico de los Nieves\" width=\"730\" height=\"506\" srcset=\"https:\/\/www.adrianwood.ch\/wp-content\/uploads\/2016\/01\/Gran_Canaria_ed9.jpg 730w, https:\/\/www.adrianwood.ch\/wp-content\/uploads\/2016\/01\/Gran_Canaria_ed9-300x208.jpg 300w\" sizes=\"auto, (max-width: 730px) 100vw, 730px\" \/><\/a><\/p>\n","protected":false},"excerpt":{"rendered":"<p>10. Tag So 19.04. Der h\u00f6chste Punkt der Insel, Pico de las Nieves Auf 370 m \/ Ab 370 m &#8211; Gehzeit: 5 Std. &#8211; mittel Wir folgen der GC 600 bis zu einem kleinen Seitental am Kilometer 9, wo wir aufw\u00e4rts durch lichten Kiefernwald gehen. Anschlie\u00dfend \u00fcberqueren wir ein Felsplateau, von woraus wir einen &hellip; <a href=\"https:\/\/www.adrianwood.ch\/?page_id=4916\" class=\"more-link\">Continue reading <span class=\"screen-reader-text\">04 19 Pico de las Nieves<\/span> <span class=\"meta-nav\">&rarr;<\/span><\/a><\/p>\n","protected":false},"author":1,"featured_media":0,"parent":4786,"menu_order":4949,"comment_status":"closed","ping_status":"closed","template":"","meta":{"ngg_post_thumbnail":0,"footnotes":""},"class_list":["post-4916","page","type-page","status-publish","hentry"],"_links":{"self":[{"href":"https:\/\/www.adrianwood.ch\/index.php?rest_route=\/wp\/v2\/pages\/4916","targetHints":{"allow":["GET"]}}],"collection":[{"href":"https:\/\/www.adrianwood.ch\/index.php?rest_route=\/wp\/v2\/pages"}],"about":[{"href":"https:\/\/www.adrianwood.ch\/index.php?rest_route=\/wp\/v2\/types\/page"}],"author":[{"embeddable":true,"href":"https:\/\/www.adrianwood.ch\/index.php?rest_route=\/wp\/v2\/users\/1"}],"replies":[{"embeddable":true,"href":"https:\/\/www.adrianwood.ch\/index.php?rest_route=%2Fwp%2Fv2%2Fcomments&post=4916"}],"version-history":[{"count":4,"href":"https:\/\/www.adrianwood.ch\/index.php?rest_route=\/wp\/v2\/pages\/4916\/revisions"}],"predecessor-version":[{"id":10489,"href":"https:\/\/www.adrianwood.ch\/index.php?rest_route=\/wp\/v2\/pages\/4916\/revisions\/10489"}],"up":[{"embeddable":true,"href":"https:\/\/www.adrianwood.ch\/index.php?rest_route=\/wp\/v2\/pages\/4786"}],"wp:attachment":[{"href":"https:\/\/www.adrianwood.ch\/index.php?rest_route=%2Fwp%2Fv2%2Fmedia&parent=4916"}],"curies":[{"name":"wp","href":"https:\/\/api.w.org\/{rel}","templated":true}]}}