{"id":5058,"date":"2016-03-14T11:16:34","date_gmt":"2016-03-14T11:16:34","guid":{"rendered":"http:\/\/www.adrianwood.ch\/?page_id=5058"},"modified":"2016-03-25T09:59:46","modified_gmt":"2016-03-25T09:59:46","slug":"2016-02-eggberge","status":"publish","type":"page","link":"https:\/\/www.adrianwood.ch\/?page_id=5058","title":{"rendered":"2016-02 Eggberge"},"content":{"rendered":"<h2><\/h2>\n<h2><\/h2>\n<figure id=\"attachment_5061\" aria-describedby=\"caption-attachment-5061\" style=\"width: 730px\" class=\"wp-caption alignnone\"><a href=\"http:\/\/www.adrianwood.ch\/wp-content\/uploads\/2016\/03\/EGG_0102_1_r7.jpg\" rel=\"attachment wp-att-5061\"><img loading=\"lazy\" decoding=\"async\" class=\"size-full wp-image-5061\" src=\"http:\/\/www.adrianwood.ch\/wp-content\/uploads\/2016\/03\/EGG_0102_1_r7.jpg\" alt=\"bei Alpst\u00fcbli Selez\" width=\"730\" height=\"487\" srcset=\"https:\/\/www.adrianwood.ch\/wp-content\/uploads\/2016\/03\/EGG_0102_1_r7.jpg 730w, https:\/\/www.adrianwood.ch\/wp-content\/uploads\/2016\/03\/EGG_0102_1_r7-300x200.jpg 300w, https:\/\/www.adrianwood.ch\/wp-content\/uploads\/2016\/03\/EGG_0102_1_r7-75x50.jpg 75w\" sizes=\"auto, (max-width: 730px) 100vw, 730px\" \/><\/a><figcaption id=\"caption-attachment-5061\" class=\"wp-caption-text\">bei Alpst\u00fcbli Selez<\/figcaption><\/figure>\n<h2>27.Februar 2016, Schneeschuhtour Eggberge H\u00fcenderegg 1874m, Sch\u00e4chental<\/h2>\n<p style=\"text-align: justify;\">Bei der Ankunft an der Talstation Eggberge, eilte uns ein Angestellter der Seilbahn entgegen und teilte uns die frohe Botschaft mit, dass der Betrieb wegen zu heftigem Wind f\u00fcr den Rest des Tages eingestellt w\u00fcrde. Zuerst Schock, Konsternation und 15 lange Gesichter, was jetzt? Zum Gl\u00fcck fuhr ein paar Minuten sp\u00e4ter ein Postautokurs Richtung Klausenpass. Nach einer kurzen Fahrt durch Altdorf und B\u00fcrglen erreichten wir die Station Br\u00fcgg. Hier konnten wir die Seilbahn zur Station Ruegig 1730m (2 Sektionen; 4 resp. 6er Gondelbahn) benutzen, welche scheinbar weniger Wind exponiert ist.<br \/>\nBei z\u00fcgigem Wind konnten wir unsere Schneeschuhe anschnallen. Adrian informierte uns \u00fcber die modifizierte Tagestour und kurz nach 10 h ging es los. Der erste Teil Richtung Teilalp, Punkt 1759 zum Fleschseeli 1812m verlief an Alpst\u00fcbli Selez vorbei und nachher \u00fcber offenes Gel\u00e4nde. Den Bergkiosk Flesch liessen wir auch links liegen und stiegen direkt weiter auf die H\u00fcenderegg 1874m. Trotz des kr\u00e4ftigen Windes, genossen wir das herrliche 360\u00ba Alpenpanorama und den Blick auf den Urnersee. Auf halber Strecke zur\u00fcck zum Bergkiosk nutzten wir den lauschigen Rastplatz um unser Mittagessen zu verzerren. Nach etwas verk\u00fcrzter Mittagspause ging es jetzt auf der vorgesehenen Route weiter, d. h. nordw\u00e4rts am einschneiten Fleschseeli vorbei auf die Chalberweid 1816m. Nach kurzem Abstieg ging es jetzt sehr steil hoch zur Krete auf 1951m. Alle kamen richtig ins schwitzen und schnaufen. Auch hier war das Panorama super. Unterhalb des G\u00e4msstocks durchs vordere M\u00e4ttental konnte jeder eine eigene Schneeschuhspur in den steilen Abhang ziehen. Kurz bevor wir den Winterwanderweg erreichten sahen wir ein Tier, welches \u00fcber das Schneefeld fl\u00fcchtete. Klar war allen, dass es nicht der Uri Stier war. Eine Gemse hat nicht einen solchen buschigen Schwanz. Der gr\u00f6ssere Teil war sich sicher, den Urner Wolf gesehen zu haben. Auf dem Wanderweg hatten wir die Auswahl zu den Bergstationen nach Biel oder wiederum zur\u00fcck zum Ausgangspunkt nach Ruegig zu marschieren. Eine Passantin hat uns den Rat gegeben nach Ruegig zu gehen, da in Biel um diese Zeit (15.00 h) Nummertickets abgegeben w\u00fcrden und es lange dauern k\u00f6nnte um eine Gondel ins Tal zu bekommen. Ihr Rat war Gold wert. Wir waren die einzigen Passagiere und erreichten kurz nach 16 h die Talstation.<br \/>\nEin Bus brachte uns nach Altdorf Telldenkmal. Hier konnten wir in einem Cafe einen Apfelstrudel oder ein Bier geniessen. Um 18.05 h bestiegen wir den Tellexpress nach Luzern. Mit dem IC um 18.54 h erreichten wir 19.55 h Basel.<br \/>\nHerrlich und abwechslungsreich war die Tour, danke Adrian<br \/>\nPeter Sutter<\/p>\n<p style=\"text-align: justify;\">F\u00fcr Karte siehe Link bei SchweizMobil.<\/p>\n<p style=\"text-align: justify;\"><!-- default-view.php -->\n<div\n\tclass=\"ngg-galleryoverview default-view\n\t ngg-ajax-pagination-none\t\"\n\tid=\"ngg-gallery-41c2699496d54d17d01aaf2c803f96eb-1\"\n\tdata-nextgen-gallery-id=\"276\"\n\tdata-gallery-id=\"276\"\n\t\tdata-gallery-name=\"eggberge1601\"\n\t>\n\n\t\t<!-- Thumbnails -->\n\t\t\t\t<div id=\"ngg-image-0\" class=\"ngg-gallery-thumbnail-box\n\t\t\t\t\t\t\t\t\t\t\t\"\n\t\t\t>\n\t\t\t\t\t\t<div class=\"ngg-gallery-thumbnail\">\n\t\t<a href=\"https:\/\/www.adrianwood.ch\/wp-content\/gallery\/eggberge1601\/EGG_0102.jpg?t=1776951044\"\n\t\t\ttitle=\"\"\n\t\t\tdata-src=\"https:\/\/www.adrianwood.ch\/wp-content\/gallery\/eggberge1601\/EGG_0102.jpg?t=1776951044\"\n\t\t\tdata-thumbnail=\"https:\/\/www.adrianwood.ch\/wp-content\/gallery\/eggberge1601\/thumbs\/thumbs_EGG_0102.jpg?t=1776951044\"\n\t\t\tdata-image-id=\"7676\"\n\t\t\tdata-image-name=\"EGG_0102.jpg\"\n\t\t\tdata-title=\"EGG_0102\"\n\t\t\tdata-description=\"\"\n\t\t\tdata-image-slug=\"egg_0102\"\n\t\t\t\t\t\t\t\t\t\t\t\t\t\t\t\t\t\t\t\tclass=\"ngg-fancybox\" rel=\"41c2699496d54d17d01aaf2c803f96eb\">\n\t\t\t\t\t\t\t\t<img\n\t\t\t\t\ttitle=\"EGG_0102\"\n\t\t\t\t\talt=\"EGG_0102\"\n\t\t\t\t\tsrc=\"https:\/\/www.adrianwood.ch\/wp-content\/gallery\/eggberge1601\/cache\/EGG_0102.jpg-nggid047676-ngg0dyn-240x160x100-00f0w010c010r110f110r010t010.jpg?t=1776951044\"\n\t\t\t\t\twidth=\"240\"\n\t\t\t\t\theight=\"160\"\n\t\t\t\t\tstyle=\"max-width:100%;\"\n\t\t\t\t\/>\n\t\t\t<\/a>\n\t\t<\/div>\n\t\t\t\t\t\t\t<\/div>\n\t\t\t\n\t\t\t\t<div id=\"ngg-image-1\" class=\"ngg-gallery-thumbnail-box\n\t\t\t\t\t\t\t\t\t\t\t\"\n\t\t\t>\n\t\t\t\t\t\t<div class=\"ngg-gallery-thumbnail\">\n\t\t<a href=\"https:\/\/www.adrianwood.ch\/wp-content\/gallery\/eggberge1601\/EGG_0105.jpg?t=1776951037\"\n\t\t\ttitle=\"\"\n\t\t\tdata-src=\"https:\/\/www.adrianwood.ch\/wp-content\/gallery\/eggberge1601\/EGG_0105.jpg?t=1776951037\"\n\t\t\tdata-thumbnail=\"https:\/\/www.adrianwood.ch\/wp-content\/gallery\/eggberge1601\/thumbs\/thumbs_EGG_0105.jpg?t=1776951037\"\n\t\t\tdata-image-id=\"7677\"\n\t\t\tdata-image-name=\"EGG_0105.jpg\"\n\t\t\tdata-title=\"EGG_0105\"\n\t\t\tdata-description=\"\"\n\t\t\tdata-image-slug=\"egg_0105\"\n\t\t\t\t\t\t\t\t\t\t\t\t\t\t\t\t\t\t\t\tclass=\"ngg-fancybox\" rel=\"41c2699496d54d17d01aaf2c803f96eb\">\n\t\t\t\t\t\t\t\t<img\n\t\t\t\t\ttitle=\"EGG_0105\"\n\t\t\t\t\talt=\"EGG_0105\"\n\t\t\t\t\tsrc=\"https:\/\/www.adrianwood.ch\/wp-content\/gallery\/eggberge1601\/cache\/EGG_0105.jpg-nggid047677-ngg0dyn-240x160x100-00f0w010c010r110f110r010t010.jpg?t=1776951037\"\n\t\t\t\t\twidth=\"240\"\n\t\t\t\t\theight=\"160\"\n\t\t\t\t\tstyle=\"max-width:100%;\"\n\t\t\t\t\/>\n\t\t\t<\/a>\n\t\t<\/div>\n\t\t\t\t\t\t\t<\/div>\n\t\t\t\n\t\t\t\t<div id=\"ngg-image-2\" class=\"ngg-gallery-thumbnail-box\n\t\t\t\t\t\t\t\t\t\t\t\"\n\t\t\t>\n\t\t\t\t\t\t<div class=\"ngg-gallery-thumbnail\">\n\t\t<a href=\"https:\/\/www.adrianwood.ch\/wp-content\/gallery\/eggberge1601\/EGG_0109.jpg?t=1776952455\"\n\t\t\ttitle=\"\"\n\t\t\tdata-src=\"https:\/\/www.adrianwood.ch\/wp-content\/gallery\/eggberge1601\/EGG_0109.jpg?t=1776952455\"\n\t\t\tdata-thumbnail=\"https:\/\/www.adrianwood.ch\/wp-content\/gallery\/eggberge1601\/thumbs\/thumbs_EGG_0109.jpg?t=1776952455\"\n\t\t\tdata-image-id=\"7678\"\n\t\t\tdata-image-name=\"EGG_0109.jpg\"\n\t\t\tdata-title=\"EGG_0109\"\n\t\t\tdata-description=\"\"\n\t\t\tdata-image-slug=\"egg_0109\"\n\t\t\t\t\t\t\t\t\t\t\t\t\t\t\t\t\t\t\t\tclass=\"ngg-fancybox\" rel=\"41c2699496d54d17d01aaf2c803f96eb\">\n\t\t\t\t\t\t\t\t<img\n\t\t\t\t\ttitle=\"EGG_0109\"\n\t\t\t\t\talt=\"EGG_0109\"\n\t\t\t\t\tsrc=\"https:\/\/www.adrianwood.ch\/wp-content\/gallery\/eggberge1601\/cache\/EGG_0109.jpg-nggid047678-ngg0dyn-240x160x100-00f0w010c010r110f110r010t010.jpg?t=1776952455\"\n\t\t\t\t\twidth=\"240\"\n\t\t\t\t\theight=\"160\"\n\t\t\t\t\tstyle=\"max-width:100%;\"\n\t\t\t\t\/>\n\t\t\t<\/a>\n\t\t<\/div>\n\t\t\t\t\t\t\t<\/div>\n\t\t\t\n\t\t\t\t<div id=\"ngg-image-3\" class=\"ngg-gallery-thumbnail-box\n\t\t\t\t\t\t\t\t\t\t\t\"\n\t\t\t>\n\t\t\t\t\t\t<div class=\"ngg-gallery-thumbnail\">\n\t\t<a href=\"https:\/\/www.adrianwood.ch\/wp-content\/gallery\/eggberge1601\/EGG_0111.jpg?t=1776951045\"\n\t\t\ttitle=\"\"\n\t\t\tdata-src=\"https:\/\/www.adrianwood.ch\/wp-content\/gallery\/eggberge1601\/EGG_0111.jpg?t=1776951045\"\n\t\t\tdata-thumbnail=\"https:\/\/www.adrianwood.ch\/wp-content\/gallery\/eggberge1601\/thumbs\/thumbs_EGG_0111.jpg?t=1776951045\"\n\t\t\tdata-image-id=\"7679\"\n\t\t\tdata-image-name=\"EGG_0111.jpg\"\n\t\t\tdata-title=\"EGG_0111\"\n\t\t\tdata-description=\"\"\n\t\t\tdata-image-slug=\"egg_0111\"\n\t\t\t\t\t\t\t\t\t\t\t\t\t\t\t\t\t\t\t\tclass=\"ngg-fancybox\" rel=\"41c2699496d54d17d01aaf2c803f96eb\">\n\t\t\t\t\t\t\t\t<img\n\t\t\t\t\ttitle=\"EGG_0111\"\n\t\t\t\t\talt=\"EGG_0111\"\n\t\t\t\t\tsrc=\"https:\/\/www.adrianwood.ch\/wp-content\/gallery\/eggberge1601\/cache\/EGG_0111.jpg-nggid047679-ngg0dyn-240x160x100-00f0w010c010r110f110r010t010.jpg?t=1776951045\"\n\t\t\t\t\twidth=\"240\"\n\t\t\t\t\theight=\"160\"\n\t\t\t\t\tstyle=\"max-width:100%;\"\n\t\t\t\t\/>\n\t\t\t<\/a>\n\t\t<\/div>\n\t\t\t\t\t\t\t<\/div>\n\t\t\t\n\t\t\t\t<div id=\"ngg-image-4\" class=\"ngg-gallery-thumbnail-box\n\t\t\t\t\t\t\t\t\t\t\t\"\n\t\t\t>\n\t\t\t\t\t\t<div class=\"ngg-gallery-thumbnail\">\n\t\t<a href=\"https:\/\/www.adrianwood.ch\/wp-content\/gallery\/eggberge1601\/EGG_0115.jpg?t=1776951045\"\n\t\t\ttitle=\"\"\n\t\t\tdata-src=\"https:\/\/www.adrianwood.ch\/wp-content\/gallery\/eggberge1601\/EGG_0115.jpg?t=1776951045\"\n\t\t\tdata-thumbnail=\"https:\/\/www.adrianwood.ch\/wp-content\/gallery\/eggberge1601\/thumbs\/thumbs_EGG_0115.jpg?t=1776951045\"\n\t\t\tdata-image-id=\"7680\"\n\t\t\tdata-image-name=\"EGG_0115.jpg\"\n\t\t\tdata-title=\"EGG_0115\"\n\t\t\tdata-description=\"\"\n\t\t\tdata-image-slug=\"egg_0115\"\n\t\t\t\t\t\t\t\t\t\t\t\t\t\t\t\t\t\t\t\tclass=\"ngg-fancybox\" rel=\"41c2699496d54d17d01aaf2c803f96eb\">\n\t\t\t\t\t\t\t\t<img\n\t\t\t\t\ttitle=\"EGG_0115\"\n\t\t\t\t\talt=\"EGG_0115\"\n\t\t\t\t\tsrc=\"https:\/\/www.adrianwood.ch\/wp-content\/gallery\/eggberge1601\/cache\/EGG_0115.jpg-nggid047680-ngg0dyn-240x160x100-00f0w010c010r110f110r010t010.jpg?t=1776951045\"\n\t\t\t\t\twidth=\"240\"\n\t\t\t\t\theight=\"160\"\n\t\t\t\t\tstyle=\"max-width:100%;\"\n\t\t\t\t\/>\n\t\t\t<\/a>\n\t\t<\/div>\n\t\t\t\t\t\t\t<\/div>\n\t\t\t\n\t\t\t\t<div id=\"ngg-image-5\" class=\"ngg-gallery-thumbnail-box\n\t\t\t\t\t\t\t\t\t\t\t\"\n\t\t\t>\n\t\t\t\t\t\t<div class=\"ngg-gallery-thumbnail\">\n\t\t<a href=\"https:\/\/www.adrianwood.ch\/wp-content\/gallery\/eggberge1601\/EGG_0117.jpg?t=1776951038\"\n\t\t\ttitle=\"\"\n\t\t\tdata-src=\"https:\/\/www.adrianwood.ch\/wp-content\/gallery\/eggberge1601\/EGG_0117.jpg?t=1776951038\"\n\t\t\tdata-thumbnail=\"https:\/\/www.adrianwood.ch\/wp-content\/gallery\/eggberge1601\/thumbs\/thumbs_EGG_0117.jpg?t=1776951038\"\n\t\t\tdata-image-id=\"7681\"\n\t\t\tdata-image-name=\"EGG_0117.jpg\"\n\t\t\tdata-title=\"EGG_0117\"\n\t\t\tdata-description=\"\"\n\t\t\tdata-image-slug=\"egg_0117\"\n\t\t\t\t\t\t\t\t\t\t\t\t\t\t\t\t\t\t\t\tclass=\"ngg-fancybox\" rel=\"41c2699496d54d17d01aaf2c803f96eb\">\n\t\t\t\t\t\t\t\t<img\n\t\t\t\t\ttitle=\"EGG_0117\"\n\t\t\t\t\talt=\"EGG_0117\"\n\t\t\t\t\tsrc=\"https:\/\/www.adrianwood.ch\/wp-content\/gallery\/eggberge1601\/cache\/EGG_0117.jpg-nggid047681-ngg0dyn-240x160x100-00f0w010c010r110f110r010t010.jpg?t=1776951038\"\n\t\t\t\t\twidth=\"240\"\n\t\t\t\t\theight=\"160\"\n\t\t\t\t\tstyle=\"max-width:100%;\"\n\t\t\t\t\/>\n\t\t\t<\/a>\n\t\t<\/div>\n\t\t\t\t\t\t\t<\/div>\n\t\t\t\n\t\t\t\t<div id=\"ngg-image-6\" class=\"ngg-gallery-thumbnail-box\n\t\t\t\t\t\t\t\t\t\t\t\"\n\t\t\t>\n\t\t\t\t\t\t<div class=\"ngg-gallery-thumbnail\">\n\t\t<a href=\"https:\/\/www.adrianwood.ch\/wp-content\/gallery\/eggberge1601\/EGG_0125.jpg?t=1776951037\"\n\t\t\ttitle=\"\"\n\t\t\tdata-src=\"https:\/\/www.adrianwood.ch\/wp-content\/gallery\/eggberge1601\/EGG_0125.jpg?t=1776951037\"\n\t\t\tdata-thumbnail=\"https:\/\/www.adrianwood.ch\/wp-content\/gallery\/eggberge1601\/thumbs\/thumbs_EGG_0125.jpg?t=1776951037\"\n\t\t\tdata-image-id=\"7682\"\n\t\t\tdata-image-name=\"EGG_0125.jpg\"\n\t\t\tdata-title=\"EGG_0125\"\n\t\t\tdata-description=\"\"\n\t\t\tdata-image-slug=\"egg_0125\"\n\t\t\t\t\t\t\t\t\t\t\t\t\t\t\t\t\t\t\t\tclass=\"ngg-fancybox\" rel=\"41c2699496d54d17d01aaf2c803f96eb\">\n\t\t\t\t\t\t\t\t<img\n\t\t\t\t\ttitle=\"EGG_0125\"\n\t\t\t\t\talt=\"EGG_0125\"\n\t\t\t\t\tsrc=\"https:\/\/www.adrianwood.ch\/wp-content\/gallery\/eggberge1601\/cache\/EGG_0125.jpg-nggid047682-ngg0dyn-240x160x100-00f0w010c010r110f110r010t010.jpg?t=1776951037\"\n\t\t\t\t\twidth=\"240\"\n\t\t\t\t\theight=\"160\"\n\t\t\t\t\tstyle=\"max-width:100%;\"\n\t\t\t\t\/>\n\t\t\t<\/a>\n\t\t<\/div>\n\t\t\t\t\t\t\t<\/div>\n\t\t\t\n\t\t\t\t<div id=\"ngg-image-7\" class=\"ngg-gallery-thumbnail-box\n\t\t\t\t\t\t\t\t\t\t\t\"\n\t\t\t>\n\t\t\t\t\t\t<div class=\"ngg-gallery-thumbnail\">\n\t\t<a href=\"https:\/\/www.adrianwood.ch\/wp-content\/gallery\/eggberge1601\/EGG_0132.jpg?t=1776951036\"\n\t\t\ttitle=\"\"\n\t\t\tdata-src=\"https:\/\/www.adrianwood.ch\/wp-content\/gallery\/eggberge1601\/EGG_0132.jpg?t=1776951036\"\n\t\t\tdata-thumbnail=\"https:\/\/www.adrianwood.ch\/wp-content\/gallery\/eggberge1601\/thumbs\/thumbs_EGG_0132.jpg?t=1776951036\"\n\t\t\tdata-image-id=\"7683\"\n\t\t\tdata-image-name=\"EGG_0132.jpg\"\n\t\t\tdata-title=\"EGG_0132\"\n\t\t\tdata-description=\"\"\n\t\t\tdata-image-slug=\"egg_0132\"\n\t\t\t\t\t\t\t\t\t\t\t\t\t\t\t\t\t\t\t\tclass=\"ngg-fancybox\" rel=\"41c2699496d54d17d01aaf2c803f96eb\">\n\t\t\t\t\t\t\t\t<img\n\t\t\t\t\ttitle=\"EGG_0132\"\n\t\t\t\t\talt=\"EGG_0132\"\n\t\t\t\t\tsrc=\"https:\/\/www.adrianwood.ch\/wp-content\/gallery\/eggberge1601\/cache\/EGG_0132.jpg-nggid047683-ngg0dyn-240x160x100-00f0w010c010r110f110r010t010.jpg?t=1776951036\"\n\t\t\t\t\twidth=\"240\"\n\t\t\t\t\theight=\"160\"\n\t\t\t\t\tstyle=\"max-width:100%;\"\n\t\t\t\t\/>\n\t\t\t<\/a>\n\t\t<\/div>\n\t\t\t\t\t\t\t<\/div>\n\t\t\t\n\t\t\t\t<div id=\"ngg-image-8\" class=\"ngg-gallery-thumbnail-box\n\t\t\t\t\t\t\t\t\t\t\t\"\n\t\t\t>\n\t\t\t\t\t\t<div class=\"ngg-gallery-thumbnail\">\n\t\t<a href=\"https:\/\/www.adrianwood.ch\/wp-content\/gallery\/eggberge1601\/EGG_0141.jpg?t=1776951047\"\n\t\t\ttitle=\"\"\n\t\t\tdata-src=\"https:\/\/www.adrianwood.ch\/wp-content\/gallery\/eggberge1601\/EGG_0141.jpg?t=1776951047\"\n\t\t\tdata-thumbnail=\"https:\/\/www.adrianwood.ch\/wp-content\/gallery\/eggberge1601\/thumbs\/thumbs_EGG_0141.jpg?t=1776951047\"\n\t\t\tdata-image-id=\"7684\"\n\t\t\tdata-image-name=\"EGG_0141.jpg\"\n\t\t\tdata-title=\"EGG_0141\"\n\t\t\tdata-description=\"\"\n\t\t\tdata-image-slug=\"egg_0141\"\n\t\t\t\t\t\t\t\t\t\t\t\t\t\t\t\t\t\t\t\tclass=\"ngg-fancybox\" rel=\"41c2699496d54d17d01aaf2c803f96eb\">\n\t\t\t\t\t\t\t\t<img\n\t\t\t\t\ttitle=\"EGG_0141\"\n\t\t\t\t\talt=\"EGG_0141\"\n\t\t\t\t\tsrc=\"https:\/\/www.adrianwood.ch\/wp-content\/gallery\/eggberge1601\/cache\/EGG_0141.jpg-nggid047684-ngg0dyn-240x160x100-00f0w010c010r110f110r010t010.jpg?t=1776951047\"\n\t\t\t\t\twidth=\"240\"\n\t\t\t\t\theight=\"160\"\n\t\t\t\t\tstyle=\"max-width:100%;\"\n\t\t\t\t\/>\n\t\t\t<\/a>\n\t\t<\/div>\n\t\t\t\t\t\t\t<\/div>\n\t\t\t\n\t\t\t\t<div id=\"ngg-image-9\" class=\"ngg-gallery-thumbnail-box\n\t\t\t\t\t\t\t\t\t\t\t\"\n\t\t\t>\n\t\t\t\t\t\t<div class=\"ngg-gallery-thumbnail\">\n\t\t<a href=\"https:\/\/www.adrianwood.ch\/wp-content\/gallery\/eggberge1601\/EGG_0145.jpg?t=1776953385\"\n\t\t\ttitle=\"\"\n\t\t\tdata-src=\"https:\/\/www.adrianwood.ch\/wp-content\/gallery\/eggberge1601\/EGG_0145.jpg?t=1776953385\"\n\t\t\tdata-thumbnail=\"https:\/\/www.adrianwood.ch\/wp-content\/gallery\/eggberge1601\/thumbs\/thumbs_EGG_0145.jpg?t=1776953385\"\n\t\t\tdata-image-id=\"7685\"\n\t\t\tdata-image-name=\"EGG_0145.jpg\"\n\t\t\tdata-title=\"EGG_0145\"\n\t\t\tdata-description=\"\"\n\t\t\tdata-image-slug=\"egg_0145\"\n\t\t\t\t\t\t\t\t\t\t\t\t\t\t\t\t\t\t\t\tclass=\"ngg-fancybox\" rel=\"41c2699496d54d17d01aaf2c803f96eb\">\n\t\t\t\t\t\t\t\t<img\n\t\t\t\t\ttitle=\"EGG_0145\"\n\t\t\t\t\talt=\"EGG_0145\"\n\t\t\t\t\tsrc=\"https:\/\/www.adrianwood.ch\/wp-content\/gallery\/eggberge1601\/cache\/EGG_0145.jpg-nggid047685-ngg0dyn-240x160x100-00f0w010c010r110f110r010t010.jpg?t=1776953385\"\n\t\t\t\t\twidth=\"240\"\n\t\t\t\t\theight=\"160\"\n\t\t\t\t\tstyle=\"max-width:100%;\"\n\t\t\t\t\/>\n\t\t\t<\/a>\n\t\t<\/div>\n\t\t\t\t\t\t\t<\/div>\n\t\t\t\n\t\t\t\t<div id=\"ngg-image-10\" class=\"ngg-gallery-thumbnail-box\n\t\t\t\t\t\t\t\t\t\t\t\"\n\t\t\t>\n\t\t\t\t\t\t<div class=\"ngg-gallery-thumbnail\">\n\t\t<a href=\"https:\/\/www.adrianwood.ch\/wp-content\/gallery\/eggberge1601\/EGG_0147.jpg?t=1776951049\"\n\t\t\ttitle=\"\"\n\t\t\tdata-src=\"https:\/\/www.adrianwood.ch\/wp-content\/gallery\/eggberge1601\/EGG_0147.jpg?t=1776951049\"\n\t\t\tdata-thumbnail=\"https:\/\/www.adrianwood.ch\/wp-content\/gallery\/eggberge1601\/thumbs\/thumbs_EGG_0147.jpg?t=1776951049\"\n\t\t\tdata-image-id=\"7686\"\n\t\t\tdata-image-name=\"EGG_0147.jpg\"\n\t\t\tdata-title=\"EGG_0147\"\n\t\t\tdata-description=\"\"\n\t\t\tdata-image-slug=\"egg_0147\"\n\t\t\t\t\t\t\t\t\t\t\t\t\t\t\t\t\t\t\t\tclass=\"ngg-fancybox\" rel=\"41c2699496d54d17d01aaf2c803f96eb\">\n\t\t\t\t\t\t\t\t<img\n\t\t\t\t\ttitle=\"EGG_0147\"\n\t\t\t\t\talt=\"EGG_0147\"\n\t\t\t\t\tsrc=\"https:\/\/www.adrianwood.ch\/wp-content\/gallery\/eggberge1601\/cache\/EGG_0147.jpg-nggid047686-ngg0dyn-240x160x100-00f0w010c010r110f110r010t010.jpg?t=1776951049\"\n\t\t\t\t\twidth=\"240\"\n\t\t\t\t\theight=\"160\"\n\t\t\t\t\tstyle=\"max-width:100%;\"\n\t\t\t\t\/>\n\t\t\t<\/a>\n\t\t<\/div>\n\t\t\t\t\t\t\t<\/div>\n\t\t\t\n\t\t\t\t<div id=\"ngg-image-11\" class=\"ngg-gallery-thumbnail-box\n\t\t\t\t\t\t\t\t\t\t\t\"\n\t\t\t>\n\t\t\t\t\t\t<div class=\"ngg-gallery-thumbnail\">\n\t\t<a href=\"https:\/\/www.adrianwood.ch\/wp-content\/gallery\/eggberge1601\/EGG_0150.jpg?t=1776953233\"\n\t\t\ttitle=\"\"\n\t\t\tdata-src=\"https:\/\/www.adrianwood.ch\/wp-content\/gallery\/eggberge1601\/EGG_0150.jpg?t=1776953233\"\n\t\t\tdata-thumbnail=\"https:\/\/www.adrianwood.ch\/wp-content\/gallery\/eggberge1601\/thumbs\/thumbs_EGG_0150.jpg?t=1776953233\"\n\t\t\tdata-image-id=\"7687\"\n\t\t\tdata-image-name=\"EGG_0150.jpg\"\n\t\t\tdata-title=\"EGG_0150\"\n\t\t\tdata-description=\"\"\n\t\t\tdata-image-slug=\"egg_0150\"\n\t\t\t\t\t\t\t\t\t\t\t\t\t\t\t\t\t\t\t\tclass=\"ngg-fancybox\" rel=\"41c2699496d54d17d01aaf2c803f96eb\">\n\t\t\t\t\t\t\t\t<img\n\t\t\t\t\ttitle=\"EGG_0150\"\n\t\t\t\t\talt=\"EGG_0150\"\n\t\t\t\t\tsrc=\"https:\/\/www.adrianwood.ch\/wp-content\/gallery\/eggberge1601\/cache\/EGG_0150.jpg-nggid047687-ngg0dyn-240x160x100-00f0w010c010r110f110r010t010.jpg?t=1776953233\"\n\t\t\t\t\twidth=\"240\"\n\t\t\t\t\theight=\"160\"\n\t\t\t\t\tstyle=\"max-width:100%;\"\n\t\t\t\t\/>\n\t\t\t<\/a>\n\t\t<\/div>\n\t\t\t\t\t\t\t<\/div>\n\t\t\t\n\t\n\t<br style=\"clear: both\" \/>\n\n\t\t<div class=\"slideshowlink\">\n\t\t<a href='https:\/\/www.adrianwood.ch\/index.php\/nggallery\/slideshow?page_id=5058'>[Show slideshow]<\/a>\n\n\t<\/div>\n\t\n\t\t<!-- Pagination -->\n\t\t<div class='ngg-clear'><\/div>\t<\/div>\n<\/p>\n","protected":false},"excerpt":{"rendered":"<p>27.Februar 2016, Schneeschuhtour Eggberge H\u00fcenderegg 1874m, Sch\u00e4chental Bei der Ankunft an der Talstation Eggberge, eilte uns ein Angestellter der Seilbahn entgegen und teilte uns die frohe Botschaft mit, dass der Betrieb wegen zu heftigem Wind f\u00fcr den Rest des Tages eingestellt w\u00fcrde. Zuerst Schock, Konsternation und 15 lange Gesichter, was jetzt? Zum Gl\u00fcck fuhr ein &hellip; <a href=\"https:\/\/www.adrianwood.ch\/?page_id=5058\" class=\"more-link\">Continue reading <span class=\"screen-reader-text\">2016-02 Eggberge<\/span> <span class=\"meta-nav\">&rarr;<\/span><\/a><\/p>\n","protected":false},"author":1,"featured_media":5071,"parent":122,"menu_order":1147,"comment_status":"closed","ping_status":"closed","template":"","meta":{"ngg_post_thumbnail":0,"footnotes":""},"class_list":["post-5058","page","type-page","status-publish","has-post-thumbnail","hentry"],"_links":{"self":[{"href":"https:\/\/www.adrianwood.ch\/index.php?rest_route=\/wp\/v2\/pages\/5058","targetHints":{"allow":["GET"]}}],"collection":[{"href":"https:\/\/www.adrianwood.ch\/index.php?rest_route=\/wp\/v2\/pages"}],"about":[{"href":"https:\/\/www.adrianwood.ch\/index.php?rest_route=\/wp\/v2\/types\/page"}],"author":[{"embeddable":true,"href":"https:\/\/www.adrianwood.ch\/index.php?rest_route=\/wp\/v2\/users\/1"}],"replies":[{"embeddable":true,"href":"https:\/\/www.adrianwood.ch\/index.php?rest_route=%2Fwp%2Fv2%2Fcomments&post=5058"}],"version-history":[{"count":4,"href":"https:\/\/www.adrianwood.ch\/index.php?rest_route=\/wp\/v2\/pages\/5058\/revisions"}],"predecessor-version":[{"id":5125,"href":"https:\/\/www.adrianwood.ch\/index.php?rest_route=\/wp\/v2\/pages\/5058\/revisions\/5125"}],"up":[{"embeddable":true,"href":"https:\/\/www.adrianwood.ch\/index.php?rest_route=\/wp\/v2\/pages\/122"}],"wp:featuredmedia":[{"embeddable":true,"href":"https:\/\/www.adrianwood.ch\/index.php?rest_route=\/wp\/v2\/media\/5071"}],"wp:attachment":[{"href":"https:\/\/www.adrianwood.ch\/index.php?rest_route=%2Fwp%2Fv2%2Fmedia&parent=5058"}],"curies":[{"name":"wp","href":"https:\/\/api.w.org\/{rel}","templated":true}]}}