{"id":5075,"date":"2016-03-25T09:31:31","date_gmt":"2016-03-25T09:31:31","guid":{"rendered":"http:\/\/www.adrianwood.ch\/?page_id=5075"},"modified":"2016-04-27T07:39:22","modified_gmt":"2016-04-27T07:39:22","slug":"2016-03-aettenberg","status":"publish","type":"page","link":"https:\/\/www.adrianwood.ch\/?page_id=5075","title":{"rendered":"2016-03 Aettenberg"},"content":{"rendered":"<h2><img decoding=\"async\" class=\"ngg-singlepic ngg-none\" src=\"http:\/\/www.adrianwood.ch\/wp-content\/gallery\/aettenberg1603\/AET_0013_1_r.jpg\" alt=\"AET_0013_1_r\" \/>20.M\u00e4rz 2016, Schneeschuhtour Schwarzsee-\u00c4ttenberg-Zollhaus<\/h2>\n<p style=\"text-align: justify;\">Aufstieg von Schwarzsee (Gypsera) via H\u00fcrleni, Lengmoos bis hinauf auf den Aettenberg. \u00dcber den Grat bis zur Alph\u00fctte Stoss, dann Abstieg nach Zollhaus.<br \/>\nInnerhalb einer Minute fahren die beiden Z\u00fcge aus Basel und Aarau in Bern ein. Der Zug nach Fribourg um 08:34 wartet bereits auf dem Geleise. Hier treffe ich auf meine Wandergruppe von Basel; Adrian, Susanne und Alex. Z\u00fcgig gehts nach Fribourg, wo wir das Postauto nach Gypsera (Schwarzsee) besteigen. 55 min dauert die Fahrt nach Gyspera. Durch das sch\u00f6ne St\u00e4dtchen Fribourg, f\u00fchrt sie vorbei am schmelzenden Eispalast und an unserem Wanderziel, Haltestelle Zollhaus. Der Berghang der s\u00fcdlichen Talseite ist bis weit hinauf schneefrei. Ich frage mich, wie kommen wir da wieder ins Tal hinunter. In Gyspera (1047m) angekommen erwartet uns eine herrliche Landschaft mit verschneiten Bergen bei Sonnenschein und tief blauem Himmel. Ein Stockentenpaar geniesst die warme Sonne am noch zugefrorenen See.<br \/>\nNach Kaffee und Gipfeli im Restaurant Gypsera machen wir uns auf den Weg. Etwas mehr als einen Kilometer geht es auf Strasse und Wanderweg bis zum unteren H\u00fcrli die ersten 100 m hoch.2 Hier k\u00f6nnen wir unsere Schneeschuhe anziehen. Jetzt geht es ziemlich steil aufw\u00e4rts, bald quer durch den Wald, dann rechts vorbei am Mittler H\u00fcrli bis wir kurz nach Ober H\u00fcrli den ersten Vorgipfel (1457 m ) erreichen. Etwas sp\u00e4ter, kurz vor ein Uhr, geniessen wir vor einer Alph\u00fctte (1450 m) den Mittagslunch mit herrlicher Aussicht in die noch tief verschneiten Berge. Danach geht\u2019s weiter, ca 1 km ziemlich flach bis zum letzte Aufstieg auf den \u00c4ttenberg, den h\u00f6chsten Punkt (1614 m) unserer Tour. Nach dem Gipfelfoto und einer kurzen Pause wandern wir leicht Berg abw\u00e4rts bis zur Alph\u00fctte Stoss (1514 m). Ab hier geht es nun steil, aber z\u00fcgig in der Falllinie bis nach Grundbergera (1270 m) bergabw\u00e4rts. Aber damit ist es nun vorbei, die Schneeschuhspur ist weitgehend weggeschmolzen. Wie Eisb\u00e4ren h\u00fcpfen wir von Schneefeld zu Schneefeld, Schneeschuhe ab und an oder damit durch Mist und Sumpfwiesen stapfen. Den sperrenden Stacheldrahtzaun unterschl\u00fcpfen wir sportlich wie Kampfsoldaten. Leicht mit Fr\u00fchlingsdreck gezeichnet erreichen wir um ca ein Viertel vor f\u00fcnf das Zollhaus, wo wir um 17:10 den Bus besteigen k\u00f6nnen. Ein wenig m\u00fcde von unseren Strapazen der vermutlich in diesem Fr\u00fchling letzten, aber sehr sch\u00f6nen und abwechslungsreichen Schnee-schuhtour reisen wir nach Hause. Danke Adrian f\u00fcr die spontane Organisation.<br \/>\nHerbert Eichenberger<\/p>\n<p style=\"text-align: justify;\">F\u00fcr Karte siehe Link bei SchweizMobil.<\/p>\n<p style=\"text-align: justify;\"><!-- default-view.php -->\n<div\n\tclass=\"ngg-galleryoverview default-view\n\t ngg-ajax-pagination-none\t\"\n\tid=\"ngg-gallery-638f294d00a9a353645bf47bd43e51bd-1\"\n\tdata-nextgen-gallery-id=\"277\"\n\tdata-gallery-id=\"277\"\n\t\tdata-gallery-name=\"aettenberg1603\"\n\t>\n\n\t\t<!-- Thumbnails -->\n\t\t\t\t<div id=\"ngg-image-0\" class=\"ngg-gallery-thumbnail-box\n\t\t\t\t\t\t\t\tngg-6-columns\t\t\t\"\n\t\t\t>\n\t\t\t\t\t\t<div class=\"ngg-gallery-thumbnail\">\n\t\t<a href=\"https:\/\/www.adrianwood.ch\/wp-content\/gallery\/aettenberg1603\/AET_0004.jpg?t=1777074908\"\n\t\t\ttitle=\"\"\n\t\t\tdata-src=\"https:\/\/www.adrianwood.ch\/wp-content\/gallery\/aettenberg1603\/AET_0004.jpg?t=1777074908\"\n\t\t\tdata-thumbnail=\"https:\/\/www.adrianwood.ch\/wp-content\/gallery\/aettenberg1603\/thumbs\/thumbs_AET_0004.jpg?t=1777074908\"\n\t\t\tdata-image-id=\"7688\"\n\t\t\tdata-image-name=\"AET_0004.jpg\"\n\t\t\tdata-title=\"AET_0004\"\n\t\t\tdata-description=\"\"\n\t\t\tdata-image-slug=\"aet_0004\"\n\t\t\t\t\t\t\t\t\t\t\t\t\t\t\t\t\t\t\t\tclass=\"ngg-fancybox\" rel=\"638f294d00a9a353645bf47bd43e51bd\">\n\t\t\t\t\t\t\t\t<img\n\t\t\t\t\ttitle=\"AET_0004\"\n\t\t\t\t\talt=\"AET_0004\"\n\t\t\t\t\tsrc=\"https:\/\/www.adrianwood.ch\/wp-content\/gallery\/aettenberg1603\/cache\/AET_0004.jpg-nggid047688-ngg0dyn-240x160x100-00f0w010c010r110f110r010t010.jpg?t=1777074908\"\n\t\t\t\t\twidth=\"240\"\n\t\t\t\t\theight=\"160\"\n\t\t\t\t\tstyle=\"max-width:100%;\"\n\t\t\t\t\/>\n\t\t\t<\/a>\n\t\t<\/div>\n\t\t\t\t\t\t\t<\/div>\n\t\t\t\n\t\t\t\t<div id=\"ngg-image-1\" class=\"ngg-gallery-thumbnail-box\n\t\t\t\t\t\t\t\tngg-6-columns\t\t\t\"\n\t\t\t>\n\t\t\t\t\t\t<div class=\"ngg-gallery-thumbnail\">\n\t\t<a href=\"https:\/\/www.adrianwood.ch\/wp-content\/gallery\/aettenberg1603\/AET_0004_Enten_r.jpg?t=1777099318\"\n\t\t\ttitle=\"\"\n\t\t\tdata-src=\"https:\/\/www.adrianwood.ch\/wp-content\/gallery\/aettenberg1603\/AET_0004_Enten_r.jpg?t=1777099318\"\n\t\t\tdata-thumbnail=\"https:\/\/www.adrianwood.ch\/wp-content\/gallery\/aettenberg1603\/thumbs\/thumbs_AET_0004_Enten_r.jpg?t=1777099318\"\n\t\t\tdata-image-id=\"7689\"\n\t\t\tdata-image-name=\"AET_0004_Enten_r.jpg\"\n\t\t\tdata-title=\"AET_0004_Enten_r\"\n\t\t\tdata-description=\"\"\n\t\t\tdata-image-slug=\"aet_0004_enten_r-2\"\n\t\t\t\t\t\t\t\t\t\t\t\t\t\t\t\t\t\t\t\tclass=\"ngg-fancybox\" rel=\"638f294d00a9a353645bf47bd43e51bd\">\n\t\t\t\t\t\t\t\t<img\n\t\t\t\t\ttitle=\"AET_0004_Enten_r\"\n\t\t\t\t\talt=\"AET_0004_Enten_r\"\n\t\t\t\t\tsrc=\"https:\/\/www.adrianwood.ch\/wp-content\/gallery\/aettenberg1603\/cache\/AET_0004_Enten_r.jpg-nggid047689-ngg0dyn-240x160x100-00f0w010c010r110f110r010t010.jpg?t=1777099318\"\n\t\t\t\t\twidth=\"240\"\n\t\t\t\t\theight=\"160\"\n\t\t\t\t\tstyle=\"max-width:100%;\"\n\t\t\t\t\/>\n\t\t\t<\/a>\n\t\t<\/div>\n\t\t\t\t\t\t\t<\/div>\n\t\t\t\n\t\t\t\t<div id=\"ngg-image-2\" class=\"ngg-gallery-thumbnail-box\n\t\t\t\t\t\t\t\tngg-6-columns\t\t\t\"\n\t\t\t>\n\t\t\t\t\t\t<div class=\"ngg-gallery-thumbnail\">\n\t\t<a href=\"https:\/\/www.adrianwood.ch\/wp-content\/gallery\/aettenberg1603\/AET_0011.jpg?t=1777099318\"\n\t\t\ttitle=\"\"\n\t\t\tdata-src=\"https:\/\/www.adrianwood.ch\/wp-content\/gallery\/aettenberg1603\/AET_0011.jpg?t=1777099318\"\n\t\t\tdata-thumbnail=\"https:\/\/www.adrianwood.ch\/wp-content\/gallery\/aettenberg1603\/thumbs\/thumbs_AET_0011.jpg?t=1777099318\"\n\t\t\tdata-image-id=\"7690\"\n\t\t\tdata-image-name=\"AET_0011.jpg\"\n\t\t\tdata-title=\"AET_0011\"\n\t\t\tdata-description=\"\"\n\t\t\tdata-image-slug=\"aet_0011-2\"\n\t\t\t\t\t\t\t\t\t\t\t\t\t\t\t\t\t\t\t\tclass=\"ngg-fancybox\" rel=\"638f294d00a9a353645bf47bd43e51bd\">\n\t\t\t\t\t\t\t\t<img\n\t\t\t\t\ttitle=\"AET_0011\"\n\t\t\t\t\talt=\"AET_0011\"\n\t\t\t\t\tsrc=\"https:\/\/www.adrianwood.ch\/wp-content\/gallery\/aettenberg1603\/cache\/AET_0011.jpg-nggid047690-ngg0dyn-240x160x100-00f0w010c010r110f110r010t010.jpg?t=1777099318\"\n\t\t\t\t\twidth=\"240\"\n\t\t\t\t\theight=\"160\"\n\t\t\t\t\tstyle=\"max-width:100%;\"\n\t\t\t\t\/>\n\t\t\t<\/a>\n\t\t<\/div>\n\t\t\t\t\t\t\t<\/div>\n\t\t\t\n\t\t\t\t<div id=\"ngg-image-3\" class=\"ngg-gallery-thumbnail-box\n\t\t\t\t\t\t\t\tngg-6-columns\t\t\t\"\n\t\t\t>\n\t\t\t\t\t\t<div class=\"ngg-gallery-thumbnail\">\n\t\t<a href=\"https:\/\/www.adrianwood.ch\/wp-content\/gallery\/aettenberg1603\/AET_0013_1_r.jpg?t=1777099318\"\n\t\t\ttitle=\"\"\n\t\t\tdata-src=\"https:\/\/www.adrianwood.ch\/wp-content\/gallery\/aettenberg1603\/AET_0013_1_r.jpg?t=1777099318\"\n\t\t\tdata-thumbnail=\"https:\/\/www.adrianwood.ch\/wp-content\/gallery\/aettenberg1603\/thumbs\/thumbs_AET_0013_1_r.jpg?t=1777099318\"\n\t\t\tdata-image-id=\"7691\"\n\t\t\tdata-image-name=\"AET_0013_1_r.jpg\"\n\t\t\tdata-title=\"AET_0013_1_r\"\n\t\t\tdata-description=\"\"\n\t\t\tdata-image-slug=\"aet_0013_1_r-2\"\n\t\t\t\t\t\t\t\t\t\t\t\t\t\t\t\t\t\t\t\tclass=\"ngg-fancybox\" rel=\"638f294d00a9a353645bf47bd43e51bd\">\n\t\t\t\t\t\t\t\t<img\n\t\t\t\t\ttitle=\"AET_0013_1_r\"\n\t\t\t\t\talt=\"AET_0013_1_r\"\n\t\t\t\t\tsrc=\"https:\/\/www.adrianwood.ch\/wp-content\/gallery\/aettenberg1603\/cache\/AET_0013_1_r.jpg-nggid047691-ngg0dyn-240x160x100-00f0w010c010r110f110r010t010.jpg?t=1777099318\"\n\t\t\t\t\twidth=\"240\"\n\t\t\t\t\theight=\"160\"\n\t\t\t\t\tstyle=\"max-width:100%;\"\n\t\t\t\t\/>\n\t\t\t<\/a>\n\t\t<\/div>\n\t\t\t\t\t\t\t<\/div>\n\t\t\t\n\t\t\t\t<div id=\"ngg-image-4\" class=\"ngg-gallery-thumbnail-box\n\t\t\t\t\t\t\t\tngg-6-columns\t\t\t\"\n\t\t\t>\n\t\t\t\t\t\t<div class=\"ngg-gallery-thumbnail\">\n\t\t<a href=\"https:\/\/www.adrianwood.ch\/wp-content\/gallery\/aettenberg1603\/AET_0014.jpg?t=1777075508\"\n\t\t\ttitle=\"\"\n\t\t\tdata-src=\"https:\/\/www.adrianwood.ch\/wp-content\/gallery\/aettenberg1603\/AET_0014.jpg?t=1777075508\"\n\t\t\tdata-thumbnail=\"https:\/\/www.adrianwood.ch\/wp-content\/gallery\/aettenberg1603\/thumbs\/thumbs_AET_0014.jpg?t=1777075508\"\n\t\t\tdata-image-id=\"7692\"\n\t\t\tdata-image-name=\"AET_0014.jpg\"\n\t\t\tdata-title=\"AET_0014\"\n\t\t\tdata-description=\"\"\n\t\t\tdata-image-slug=\"aet_0014-2\"\n\t\t\t\t\t\t\t\t\t\t\t\t\t\t\t\t\t\t\t\tclass=\"ngg-fancybox\" rel=\"638f294d00a9a353645bf47bd43e51bd\">\n\t\t\t\t\t\t\t\t<img\n\t\t\t\t\ttitle=\"AET_0014\"\n\t\t\t\t\talt=\"AET_0014\"\n\t\t\t\t\tsrc=\"https:\/\/www.adrianwood.ch\/wp-content\/gallery\/aettenberg1603\/cache\/AET_0014.jpg-nggid047692-ngg0dyn-240x160x100-00f0w010c010r110f110r010t010.jpg?t=1777075508\"\n\t\t\t\t\twidth=\"240\"\n\t\t\t\t\theight=\"160\"\n\t\t\t\t\tstyle=\"max-width:100%;\"\n\t\t\t\t\/>\n\t\t\t<\/a>\n\t\t<\/div>\n\t\t\t\t\t\t\t<\/div>\n\t\t\t\n\t\t\t\t<div id=\"ngg-image-5\" class=\"ngg-gallery-thumbnail-box\n\t\t\t\t\t\t\t\tngg-6-columns\t\t\t\"\n\t\t\t>\n\t\t\t\t\t\t<div class=\"ngg-gallery-thumbnail\">\n\t\t<a href=\"https:\/\/www.adrianwood.ch\/wp-content\/gallery\/aettenberg1603\/AET_0019.jpg?t=1777099319\"\n\t\t\ttitle=\"\"\n\t\t\tdata-src=\"https:\/\/www.adrianwood.ch\/wp-content\/gallery\/aettenberg1603\/AET_0019.jpg?t=1777099319\"\n\t\t\tdata-thumbnail=\"https:\/\/www.adrianwood.ch\/wp-content\/gallery\/aettenberg1603\/thumbs\/thumbs_AET_0019.jpg?t=1777099319\"\n\t\t\tdata-image-id=\"7693\"\n\t\t\tdata-image-name=\"AET_0019.jpg\"\n\t\t\tdata-title=\"AET_0019\"\n\t\t\tdata-description=\"\"\n\t\t\tdata-image-slug=\"aet_0019-2\"\n\t\t\t\t\t\t\t\t\t\t\t\t\t\t\t\t\t\t\t\tclass=\"ngg-fancybox\" rel=\"638f294d00a9a353645bf47bd43e51bd\">\n\t\t\t\t\t\t\t\t<img\n\t\t\t\t\ttitle=\"AET_0019\"\n\t\t\t\t\talt=\"AET_0019\"\n\t\t\t\t\tsrc=\"https:\/\/www.adrianwood.ch\/wp-content\/gallery\/aettenberg1603\/cache\/AET_0019.jpg-nggid047693-ngg0dyn-240x160x100-00f0w010c010r110f110r010t010.jpg?t=1777099319\"\n\t\t\t\t\twidth=\"240\"\n\t\t\t\t\theight=\"160\"\n\t\t\t\t\tstyle=\"max-width:100%;\"\n\t\t\t\t\/>\n\t\t\t<\/a>\n\t\t<\/div>\n\t\t\t\t\t\t\t<\/div>\n\t\t\t\n\t\t\t\t<div id=\"ngg-image-6\" class=\"ngg-gallery-thumbnail-box\n\t\t\t\t\t\t\t\tngg-6-columns\t\t\t\"\n\t\t\t>\n\t\t\t\t\t\t<div class=\"ngg-gallery-thumbnail\">\n\t\t<a href=\"https:\/\/www.adrianwood.ch\/wp-content\/gallery\/aettenberg1603\/AET_0029.jpg?t=1777075018\"\n\t\t\ttitle=\"\"\n\t\t\tdata-src=\"https:\/\/www.adrianwood.ch\/wp-content\/gallery\/aettenberg1603\/AET_0029.jpg?t=1777075018\"\n\t\t\tdata-thumbnail=\"https:\/\/www.adrianwood.ch\/wp-content\/gallery\/aettenberg1603\/thumbs\/thumbs_AET_0029.jpg?t=1777075018\"\n\t\t\tdata-image-id=\"7694\"\n\t\t\tdata-image-name=\"AET_0029.jpg\"\n\t\t\tdata-title=\"AET_0029\"\n\t\t\tdata-description=\"\"\n\t\t\tdata-image-slug=\"aet_0029-2\"\n\t\t\t\t\t\t\t\t\t\t\t\t\t\t\t\t\t\t\t\tclass=\"ngg-fancybox\" rel=\"638f294d00a9a353645bf47bd43e51bd\">\n\t\t\t\t\t\t\t\t<img\n\t\t\t\t\ttitle=\"AET_0029\"\n\t\t\t\t\talt=\"AET_0029\"\n\t\t\t\t\tsrc=\"https:\/\/www.adrianwood.ch\/wp-content\/gallery\/aettenberg1603\/cache\/AET_0029.jpg-nggid047694-ngg0dyn-240x160x100-00f0w010c010r110f110r010t010.jpg?t=1777075018\"\n\t\t\t\t\twidth=\"240\"\n\t\t\t\t\theight=\"160\"\n\t\t\t\t\tstyle=\"max-width:100%;\"\n\t\t\t\t\/>\n\t\t\t<\/a>\n\t\t<\/div>\n\t\t\t\t\t\t\t<\/div>\n\t\t\t\n\t\t\t\t<div id=\"ngg-image-7\" class=\"ngg-gallery-thumbnail-box\n\t\t\t\t\t\t\t\tngg-6-columns\t\t\t\"\n\t\t\t>\n\t\t\t\t\t\t<div class=\"ngg-gallery-thumbnail\">\n\t\t<a href=\"https:\/\/www.adrianwood.ch\/wp-content\/gallery\/aettenberg1603\/AET_0035.jpg?t=1777075509\"\n\t\t\ttitle=\"\"\n\t\t\tdata-src=\"https:\/\/www.adrianwood.ch\/wp-content\/gallery\/aettenberg1603\/AET_0035.jpg?t=1777075509\"\n\t\t\tdata-thumbnail=\"https:\/\/www.adrianwood.ch\/wp-content\/gallery\/aettenberg1603\/thumbs\/thumbs_AET_0035.jpg?t=1777075509\"\n\t\t\tdata-image-id=\"7695\"\n\t\t\tdata-image-name=\"AET_0035.jpg\"\n\t\t\tdata-title=\"AET_0035\"\n\t\t\tdata-description=\"\"\n\t\t\tdata-image-slug=\"aet_0035-2\"\n\t\t\t\t\t\t\t\t\t\t\t\t\t\t\t\t\t\t\t\tclass=\"ngg-fancybox\" rel=\"638f294d00a9a353645bf47bd43e51bd\">\n\t\t\t\t\t\t\t\t<img\n\t\t\t\t\ttitle=\"AET_0035\"\n\t\t\t\t\talt=\"AET_0035\"\n\t\t\t\t\tsrc=\"https:\/\/www.adrianwood.ch\/wp-content\/gallery\/aettenberg1603\/cache\/AET_0035.jpg-nggid047695-ngg0dyn-240x160x100-00f0w010c010r110f110r010t010.jpg?t=1777075509\"\n\t\t\t\t\twidth=\"240\"\n\t\t\t\t\theight=\"160\"\n\t\t\t\t\tstyle=\"max-width:100%;\"\n\t\t\t\t\/>\n\t\t\t<\/a>\n\t\t<\/div>\n\t\t\t\t\t\t\t<\/div>\n\t\t\t\n\t\t\t\t<div id=\"ngg-image-8\" class=\"ngg-gallery-thumbnail-box\n\t\t\t\t\t\t\t\tngg-6-columns\t\t\t\"\n\t\t\t>\n\t\t\t\t\t\t<div class=\"ngg-gallery-thumbnail\">\n\t\t<a href=\"https:\/\/www.adrianwood.ch\/wp-content\/gallery\/aettenberg1603\/AET_0036_1_r.jpg?t=1777077813\"\n\t\t\ttitle=\"\"\n\t\t\tdata-src=\"https:\/\/www.adrianwood.ch\/wp-content\/gallery\/aettenberg1603\/AET_0036_1_r.jpg?t=1777077813\"\n\t\t\tdata-thumbnail=\"https:\/\/www.adrianwood.ch\/wp-content\/gallery\/aettenberg1603\/thumbs\/thumbs_AET_0036_1_r.jpg?t=1777077813\"\n\t\t\tdata-image-id=\"7696\"\n\t\t\tdata-image-name=\"AET_0036_1_r.jpg\"\n\t\t\tdata-title=\"AET_0036_1_r\"\n\t\t\tdata-description=\"\"\n\t\t\tdata-image-slug=\"aet_0036_1_r-2\"\n\t\t\t\t\t\t\t\t\t\t\t\t\t\t\t\t\t\t\t\tclass=\"ngg-fancybox\" rel=\"638f294d00a9a353645bf47bd43e51bd\">\n\t\t\t\t\t\t\t\t<img\n\t\t\t\t\ttitle=\"AET_0036_1_r\"\n\t\t\t\t\talt=\"AET_0036_1_r\"\n\t\t\t\t\tsrc=\"https:\/\/www.adrianwood.ch\/wp-content\/gallery\/aettenberg1603\/cache\/AET_0036_1_r.jpg-nggid047696-ngg0dyn-240x160x100-00f0w010c010r110f110r010t010.jpg?t=1777077813\"\n\t\t\t\t\twidth=\"219\"\n\t\t\t\t\theight=\"160\"\n\t\t\t\t\tstyle=\"max-width:100%;\"\n\t\t\t\t\/>\n\t\t\t<\/a>\n\t\t<\/div>\n\t\t\t\t\t\t\t<\/div>\n\t\t\t\n\t\t\t\t<div id=\"ngg-image-9\" class=\"ngg-gallery-thumbnail-box\n\t\t\t\t\t\t\t\tngg-6-columns\t\t\t\"\n\t\t\t>\n\t\t\t\t\t\t<div class=\"ngg-gallery-thumbnail\">\n\t\t<a href=\"https:\/\/www.adrianwood.ch\/wp-content\/gallery\/aettenberg1603\/AET_0037.jpg?t=1777099319\"\n\t\t\ttitle=\"\"\n\t\t\tdata-src=\"https:\/\/www.adrianwood.ch\/wp-content\/gallery\/aettenberg1603\/AET_0037.jpg?t=1777099319\"\n\t\t\tdata-thumbnail=\"https:\/\/www.adrianwood.ch\/wp-content\/gallery\/aettenberg1603\/thumbs\/thumbs_AET_0037.jpg?t=1777099319\"\n\t\t\tdata-image-id=\"7697\"\n\t\t\tdata-image-name=\"AET_0037.jpg\"\n\t\t\tdata-title=\"AET_0037\"\n\t\t\tdata-description=\"\"\n\t\t\tdata-image-slug=\"aet_0037-2\"\n\t\t\t\t\t\t\t\t\t\t\t\t\t\t\t\t\t\t\t\tclass=\"ngg-fancybox\" rel=\"638f294d00a9a353645bf47bd43e51bd\">\n\t\t\t\t\t\t\t\t<img\n\t\t\t\t\ttitle=\"AET_0037\"\n\t\t\t\t\talt=\"AET_0037\"\n\t\t\t\t\tsrc=\"https:\/\/www.adrianwood.ch\/wp-content\/gallery\/aettenberg1603\/cache\/AET_0037.jpg-nggid047697-ngg0dyn-240x160x100-00f0w010c010r110f110r010t010.jpg?t=1777099319\"\n\t\t\t\t\twidth=\"240\"\n\t\t\t\t\theight=\"160\"\n\t\t\t\t\tstyle=\"max-width:100%;\"\n\t\t\t\t\/>\n\t\t\t<\/a>\n\t\t<\/div>\n\t\t\t\t\t\t\t<\/div>\n\t\t\t\n\t\t\t\t<div id=\"ngg-image-10\" class=\"ngg-gallery-thumbnail-box\n\t\t\t\t\t\t\t\tngg-6-columns\t\t\t\"\n\t\t\t>\n\t\t\t\t\t\t<div class=\"ngg-gallery-thumbnail\">\n\t\t<a href=\"https:\/\/www.adrianwood.ch\/wp-content\/gallery\/aettenberg1603\/AET_0044.jpg?t=1777075508\"\n\t\t\ttitle=\"\"\n\t\t\tdata-src=\"https:\/\/www.adrianwood.ch\/wp-content\/gallery\/aettenberg1603\/AET_0044.jpg?t=1777075508\"\n\t\t\tdata-thumbnail=\"https:\/\/www.adrianwood.ch\/wp-content\/gallery\/aettenberg1603\/thumbs\/thumbs_AET_0044.jpg?t=1777075508\"\n\t\t\tdata-image-id=\"7698\"\n\t\t\tdata-image-name=\"AET_0044.jpg\"\n\t\t\tdata-title=\"AET_0044\"\n\t\t\tdata-description=\"\"\n\t\t\tdata-image-slug=\"aet_0044\"\n\t\t\t\t\t\t\t\t\t\t\t\t\t\t\t\t\t\t\t\tclass=\"ngg-fancybox\" rel=\"638f294d00a9a353645bf47bd43e51bd\">\n\t\t\t\t\t\t\t\t<img\n\t\t\t\t\ttitle=\"AET_0044\"\n\t\t\t\t\talt=\"AET_0044\"\n\t\t\t\t\tsrc=\"https:\/\/www.adrianwood.ch\/wp-content\/gallery\/aettenberg1603\/cache\/AET_0044.jpg-nggid047698-ngg0dyn-240x160x100-00f0w010c010r110f110r010t010.jpg?t=1777075508\"\n\t\t\t\t\twidth=\"240\"\n\t\t\t\t\theight=\"160\"\n\t\t\t\t\tstyle=\"max-width:100%;\"\n\t\t\t\t\/>\n\t\t\t<\/a>\n\t\t<\/div>\n\t\t\t\t\t\t\t<\/div>\n\t\t\t\n\t\t\t\t<div id=\"ngg-image-11\" class=\"ngg-gallery-thumbnail-box\n\t\t\t\t\t\t\t\tngg-6-columns\t\t\t\"\n\t\t\t>\n\t\t\t\t\t\t<div class=\"ngg-gallery-thumbnail\">\n\t\t<a href=\"https:\/\/www.adrianwood.ch\/wp-content\/gallery\/aettenberg1603\/AET_0050.jpg?t=1777074987\"\n\t\t\ttitle=\"\"\n\t\t\tdata-src=\"https:\/\/www.adrianwood.ch\/wp-content\/gallery\/aettenberg1603\/AET_0050.jpg?t=1777074987\"\n\t\t\tdata-thumbnail=\"https:\/\/www.adrianwood.ch\/wp-content\/gallery\/aettenberg1603\/thumbs\/thumbs_AET_0050.jpg?t=1777074987\"\n\t\t\tdata-image-id=\"7699\"\n\t\t\tdata-image-name=\"AET_0050.jpg\"\n\t\t\tdata-title=\"AET_0050\"\n\t\t\tdata-description=\"\"\n\t\t\tdata-image-slug=\"aet_0050\"\n\t\t\t\t\t\t\t\t\t\t\t\t\t\t\t\t\t\t\t\tclass=\"ngg-fancybox\" rel=\"638f294d00a9a353645bf47bd43e51bd\">\n\t\t\t\t\t\t\t\t<img\n\t\t\t\t\ttitle=\"AET_0050\"\n\t\t\t\t\talt=\"AET_0050\"\n\t\t\t\t\tsrc=\"https:\/\/www.adrianwood.ch\/wp-content\/gallery\/aettenberg1603\/cache\/AET_0050.jpg-nggid047699-ngg0dyn-240x160x100-00f0w010c010r110f110r010t010.jpg?t=1777074987\"\n\t\t\t\t\twidth=\"240\"\n\t\t\t\t\theight=\"160\"\n\t\t\t\t\tstyle=\"max-width:100%;\"\n\t\t\t\t\/>\n\t\t\t<\/a>\n\t\t<\/div>\n\t\t\t\t\t\t\t<\/div>\n\t\t\t\n\t\t\t\t<div id=\"ngg-image-12\" class=\"ngg-gallery-thumbnail-box\n\t\t\t\t\t\t\t\tngg-6-columns\t\t\t\"\n\t\t\t>\n\t\t\t\t\t\t<div class=\"ngg-gallery-thumbnail\">\n\t\t<a href=\"https:\/\/www.adrianwood.ch\/wp-content\/gallery\/aettenberg1603\/AET_0058_1_r.jpg?t=1777076063\"\n\t\t\ttitle=\"\"\n\t\t\tdata-src=\"https:\/\/www.adrianwood.ch\/wp-content\/gallery\/aettenberg1603\/AET_0058_1_r.jpg?t=1777076063\"\n\t\t\tdata-thumbnail=\"https:\/\/www.adrianwood.ch\/wp-content\/gallery\/aettenberg1603\/thumbs\/thumbs_AET_0058_1_r.jpg?t=1777076063\"\n\t\t\tdata-image-id=\"7700\"\n\t\t\tdata-image-name=\"AET_0058_1_r.jpg\"\n\t\t\tdata-title=\"AET_0058_1_r\"\n\t\t\tdata-description=\"\"\n\t\t\tdata-image-slug=\"aet_0058_1_r\"\n\t\t\t\t\t\t\t\t\t\t\t\t\t\t\t\t\t\t\t\tclass=\"ngg-fancybox\" rel=\"638f294d00a9a353645bf47bd43e51bd\">\n\t\t\t\t\t\t\t\t<img\n\t\t\t\t\ttitle=\"AET_0058_1_r\"\n\t\t\t\t\talt=\"AET_0058_1_r\"\n\t\t\t\t\tsrc=\"https:\/\/www.adrianwood.ch\/wp-content\/gallery\/aettenberg1603\/cache\/AET_0058_1_r.jpg-nggid047700-ngg0dyn-240x160x100-00f0w010c010r110f110r010t010.jpg?t=1777076063\"\n\t\t\t\t\twidth=\"240\"\n\t\t\t\t\theight=\"160\"\n\t\t\t\t\tstyle=\"max-width:100%;\"\n\t\t\t\t\/>\n\t\t\t<\/a>\n\t\t<\/div>\n\t\t\t\t\t\t\t<\/div>\n\t\t\t\n\t\t\t\t<div id=\"ngg-image-13\" class=\"ngg-gallery-thumbnail-box\n\t\t\t\t\t\t\t\tngg-6-columns\t\t\t\"\n\t\t\t>\n\t\t\t\t\t\t<div class=\"ngg-gallery-thumbnail\">\n\t\t<a href=\"https:\/\/www.adrianwood.ch\/wp-content\/gallery\/aettenberg1603\/AET_0060_1_r.jpg?t=1777076259\"\n\t\t\ttitle=\"\"\n\t\t\tdata-src=\"https:\/\/www.adrianwood.ch\/wp-content\/gallery\/aettenberg1603\/AET_0060_1_r.jpg?t=1777076259\"\n\t\t\tdata-thumbnail=\"https:\/\/www.adrianwood.ch\/wp-content\/gallery\/aettenberg1603\/thumbs\/thumbs_AET_0060_1_r.jpg?t=1777076259\"\n\t\t\tdata-image-id=\"7701\"\n\t\t\tdata-image-name=\"AET_0060_1_r.jpg\"\n\t\t\tdata-title=\"AET_0060_1_r\"\n\t\t\tdata-description=\"\"\n\t\t\tdata-image-slug=\"aet_0060_1_r\"\n\t\t\t\t\t\t\t\t\t\t\t\t\t\t\t\t\t\t\t\tclass=\"ngg-fancybox\" rel=\"638f294d00a9a353645bf47bd43e51bd\">\n\t\t\t\t\t\t\t\t<img\n\t\t\t\t\ttitle=\"AET_0060_1_r\"\n\t\t\t\t\talt=\"AET_0060_1_r\"\n\t\t\t\t\tsrc=\"https:\/\/www.adrianwood.ch\/wp-content\/gallery\/aettenberg1603\/cache\/AET_0060_1_r.jpg-nggid047701-ngg0dyn-240x160x100-00f0w010c010r110f110r010t010.jpg?t=1777076259\"\n\t\t\t\t\twidth=\"197\"\n\t\t\t\t\theight=\"160\"\n\t\t\t\t\tstyle=\"max-width:100%;\"\n\t\t\t\t\/>\n\t\t\t<\/a>\n\t\t<\/div>\n\t\t\t\t\t\t\t<\/div>\n\t\t\t\n\t\t\t\t<div id=\"ngg-image-14\" class=\"ngg-gallery-thumbnail-box\n\t\t\t\t\t\t\t\tngg-6-columns\t\t\t\"\n\t\t\t>\n\t\t\t\t\t\t<div class=\"ngg-gallery-thumbnail\">\n\t\t<a href=\"https:\/\/www.adrianwood.ch\/wp-content\/gallery\/aettenberg1603\/AET_0062_1_r.jpg?t=1777099319\"\n\t\t\ttitle=\"\"\n\t\t\tdata-src=\"https:\/\/www.adrianwood.ch\/wp-content\/gallery\/aettenberg1603\/AET_0062_1_r.jpg?t=1777099319\"\n\t\t\tdata-thumbnail=\"https:\/\/www.adrianwood.ch\/wp-content\/gallery\/aettenberg1603\/thumbs\/thumbs_AET_0062_1_r.jpg?t=1777099319\"\n\t\t\tdata-image-id=\"7702\"\n\t\t\tdata-image-name=\"AET_0062_1_r.jpg\"\n\t\t\tdata-title=\"AET_0062_1_r\"\n\t\t\tdata-description=\"\"\n\t\t\tdata-image-slug=\"aet_0062_1_r\"\n\t\t\t\t\t\t\t\t\t\t\t\t\t\t\t\t\t\t\t\tclass=\"ngg-fancybox\" rel=\"638f294d00a9a353645bf47bd43e51bd\">\n\t\t\t\t\t\t\t\t<img\n\t\t\t\t\ttitle=\"AET_0062_1_r\"\n\t\t\t\t\talt=\"AET_0062_1_r\"\n\t\t\t\t\tsrc=\"https:\/\/www.adrianwood.ch\/wp-content\/gallery\/aettenberg1603\/cache\/AET_0062_1_r.jpg-nggid047702-ngg0dyn-240x160x100-00f0w010c010r110f110r010t010.jpg?t=1777099319\"\n\t\t\t\t\twidth=\"240\"\n\t\t\t\t\theight=\"160\"\n\t\t\t\t\tstyle=\"max-width:100%;\"\n\t\t\t\t\/>\n\t\t\t<\/a>\n\t\t<\/div>\n\t\t\t\t\t\t\t<\/div>\n\t\t\t\n\t\t\t\t<div id=\"ngg-image-15\" class=\"ngg-gallery-thumbnail-box\n\t\t\t\t\t\t\t\tngg-6-columns\t\t\t\"\n\t\t\t>\n\t\t\t\t\t\t<div class=\"ngg-gallery-thumbnail\">\n\t\t<a href=\"https:\/\/www.adrianwood.ch\/wp-content\/gallery\/aettenberg1603\/AET_0064_1_r.jpg?t=1777099319\"\n\t\t\ttitle=\"\"\n\t\t\tdata-src=\"https:\/\/www.adrianwood.ch\/wp-content\/gallery\/aettenberg1603\/AET_0064_1_r.jpg?t=1777099319\"\n\t\t\tdata-thumbnail=\"https:\/\/www.adrianwood.ch\/wp-content\/gallery\/aettenberg1603\/thumbs\/thumbs_AET_0064_1_r.jpg?t=1777099319\"\n\t\t\tdata-image-id=\"7703\"\n\t\t\tdata-image-name=\"AET_0064_1_r.jpg\"\n\t\t\tdata-title=\"AET_0064_1_r\"\n\t\t\tdata-description=\"\"\n\t\t\tdata-image-slug=\"aet_0064_1_r-2\"\n\t\t\t\t\t\t\t\t\t\t\t\t\t\t\t\t\t\t\t\tclass=\"ngg-fancybox\" rel=\"638f294d00a9a353645bf47bd43e51bd\">\n\t\t\t\t\t\t\t\t<img\n\t\t\t\t\ttitle=\"AET_0064_1_r\"\n\t\t\t\t\talt=\"AET_0064_1_r\"\n\t\t\t\t\tsrc=\"https:\/\/www.adrianwood.ch\/wp-content\/gallery\/aettenberg1603\/cache\/AET_0064_1_r.jpg-nggid047703-ngg0dyn-240x160x100-00f0w010c010r110f110r010t010.jpg?t=1777099319\"\n\t\t\t\t\twidth=\"240\"\n\t\t\t\t\theight=\"160\"\n\t\t\t\t\tstyle=\"max-width:100%;\"\n\t\t\t\t\/>\n\t\t\t<\/a>\n\t\t<\/div>\n\t\t\t\t\t\t\t<\/div>\n\t\t\t\n\t\n\t<br style=\"clear: both\" \/>\n\n\t\t<div class=\"slideshowlink\">\n\t\t<a href='https:\/\/www.adrianwood.ch\/index.php\/nggallery\/slideshow?page_id=5075'>[Show slideshow]<\/a>\n\n\t<\/div>\n\t\n\t\t<!-- Pagination -->\n\t\t<div class='ngg-clear'><\/div>\t<\/div>\n<\/p>\n","protected":false},"excerpt":{"rendered":"<p>20.M\u00e4rz 2016, Schneeschuhtour Schwarzsee-\u00c4ttenberg-Zollhaus Aufstieg von Schwarzsee (Gypsera) via H\u00fcrleni, Lengmoos bis hinauf auf den Aettenberg. \u00dcber den Grat bis zur Alph\u00fctte Stoss, dann Abstieg nach Zollhaus. Innerhalb einer Minute fahren die beiden Z\u00fcge aus Basel und Aarau in Bern ein. Der Zug nach Fribourg um 08:34 wartet bereits auf dem Geleise. Hier treffe ich &hellip; <a href=\"https:\/\/www.adrianwood.ch\/?page_id=5075\" class=\"more-link\">Continue reading <span class=\"screen-reader-text\">2016-03 Aettenberg<\/span> <span class=\"meta-nav\">&rarr;<\/span><\/a><\/p>\n","protected":false},"author":1,"featured_media":5154,"parent":129,"menu_order":1248,"comment_status":"closed","ping_status":"closed","template":"","meta":{"ngg_post_thumbnail":0,"footnotes":""},"class_list":["post-5075","page","type-page","status-publish","has-post-thumbnail","hentry"],"_links":{"self":[{"href":"https:\/\/www.adrianwood.ch\/index.php?rest_route=\/wp\/v2\/pages\/5075","targetHints":{"allow":["GET"]}}],"collection":[{"href":"https:\/\/www.adrianwood.ch\/index.php?rest_route=\/wp\/v2\/pages"}],"about":[{"href":"https:\/\/www.adrianwood.ch\/index.php?rest_route=\/wp\/v2\/types\/page"}],"author":[{"embeddable":true,"href":"https:\/\/www.adrianwood.ch\/index.php?rest_route=\/wp\/v2\/users\/1"}],"replies":[{"embeddable":true,"href":"https:\/\/www.adrianwood.ch\/index.php?rest_route=%2Fwp%2Fv2%2Fcomments&post=5075"}],"version-history":[{"count":9,"href":"https:\/\/www.adrianwood.ch\/index.php?rest_route=\/wp\/v2\/pages\/5075\/revisions"}],"predecessor-version":[{"id":5813,"href":"https:\/\/www.adrianwood.ch\/index.php?rest_route=\/wp\/v2\/pages\/5075\/revisions\/5813"}],"up":[{"embeddable":true,"href":"https:\/\/www.adrianwood.ch\/index.php?rest_route=\/wp\/v2\/pages\/129"}],"wp:featuredmedia":[{"embeddable":true,"href":"https:\/\/www.adrianwood.ch\/index.php?rest_route=\/wp\/v2\/media\/5154"}],"wp:attachment":[{"href":"https:\/\/www.adrianwood.ch\/index.php?rest_route=%2Fwp%2Fv2%2Fmedia&parent=5075"}],"curies":[{"name":"wp","href":"https:\/\/api.w.org\/{rel}","templated":true}]}}