{"id":509,"date":"2011-01-24T13:28:40","date_gmt":"2011-01-24T12:28:40","guid":{"rendered":"http:\/\/adrianwood.ch\/"},"modified":"2011-01-24T13:28:40","modified_gmt":"2011-01-24T12:28:40","slug":"2010-07-zweisimmen","status":"publish","type":"page","link":"https:\/\/www.adrianwood.ch\/?page_id=509","title":{"rendered":"2010-07 Zweisimmen"},"content":{"rendered":"<figure id=\"attachment_511\" aria-describedby=\"caption-attachment-511\" style=\"width: 720px\" class=\"wp-caption alignleft\"><a href=\"http:\/\/adrianwood.ch\/wp-content\/uploads\/2011\/01\/DSC_0409_r1.jpg\"><img loading=\"lazy\" decoding=\"async\" class=\"size-full wp-image-511\" title=\"DSC_0409_r\" src=\"http:\/\/adrianwood.ch\/wp-content\/uploads\/2011\/01\/DSC_0409_r1.jpg\" alt=\"Wildhorn und Diableret Gruppe vom Tr\u00fctlisbergpass\" width=\"720\" height=\"478\" \/><\/a><figcaption id=\"caption-attachment-511\" class=\"wp-caption-text\">Wildhorn und Diableret Gruppe vom Tr\u00fctlisbergpass<\/figcaption><\/figure>\n<p><strong>Sonntag 18. Juli 2010, Zweisimmen-Rinderberg-Gandouengrat-R\u00fcwlispass-T\u00fcrli-Tube-Tr\u00fctlisbergpass(2038m)-St\u00fcbleni-Leiterli-Lenk<\/strong><\/p>\n<p>Per Gondel geht es auf den Rinderberg (2004m). Unser Wanderung fing in Nebel an, aber w\u00e4hrend wir \u00fcber der Gandlouenengrates stiegen, verfl\u00fcchtigte er sich, und wir konnten den sch\u00f6nen Blick nach Norden \u00fcber das weite Saanenland und Gastlosenkette hinweg und im Osten der Turnelstales geniessen. Die ausgedehnte Blumenpracht (sogar T\u00fcrkenbund) hat die Gr\u00fcppe etwas verstreut, aber wir kamen alle wieder zusammen in der\u2019 Traube\u2019. \u00a0wo wir ein Glas Wein und eine heitere Pause genossen haben. Unser Weg verlief hoch \u00fcber dem Turbachtal Richtung Tr\u00fcttlisbergpass, und wir konnten die pr\u00e4chtigen Gipfel- und Gletcher des Wildhorns-und Diableretsgruppe staunen. Dann ging der Weg der Graspass zum St\u00fcbleni entlang, und konzentriert lauften wir \u00fcber die faszinierenden, ausgedehnten, hellen Gipsgestein, der \u201aGryde\u2018, mit zahlreichen Einsturztrichter. Das letzte flache Weg zum\u00a0 Leiterli und mit Godel nach Lenk und per Zug zur\u00fcck nach Basel, m\u00fcde, aber zufrieden.<\/p>\nngg_shortcode_0_placeholder\n","protected":false},"excerpt":{"rendered":"<p>Sonntag 18. Juli 2010, Zweisimmen-Rinderberg-Gandouengrat-R\u00fcwlispass-T\u00fcrli-Tube-Tr\u00fctlisbergpass(2038m)-St\u00fcbleni-Leiterli-Lenk Per Gondel geht es auf den Rinderberg (2004m). Unser Wanderung fing in Nebel an, aber w\u00e4hrend wir \u00fcber der Gandlouenengrates stiegen, verfl\u00fcchtigte er sich, und wir konnten den sch\u00f6nen Blick nach Norden \u00fcber das weite Saanenland und Gastlosenkette hinweg und im Osten der Turnelstales geniessen. Die ausgedehnte Blumenpracht (sogar T\u00fcrkenbund) &hellip; <a href=\"https:\/\/www.adrianwood.ch\/?page_id=509\" class=\"more-link\">Continue reading <span class=\"screen-reader-text\">2010-07 Zweisimmen<\/span> <span class=\"meta-nav\">&rarr;<\/span><\/a><\/p>\n","protected":false},"author":1,"featured_media":0,"parent":129,"menu_order":1231,"comment_status":"closed","ping_status":"closed","template":"","meta":{"ngg_post_thumbnail":0,"footnotes":""},"class_list":["post-509","page","type-page","status-publish","hentry"],"_links":{"self":[{"href":"https:\/\/www.adrianwood.ch\/index.php?rest_route=\/wp\/v2\/pages\/509","targetHints":{"allow":["GET"]}}],"collection":[{"href":"https:\/\/www.adrianwood.ch\/index.php?rest_route=\/wp\/v2\/pages"}],"about":[{"href":"https:\/\/www.adrianwood.ch\/index.php?rest_route=\/wp\/v2\/types\/page"}],"author":[{"embeddable":true,"href":"https:\/\/www.adrianwood.ch\/index.php?rest_route=\/wp\/v2\/users\/1"}],"replies":[{"embeddable":true,"href":"https:\/\/www.adrianwood.ch\/index.php?rest_route=%2Fwp%2Fv2%2Fcomments&post=509"}],"version-history":[{"count":0,"href":"https:\/\/www.adrianwood.ch\/index.php?rest_route=\/wp\/v2\/pages\/509\/revisions"}],"up":[{"embeddable":true,"href":"https:\/\/www.adrianwood.ch\/index.php?rest_route=\/wp\/v2\/pages\/129"}],"wp:attachment":[{"href":"https:\/\/www.adrianwood.ch\/index.php?rest_route=%2Fwp%2Fv2%2Fmedia&parent=509"}],"curies":[{"name":"wp","href":"https:\/\/api.w.org\/{rel}","templated":true}]}}