{"id":531,"date":"2011-01-25T15:52:30","date_gmt":"2011-01-25T14:52:30","guid":{"rendered":"http:\/\/adrianwood.ch\/"},"modified":"2020-10-17T12:57:36","modified_gmt":"2020-10-17T12:57:36","slug":"2004-08-val-malvagia","status":"publish","type":"page","link":"https:\/\/www.adrianwood.ch\/?page_id=531","title":{"rendered":"2004-08 Val Malvagia"},"content":{"rendered":"<h3><img decoding=\"async\" class=\"ngg-singlepic ngg-none\" src=\"https:\/\/www.adrianwood.ch\/wp-content\/gallery\/val-malvagia01\/dsc_0065_r.jpg\" alt=\"dsc_0065_r\"><\/h3>\n<h3>6. &#8211; 8. August 2004, Val Malvagia, Bergwanderung von den Gletschern zu den Palmen<\/h3>\n<p>Wir wandern unterhalb des Rheinwaldhorns, der h\u00f6chsten Erhebung Tessins, \u00fcber der Passo del Laghetto mit einem Abstieg durch eine steile Schuttrinne in das urspr\u00fcngliche, abgelegene Val Malvagia. An unserem zweiten \u00dcbernachtungsort, der sch\u00f6nen neuen Quarnei H\u00fctte vorbei liefen wir durch teilweise wegloses Gel\u00e4nde bis zum Laghetto di Cardedo. Wegen Zeitmangel erreichten wir nicht denAussichtsgipfel Pizzo Cramorino. Am dritten Tag machen wir auch nicht die lange Gratwanderung aber nahm ein sch\u00f6ne Hohenweg auf der anderen Talseite. Nach 1300 m Abstieg erspart uns eine Seilbahn weitere 1000 m und brachte uns zur\u00fcck in die s\u00fcdliche Tessinerwelt.<\/p>\n<p>Die folgenden drei Seiten zeigen Tagesberichte in Englisch von Yasuyuki Uike.<\/p>\n<p><a href=\"https:\/\/www.adrianwood.ch\/?page_id=22053\"><strong><span style=\"text-decoration: underline;\">Freitag, 6. <\/span><\/strong><strong><span style=\"text-decoration: underline;\">August:<\/span><\/strong> <\/a>Dangio (801m) \u2013 Capanna Adula UTOE (2393m), 4.5 Std.<\/p>\n<p><a href=\"https:\/\/www.adrianwood.ch\/?page_id=22057\"><strong><span style=\"text-decoration: underline;\">Samstag, 7. August:<\/span><\/strong> <\/a>Capanna Adula UTOE \u2013 Passo del Laghetto (2646m) \u2013 Alpe di Quarnei (2048m) \u2013 Capanna Quarnei (2108m) \u2013 Alpe Cardedo (2104m) \u2013 Laghetto di Cardedo (2605m) \u2013 Pizzo Cramorino (3112m) &#8211; Capanna Quarnei (2108m), bis Laghetto 5.5 Std. oder mit Pizzo Cramorino 8 Std.<\/p>\n<p><a href=\"https:\/\/www.adrianwood.ch\/?page_id=22063\"><strong><span style=\"text-decoration: underline;\">Sonntag, 8. August:<\/span><\/strong> <\/a>Capanna Quarnei \u2013- Cima di Gana Bianca (2842m) &#8211; Cima di Gana Rossa (2787m) \u2013 Cima di Pincabella (2670m) \u2013 Dagro (1367m), 6.5 Std. Seilbahn nach Malvagia.<\/p>\nngg_shortcode_0_placeholder\n<p>Teilnehmer: Hanspeter Kriemler(C), Klaus Schnidler (C), Jean-Francois Stampf (C), Toni Jost (C), Regina Denzler (C), Marlies Koch (C), Martha Bertolini (C), Edith Schwendimann (C), Margrit Probst (C), Gisela Scheffel (C), Peter Sutter (C), Anna Sutter (C), Vreni Gubler (C), Michel Ritzau (N), Yasuyuki Uike (N) (Bericht), Adrian Wood (C&amp;N).<\/p>\n","protected":false},"excerpt":{"rendered":"<p>6. &#8211; 8. August 2004, Val Malvagia, Bergwanderung von den Gletschern zu den Palmen Wir wandern unterhalb des Rheinwaldhorns, der h\u00f6chsten Erhebung Tessins, \u00fcber der Passo del Laghetto mit einem Abstieg durch eine steile Schuttrinne in das urspr\u00fcngliche, abgelegene Val Malvagia. An unserem zweiten \u00dcbernachtungsort, der sch\u00f6nen neuen Quarnei H\u00fctte vorbei liefen wir durch teilweise &hellip; <a href=\"https:\/\/www.adrianwood.ch\/?page_id=531\" class=\"more-link\">Continue reading <span class=\"screen-reader-text\">2004-08 Val Malvagia<\/span> <span class=\"meta-nav\">&rarr;<\/span><\/a><\/p>\n","protected":false},"author":1,"featured_media":0,"parent":140,"menu_order":1551,"comment_status":"closed","ping_status":"closed","template":"","meta":{"ngg_post_thumbnail":0,"footnotes":""},"class_list":["post-531","page","type-page","status-publish","hentry"],"_links":{"self":[{"href":"https:\/\/www.adrianwood.ch\/index.php?rest_route=\/wp\/v2\/pages\/531","targetHints":{"allow":["GET"]}}],"collection":[{"href":"https:\/\/www.adrianwood.ch\/index.php?rest_route=\/wp\/v2\/pages"}],"about":[{"href":"https:\/\/www.adrianwood.ch\/index.php?rest_route=\/wp\/v2\/types\/page"}],"author":[{"embeddable":true,"href":"https:\/\/www.adrianwood.ch\/index.php?rest_route=\/wp\/v2\/users\/1"}],"replies":[{"embeddable":true,"href":"https:\/\/www.adrianwood.ch\/index.php?rest_route=%2Fwp%2Fv2%2Fcomments&post=531"}],"version-history":[{"count":5,"href":"https:\/\/www.adrianwood.ch\/index.php?rest_route=\/wp\/v2\/pages\/531\/revisions"}],"predecessor-version":[{"id":22068,"href":"https:\/\/www.adrianwood.ch\/index.php?rest_route=\/wp\/v2\/pages\/531\/revisions\/22068"}],"up":[{"embeddable":true,"href":"https:\/\/www.adrianwood.ch\/index.php?rest_route=\/wp\/v2\/pages\/140"}],"wp:attachment":[{"href":"https:\/\/www.adrianwood.ch\/index.php?rest_route=%2Fwp%2Fv2%2Fmedia&parent=531"}],"curies":[{"name":"wp","href":"https:\/\/api.w.org\/{rel}","templated":true}]}}