{"id":548,"date":"2011-01-27T19:42:41","date_gmt":"2011-01-27T19:42:41","guid":{"rendered":"http:\/\/adrianwood.ch\/"},"modified":"2017-04-20T08:32:08","modified_gmt":"2017-04-20T08:32:08","slug":"2010-06-elsighorn","status":"publish","type":"page","link":"https:\/\/www.adrianwood.ch\/?page_id=548","title":{"rendered":"2010-06 Elsighorn"},"content":{"rendered":"<figure id=\"attachment_549\" aria-describedby=\"caption-attachment-549\" style=\"width: 720px\" class=\"wp-caption alignleft\"><a href=\"http:\/\/adrianwood.ch\/wp-content\/uploads\/2011\/01\/DSCN4602_r2.jpg\"><img loading=\"lazy\" decoding=\"async\" class=\"size-full wp-image-549\" title=\"DSCN4602_r2\" src=\"http:\/\/adrianwood.ch\/wp-content\/uploads\/2011\/01\/DSCN4602_r2.jpg\" alt=\"auf dem Elsighorn\" width=\"720\" height=\"540\" \/><\/a><figcaption id=\"caption-attachment-549\" class=\"wp-caption-text\">auf dem Elsighorn<\/figcaption><\/figure>\n<h3>Samstag 26. Juni 2010, Bergwanderung, Elsighorn 2341 m<\/h3>\n<p>Von Kandersteg (1180 m) zur Ebene Uf der H\u00f6h und auf steilem, zum Teil absch\u00fcssigem Gel\u00e4nde auf den Golitschepass (2180 m). Dann hinunter zu P 2045 m, weglos in n\u00f6rdlicher Richtung und kommen auf markierten Bergweg zur\u00fcck. Nun sind es noch ein paar H\u00f6henmeter bis auf\u2019s Elsighorn (2341 m). Der Abstieg zur Elsigenalp (1800 m) ist problemlos. Mit Luftseilbahn schweben wir nach Elsigbach hinunter. Aufstieg 1320 m, Abstieg 700 m. Gehzeit ca 6 Stunden. Von P 2045 kann man direkt zur Elsigeralp absteigen; 300 m weniger H\u00f6henmeter.<\/p>\n<p>Wir durften einer der ersten Sommertage 2010 genie\u00dfen. Hatten gute Fernsicht bis Mittag, dann zogen einzelne Quellwolken auf. Durch schattige W\u00e4lder und \u00fcber Weiden oberhalb des H\u00f6hnwaldes gewannen wir H\u00f6henmeter, nahmen bei Pt 1337 links den Bergweg. Es wurde steiler. Viele hohe Tritte machten das Gehen anstrengend. Nun, die sch\u00f6ne Aussicht, das warme Wetter und der w\u00fcrzige Weide- und Waldduft befl\u00fcgelten uns, liessen die Strapazen verfliegen \u00a0und wir erreichten Golitschealp und dann den gleichnamigen Pass (2150 m) um 12 h 15. Golitscheh\u00f6ri liessen wir aus, machten daf\u00fcr grosse Mittagspause.<\/p>\n<p>Um 13 h \u00a000 ging\u2019s weiter. Die erwarteten Schneefelder in der Mulde auf der Nordseite des Passes waren bereits alle weggeschmolzen. So war dann der Abstieg bis Pt 2045 und die weglose Passage \u00fcber Hommatti durch die wunderbare Alpenflora und schlussendlich hinauf zum Elsighorn (2341 m) problemlos zu gehen, und wir waren um 14 h 30 oben.<\/p>\n<p>Aufbruch f\u00fcr uns auf dem Elsigerhorn war um 14 h 45. Der Weg ist gut. Bei Pt 2007 dem Skilifte entlang gehen und zur untere Elsige und zum Bergrestaurant (1794 m) abstechen, Ankunft 15 h 45 und Einkehr, zwecks Befeuchtung der trockenen Kehlen.<span id=\"_marker\"><br \/>\n<\/span><\/p>\nngg_shortcode_0_placeholder\n","protected":false},"excerpt":{"rendered":"<p>Samstag 26. Juni 2010, Bergwanderung, Elsighorn 2341 m Von Kandersteg (1180 m) zur Ebene Uf der H\u00f6h und auf steilem, zum Teil absch\u00fcssigem Gel\u00e4nde auf den Golitschepass (2180 m). Dann hinunter zu P 2045 m, weglos in n\u00f6rdlicher Richtung und kommen auf markierten Bergweg zur\u00fcck. Nun sind es noch ein paar H\u00f6henmeter bis auf\u2019s Elsighorn &hellip; <a href=\"https:\/\/www.adrianwood.ch\/?page_id=548\" class=\"more-link\">Continue reading <span class=\"screen-reader-text\">2010-06 Elsighorn<\/span> <span class=\"meta-nav\">&rarr;<\/span><\/a><\/p>\n","protected":false},"author":1,"featured_media":0,"parent":129,"menu_order":1230,"comment_status":"closed","ping_status":"closed","template":"","meta":{"ngg_post_thumbnail":0,"footnotes":""},"class_list":["post-548","page","type-page","status-publish","hentry"],"_links":{"self":[{"href":"https:\/\/www.adrianwood.ch\/index.php?rest_route=\/wp\/v2\/pages\/548","targetHints":{"allow":["GET"]}}],"collection":[{"href":"https:\/\/www.adrianwood.ch\/index.php?rest_route=\/wp\/v2\/pages"}],"about":[{"href":"https:\/\/www.adrianwood.ch\/index.php?rest_route=\/wp\/v2\/types\/page"}],"author":[{"embeddable":true,"href":"https:\/\/www.adrianwood.ch\/index.php?rest_route=\/wp\/v2\/users\/1"}],"replies":[{"embeddable":true,"href":"https:\/\/www.adrianwood.ch\/index.php?rest_route=%2Fwp%2Fv2%2Fcomments&post=548"}],"version-history":[{"count":2,"href":"https:\/\/www.adrianwood.ch\/index.php?rest_route=\/wp\/v2\/pages\/548\/revisions"}],"predecessor-version":[{"id":12021,"href":"https:\/\/www.adrianwood.ch\/index.php?rest_route=\/wp\/v2\/pages\/548\/revisions\/12021"}],"up":[{"embeddable":true,"href":"https:\/\/www.adrianwood.ch\/index.php?rest_route=\/wp\/v2\/pages\/129"}],"wp:attachment":[{"href":"https:\/\/www.adrianwood.ch\/index.php?rest_route=%2Fwp%2Fv2%2Fmedia&parent=548"}],"curies":[{"name":"wp","href":"https:\/\/api.w.org\/{rel}","templated":true}]}}