{"id":579,"date":"2011-01-28T15:50:23","date_gmt":"2011-01-28T15:50:23","guid":{"rendered":"http:\/\/adrianwood.ch\/"},"modified":"2017-11-30T14:00:24","modified_gmt":"2017-11-30T14:00:24","slug":"italien","status":"publish","type":"page","link":"https:\/\/www.adrianwood.ch\/?page_id=579","title":{"rendered":"2007-08 Valle Maira"},"content":{"rendered":"<figure id=\"attachment_14390\" aria-describedby=\"caption-attachment-14390\" style=\"width: 1620px\" class=\"wp-caption alignleft\"><a href=\"http:\/\/www.adrianwood.ch\/wp-content\/uploads\/2017\/11\/Mai_0314f_r.jpg\"><img loading=\"lazy\" decoding=\"async\" class=\"size-full wp-image-14390\" src=\"http:\/\/www.adrianwood.ch\/wp-content\/uploads\/2017\/11\/Mai_0314f_r.jpg\" alt=\"\" width=\"1620\" height=\"1215\" srcset=\"https:\/\/www.adrianwood.ch\/wp-content\/uploads\/2017\/11\/Mai_0314f_r.jpg 1620w, https:\/\/www.adrianwood.ch\/wp-content\/uploads\/2017\/11\/Mai_0314f_r-300x225.jpg 300w, https:\/\/www.adrianwood.ch\/wp-content\/uploads\/2017\/11\/Mai_0314f_r-768x576.jpg 768w, https:\/\/www.adrianwood.ch\/wp-content\/uploads\/2017\/11\/Mai_0314f_r-1024x768.jpg 1024w\" sizes=\"auto, (max-width: 1620px) 100vw, 1620px\" \/><\/a><figcaption id=\"caption-attachment-14390\" class=\"wp-caption-text\">auf Colle d&#8217;Enchiausa 2740m<\/figcaption><\/figure>\n<h2>17.-25. August 2007, Valle Maira, Piemont<\/h2>\n<table width=\"643\">\n<tbody>\n<tr>\n<td width=\"643\">Wir fahren weiter nach Piemont hinein und wandern in ein stilles Tal bis fast an die Franz\u00f6sische Grenze. Je weiter wir entlang der S\u00fcdh\u00e4nge ins Mairatal vordringen, desto enger wird es. In den Kastianw\u00e4ldern tauchen immer wieder einzelne zerf\u00e4llene H\u00e4user oder gleich ganze verlassene Weiler auf. Mit zunehmender H\u00f6he lichten sich die B\u00e4ume und geben den Blick auf die Umgebung frei. Die Sonne kann nun ungehindert brennen, aber der Ausblick hat etwa Befreiendes. Die schroffen Felsen des Monte Rubbio lassen Zweifel aufkommen, ob der Weg \u00fcberhaupt passierbar sei. Wir kommen aber doch ohne technische Schwierigkeiten durch. Es gibt viel auf und ab, so dass H\u00f6henunterscheide von bis zu 1000m. pro Tag zusammen kommen. Bei den Zeitangaben handelt es sich um reine Laufzeiten ohne Pausen. Siehe http:\/\/www.wanderweb.ch\/maira\/<\/td>\n<\/tr>\n<tr>\n<td width=\"643\"><strong><u>Freitag, 17. <\/u><\/strong><strong><u>August:<\/u><\/strong> Abfahrt 8.00 von Basel via Milano, Torino nach Cuneo. Ankunft 16.54. Bus nach Dronero um 18.00. Ankunft 18.35. \u00dcbernachtung im Locanda dei Gelsi, zwischen Dronero und Villar San Costanzo<\/p>\n<p><strong><u>Samstag, 18. <\/u><\/strong><strong><u>August:<\/u><\/strong> Wanderung, Dronero, 625m \u2013 Santa Anna 1252m. (ca 5 Std.) Albergo Roccere.<\/p>\n<p><strong><u>Sonntag, 19. August:<\/u><\/strong> Santa Anna \u2013 Pagliero 1055m. \u2013 Grange Rubbio 1292m. &#8211; Camoglieres 992m. (ca 7 Std.) Locanda del Silenzio.<\/p>\n<p><strong><u>Montag, 20. August:<\/u><\/strong> Camoglieres \u2013 Caricatori \u2013 Colle Pertus 1370m. \u2013 San Martino 1400m. (ca 6 Std.). Centro Culturale Borgata.<\/p>\n<p><strong><u>Dienstag, 21. <\/u><\/strong><strong><u>August:<\/u><\/strong> San Martino \u2013 Elva 1637m. (ca 3 Std.) Az. Agrituristica L\u2019Artesin.<\/p>\n<p><strong><u>Mittwoch, 22. August:<\/u><\/strong> Elva \u2013 Colle San Michelle 1935m. \u2013 Castigligone 1469m. \u2013 1922m. \u2013 Ussolo 1337m. (ca 6 Std.) Posto Tappa, Trattoria la Carlina.<\/p>\n<p><strong><u>Donnerstag, 23. August:<\/u><\/strong> Ussolo \u2013 Coletto 2000m. \u2013 Punta Culour \u2013 Lausetto 1510m. \u2013 Ponte Maira 1350m. (ca 4.5 Std.) Az. Agrituristica Mistral.<\/p>\n<p><strong><u>Freitag, 24. August:<\/u><\/strong> Ponte Maira \u2013 Sorgenti dellla Maira \u2013 Colle Ciarbonet 2206m. \u2013 Vivere 1713m. \u2013 Chialvetta 1494m. (ca 5 Std.) <strong>oder<\/strong> Colle d\u2019Enchiausa 2740m. (ca 7 Std.) Trattoria della Gardetta.<\/p>\n<p><strong><u>Samstag, 25. <\/u><\/strong><strong><u>August:<\/u><\/strong>. Taxibus Chialvetta \u2013 Cuneo. Zug Cuneo ab:13.03, Basel an:21.32.<\/p>\n<h3><a href=\"http:\/\/www.adrianwood.ch\/?page_id=14114\">Einf\u00fchrung und Tagesberichte<\/a><\/h3>\n<p>ngg_shortcode_0_placeholder<\/td>\n<\/tr>\n<\/tbody>\n<\/table>\n","protected":false},"excerpt":{"rendered":"<p>17.-25. August 2007, Valle Maira, Piemont Wir fahren weiter nach Piemont hinein und wandern in ein stilles Tal bis fast an die Franz\u00f6sische Grenze. Je weiter wir entlang der S\u00fcdh\u00e4nge ins Mairatal vordringen, desto enger wird es. In den Kastianw\u00e4ldern tauchen immer wieder einzelne zerf\u00e4llene H\u00e4user oder gleich ganze verlassene Weiler auf. Mit zunehmender H\u00f6he &hellip; <a href=\"https:\/\/www.adrianwood.ch\/?page_id=579\" class=\"more-link\">Continue reading <span class=\"screen-reader-text\">2007-08 Valle Maira<\/span> <span class=\"meta-nav\">&rarr;<\/span><\/a><\/p>\n","protected":false},"author":1,"featured_media":0,"parent":4761,"menu_order":348,"comment_status":"closed","ping_status":"closed","template":"","meta":{"ngg_post_thumbnail":0,"footnotes":""},"class_list":["post-579","page","type-page","status-publish","hentry"],"_links":{"self":[{"href":"https:\/\/www.adrianwood.ch\/index.php?rest_route=\/wp\/v2\/pages\/579","targetHints":{"allow":["GET"]}}],"collection":[{"href":"https:\/\/www.adrianwood.ch\/index.php?rest_route=\/wp\/v2\/pages"}],"about":[{"href":"https:\/\/www.adrianwood.ch\/index.php?rest_route=\/wp\/v2\/types\/page"}],"author":[{"embeddable":true,"href":"https:\/\/www.adrianwood.ch\/index.php?rest_route=\/wp\/v2\/users\/1"}],"replies":[{"embeddable":true,"href":"https:\/\/www.adrianwood.ch\/index.php?rest_route=%2Fwp%2Fv2%2Fcomments&post=579"}],"version-history":[{"count":8,"href":"https:\/\/www.adrianwood.ch\/index.php?rest_route=\/wp\/v2\/pages\/579\/revisions"}],"predecessor-version":[{"id":14504,"href":"https:\/\/www.adrianwood.ch\/index.php?rest_route=\/wp\/v2\/pages\/579\/revisions\/14504"}],"up":[{"embeddable":true,"href":"https:\/\/www.adrianwood.ch\/index.php?rest_route=\/wp\/v2\/pages\/4761"}],"wp:attachment":[{"href":"https:\/\/www.adrianwood.ch\/index.php?rest_route=%2Fwp%2Fv2%2Fmedia&parent=579"}],"curies":[{"name":"wp","href":"https:\/\/api.w.org\/{rel}","templated":true}]}}