{"id":598,"date":"2011-01-28T18:35:11","date_gmt":"2011-01-28T17:35:11","guid":{"rendered":"http:\/\/adrianwood.ch\/"},"modified":"2011-01-28T18:35:11","modified_gmt":"2011-01-28T17:35:11","slug":"08-23-col-loson","status":"publish","type":"page","link":"https:\/\/www.adrianwood.ch\/?page_id=598","title":{"rendered":"08-23 Col Loson"},"content":{"rendered":"<h3>23. August, Refugio Vittorio Sella \u2013 Col Loson \u2013 Eaux Rousses<\/h3>\n<table border=\"0\" cellspacing=\"0\" cellpadding=\"0\">\n<tbody>\n<tr>\n<td colspan=\"2\" width=\"821\" valign=\"top\">Bereits am Abend vorher habe ich den Auftrag gefasst, einen Tagesbericht f\u00fcr Montag, den 23.8., zu schreiben.Nach einer ruhigen Nacht im 12er Lager, der Bergh\u00fctte Vittorio Sella auf 2584m, kam aus dem Nichts der Ruf von Regina: es ist 6 Uhr. Das gab allen einen Adrenalin-Stoss, denn um diese Zeit sollten wir schon beim Fr\u00fchst\u00fcck sein. Ich sprang sofort aus dem Bett und sass als Erste am Tisch, aber von etwas Essbarem fehlte jede Spur. Nach und nach wurde nun serviert und als der Letzte kam, war alles auf dem Tisch.<\/td>\n<\/tr>\n<tr>\n<td width=\"411\" valign=\"top\">\u00a0<img decoding=\"async\" class=\"ngg-singlepic ngg-none\" src=\"http:\/\/adrianwood.ch\/wp-content\/gallery\/alta-via-due23\/image001_r4.jpg\" alt=\"image001_r4\" \/><\/td>\n<td width=\"410\" valign=\"top\">\u00a0<img decoding=\"async\" class=\"ngg-singlepic ngg-none\" src=\"http:\/\/adrianwood.ch\/wp-content\/gallery\/alta-via-due23\/image003_r4.jpg\" alt=\"image003_r4\" \/><\/td>\n<\/tr>\n<tr>\n<td colspan=\"2\" width=\"821\" valign=\"top\">Adrian \u00e4nderte nun die Abmarschzeit auf 07.30 Uhr, aber bereits 7.20 Uhr setzte sich die autonome Gruppe in Bewegung, sodass ich kein Foto von der Gruppe machen konnte. Der Col Loson mit seinen 3299m rief und wir folgten. Gem\u00fctlich auf gutem Weg ging es in vielen Serpentinen aufw\u00e4rts. Die Sonne war gn\u00e4dig und versteckte sich gelegentlich hinter einer Wolke.<\/td>\n<\/tr>\n<tr>\n<td width=\"411\" valign=\"top\">\u00a0<img decoding=\"async\" class=\"ngg-singlepic ngg-none\" src=\"http:\/\/adrianwood.ch\/wp-content\/gallery\/alta-via-due23\/image005_r4.jpg\" alt=\"image005_r4\" \/><\/td>\n<td width=\"410\" valign=\"top\">\u00a0<img decoding=\"async\" class=\"ngg-singlepic ngg-none\" src=\"http:\/\/adrianwood.ch\/wp-content\/gallery\/alta-via-due23\/image007_r4.jpg\" alt=\"image007_r4\" \/><\/td>\n<\/tr>\n<tr>\n<td colspan=\"2\" width=\"821\" valign=\"top\">Um 9.30 Uhr hatten alle das Ziel erreicht und genossen die Aussicht der Ostseite, denn auf der Westseite, wo wir weiter gingen, wehte ein sehr kalter Wind. Den Wetterverh\u00e4ltnissen und auch den niedrigen Temperaturen angepasst war die Pause nicht so lange, denn es stand ja noch ein Abstieg von1641m vor uns. Auch auf der Westseite hatten wir gute Wegverh\u00e4ltnisse. Einige M\u00e4nner waren dabei, den Weg noch besser zu machen.<\/td>\n<\/tr>\n<tr>\n<td width=\"411\" valign=\"top\">\u00a0<img decoding=\"async\" class=\"ngg-singlepic ngg-none\" src=\"http:\/\/adrianwood.ch\/wp-content\/gallery\/alta-via-due23\/image009_r4.jpg\" alt=\"image009_r4\" \/><\/td>\n<td width=\"410\" valign=\"top\">\u00a0<img decoding=\"async\" class=\"ngg-singlepic ngg-none\" src=\"http:\/\/adrianwood.ch\/wp-content\/gallery\/alta-via-due23\/image011_r4.jpg\" alt=\"image011_r4\" \/><\/td>\n<\/tr>\n<tr>\n<td width=\"411\" valign=\"top\">\u00a0<img decoding=\"async\" class=\"ngg-singlepic ngg-none\" src=\"http:\/\/adrianwood.ch\/wp-content\/gallery\/alta-via-due23\/image013_r4.jpg\" alt=\"image013_r4\" \/><\/td>\n<td width=\"410\" valign=\"top\">\u00a0<img decoding=\"async\" class=\"ngg-singlepic ngg-none\" src=\"http:\/\/adrianwood.ch\/wp-content\/gallery\/alta-via-due23\/image015_r4.jpg\" alt=\"image015_r4\" \/><\/td>\n<\/tr>\n<tr>\n<td colspan=\"2\" width=\"821\" valign=\"top\">Nach 20 Min. steilem Abstieg gab es eine kleine Pause. Die grosse Mittagspause gab es bei der Br\u00fccke, jeder suchte sich sein eigenes G\u00e4rtli oder Pl\u00e4tzli! Als Adrian kam, sagte er, hier machen wir eine Stunde Mittagsrast. Nach dem Essen war eine gut geeignete Schlafposition gefragt!<\/td>\n<\/tr>\n<tr>\n<td width=\"411\" valign=\"top\">\u00a0<img decoding=\"async\" class=\"ngg-singlepic ngg-none\" src=\"http:\/\/adrianwood.ch\/wp-content\/gallery\/alta-via-due23\/image017_r4.jpg\" alt=\"image017_r4\" \/><\/td>\n<td width=\"410\" valign=\"top\">\u00a0<img decoding=\"async\" class=\"ngg-singlepic ngg-none\" src=\"http:\/\/adrianwood.ch\/wp-content\/gallery\/alta-via-due23\/image019_r4.jpg\" alt=\"image019_r4\" \/><\/td>\n<\/tr>\n<tr>\n<td colspan=\"2\" width=\"821\" valign=\"top\">Aber als sich die Sonne versteckte, kam es zum fr\u00fchzeitigen Aufbruch, denn die Bew\u00f6lkung hatte zugenommen, Noch lagen 700 m Abstieg vor uns. Eine kleine Pause legten wir ein, als die roten Felsen von Eaux-Rousses sichtbar wurden. Danach mussten wir noch 400 m bew\u00e4ltigen.Wohlbehalten kamen wir um 14.50 Uhr zur Hostellerie du Paradis in Eaux Rousses 1658 m. Die Bettenverteilung wurde gut gel\u00f6st, alle waren zufrieden mit diesem Luxus nach der H\u00fctten\u00fcbernachtung, wo die sanit\u00e4ren Einrichtungen zu w\u00fcnschen \u00fcbrig liessen. Nun hatte jedes Zimmer eine Dusche, wir hatten eine Badewanne. Zwei Ehepaare im 5-Bett-Z., 3 M\u00e4nner im 4 Bett-Z., 4 Frauen im 4 Bett-Z.<\/td>\n<\/tr>\n<tr>\n<td width=\"411\" valign=\"top\">\u00a0<img decoding=\"async\" class=\"ngg-singlepic ngg-none\" src=\"http:\/\/adrianwood.ch\/wp-content\/gallery\/alta-via-due23\/image021_r4.jpg\" alt=\"image021_r4\" \/><\/td>\n<td width=\"410\" valign=\"top\">\u00a0<img decoding=\"async\" class=\"ngg-singlepic ngg-none\" src=\"http:\/\/adrianwood.ch\/wp-content\/gallery\/alta-via-due23\/image023_r4.jpg\" alt=\"image023_r4\" \/><\/td>\n<\/tr>\n<tr>\n<td colspan=\"2\" width=\"821\" valign=\"top\">Draussen konnte man nicht mehr lange sitzen, denn es begann zu regnen. Das Bier schmeckte trotzdem. Das Nachtessen war ausgezeichnet. Ich h\u00e4tte es aufschreiben sollen, ich weiss nicht mehr, was es gab. Es gab sooviel zu essen, dass ich f\u00fcr den n\u00e4chsten Tag ein Schnitzel einpacken musste, das ich nicht mehr essen konnte.Es war ein sch\u00f6ner Wandertag, leider k\u00fcndigte sich Regen f\u00fcr den n\u00e4chsten Tag an.\u00a0\u00a0\u00a0\u00a0\u00a0\u00a0\u00a0\u00a0\u00a0\u00a0 Brigitte<\/td>\n<\/tr>\n<\/tbody>\n<\/table>\n","protected":false},"excerpt":{"rendered":"<p>23. August, Refugio Vittorio Sella \u2013 Col Loson \u2013 Eaux Rousses Bereits am Abend vorher habe ich den Auftrag gefasst, einen Tagesbericht f\u00fcr Montag, den 23.8., zu schreiben.Nach einer ruhigen Nacht im 12er Lager, der Bergh\u00fctte Vittorio Sella auf 2584m, kam aus dem Nichts der Ruf von Regina: es ist 6 Uhr. Das gab allen &hellip; <a href=\"https:\/\/www.adrianwood.ch\/?page_id=598\" class=\"more-link\">Continue reading <span class=\"screen-reader-text\">08-23 Col Loson<\/span> <span class=\"meta-nav\">&rarr;<\/span><\/a><\/p>\n","protected":false},"author":1,"featured_media":0,"parent":586,"menu_order":1773,"comment_status":"closed","ping_status":"closed","template":"","meta":{"ngg_post_thumbnail":0,"footnotes":""},"class_list":["post-598","page","type-page","status-publish","hentry"],"_links":{"self":[{"href":"https:\/\/www.adrianwood.ch\/index.php?rest_route=\/wp\/v2\/pages\/598","targetHints":{"allow":["GET"]}}],"collection":[{"href":"https:\/\/www.adrianwood.ch\/index.php?rest_route=\/wp\/v2\/pages"}],"about":[{"href":"https:\/\/www.adrianwood.ch\/index.php?rest_route=\/wp\/v2\/types\/page"}],"author":[{"embeddable":true,"href":"https:\/\/www.adrianwood.ch\/index.php?rest_route=\/wp\/v2\/users\/1"}],"replies":[{"embeddable":true,"href":"https:\/\/www.adrianwood.ch\/index.php?rest_route=%2Fwp%2Fv2%2Fcomments&post=598"}],"version-history":[{"count":1,"href":"https:\/\/www.adrianwood.ch\/index.php?rest_route=\/wp\/v2\/pages\/598\/revisions"}],"predecessor-version":[{"id":4892,"href":"https:\/\/www.adrianwood.ch\/index.php?rest_route=\/wp\/v2\/pages\/598\/revisions\/4892"}],"up":[{"embeddable":true,"href":"https:\/\/www.adrianwood.ch\/index.php?rest_route=\/wp\/v2\/pages\/586"}],"wp:attachment":[{"href":"https:\/\/www.adrianwood.ch\/index.php?rest_route=%2Fwp%2Fv2%2Fmedia&parent=598"}],"curies":[{"name":"wp","href":"https:\/\/api.w.org\/{rel}","templated":true}]}}