{"id":642,"date":"2011-01-31T11:51:52","date_gmt":"2011-01-31T10:51:52","guid":{"rendered":"http:\/\/adrianwood.ch\/"},"modified":"2011-01-31T11:51:52","modified_gmt":"2011-01-31T10:51:52","slug":"05-10-langdale-pikes","status":"publish","type":"page","link":"https:\/\/www.adrianwood.ch\/?page_id=642","title":{"rendered":"05-10 Langdale Pikes"},"content":{"rendered":"<h2>10. Mai, Grasmere- Easedale Tarn \u2013 Stickle Tarn &#8211; Dungeon Ghyll<\/h2>\n<table border=\"0\" cellspacing=\"0\" cellpadding=\"0\" width=\"655\">\n<tbody>\n<tr>\n<td width=\"326\" valign=\"top\">Um 10.00 h wird unser Gep\u00e4ck mit dem Bus abgeholt, um zum n\u00e4chsten Hotel gebracht zu werden. Peter, Adrians Bruder, gesellt sich zu uns, und gemeinsam wandern wir bei k\u00fchlem Wetter und bedeckten Himmel los. Auf einem bequemen, m\u00e4ssig ansteigenden Weg gelangen wir zum Easedale Tarn (See), den wir nach ca. einer Stunde erreichen. Hier wird ein Trink- und Fotohalt gemacht. Unser Blick schweift zum neu verschneiten Fairfield Gipfel, der das Ziel des Vortages war. Auf recht steilem Gel\u00e4nde erreichen wir sp\u00e4ter einen Pass (585 m), wo wir picknicken. Da das kalte windige Wetter nicht gerade zum l\u00e4ngeren Verweilen einl\u00e4dt, marschieren wir nach 13.00 h wieder los, und zwar in zwei getrennten Gruppen.<\/td>\n<td width=\"329\" valign=\"top\">\u00a0<img decoding=\"async\" class=\"ngg-singlepic ngg-none\" src=\"http:\/\/adrianwood.ch\/wp-content\/gallery\/nordengland10\/image002.jpg\" alt=\"image002\" \/><\/td>\n<\/tr>\n<tr>\n<td width=\"326\" valign=\"top\">\u00a0<img decoding=\"async\" class=\"ngg-singlepic ngg-none\" src=\"http:\/\/adrianwood.ch\/wp-content\/gallery\/nordengland10\/image004.jpg\" alt=\"image004\" \/><\/td>\n<td width=\"329\" valign=\"top\">\u00a0<img decoding=\"async\" class=\"ngg-singlepic ngg-none\" src=\"http:\/\/adrianwood.ch\/wp-content\/gallery\/nordengland10\/image006.jpg\" alt=\"image006\" \/><\/td>\n<\/tr>\n<tr>\n<td colspan=\"2\" width=\"655\" valign=\"top\">\u00a0<\/td>\n<\/tr>\n<tr>\n<td width=\"326\" valign=\"top\">\u00a0<img decoding=\"async\" class=\"ngg-singlepic ngg-none\" src=\"http:\/\/adrianwood.ch\/wp-content\/gallery\/nordengland10\/image008.jpg\" alt=\"image008\" \/><\/td>\n<td width=\"329\" valign=\"top\">\u00a0<img decoding=\"async\" class=\"ngg-singlepic ngg-none\" src=\"http:\/\/adrianwood.ch\/wp-content\/gallery\/nordengland10\/image010.jpg\" alt=\"image010\" \/><\/td>\n<\/tr>\n<tr>\n<td width=\"326\" valign=\"top\">Adrian f\u00fchrt die st\u00e4rkeren Teilnehmer\/innen zum Sergeant Man (734 m), Harrison Stickle (736 m) und dann zum Pike of Stickle. Peter und die zweite Gruppe nehmen den Abstieg in Angriff, zuerst \u00fcber steile Weiden und dann auf einem ruppigen felsigen Weg hinunter ins gr\u00fcne Tal (unterwegs gr\u00fcsst der Stickle Tarn). Im Laufe des Nachmittags erreichen wir unser gem\u00fctliches Old Dungeon Ghyll Hotel, wo wir ein wohl verdientes Bier trinken.Adrian und seine Gruppe treffen wesentlich sp\u00e4ter im Hotel ein, da sie eine viel l\u00e4ngere Wanderung zu den oben erw\u00e4hnten Gipfeln gemacht haben.Edith<\/td>\n<td width=\"329\" valign=\"top\">\u00a0<img decoding=\"async\" class=\"ngg-singlepic ngg-none\" src=\"http:\/\/adrianwood.ch\/wp-content\/gallery\/nordengland10\/image012.jpg\" alt=\"image012\" \/><\/td>\n<\/tr>\n<tr>\n<td colspan=\"2\" width=\"655\" valign=\"top\">\n<h2>10. Mai, Langdale Pikes<\/h2>\n<p>Beim Fr\u00fchst\u00fcck im etwas engen Speisesaal des Grasmere Red Lion Hotels stellte ich fest, dass es draussen regnete, und ich dachte, dass wir wohl den k\u00fcrzeren Weg nach Great Langdale nehmen m\u00fcssten, falls die Wanderung \u00fcberhaupt durchgef\u00fchrt w\u00fcrde. Ich hatte aber die Abfahrt unseres Busses um eine Stunde verschoben, in der Hoffnung, dass sich das Wetter bessern w\u00fcrde. Der Himmel hellte sich auf, und ausser einer Person wollten alle wandern gehen. Ich war erstaunt zu sehen, dass auf dem Gipfel des Fairfield, den wir am Vortag bestiegen hatten, Neuschnee lag. Wir stiegen am Easedale Tarn vorbei auf einen Sattel mit Sicht \u00fcber Stickle Tarn auf Great Langdale. Hier machten wir Mittagsrast. Weil es recht kalt war, wollten einige Teilnehmer direkt ins Tal absteigen.<\/td>\n<\/tr>\n<tr>\n<td width=\"326\" valign=\"top\">\u00a0<img decoding=\"async\" class=\"ngg-singlepic ngg-none\" src=\"http:\/\/adrianwood.ch\/wp-content\/gallery\/nordengland10\/image014.jpg\" alt=\"image014\" \/><\/td>\n<td width=\"329\" valign=\"top\">\u00a0<img decoding=\"async\" class=\"ngg-singlepic ngg-none\" src=\"http:\/\/adrianwood.ch\/wp-content\/gallery\/nordengland10\/image016.jpg\" alt=\"image016\" \/><\/td>\n<\/tr>\n<tr>\n<td colspan=\"2\" width=\"655\" valign=\"top\">Ich aber f\u00fchrte den \u201eharten Kern\u201cweiter auf weglosem Gel\u00e4nde zum unscheinbaren Gipfel des Sergeant Man am Rande des Hochmoors von High Raise. Von hier aus sieht man die sehr eindr\u00fccklichen Felsen der Langdale Pikes, Harrison Stickle und Pike o\u2019Stickle. Obwohl nicht sehr hoch, sind diese zwei Gipfel von der S\u00fcdseite des Lake Districts von Weitem sichtbar und sehr markant, weil sie hohe Kletterfelsen aufweisen. Von Norden aber sind sie relativ leicht zu besteigen, und wir haben zuerst den Harisson Stickle und dann den Pike o\u2019Stickle bew\u00e4ltigt. Der bef\u00fcrchtete Regen blieb aus, und wir hatten freie Sicht auf die umliegenden \u201eFells\u201c, wovon manche Ziele f\u00fcr die n\u00e4chsten Tage sein werden.<\/td>\n<\/tr>\n<tr>\n<td width=\"326\" valign=\"top\">\u00a0<img decoding=\"async\" class=\"ngg-singlepic ngg-none\" src=\"http:\/\/adrianwood.ch\/wp-content\/gallery\/nordengland10\/image018.jpg\" alt=\"image018\" \/><\/td>\n<td width=\"329\" valign=\"top\">\u00a0<img decoding=\"async\" class=\"ngg-singlepic ngg-none\" src=\"http:\/\/adrianwood.ch\/wp-content\/gallery\/nordengland10\/image020.jpg\" alt=\"image020\" \/><\/td>\n<\/tr>\n<tr>\n<td width=\"326\" valign=\"top\">Eine kurze Traversierung unterhalb der Felswand von Harrison Stickle und ein stellenweise steiler Abstieg auf gut gebautem Weg brachte uns zuerst zum \u201eNew\u201c Dungeon Ghyll Hotel und dann das Tal hinauf zum Old Dungeon Ghyll. Unsere zweite Unterkunft ist ein traditionsreiches \u201eclimbers hotel\u201c, aber offenbar sind britische Kletterer keine Fr\u00fchaufsteher, denn Fr\u00fchst\u00fcck gab es erst um 08.30 h. Ich kenne dieses Hotel schon fast ein Leben lang, und es sind f\u00fcr mich damit Erinnerungen aus der Kindheit verbunden. Uebernachtet haben wir damals aber eher auf dem Zeltplatz oder in einem B&amp;B als im Hotel selbst.\u00a0\u00a0\u00a0\u00a0\u00a0\u00a0\u00a0\u00a0\u00a0\u00a0\u00a0\u00a0\u00a0\u00a0\u00a0Adrian<\/td>\n<td width=\"329\" valign=\"top\">\u00a0<img decoding=\"async\" class=\"ngg-singlepic ngg-none\" src=\"http:\/\/adrianwood.ch\/wp-content\/gallery\/nordengland10\/image022.jpg\" alt=\"image022\" \/><\/td>\n<\/tr>\n<\/tbody>\n<\/table>\n<p><img decoding=\"async\" class=\"ngg-singlepic ngg-none\" src=\"http:\/\/adrianwood.ch\/wp-content\/gallery\/nordengland10\/image023.jpg\" alt=\"image023\" \/><\/p>\n","protected":false},"excerpt":{"rendered":"<p>10. Mai, Grasmere- Easedale Tarn \u2013 Stickle Tarn &#8211; Dungeon Ghyll Um 10.00 h wird unser Gep\u00e4ck mit dem Bus abgeholt, um zum n\u00e4chsten Hotel gebracht zu werden. Peter, Adrians Bruder, gesellt sich zu uns, und gemeinsam wandern wir bei k\u00fchlem Wetter und bedeckten Himmel los. Auf einem bequemen, m\u00e4ssig ansteigenden Weg gelangen wir zum &hellip; <a href=\"https:\/\/www.adrianwood.ch\/?page_id=642\" class=\"more-link\">Continue reading <span class=\"screen-reader-text\">05-10 Langdale Pikes<\/span> <span class=\"meta-nav\">&rarr;<\/span><\/a><\/p>\n","protected":false},"author":1,"featured_media":0,"parent":159,"menu_order":2365,"comment_status":"closed","ping_status":"closed","template":"","meta":{"ngg_post_thumbnail":0,"footnotes":""},"class_list":["post-642","page","type-page","status-publish","hentry"],"_links":{"self":[{"href":"https:\/\/www.adrianwood.ch\/index.php?rest_route=\/wp\/v2\/pages\/642","targetHints":{"allow":["GET"]}}],"collection":[{"href":"https:\/\/www.adrianwood.ch\/index.php?rest_route=\/wp\/v2\/pages"}],"about":[{"href":"https:\/\/www.adrianwood.ch\/index.php?rest_route=\/wp\/v2\/types\/page"}],"author":[{"embeddable":true,"href":"https:\/\/www.adrianwood.ch\/index.php?rest_route=\/wp\/v2\/users\/1"}],"replies":[{"embeddable":true,"href":"https:\/\/www.adrianwood.ch\/index.php?rest_route=%2Fwp%2Fv2%2Fcomments&post=642"}],"version-history":[{"count":0,"href":"https:\/\/www.adrianwood.ch\/index.php?rest_route=\/wp\/v2\/pages\/642\/revisions"}],"up":[{"embeddable":true,"href":"https:\/\/www.adrianwood.ch\/index.php?rest_route=\/wp\/v2\/pages\/159"}],"wp:attachment":[{"href":"https:\/\/www.adrianwood.ch\/index.php?rest_route=%2Fwp%2Fv2%2Fmedia&parent=642"}],"curies":[{"name":"wp","href":"https:\/\/api.w.org\/{rel}","templated":true}]}}