{"id":649,"date":"2011-01-31T12:08:05","date_gmt":"2011-01-31T11:08:05","guid":{"rendered":"http:\/\/adrianwood.ch\/"},"modified":"2011-01-31T12:08:05","modified_gmt":"2011-01-31T11:08:05","slug":"05-11-crinkle-crags","status":"publish","type":"page","link":"https:\/\/www.adrianwood.ch\/?page_id=649","title":{"rendered":"05-11 Crinkle Crags"},"content":{"rendered":"<h2>11.Mai, Crinkle Crags<\/h2>\n<table border=\"0\" cellspacing=\"0\" cellpadding=\"0\">\n<tbody>\n<tr>\n<td colspan=\"2\" width=\"657\" valign=\"top\">In unserem Old Dungeon Ghyll Hotel bekommt man das Fr\u00fchst\u00fcck leider erst um 8.30 Uhr. So konnten wir uns erst kurz vor 10 Uhr bei bestem Wetter auf den Weg machen, Richtung Westen nach Oxendale, dem hintersten Teil des Great Langdale. Am Talende war der Grat der Crinkle Crags, den wir sp\u00e4ter \u00fcberqueren wollten, gut erkennbar. Zuerst ging es ganz eben durch einige Schafweiden.<strong>\u00a0<\/strong><\/td>\n<\/tr>\n<tr>\n<td width=\"328\" valign=\"top\"><strong>\u00a0<img decoding=\"async\" class=\"ngg-singlepic ngg-none\" src=\"http:\/\/adrianwood.ch\/wp-content\/gallery\/nordengland11\/image002.jpg\" alt=\"image002\" \/><\/strong><\/td>\n<td width=\"328\" valign=\"top\"><strong>\u00a0<img decoding=\"async\" class=\"ngg-singlepic ngg-none\" src=\"http:\/\/adrianwood.ch\/wp-content\/gallery\/nordengland11\/image004.jpg\" alt=\"image004\" \/><\/strong><\/td>\n<\/tr>\n<tr>\n<td colspan=\"2\" width=\"657\" valign=\"top\">Nach der \u00dcberquerung des Oxendale Beck begann der Anstieg auf einem steilen Fusspfad. Nach etwa 300 H\u00f6henmetern hatten wir das steilste St\u00fcck geschafft und fanden auf einem Sattel ein ebenes Pl\u00e4tzchen. Hier hielten wir beim Felsen Brown Howe einen Halt ab. Nach gut 20 Minuten gingen wir den Weg weiter, der nun viel sanfter anstieg.<\/td>\n<\/tr>\n<tr>\n<td width=\"328\" valign=\"top\"><strong>\u00a0<img decoding=\"async\" class=\"ngg-singlepic ngg-none\" src=\"http:\/\/adrianwood.ch\/wp-content\/gallery\/nordengland11\/image006.jpg\" alt=\"image006\" \/><\/strong><\/td>\n<td width=\"328\" valign=\"top\"><strong>\u00a0<img decoding=\"async\" class=\"ngg-singlepic ngg-none\" src=\"http:\/\/adrianwood.ch\/wp-content\/gallery\/nordengland11\/image008.jpg\" alt=\"image008\" \/><\/strong><\/td>\n<\/tr>\n<tr>\n<td colspan=\"2\" width=\"657\" valign=\"top\">Da nicht alle Teilnehmer die ganze Tour mitmachen wollten, trennte sich unsere Gruppe unter dem Pike of Blisco. Der abgetrennte Teil bestieg diesen Berg und kehrte auf der Ostseite absteigend ins Hotel zur\u00fcck.<\/p>\n<p>\u00a0Der Hauptharst stieg nun auf gutem Fusspfad durch \u00f6des Grasland nach Westen hoch und kam bald auf eine grosse nach S\u00fcdwesten geneigt Hochfl\u00e4che. Die Sonne schien zwar, aber es blies ein immer st\u00e4rkerer kalter Wind, so dass wir keine Lust hatten, eine Rast einzulegen. Die Sicht wurde immer umfassender; im S\u00fcden ging sie \u00fcber Windermere hinaus bis zum Meer, nach Westen bis zur Irischen See mit der Isle of Man und zu den beiden h\u00f6chsten Gipfeln Englands, dem Scafell und dem Scafell Pike.<\/td>\n<\/tr>\n<tr>\n<td width=\"328\" valign=\"top\"><strong>\u00a0<img decoding=\"async\" class=\"ngg-singlepic ngg-none\" src=\"http:\/\/adrianwood.ch\/wp-content\/gallery\/nordengland11\/image010.jpg\" alt=\"image010\" \/><\/strong><\/td>\n<td width=\"328\" valign=\"top\"><strong>\u00a0<img decoding=\"async\" class=\"ngg-singlepic ngg-none\" src=\"http:\/\/adrianwood.ch\/wp-content\/gallery\/nordengland11\/image012.jpg\" alt=\"image012\" \/><\/strong><\/td>\n<\/tr>\n<tr>\n<td width=\"328\" valign=\"top\"><strong>\u00a0<img decoding=\"async\" class=\"ngg-singlepic ngg-none\" src=\"http:\/\/adrianwood.ch\/wp-content\/gallery\/nordengland11\/image014.jpg\" alt=\"image014\" \/><\/strong><\/td>\n<td width=\"328\" valign=\"top\"><strong>\u00a0<img decoding=\"async\" class=\"ngg-singlepic ngg-none\" src=\"http:\/\/adrianwood.ch\/wp-content\/gallery\/nordengland11\/image016.jpg\" alt=\"image016\" \/><\/strong><\/td>\n<\/tr>\n<tr>\n<td colspan=\"2\" width=\"657\" valign=\"top\">In der Tiefe leuchteten die Schafweiden des hinteren Great Langdale. Gegen\u00fcber bewunderten wir die Langdale Pikes, die wir gestern bestiegen hatten. Bald wurde die Hochebene abgel\u00f6st durch einen felsigen Grat, auf dem es in st\u00e4ndigem Auf und Ab vorw\u00e4rts ging.<strong>\u00a0<\/strong><\/td>\n<\/tr>\n<tr>\n<td width=\"328\" valign=\"top\"><strong>\u00a0<img decoding=\"async\" class=\"ngg-singlepic ngg-none\" src=\"http:\/\/adrianwood.ch\/wp-content\/gallery\/nordengland11\/image018.jpg\" alt=\"image018\" \/><\/strong><\/td>\n<td width=\"328\" valign=\"top\"><strong>\u00a0<img decoding=\"async\" class=\"ngg-singlepic ngg-none\" src=\"http:\/\/adrianwood.ch\/wp-content\/gallery\/nordengland11\/image020.jpg\" alt=\"image020\" \/><\/strong><\/td>\n<\/tr>\n<tr>\n<td colspan=\"2\" width=\"657\" valign=\"top\">Eine Kletterstelle, die einige von uns meisterten, wurde aber von den Meisten umgangen. Schliesslich entschlossen wir uns doch, eine Rast auf den Shelter Crags einzulegen. Wegen des kalten Windes musste man zwischen je zwei Bissen die Handschuhe anziehen. Daher wurde die Pause auf 8 Minuten beschr\u00e4nkt. Von Osten her f\u00fchrte der Wind immer wieder Regenwolken heran, die aber zum Gl\u00fcck immer dem Weg um uns herum nahmen und wir somit von der N\u00e4sse verschont blieben. In weiterem Auf und Ab erreichten wir dann den 3-Seenpass. Dort versp\u00fcrte aber niemand mehr das dringende Bed\u00fcrfnis, den Bow Fell, der vor unserer Nase lag, zu besteigen.<\/td>\n<\/tr>\n<tr>\n<td width=\"328\" valign=\"top\"><strong>\u00a0<img decoding=\"async\" class=\"ngg-singlepic ngg-none\" src=\"http:\/\/adrianwood.ch\/wp-content\/gallery\/nordengland11\/image022.jpg\" alt=\"image022\" \/><\/strong><\/td>\n<td width=\"328\" valign=\"top\"><strong>\u00a0<img decoding=\"async\" class=\"ngg-singlepic ngg-none\" src=\"http:\/\/adrianwood.ch\/wp-content\/gallery\/nordengland11\/image024.jpg\" alt=\"image024\" \/><\/strong><\/td>\n<\/tr>\n<tr>\n<td colspan=\"2\" width=\"657\" valign=\"top\">So machten wir uns auf gutem Pfad an den Abstieg \u00fcber einen breiten R\u00fccken. Da wir wegen des Ausfalls der Bowfellbesteigung gen\u00fcgend Zeit hatten, machten wir auf halber H\u00f6he des Abstiegs bei sch\u00f6nem und warmem Sonnenschein und, was besonders wichtig war, Windstille eine ausgiebige Rast auf grasiger Fl\u00e4che. An den vom Morgen her bekannten Schafweiden vorbei ereichten wir dann kurz vor 17 Uhr wieder unser Hotel.<\/p>\n<p>Hanspeter Sauter<\/td>\n<\/tr>\n<\/tbody>\n<\/table>\n<p><img decoding=\"async\" class=\"ngg-singlepic ngg-none\" src=\"http:\/\/adrianwood.ch\/wp-content\/gallery\/nordengland11\/image026.jpg\" alt=\"image026\" \/><\/p>\n","protected":false},"excerpt":{"rendered":"<p>11.Mai, Crinkle Crags In unserem Old Dungeon Ghyll Hotel bekommt man das Fr\u00fchst\u00fcck leider erst um 8.30 Uhr. So konnten wir uns erst kurz vor 10 Uhr bei bestem Wetter auf den Weg machen, Richtung Westen nach Oxendale, dem hintersten Teil des Great Langdale. Am Talende war der Grat der Crinkle Crags, den wir sp\u00e4ter &hellip; <a href=\"https:\/\/www.adrianwood.ch\/?page_id=649\" class=\"more-link\">Continue reading <span class=\"screen-reader-text\">05-11 Crinkle Crags<\/span> <span class=\"meta-nav\">&rarr;<\/span><\/a><\/p>\n","protected":false},"author":1,"featured_media":0,"parent":159,"menu_order":2366,"comment_status":"closed","ping_status":"closed","template":"","meta":{"ngg_post_thumbnail":0,"footnotes":""},"class_list":["post-649","page","type-page","status-publish","hentry"],"_links":{"self":[{"href":"https:\/\/www.adrianwood.ch\/index.php?rest_route=\/wp\/v2\/pages\/649","targetHints":{"allow":["GET"]}}],"collection":[{"href":"https:\/\/www.adrianwood.ch\/index.php?rest_route=\/wp\/v2\/pages"}],"about":[{"href":"https:\/\/www.adrianwood.ch\/index.php?rest_route=\/wp\/v2\/types\/page"}],"author":[{"embeddable":true,"href":"https:\/\/www.adrianwood.ch\/index.php?rest_route=\/wp\/v2\/users\/1"}],"replies":[{"embeddable":true,"href":"https:\/\/www.adrianwood.ch\/index.php?rest_route=%2Fwp%2Fv2%2Fcomments&post=649"}],"version-history":[{"count":0,"href":"https:\/\/www.adrianwood.ch\/index.php?rest_route=\/wp\/v2\/pages\/649\/revisions"}],"up":[{"embeddable":true,"href":"https:\/\/www.adrianwood.ch\/index.php?rest_route=\/wp\/v2\/pages\/159"}],"wp:attachment":[{"href":"https:\/\/www.adrianwood.ch\/index.php?rest_route=%2Fwp%2Fv2%2Fmedia&parent=649"}],"curies":[{"name":"wp","href":"https:\/\/api.w.org\/{rel}","templated":true}]}}