{"id":652,"date":"2011-01-31T12:30:16","date_gmt":"2011-01-31T11:30:16","guid":{"rendered":"http:\/\/adrianwood.ch\/"},"modified":"2011-01-31T12:30:16","modified_gmt":"2011-01-31T11:30:16","slug":"langdale-coniston","status":"publish","type":"page","link":"https:\/\/www.adrianwood.ch\/?page_id=652","title":{"rendered":"05-12 Langdale \u2013 Coniston"},"content":{"rendered":"<h2>Mittwoch, 12. Mai,\u00a0 Lingmoor Fell &#8211; Little Langdale \u2013\u00a0Tarn Hows \u2013 Coniston<\/h2>\n<table border=\"0\" cellspacing=\"0\" cellpadding=\"0\" width=\"658\">\n<tbody>\n<tr>\n<td colspan=\"2\" width=\"658\" valign=\"top\">Wieder beginnt der Tag mit einem wolkenlosen Himmel. Die Erfahrung von gestern lehrt uns, dass das nichts heissen muss. Also bleiben\u00a0 der Regenschutz\u00a0 und M\u00fctze und Halstuch im Rucksack verstaut.Ein kleiner Spaziergang vor dem Morgenessen l\u00e4sst mich die Landschaft des Great Langdale geniessen. Die Langdale Pikes lassen die Erinnerung an die gestrige und vorgestrige Wanderung aufleben. Was wir schon alles erlebt haben in dieser kurzen Zeit, die wir im Lake District\u00a0 verbracht haben!Das nahrhafte Fr\u00fchst\u00fcck im Hotel Old Dungeon Ghyll bereitet uns optimal vor auf die heutige Tour, die uns ins Little Langdale f\u00fchren wird.<\/td>\n<\/tr>\n<tr>\n<td width=\"330\" valign=\"top\">\u00a0<img decoding=\"async\" class=\"ngg-singlepic ngg-none\" src=\"http:\/\/adrianwood.ch\/wp-content\/gallery\/nordengland12\/image002.jpg\" alt=\"image002\" \/><\/td>\n<td width=\"328\" valign=\"top\">\u00a0<img decoding=\"async\" class=\"ngg-singlepic ngg-none\" src=\"http:\/\/adrianwood.ch\/wp-content\/gallery\/nordengland12\/image004.jpg\" alt=\"image004\" \/><\/td>\n<\/tr>\n<tr>\n<td colspan=\"2\" width=\"658\" valign=\"top\">Um 9.00 steht die Gruppe bereit zum Abmarsch vor dem Hotel. Einige studieren die Karte, andere k\u00fcmmern sich um ihren Sonnenschutz \u2013 man kann ja nie wissen!Nach neun Uhr marschieren wir los \u00fcber den Talgrund hin\u00fcber in Richtung Blea Tarn, den wir w\u00e4hrend des Aufstieges unterhalb des Side Pikes und dann gegen den Lingmoor Fell st\u00e4ndig vor Augen haben: ein Sujet, das einem immer wieder neu zum Fotografieren reizt.<\/td>\n<\/tr>\n<tr>\n<td width=\"330\" valign=\"top\">\u00a0<img decoding=\"async\" class=\"ngg-singlepic ngg-none\" src=\"http:\/\/adrianwood.ch\/wp-content\/gallery\/nordengland12\/image006.jpg\" alt=\"image006\" \/><\/td>\n<td width=\"328\" valign=\"top\">\u00a0<img decoding=\"async\" class=\"ngg-singlepic ngg-none\" src=\"http:\/\/adrianwood.ch\/wp-content\/gallery\/nordengland12\/image008.jpg\" alt=\"image008\" \/><\/td>\n<\/tr>\n<tr>\n<td colspan=\"2\" width=\"658\" valign=\"top\">Wie immer auf unseren Wanderungen m\u00fcssen etliche Stiles und \u2013 oder Engp\u00e4sse in den kunstvoll geschichteten Trockenmauern gemeistert werden. Eine steile Kletterstelle fehlt auch heute nicht beim Aufstieg! Um 10.15 stehen wir dann auf dem ausgedehnten Gipfel des Lingmoor Fell, der uns eine wundersch\u00f6ne Aussicht bietet ins Great Langdale, wo wir bekannte\u00a0 Berge sehen und ins Little Langdale, das wir heute kennenlernen sollen. Ich bin gespannt, was wir heute alles sehen werden sowie auf die uns versprochene Ueberrraschung von Adrian. Ich tippe auf eine kulinarische Ueberrraschung, wobei ich an den ber\u00fchmten English afternoon tea denke, den ich aus meiner Lekt\u00fcre von englischen B\u00fcchern schon lang kenne.Wir wandern \u00fcber Weiden an vielen Trockenmauern entlang. Die Eindr\u00fccke sind nicht einfach in Worte zu fassen. Sie werden wohl f\u00fcr jeden etwas anders ausfallen. Mir kommen Worte wie Weite, Einsamkeit und\u00a0 Ruhe in den Sinn, genau das Richtige f\u00fcr Ferien vom gewohnten Alltag. Ich empfinde die Landschaft auch als romantisch. Kein Wunder, dass sie viele Dichter inspiriert hat!<\/td>\n<\/tr>\n<tr>\n<td colspan=\"2\" width=\"658\" valign=\"top\">Wir kommen allm\u00e4hlich ins Tal hinunter, wo es wenige einsam gelegene Farmen gibt; auch Ginstergeb\u00fcsche tauchen auf, die sofort einen fotografischen Run ausl\u00f6sen. Inzwischen ist der Himmel schon lang nicht mehr wolkenlos, bietet aber gerade mit seinen dunklen Wolken, durch welche die Sonne scheint, einen interessanten Anblick.<\/td>\n<\/tr>\n<tr>\n<td width=\"330\" valign=\"top\">\u00a0<img decoding=\"async\" class=\"ngg-singlepic ngg-none\" src=\"http:\/\/adrianwood.ch\/wp-content\/gallery\/nordengland12\/image010.jpg\" alt=\"image010\" \/><\/td>\n<td width=\"328\" valign=\"top\">\u00a0<img decoding=\"async\" class=\"ngg-singlepic ngg-none\" src=\"http:\/\/adrianwood.ch\/wp-content\/gallery\/nordengland12\/image012.jpg\" alt=\"image012\" \/><\/td>\n<\/tr>\n<tr>\n<td width=\"330\" valign=\"top\">\u00a0<img decoding=\"async\" class=\"ngg-singlepic ngg-none\" src=\"http:\/\/adrianwood.ch\/wp-content\/gallery\/nordengland12\/image014.jpg\" alt=\"image014\" \/><\/td>\n<td width=\"328\" valign=\"top\">\u00a0<img decoding=\"async\" class=\"ngg-singlepic ngg-none\" src=\"http:\/\/adrianwood.ch\/wp-content\/gallery\/nordengland12\/image016.jpg\" alt=\"image016\" \/><\/td>\n<\/tr>\n<tr>\n<td colspan=\"2\" width=\"658\" valign=\"top\">Nach 12.00 sucht sich Adrian eine hohe, schutzgebende Trockenmauer als Ort der Mittagspause aus. Von hier haben wir eine sch\u00f6ne Aussicht auf den Little Langdale Tarn. Leider wird es etwas dunkler und k\u00e4lter und wir sind froh, wieder aufbrechen zu k\u00f6nnen. Wir \u00fcberqueren den Talgrund des River Brathay auf einer ber\u00fchmten, kleinen, alten zweiteiligen\u00a0 Steinbr\u00fccke, der Slaters Brigde, wie sich aufgrund meiner Nach-forschungen herausstellt.<em>Slaters<\/em><em> Bridge in Little Langdale is one of the English Lake District\u2019s iconic views. It\u2019s an old stone packhorse bridge in a lovely setting which took slate miners over the River Brathay on their return to Langdale after a hard day\u2019s work.<\/em>Adrian hat mich als Chronistin des Tages vorausgeschickt, um die Gruppe auf dieser Br\u00fccke zu versammeln und ein Gruppenbild zu machen (es gibt schon etliche Br\u00fccken\u2013Gruppenbilder von vergangenen Wanderferien).<\/td>\n<\/tr>\n<tr>\n<td colspan=\"2\" width=\"658\" valign=\"top\">\u00a0<img decoding=\"async\" class=\"ngg-singlepic ngg-none\" src=\"http:\/\/adrianwood.ch\/wp-content\/gallery\/nordengland12\/image018.jpg\" alt=\"image018\" \/><\/td>\n<\/tr>\n<tr>\n<td colspan=\"2\" width=\"658\" valign=\"top\">Nach der Fotopause wandern wir weiter und kommen dann ins Atkinson Coppice, einem Landst\u00fccke, das auch dem National Trust geh\u00f6rt. Es geht bergauf und bergab durch die Landschaft, in welcher sich viele alte Schiefer &#8211; Steinbr\u00fcche befinden. Um 14.00 n\u00e4hern wir uns dem sch\u00f6n gelegenen Tarn Hows, wo wir eine Pause einlegen, um ihn zu betrachten und Kanada-G\u00e4nse zu f\u00fcttern. Unser Weg f\u00fchrt uns dem See entlang hinunter durch den Wald zum Tom Gill Wasserfall. Sp\u00e4ter queren wir das Str\u00e4sschen nach Coniston und\u00a0 werden von Adrian zur Yew Tree Farm, einem kleinen Anwesen gef\u00fchrt. Dies ist nun wohl die Ueber-raschung ! F\u00fcr uns ist in zwei kleinen R\u00e4umen im Erdgeschoss ein typischer English Tea bereit-gestellt mit Tee und Scones, zu welchen Schlagrahm und Konfit\u00fcre gereicht werden.\u00a0 Die Scones sind noch leicht warm und wir essen sie mit Genuss.Wir befinden uns im Hause, welches im Film \u00fcber Beatrix Potter als ihr Heim Hilltop figuriert. Informations-tafeln bringen uns die Verfasserin und Illustratorin der ber\u00fchmten Bilderb\u00fccher n\u00e4her.<\/td>\n<\/tr>\n<tr>\n<td width=\"330\" valign=\"top\">\u00a0<img decoding=\"async\" class=\"ngg-singlepic ngg-none\" src=\"http:\/\/adrianwood.ch\/wp-content\/gallery\/nordengland12\/image020.jpg\" alt=\"image020\" \/><\/td>\n<td width=\"328\" valign=\"top\">\u00a0<img decoding=\"async\" class=\"ngg-singlepic ngg-none\" src=\"http:\/\/adrianwood.ch\/wp-content\/gallery\/nordengland12\/image022.jpg\" alt=\"image022\" \/><\/td>\n<\/tr>\n<tr>\n<td colspan=\"2\" width=\"658\" valign=\"top\">Nach dem Eintauchen in die gute alte Zeit heisst es wieder unseren Wanderalltag aufzunehmen. Es geht kurz etwas hinauf \u00fcber gr\u00fcne Weiden, wo wir wie immer Schafen begegnen, die uns mit ihrem Bl\u00f6cken begleiten. Die Landschaft ist wieder sehr sch\u00f6n, romantisch und fast parkartig. Dunkle Wolken, die nichts Gutes verheissen erscheinen \u00fcber dem Coniston Water, das wir in der Ferne erblicken. Es bietet sich ein bisher unbekanntes Bild: ein roter Regenschirm erscheint, dabei nieselt es kaum!<\/td>\n<\/tr>\n<tr>\n<td width=\"330\" valign=\"top\">\u00a0<img decoding=\"async\" class=\"ngg-singlepic ngg-none\" src=\"http:\/\/adrianwood.ch\/wp-content\/gallery\/nordengland12\/image024.jpg\" alt=\"image024\" \/><\/td>\n<td width=\"328\" valign=\"top\">\u00a0<img decoding=\"async\" class=\"ngg-singlepic ngg-none\" src=\"http:\/\/adrianwood.ch\/wp-content\/gallery\/nordengland12\/image026.jpg\" alt=\"image026\" \/><\/td>\n<\/tr>\n<tr>\n<td colspan=\"2\" width=\"658\" valign=\"top\">Wenn wir w\u00fcssten, dass wir in den kommenden Wandertagen in England ohne Regenschirm auskommen w\u00fcrden, wir w\u00fcrden es kaum glauben!Als wir in Coniston ankommen, regnet es wirklich. Die meisten verschwinden sofort im bereitstehenden Bus, die andern sieht man mit Schirmen in die Black Bull Inn eilen. Auf der R\u00fcckfahrt nach Old Dungeon Ghyll nehmen wir bei der Yew Farm Vreni C. auf, die dort gewartet hat. Dann geht es \u00fcber Skelwith Bridge, Elterwater, Chapel Stile ins Great Langdale zur\u00fcck. Inzwischen scheint wieder die Sonne und wir geniessen einen sch\u00f6nen Abend beim Bier und gutem Essen.Herzliche Dank, lieber Adrian f\u00fcr die sch\u00f6ne Wanderung und die Ueberraschung.<\/p>\n<p>Marianne<\/td>\n<\/tr>\n<\/tbody>\n<\/table>\n<p><img decoding=\"async\" class=\"ngg-singlepic ngg-none\" src=\"http:\/\/adrianwood.ch\/wp-content\/gallery\/nordengland12\/image028.jpg\" alt=\"image028\" \/><\/p>\n","protected":false},"excerpt":{"rendered":"<p>Mittwoch, 12. Mai,\u00a0 Lingmoor Fell &#8211; Little Langdale \u2013\u00a0Tarn Hows \u2013 Coniston Wieder beginnt der Tag mit einem wolkenlosen Himmel. Die Erfahrung von gestern lehrt uns, dass das nichts heissen muss. Also bleiben\u00a0 der Regenschutz\u00a0 und M\u00fctze und Halstuch im Rucksack verstaut.Ein kleiner Spaziergang vor dem Morgenessen l\u00e4sst mich die Landschaft des Great Langdale geniessen. &hellip; <a href=\"https:\/\/www.adrianwood.ch\/?page_id=652\" class=\"more-link\">Continue reading <span class=\"screen-reader-text\">05-12 Langdale \u2013 Coniston<\/span> <span class=\"meta-nav\">&rarr;<\/span><\/a><\/p>\n","protected":false},"author":1,"featured_media":0,"parent":159,"menu_order":2367,"comment_status":"closed","ping_status":"closed","template":"","meta":{"ngg_post_thumbnail":0,"footnotes":""},"class_list":["post-652","page","type-page","status-publish","hentry"],"_links":{"self":[{"href":"https:\/\/www.adrianwood.ch\/index.php?rest_route=\/wp\/v2\/pages\/652","targetHints":{"allow":["GET"]}}],"collection":[{"href":"https:\/\/www.adrianwood.ch\/index.php?rest_route=\/wp\/v2\/pages"}],"about":[{"href":"https:\/\/www.adrianwood.ch\/index.php?rest_route=\/wp\/v2\/types\/page"}],"author":[{"embeddable":true,"href":"https:\/\/www.adrianwood.ch\/index.php?rest_route=\/wp\/v2\/users\/1"}],"replies":[{"embeddable":true,"href":"https:\/\/www.adrianwood.ch\/index.php?rest_route=%2Fwp%2Fv2%2Fcomments&post=652"}],"version-history":[{"count":0,"href":"https:\/\/www.adrianwood.ch\/index.php?rest_route=\/wp\/v2\/pages\/652\/revisions"}],"up":[{"embeddable":true,"href":"https:\/\/www.adrianwood.ch\/index.php?rest_route=\/wp\/v2\/pages\/159"}],"wp:attachment":[{"href":"https:\/\/www.adrianwood.ch\/index.php?rest_route=%2Fwp%2Fv2%2Fmedia&parent=652"}],"curies":[{"name":"wp","href":"https:\/\/api.w.org\/{rel}","templated":true}]}}