{"id":657,"date":"2011-01-31T12:50:41","date_gmt":"2011-01-31T11:50:41","guid":{"rendered":"http:\/\/adrianwood.ch\/"},"modified":"2011-01-31T12:50:41","modified_gmt":"2011-01-31T11:50:41","slug":"05-13-high-street","status":"publish","type":"page","link":"https:\/\/www.adrianwood.ch\/?page_id=657","title":{"rendered":"05-13 High Street"},"content":{"rendered":"<h2>13. Mai 2010, Stony Cove Pike<\/h2>\n<table border=\"0\" cellspacing=\"0\" cellpadding=\"0\" width=\"662\">\n<tbody>\n<tr>\n<td colspan=\"2\" width=\"662\" valign=\"top\">Heute verlassen wir das Old Dungeon Ghyll Hotel und damit das Great Langdale-Tal. Mit dem Bus fahren wir \u00fcber Ambleside und Windermere zum 454 m hohen <strong>Kirkstone Pass<\/strong>, den wir um 10:10 Uhr erreichen. Der Kirkstone Pass verbindet Ambleside im Rothay-Tal mit Patterdale im Ullswater-Tal. Es ist unser 5. regenfreier Wandertag. Die Sonne scheint und wir blicken auf blauen Himmel und einige Dunstwolken. Um uns sehen wir karge Gras- und Gesteinsberge. In Richtung Westen sehen wir in der Ferne auf die liebliche Park- und Seenlandschaft des Lake Districts hinunter<\/td>\n<\/tr>\n<tr>\n<td width=\"334\" valign=\"top\">\u00a0<img decoding=\"async\" class=\"ngg-singlepic ngg-none\" src=\"http:\/\/adrianwood.ch\/wp-content\/gallery\/nordengland13\/image002.jpg\" alt=\"image002\" \/><\/td>\n<td width=\"328\" valign=\"top\">\u00a0<img decoding=\"async\" class=\"ngg-singlepic ngg-none\" src=\"http:\/\/adrianwood.ch\/wp-content\/gallery\/nordengland13\/image004.jpg\" alt=\"image004\" \/><\/td>\n<\/tr>\n<tr>\n<td colspan=\"2\" width=\"662\" valign=\"top\">Auf dem Kirkstone Pass trennt sich eine kleine Gruppe von uns mit dem Bus, um von Brothers Water nach Glenridding zu laufen.\u00a0 Die \u00fcbrigen 16 Personen gehen nun den Anstieg zum ersten, 593 m hohen Gipfel an, den sie recht schnell \u00fcber einen Felsen-Zustieg um 10.30 Uhr erreichen. Danach folgt eine l\u00e4ngere H\u00f6henwanderung \u00fcber Bergr\u00fccken und weitgehend trockene Hochmoore \u2013 das <strong>Caudale Moor<\/strong>. Der Puls kann sich wieder beruhigen. Um 11:30 Uhr erreichen wir den h\u00f6chsten Punkt des Caudale Moors, den <strong>Stony Cove Pike<\/strong>. Er ist unser 2. Gipfel und mit 764 m unser h\u00f6chster Tagespunkt. Die Sicht ist zunehmend diesig geworden. Es ist windig.<em> <\/em>Wegen des Winds und der K\u00e4lte raffen wir uns nach 20 Minuten Pause wieder auf und nehmen den Abstieg in Angriff, der zunehmend steil und steinig wird. Um 12:10 erreichen wir einen Bergsattel, den 592 m hohen <strong>Threshthwaite Mouth<\/strong>-Bergpass. Angelehnt an Steinmauern, die uns vor dem Wind sch\u00fctzen, machen wir Mittagspause. Danach wollen wir \u00fcber den weiteren Fortgang entscheiden.<\/td>\n<\/tr>\n<tr>\n<td width=\"334\" valign=\"top\">\u00a0<img decoding=\"async\" class=\"ngg-singlepic ngg-none\" src=\"http:\/\/adrianwood.ch\/wp-content\/gallery\/nordengland13\/image006.jpg\" alt=\"image006\" \/><\/td>\n<td width=\"328\" valign=\"top\">\u00a0<img decoding=\"async\" class=\"ngg-singlepic ngg-none\" src=\"http:\/\/adrianwood.ch\/wp-content\/gallery\/nordengland13\/image008.jpg\" alt=\"image008\" \/><\/td>\n<\/tr>\n<tr>\n<td colspan=\"2\" width=\"662\" valign=\"top\">Um 12:50 Uhr teilt sich die Gruppe. Neun unerm\u00fcdliche machen sich auf den Weg, den gegen\u00fcber-liegenden 784 m hohen <strong>Thornthwaite Crag<\/strong> zu besteigen, um dann \u00fcber die Bergr\u00fccken von <strong>High Street, Salura Crag und Stone Rigg<\/strong> in Richtung Patterdale abzusteigen. Die anderen sieben, darunter die Autoren, folgen dem steinigen Abstieg vom Bergsattel zum Talboden im Norden. Stets haben sie in der Ferne den <strong>Ullswater<\/strong>-See vor Augen. Nach einiger Zeit wird der Weg des <strong>Threshthwaite Glens<\/strong> flacher und folgt dem klaren Bergbach. Um 14.10 erreichen wir den kleinen Ort <strong>Low Hartsop<\/strong> und finden auch dort gleich den etwas versteckten Zugang zum Weg am Fuss des Berges entlang nach <strong>Patterdale<\/strong>.<\/td>\n<\/tr>\n<tr>\n<td width=\"334\" valign=\"top\">\u00a0<img decoding=\"async\" class=\"ngg-singlepic ngg-none\" src=\"http:\/\/adrianwood.ch\/wp-content\/gallery\/nordengland13\/image010.jpg\" alt=\"image010\" \/><\/td>\n<td width=\"328\" valign=\"top\">\u00a0Nach der K\u00e4lte in der H\u00f6he geniessen wir hier die sehr warme Sonne und den flachen und abwechslungsreichen Weg durch Waldst\u00fccke, kleinen Ansiedlungen und Farmen.Nach reichlichen Pausen in der Sonne erreichen wir um 16:10 das \u201eBest Western Hotel Glenridding\u201c in <strong>Glenridding<\/strong>. Die 2. Gruppe erreicht etwa eine Stunde sp\u00e4ter, etwas ausgepowert, aber gl\u00fccklich unser Hotel. Sie berichten von einer sehr windigen Tour \u00fcber die Bergr\u00fccken zur Patterdale Farm. Bei einem Pint of Bitter nehmen wir dann die letzte Herausforderung des Tages in Angriff: Die individuelle Zusammenstellung des 3-g\u00e4ngigen Abendmenues aus der reichhaltigen Speisekarte des Hotels.\u00a0\u00a0\u00a0\u00a0\u00a0\u00a0\u00a0\u00a0\u00a0\u00a0\u00a0\u00a0\u00a0\u00a0\u00a0\u00a0\u00a0\u00a0\u00a0\u00a0\u00a0\u00a0\u00a0 Rainer und Ingrid<\/td>\n<\/tr>\n<tr>\n<td colspan=\"2\" width=\"662\" valign=\"top\">\n<h2>13.Mai, Von Threshthwaite Mouth \u00fcber dem High Street nach Glenridding<\/h2>\n<p>Mein Bericht f\u00e4ngt am Threshthwaite Mouth (592m) an, der Senke zwischen dem Caudale Moor (764m)\u00a0 und dem Thornthwaite Crag\u00a0 (784m) an. Hier haben wir in der K\u00e4lte im Windschutz einer Trockenmauer unseren Mittagshalt gemacht, der nicht unbedingt als gem\u00fctlich bezeichnet werden kann. Vorerst hatte ich keine Lust mehr, bei diesem Wetter \u00fcber die kalten, windgepeitschten Anh\u00f6hen zu wandern und wollte mich der anderen Gruppe anschliessen, die von hier aus ins Tal marschieren wollten, in dem\u00a0 gerade verlockend die Sonne schien. Ich weiss nicht ob es \u00dcberredung oder Ehrgeiz war, die mich dazu brachten, nochmals den\u00a0 n\u00e4chsten\u00a0 kurzen aber steilen Anstieg auf mich zu nehmen, der mich wenigstens\u00a0 wieder warm werden liess. Um 13.00 standen wir dick vermummt auf den ausgedehnten Gipfel mit dem hohen Steinmannli oder Beacon und machten die obligaten Fotos.\u00a0 Unser\u00a0 Weg f\u00fchrt uns weiter hinauf auf den High Street (828m), der auch R\u00f6merweg genannt wird (die R\u00f6mer haben ihre Verbindungsstrassen\u00a0 auf dem Plateaus anstelle in den damals noch bewaldeten und sumpfigen T\u00e4lern angelegt \u2013Verbindung zwischen Amble side und Penrith).<\/td>\n<\/tr>\n<tr>\n<td width=\"334\" valign=\"top\">\u00a0<img decoding=\"async\" class=\"ngg-singlepic ngg-none\" src=\"http:\/\/adrianwood.ch\/wp-content\/gallery\/nordengland13\/image012.jpg\" alt=\"image012\" \/><\/td>\n<td width=\"328\" valign=\"top\">\u00a0<img decoding=\"async\" class=\"ngg-singlepic ngg-none\" src=\"http:\/\/adrianwood.ch\/wp-content\/gallery\/nordengland13\/image014.jpg\" alt=\"image014\" \/><\/td>\n<\/tr>\n<tr>\n<td width=\"334\" valign=\"top\">\u00a0<img decoding=\"async\" class=\"ngg-singlepic ngg-none\" src=\"http:\/\/adrianwood.ch\/wp-content\/gallery\/nordengland13\/image016.jpg\" alt=\"image016\" \/><\/td>\n<td width=\"328\" valign=\"top\">\u00a0<img decoding=\"async\" class=\"ngg-singlepic ngg-none\" src=\"http:\/\/adrianwood.ch\/wp-content\/gallery\/nordengland13\/image018.jpg\" alt=\"image018\" \/><\/td>\n<\/tr>\n<tr>\n<td colspan=\"2\" width=\"662\" valign=\"top\">Lange wandern wir auf der Hochebene, die uns einen Blick hinunter auf Hayeswater frei gibt. Die Dimensionen dieser Berge sind riesig, wir scheinen im Niemandsland zu wandern. Wir erreichen dann The Knott( 739m) und gehen weiter auf dem Wanderweg \u201eCoast to Coast\u201c. Die Orientierung ist in diese Weitl\u00e4ufigkeit nicht einfach und es kommt einmal zu einem intensiven Kartenstudium. Dies ist auch gerade der Anlass f\u00fcr einen Trinkhalt im prallen Sonnenschein. Sp\u00e4ter erscheint auf unserer Route der von Adrian\u00a0 gesuchte See, der Angle Tarn in seiner ganzen Sch\u00f6nheit. Nun ist klar, dass wir auf dem richtigen Weg nach Glennridding sind. Wir geniessen die wundersch\u00f6ne Umgebung und ich bin noch so froh, dass ich mich dieser Wandergruppe angeschlossen habe, denn ich habe eine grosse Vorliebe f\u00fcr Bergseen. Unterhalb der Angle Tarn Pikes gelangen wir auf eine Schr\u00e4ghang hinunter ins Tal nach Patterdale. Nun m\u00fcssen wir nur noch den Weg \u00fcber die Ebene hin\u00fcber nach Glenridding unter die\u00a0 nun m\u00fcden F\u00fcsse nehmen und dann sind wir\u00a0 im Hotel Glenridding, einem dunklen Steinhaus angekommen. Auch diese Wanderung war wieder sehr interessant, wir haben die Weite dieses Landes genossen. Herzlichen Dank, Adrian.\u00a0\u00a0\u00a0\u00a0\u00a0\u00a0\u00a0\u00a0\u00a0\u00a0\u00a0\u00a0\u00a0\u00a0\u00a0\u00a0\u00a0\u00a0\u00a0 Marianne<\/td>\n<\/tr>\n<tr>\n<td colspan=\"2\" width=\"662\" valign=\"top\">\u00a0<img decoding=\"async\" class=\"ngg-singlepic ngg-none\" src=\"http:\/\/adrianwood.ch\/wp-content\/gallery\/nordengland13\/image019.jpg\" alt=\"image019\" \/>\u00fcber alle Berge<\/td>\n<\/tr>\n<tr>\n<td colspan=\"2\" width=\"662\" valign=\"top\">\u00a0<img decoding=\"async\" class=\"ngg-singlepic ngg-none\" src=\"http:\/\/adrianwood.ch\/wp-content\/gallery\/nordengland13\/image020.jpg\" alt=\"image020\" \/>Glenridding am Ullswater<\/td>\n<\/tr>\n<tr>\n<td colspan=\"2\" width=\"662\" valign=\"top\">\u00a0<\/td>\n<\/tr>\n<tr>\n<td colspan=\"2\" width=\"662\" valign=\"top\">\n<h2>13.Mai, Brothers Water<\/h2>\n<p>Die Hauptgruppe machte Heute eine\u00a0 Marathon Wanderung. Sie stiegen auf den Kirkstone Pass aus um \u00fcber verschiedenen H\u00fcgel nach Glenridding zu wandern. Wir 4 (Adelheid, Marie Louise, Vreni C. und ich nahmen es etwas gem\u00fctlicher, fuhren mit dem Bus weiter bis zum See Brothers Water. Fr\u00fcher hiess der See Broad Water, wurde aber im 19.Jahrhundert umbenannt nachdem 2 Br\u00fcder im See ertrunken waren.<\/td>\n<\/tr>\n<tr>\n<td width=\"334\" valign=\"top\">\u00a0<img decoding=\"async\" class=\"ngg-singlepic ngg-none\" src=\"http:\/\/adrianwood.ch\/wp-content\/gallery\/nordengland13\/image022.jpg\" alt=\"image022\" \/><\/td>\n<td width=\"328\" valign=\"top\">\u00a0<img decoding=\"async\" class=\"ngg-singlepic ngg-none\" src=\"http:\/\/adrianwood.ch\/wp-content\/gallery\/nordengland13\/image024.jpg\" alt=\"image024\" \/><\/td>\n<\/tr>\n<tr>\n<td colspan=\"2\" width=\"662\" valign=\"top\">Es schien wohl die Sonne aber auch hier tiefer unten war es empfindlich kalt. Am Ende des Sees liegt die kleine Ortschaft Hartsop, dort gibt es noch viele Geb\u00e4ude aus dem 17. Jahrhundert. Hier schien sogar l\u00e4ngere Zeit die Sonne, die vielen Daffodills am Wegrand strahlten mit ihr um die Wette. In Patterdale kaufte ich dann in den Tante Emma Laden eine Wollm\u00fctze!!!!!!!<\/td>\n<\/tr>\n<tr>\n<td width=\"334\" valign=\"top\">\u00a0<img decoding=\"async\" class=\"ngg-singlepic ngg-none\" src=\"http:\/\/adrianwood.ch\/wp-content\/gallery\/nordengland13\/image026.jpg\" alt=\"image026\" \/><\/td>\n<td width=\"328\" valign=\"top\">\u00a0<img decoding=\"async\" class=\"ngg-singlepic ngg-none\" src=\"http:\/\/adrianwood.ch\/wp-content\/gallery\/nordengland13\/image028.jpg\" alt=\"image028\" \/><\/td>\n<\/tr>\n<tr>\n<td width=\"334\" valign=\"top\">Es war Zeit zum picknicken aber B\u00e4nke waren eigentlich immer mangelware. Die einzige M\u00f6glichkeit war der Vorraum der Saint Patricks Church. Danach war es nicht mehr weit bis Glenridding und zum Hotel. Sch\u00f6n gelegen am See. F\u00fcr einen englischen 5 o\u2019clock Tea gingen wir aber in das noch sch\u00f6nere Inn on the Lake. Wir hatten es sehr gem\u00fctlich und konnten uns etwas erholen.\u00a0\u00a0\u00a0\u00a0 Marijke\u00a0<img decoding=\"async\" class=\"ngg-singlepic ngg-none\" src=\"http:\/\/adrianwood.ch\/wp-content\/gallery\/nordengland13\/image030.jpg\" alt=\"image030\" \/><\/td>\n<td width=\"328\" valign=\"top\">\u00a0<img decoding=\"async\" class=\"ngg-singlepic ngg-none\" src=\"http:\/\/adrianwood.ch\/wp-content\/gallery\/nordengland13\/image032.jpg\" alt=\"image032\" \/><\/td>\n<\/tr>\n<\/tbody>\n<\/table>\n<p><img decoding=\"async\" class=\"ngg-singlepic ngg-none\" src=\"http:\/\/adrianwood.ch\/wp-content\/gallery\/nordengland13\/image033.jpg\" alt=\"image033\" \/><\/p>\n","protected":false},"excerpt":{"rendered":"<p>13. Mai 2010, Stony Cove Pike Heute verlassen wir das Old Dungeon Ghyll Hotel und damit das Great Langdale-Tal. Mit dem Bus fahren wir \u00fcber Ambleside und Windermere zum 454 m hohen Kirkstone Pass, den wir um 10:10 Uhr erreichen. Der Kirkstone Pass verbindet Ambleside im Rothay-Tal mit Patterdale im Ullswater-Tal. Es ist unser 5. &hellip; <a href=\"https:\/\/www.adrianwood.ch\/?page_id=657\" class=\"more-link\">Continue reading <span class=\"screen-reader-text\">05-13 High Street<\/span> <span class=\"meta-nav\">&rarr;<\/span><\/a><\/p>\n","protected":false},"author":1,"featured_media":0,"parent":159,"menu_order":2368,"comment_status":"closed","ping_status":"closed","template":"","meta":{"ngg_post_thumbnail":0,"footnotes":""},"class_list":["post-657","page","type-page","status-publish","hentry"],"_links":{"self":[{"href":"https:\/\/www.adrianwood.ch\/index.php?rest_route=\/wp\/v2\/pages\/657","targetHints":{"allow":["GET"]}}],"collection":[{"href":"https:\/\/www.adrianwood.ch\/index.php?rest_route=\/wp\/v2\/pages"}],"about":[{"href":"https:\/\/www.adrianwood.ch\/index.php?rest_route=\/wp\/v2\/types\/page"}],"author":[{"embeddable":true,"href":"https:\/\/www.adrianwood.ch\/index.php?rest_route=\/wp\/v2\/users\/1"}],"replies":[{"embeddable":true,"href":"https:\/\/www.adrianwood.ch\/index.php?rest_route=%2Fwp%2Fv2%2Fcomments&post=657"}],"version-history":[{"count":0,"href":"https:\/\/www.adrianwood.ch\/index.php?rest_route=\/wp\/v2\/pages\/657\/revisions"}],"up":[{"embeddable":true,"href":"https:\/\/www.adrianwood.ch\/index.php?rest_route=\/wp\/v2\/pages\/159"}],"wp:attachment":[{"href":"https:\/\/www.adrianwood.ch\/index.php?rest_route=%2Fwp%2Fv2%2Fmedia&parent=657"}],"curies":[{"name":"wp","href":"https:\/\/api.w.org\/{rel}","templated":true}]}}