{"id":669,"date":"2011-01-31T15:23:47","date_gmt":"2011-01-31T14:23:47","guid":{"rendered":"http:\/\/adrianwood.ch\/"},"modified":"2011-01-31T15:23:47","modified_gmt":"2011-01-31T14:23:47","slug":"05-15-helvellyn","status":"publish","type":"page","link":"https:\/\/www.adrianwood.ch\/?page_id=669","title":{"rendered":"05-15 Helvellyn"},"content":{"rendered":"<h2>15. Mai, Helvellyn \u00fcber Striding Edge<\/h2>\n<table border=\"0\" cellspacing=\"0\" cellpadding=\"0\">\n<tbody>\n<tr>\n<td colspan=\"2\" width=\"656\" valign=\"top\">Das 8 Uhr Fr\u00fchst\u00fcck mit Porridge und Kompott gab die n\u00f6tigen Kohlenhydrate und Energie f\u00fcr eine lange Wanderung. Manche haben sogar das \u201aHelvellyn Challenge\u2019 Fr\u00fchst\u00fcck samt Black Pudding genommen. Helvellyn ist mit seinen 3,118 Fuss, 935m, der drittgr\u00f6sste Gipfel im Lake District und auch in England. Wir wollten ihn \u00fcber die felsige \u201aStriding Edge\u2019 besteigen. Adrian hat einen guten Entscheid getroffen die Wanderung um einen Tag zu verschieben, denn am Vortag waren die Berge in dichten Nebel geh\u00fcllt.<\/p>\n<p>Abmarsch war kurz nach 9 Uhr. Bert hat ein Alternativprogramm zum Aira Force (Wasserfall) gemacht. Das kleine, haupts\u00e4chlich touristische, Dorf Glenridding (bedeutet &#8220;glen overgrown with bracken&#8221;) am s\u00fcdlichen Ende vom Ullswater hatte im November Hochwasser mit 1m \u00fcber dem Pier gehabt. Der Weg entlang dem Glenridding Beck f\u00fchrte uns zuerst Richtung Campingplatz Gillside Farm, aber bald bogen wir nach links ab durch den Wald um einen kleinen Abstecher zu Aussichtspunkt Keldas zu machen.<\/td>\n<\/tr>\n<tr>\n<td width=\"329\" valign=\"top\">\u00a0<img decoding=\"async\" class=\"ngg-singlepic ngg-none\" src=\"http:\/\/adrianwood.ch\/wp-content\/gallery\/nordengland15\/image002.jpg\" alt=\"image002\" \/><\/td>\n<td width=\"328\" valign=\"top\">\u00a0<img decoding=\"async\" class=\"ngg-singlepic ngg-none\" src=\"http:\/\/adrianwood.ch\/wp-content\/gallery\/nordengland15\/image004.jpg\" alt=\"image004\" \/><\/td>\n<\/tr>\n<tr>\n<td colspan=\"2\" width=\"656\" valign=\"top\">Die Sicht auf Ullswater und die Berge mit Schneeresten, umrahmt von einzelnen gro\u00dfe Kiefern war sehr malerisch. In der N\u00e4he lag ein kleines W\u00e4ldchen mit dem Seelein <em>Lanty&#8217;s Tarn.<\/em> Danach ging es rechts den Hang hinauf, entlang einer Mauer, die den ganzen Hang hinauf f\u00fchrte bis zum \u201aHole in the Wall\u2019. Wir \u00fcberstiegen<\/td>\n<\/tr>\n<tr>\n<td width=\"329\" valign=\"top\">\u00a0<img decoding=\"async\" class=\"ngg-singlepic ngg-none\" src=\"http:\/\/adrianwood.ch\/wp-content\/gallery\/nordengland15\/image006.jpg\" alt=\"image006\" \/><\/td>\n<td width=\"328\" valign=\"top\">die Mauer und es wurde teilweise sonnig, sodass wir unsere Jacken ausziehen konnten. Es gab eine Trinkpause mit Blick auf den See und auf einen Teil der Uferwanderung vom Freitag und wie \u00fcberall auf Schafe mit L\u00e4mmern. Ein Schaf auf der anderen Seite der Mauer bl\u00f6kte &#8220;m\u00e4h-m\u00e4h-m\u00e4h&#8221;. Mit wem hielt es wohl ein Zwiegespr\u00e4ch? Der weitere Aufstieg f\u00fchrte \u00fcber Gras, abseits des ausgetretenen Pfades, direkt auf die Anh\u00f6he von Birkhouse Moor, wo ein kalter Wind uns zu einem, nur kurzen, Halt zwang. Der Blick reichte jetzt \u00fcber den ganzen See Ullswater und nach Westen in den Bergkessel mit Striding Edge, Helvellyn und Catstycam. Nach Osten war der H\u00f6henzug der Donnerstag-wanderung in voller L\u00e4nge zu sehen. Kirkstonepass \u2013 Caudale Moor &#8211; High Street \u2013 Riggindale Crag und the Knott. Fast auf der gesamten Strecke s\u00e4umten Steinm\u00e4nner unseren Weg.<\/td>\n<\/tr>\n<tr>\n<td width=\"329\" valign=\"top\">\u00a0<img decoding=\"async\" class=\"ngg-singlepic ngg-none\" src=\"http:\/\/adrianwood.ch\/wp-content\/gallery\/nordengland15\/image008.jpg\" alt=\"image008\" \/><\/td>\n<td width=\"328\" valign=\"top\">\u00a0<img decoding=\"async\" class=\"ngg-singlepic ngg-none\" src=\"http:\/\/adrianwood.ch\/wp-content\/gallery\/nordengland15\/image010.jpg\" alt=\"image010\" \/><\/td>\n<\/tr>\n<tr>\n<td colspan=\"2\" width=\"656\" valign=\"top\">\u00a0<\/td>\n<\/tr>\n<tr>\n<td colspan=\"2\" width=\"656\" valign=\"top\">\u00a0<img decoding=\"async\" class=\"ngg-singlepic ngg-none\" src=\"http:\/\/adrianwood.ch\/wp-content\/gallery\/nordengland15\/image012.jpg\" alt=\"image012\" \/><\/td>\n<\/tr>\n<tr>\n<td colspan=\"2\" width=\"656\" valign=\"top\">Um 11.50 machten wir schon Mittagspause auf der windgesch\u00fctzten Seite der Mauer beim \u201aHole in the Wall\u2019, einem markanten Orientierungspunkt mit Steinen zum Sitzen, wo wir eine sch\u00f6ne Sicht auf Grisdale Tal und Patterdale genossen. Hier hatten wir die stark frequentierte Route erreicht und viele Leute kamen vom Campingplatz und von Grisdale.<\/td>\n<\/tr>\n<tr>\n<td width=\"329\" valign=\"top\">\u00a0<img decoding=\"async\" class=\"ngg-singlepic ngg-none\" src=\"http:\/\/adrianwood.ch\/wp-content\/gallery\/nordengland15\/image014.jpg\" alt=\"image014\" \/><\/td>\n<td width=\"328\" valign=\"top\">\u00a0<img decoding=\"async\" class=\"ngg-singlepic ngg-none\" src=\"http:\/\/adrianwood.ch\/wp-content\/gallery\/nordengland15\/image016.jpg\" alt=\"image016\" \/><a class=\"shutterset_\" href=\"http:\/\/adrianwood.ch\/wp-content\/gallery\/nordengland15\/image016.jpg\"><\/a><\/td>\n<\/tr>\n<tr>\n<td width=\"329\" valign=\"top\">Ein Teil unserer Gruppe entschied sich nun Richtung Grisdale ins Tal abzusteigen, aber die meisten nahmen Striding Edge in Angriff. Bei Spying How, am Beginn von Striding Edge, steht das Dixon Memorial: <em>&#8220;In memory of Robert Dixon of Rooking Patterdale who was killed on this place on the 27th day of Nov 1856 following the Patterdale foxhounds&#8221;. <\/em>Brigitte steigt leichtf\u00fcssig wie eine G\u00e4mse \u00fcber die Felsen, aber die meisten ben\u00fctzen den Pfad unterhalb des Felsgrats. Die Schl\u00fcsselstelle bildet ein Kamin wo man hinunterklettern muss. Sie ist ein \u201aBottleneck\u2019 und produziert einen Stau, so dass wir kurz warten m\u00fcssen. Anschliessend mit etwas \u201aScrambling\u2019 \u00fcber einen Felshang erreichen wir um 13.45 den Gipfel.<\/td>\n<td width=\"328\" valign=\"top\">\u00a0<img decoding=\"async\" class=\"ngg-singlepic ngg-none\" src=\"http:\/\/adrianwood.ch\/wp-content\/gallery\/nordengland15\/image018.jpg\" alt=\"image018\" \/><\/td>\n<\/tr>\n<tr>\n<td width=\"329\" valign=\"top\">\u00a0<img decoding=\"async\" class=\"ngg-singlepic ngg-none\" src=\"http:\/\/adrianwood.ch\/wp-content\/gallery\/nordengland15\/image020.jpg\" alt=\"image020\" \/><\/td>\n<td width=\"328\" valign=\"top\">\u00a0<img decoding=\"async\" class=\"ngg-singlepic ngg-none\" src=\"http:\/\/adrianwood.ch\/wp-content\/gallery\/nordengland15\/image022.jpg\" alt=\"image022\" \/><\/td>\n<\/tr>\n<tr>\n<td colspan=\"2\" width=\"656\" valign=\"top\">Das ausgedehnte Gipfelplateau bildet einen krassen Gegensatz zum felsigem Aufstieg. Es gibt sogar eine Gedenktafel zu einem Flugzeug, das hier gelandet und wieder gestartet ist. Nach Osten ist das Plateau begrenzt durch einen Felsabbruch, eine Kante mit Schneeresten zwischen den Graten. Wir hatten uns gerade f\u00fcr eine Pause niedergelassen, als ein selbstgebastelter Karren aus langen Stangen und einem Rollstuhl, getragen von vier M\u00e4nnern, erschien. Sie trugen einen Kriegsversehrten und geh\u00f6rten zu der Organisation \u201aHelp for Heroes\u2019. Einmal im Jahr machen sie eine solche Aktion um Geld zu sammeln. Es gab eine Pause mit Sekt und Grill an der kreuzartigen Gipfel-Schutzmauer (Gough Memorial).<\/td>\n<\/tr>\n<tr>\n<td width=\"329\" valign=\"top\">\u00a0<img decoding=\"async\" class=\"ngg-singlepic ngg-none\" src=\"http:\/\/adrianwood.ch\/wp-content\/gallery\/nordengland15\/image024.jpg\" alt=\"image024\" \/><\/td>\n<td width=\"328\" valign=\"top\">\u00a0<img decoding=\"async\" class=\"ngg-singlepic ngg-none\" src=\"http:\/\/adrianwood.ch\/wp-content\/gallery\/nordengland15\/image026.jpg\" alt=\"image026\" \/><\/td>\n<\/tr>\n<tr>\n<td colspan=\"2\" width=\"656\" valign=\"top\">\u00a0<\/td>\n<\/tr>\n<tr>\n<td width=\"329\" valign=\"top\">Um 14.10 ging es weiter, am \u201atrig point\u2019 Pfeiler vorbei \u00fcber den Grat, Swirral Edge, auch felsig, mit einem Zwischenanstieg auf den 890m. hohen Catstycam. Die sch\u00f6ne Rundumaussicht zeigte wieder: Genridding Tal, Ullswater, Helvellyn, Striding Edge und Red Tarn. Ein direkter steiler Abstieg auf einen Trampelpfad brachte uns zum breiten Weg entlang dem Red Tarn und Glennridding Beck. Bei einer Br\u00fccke \u00fcber den Glenridding Beck in der Greenside Mine area (Bleimine) steht das Arnold School Outdoor Pursuits Center, ein Skiclub members hostel und das Helvellyn Youth Hostel in einem ehemaligen Geb\u00e4ude der Mine. Auf der gegen\u00fcberliegenden Talseite liegt das Gillside Farm Camping in der N\u00e4he unseres Startpunkts.<\/td>\n<td width=\"328\" valign=\"top\">\u00a0<img decoding=\"async\" class=\"ngg-singlepic ngg-none\" src=\"http:\/\/adrianwood.ch\/wp-content\/gallery\/nordengland15\/image028.jpg\" alt=\"image028\" \/><\/td>\n<\/tr>\n<tr>\n<td colspan=\"2\" width=\"656\" valign=\"top\">Unten angekommen kehren Adrian, Beat und Elisabeth in der Travellers Rest ein. Die Kneipe ist \u00fcberf\u00fcllt mit Wanderern und die meisten von uns laufen weiter. Ich ging Einkaufen in Glenridding und musste B\u00fccher abholen. Der Laden akzeptierte keine 50.- Pfundnoten, da Falschgeld in Umlauf war, aber das Hotel wechselte mir einen Schein, allerdings ungern. Ich konnte auch Geld am Geldautomaten holen. Es blieb nur noch das Duschen um wieder frisch f\u00fcrs Abendessen a la Carte um 19.30 zu sein.\u00a0\u00a0\u00a0\u00a0 \u00a0Wolfgang<\/td>\n<\/tr>\n<\/tbody>\n<\/table>\n<p>\u00a0<img decoding=\"async\" class=\"ngg-singlepic ngg-none\" src=\"http:\/\/adrianwood.ch\/wp-content\/gallery\/nordengland15\/image030.jpg\" alt=\"image030\" \/><\/p>\n","protected":false},"excerpt":{"rendered":"<p>15. Mai, Helvellyn \u00fcber Striding Edge Das 8 Uhr Fr\u00fchst\u00fcck mit Porridge und Kompott gab die n\u00f6tigen Kohlenhydrate und Energie f\u00fcr eine lange Wanderung. Manche haben sogar das \u201aHelvellyn Challenge\u2019 Fr\u00fchst\u00fcck samt Black Pudding genommen. Helvellyn ist mit seinen 3,118 Fuss, 935m, der drittgr\u00f6sste Gipfel im Lake District und auch in England. Wir wollten ihn &hellip; <a href=\"https:\/\/www.adrianwood.ch\/?page_id=669\" class=\"more-link\">Continue reading <span class=\"screen-reader-text\">05-15 Helvellyn<\/span> <span class=\"meta-nav\">&rarr;<\/span><\/a><\/p>\n","protected":false},"author":1,"featured_media":0,"parent":159,"menu_order":2370,"comment_status":"closed","ping_status":"closed","template":"","meta":{"ngg_post_thumbnail":0,"footnotes":""},"class_list":["post-669","page","type-page","status-publish","hentry"],"_links":{"self":[{"href":"https:\/\/www.adrianwood.ch\/index.php?rest_route=\/wp\/v2\/pages\/669","targetHints":{"allow":["GET"]}}],"collection":[{"href":"https:\/\/www.adrianwood.ch\/index.php?rest_route=\/wp\/v2\/pages"}],"about":[{"href":"https:\/\/www.adrianwood.ch\/index.php?rest_route=\/wp\/v2\/types\/page"}],"author":[{"embeddable":true,"href":"https:\/\/www.adrianwood.ch\/index.php?rest_route=\/wp\/v2\/users\/1"}],"replies":[{"embeddable":true,"href":"https:\/\/www.adrianwood.ch\/index.php?rest_route=%2Fwp%2Fv2%2Fcomments&post=669"}],"version-history":[{"count":0,"href":"https:\/\/www.adrianwood.ch\/index.php?rest_route=\/wp\/v2\/pages\/669\/revisions"}],"up":[{"embeddable":true,"href":"https:\/\/www.adrianwood.ch\/index.php?rest_route=\/wp\/v2\/pages\/159"}],"wp:attachment":[{"href":"https:\/\/www.adrianwood.ch\/index.php?rest_route=%2Fwp%2Fv2%2Fmedia&parent=669"}],"curies":[{"name":"wp","href":"https:\/\/api.w.org\/{rel}","templated":true}]}}