{"id":694,"date":"2011-01-31T16:36:39","date_gmt":"2011-01-31T15:36:39","guid":{"rendered":"http:\/\/adrianwood.ch\/"},"modified":"2017-04-02T15:59:24","modified_gmt":"2017-04-02T15:59:24","slug":"05-16-little-salkeld","status":"publish","type":"page","link":"https:\/\/www.adrianwood.ch\/?page_id=694","title":{"rendered":"05-16 Little Salkeld"},"content":{"rendered":"<div class=\"pmdi_content_wrapper\">\n<h2 class=\"Normal-P\" style=\"margin-bottom: 6pt; text-align: justify; text-justify: inter-ideograph; direction: ltr; unicode-bidi: normal;\"><span class=\"Normal-H\"><span style=\"font-weight: bold; font-size: 11pt;\">16 Mai, <\/span><span style=\"font-weight: bold; font-size: 11pt;\">Glenridding<\/span><span style=\"font-weight: bold; font-size: 11pt;\">-Penrith-Little <\/span><span style=\"font-weight: bold; font-size: 11pt;\">Salkeld<\/span><span style=\"font-weight: bold; font-size: 11pt;\">-Long Meg-<\/span><span style=\"font-weight: bold; font-size: 11pt;\">Langwathby-<\/span><span style=\"font-weight: bold; font-size: 11pt;\">Settle.<\/span><\/span><\/h2>\n<table class=\"TableNormal-T\" style=\"width: 508.65pt; border-collapse: collapse;\" cellspacing=\"0\">\n<tbody>\n<tr class=\"-R\">\n<td class=\"-C\" style=\"width: 508.65pt; background-color: transparent;\" colspan=\"2\">\n<p class=\"Normal-P\" style=\"margin-bottom: 6pt; text-align: justify; text-justify: inter-ideograph; direction: ltr; unicode-bidi: normal;\"><span class=\"Normal-H\"><span style=\"font-size: 11pt;\">Heute ist Reisetag angesagt. Wir z\u00fcgeln aus dem Lake District (war wundersch\u00f6n) in die Yorkshire Dales (wird wundersch\u00f6n). Aber wir werden nicht nur im Bus von Glenridding nach Settle kutschiert werden, sondern Adrian hat f\u00fcr uns noch einige Besonderheiten vorgesehen. Aber nun der Reihe nach&#8230;<\/span><\/span><\/p>\n<p class=\"Normal-P\" style=\"margin-bottom: 6pt; text-align: justify; text-justify: inter-ideograph; direction: ltr; unicode-bidi: normal;\"><span class=\"Normal-H\"><span style=\"font-size: 11pt;\">Nach einer ruhigen Nacht (in der n\u00e4chsten Nacht, in Settle, donnern dann die Lastwagen des Steinb<\/span><span style=\"font-size: 11pt;\">ruchs ab ca. 5:30 mit 70 km\/h vor unseren Fenstern vorbei) schlagen wir zum z&#8217;Morge wiederum voll zu: Tee, Kaffee, Fruchtsaft, Bacon, W\u00fcrstli, Black Pudding, scrambled-, fried-, boiled eggs Eier, M\u00fcsli, Porridge, Kompott, Toast, K\u00e4se, Schinken&#8230; (wieder zur\u00fcck in Reinach hat mir dann die Waage das Resultat gezeigt).<\/span><\/span><\/p>\n<\/td>\n<\/tr>\n<tr class=\"-R\">\n<td class=\"-C\" style=\"width: 262.8pt; background-color: transparent;\">\n<p class=\"Normal-P\" style=\"margin-bottom: 6pt; text-align: justify; text-justify: inter-ideograph; direction: ltr; unicode-bidi: normal;\"><span class=\"Normal-H\"><span style=\"font-size: 11pt;\"><img decoding=\"async\" src=\"http:\/\/www.adrianwood.ch\/wp-content\/uploads\/2017\/04\/1491148700_image1.jpeg\" data-link=\"\" width=\"310px       \" height=\"231px       \"><\/span><\/span><\/p>\n<\/td>\n<td class=\"-C\" style=\"width: 245.85pt; background-color: transparent;\">\n<p class=\"Normal-P\" style=\"margin-bottom: 6pt; text-align: justify; text-justify: inter-ideograph; direction: ltr; unicode-bidi: normal;\"><span class=\"Normal-H\"><span style=\"font-size: 11pt;\"><img decoding=\"async\" src=\"http:\/\/www.adrianwood.ch\/wp-content\/uploads\/2017\/04\/1491148700_image2.jpeg\" data-link=\"\" width=\"313px       \" height=\"236px       \"><\/span><\/span><\/p>\n<\/td>\n<\/tr>\n<tr class=\"-R\">\n<td class=\"-C\" style=\"width: 508.65pt; background-color: transparent;\" colspan=\"2\">\n<p class=\"Normal-P\" style=\"margin-bottom: 6pt; text-align: justify; text-justify: inter-ideograph; direction: ltr; unicode-bidi: normal;\"><span class=\"Normal-H\"><span style=\"font-size: 11pt;\">Kurz nach 9:30 steht der Bus da, das Gep\u00e4ck wird eingeladen und ab geht&#8217;s Richtung Nord, entlang dem Ullswater, vorbei am Aira Force Wasserfall nach Penrith. Hier gibt&#8217;s einen Stop f\u00fcr einen kurzen Stadtrundgang und wir fahren weiter nach Little Salkeld. <\/span><\/span><\/p>\n<\/td>\n<\/tr>\n<tr class=\"-R\">\n<td class=\"-C\" style=\"width: 262.8pt; background-color: transparent;\">\n<p class=\"Normal-P\" style=\"margin-bottom: 6pt; text-align: justify; text-justify: inter-ideograph; direction: ltr; unicode-bidi: normal;\"><span class=\"Normal-H\"><span style=\"font-size: 11pt;\"><img decoding=\"async\" src=\"http:\/\/www.adrianwood.ch\/wp-content\/uploads\/2017\/04\/1491148700_image3.jpeg\" data-link=\"\" width=\"310px       \" height=\"232px       \"><\/span><\/span><\/p>\n<\/td>\n<td class=\"-C\" style=\"width: 245.85pt; background-color: transparent;\">\n<p class=\"Normal-P\" style=\"margin-bottom: 6pt; text-align: justify; text-justify: inter-ideograph; direction: ltr; unicode-bidi: normal;\"><span class=\"Normal-H\"><span style=\"font-size: 11pt;\"><img decoding=\"async\" src=\"http:\/\/www.adrianwood.ch\/wp-content\/uploads\/2017\/04\/1491148700_image4.jpeg\" data-link=\"\" width=\"313px       \" height=\"236px       \"><\/span><\/span><\/p>\n<\/td>\n<\/tr>\n<tr class=\"-R\">\n<td class=\"-C\" style=\"width: 508.65pt; background-color: transparent;\" colspan=\"2\">\n<p class=\"Normal-P\" style=\"margin-bottom: 6pt; text-align: justify; text-justify: inter-ideograph; direction: ltr; unicode-bidi: normal;\"><span class=\"Normal-H\"><span style=\"font-size: 11pt;\">Dort steht eine im 18. Jhd. gebaute Wasserm\u00fchle, auf der fr\u00fcher f\u00fcr die kleinen Bauernh\u00f6fe der Region Getreide, speziell Hafer, gemahlen wurde. Sie musste wegen ver\u00e4nderter Landwirtschaft und den Grossm\u00fchlen nach dem zweiten Weltkrieg den Betrieb praktisch einstellen, wurde aber 1975 von Idealisten instand gestellt, ist heute wieder voll im Betrieb und verarbeitet 40 &#8211; 50 t pro Jahr. Allerdings kommt das Getreide nicht mehr aus der Region sondern weitgehend aus dem S\u00fcden Englands (weil es Biogetreide sein muss \u2013 &#8220;organic&#8221;). Die hochinteressante F\u00fchrung machte mir richtig klar, dass Getreide mahlen nicht einfach &#8220;K\u00f6rner einf\u00fcllen, M\u00fchle starten, Mehl abf\u00fcllen&#8221; ist sondern eine hohe Kunst, die auf Getreidesorte, -qualit\u00e4t, Verwendungszweck und&#8230;und&#8230; mit viel Fingerspitzengef\u00fchl reagiert.<\/span><\/span><\/p>\n<p class=\"Normal-P\" style=\"margin-bottom: 6pt; text-align: justify; text-justify: inter-ideograph; direction: ltr; unicode-bidi: normal;\"><span class=\"Normal-H\"><span style=\"font-size: 11pt;\">An die M\u00fchle angeschlossen ist ein Tearoom in dem wir anschliessend die &#8220;Organic-&#8221; und &#8220;Biodynamic-&#8221; Produkte in Form von Soup, Quiche, Scones, Flapjacks geniessen oder im L\u00e4deli kaufen konnten.<\/span><\/span><\/p>\n<\/td>\n<\/tr>\n<tr class=\"-R\">\n<td class=\"-C\" style=\"width: 262.8pt; background-color: transparent;\">\n<p class=\"Normal-P\" style=\"margin-bottom: 6pt; text-align: justify; text-justify: inter-ideograph; direction: ltr; unicode-bidi: normal;\"><span class=\"Normal-H\"><span style=\"font-size: 11pt;\"><img decoding=\"async\" src=\"http:\/\/www.adrianwood.ch\/wp-content\/uploads\/2017\/04\/1491148700_image5.jpeg\" data-link=\"\" width=\"336px       \" height=\"224px       \"><\/span><\/span><\/p>\n<\/td>\n<td class=\"-C\" style=\"width: 245.85pt; background-color: transparent;\">\n<p class=\"Normal-P\" style=\"margin-bottom: 6pt; text-align: justify; text-justify: inter-ideograph; direction: ltr; unicode-bidi: normal;\"><span class=\"Normal-H\"><span style=\"font-size: 11pt;\"><img decoding=\"async\" src=\"http:\/\/www.adrianwood.ch\/wp-content\/uploads\/2017\/04\/1491148700_image6.jpeg\" data-link=\"\" width=\"341px       \" height=\"228px       \"><\/span><\/span><\/p>\n<\/td>\n<\/tr>\n<tr class=\"-R\">\n<td class=\"-C\" style=\"width: 508.65pt; background-color: transparent;\" colspan=\"2\">\n<p class=\"Normal-P\" style=\"margin-bottom: 6pt; text-align: justify; text-justify: inter-ideograph; direction: ltr; unicode-bidi: normal;\"><span class=\"Normal-H\"><span style=\"font-size: 11pt;\">Die n\u00e4chste Sehensw\u00fcrdigkeit, die uns Adrian bot, war &#8220;<\/span><span style=\"font-size: 11pt;\">Long Meg and Her Daughters&#8221; (<\/span><a href=\"http:\/\/en\" target=\"\">http:\/\/en<\/a><span style=\"font-size: 11pt;\">. wikipedia.org\/wiki\/Long_Meg_and_Her_Daughter), ein Steinkreis aus der Bronzezeit, der, der \u00dcberlieferung nach, eine Hexengruppe ist, die von einem Zauberer versteinert wurde. Der Kreis ist gross, nicht sehr \u00fcbersichtlich, und als ich so auf dem Gras sitzend &#8211; an den gr\u00f6sssten Stein gelehnt &#8211; dachte, dass ich gerne ein Foto von oben machen w\u00fcrde, h\u00f6rte ich eine leise Stimme: &#8220;Your wish is granted&#8221; und sp\u00fcrte wie zwei H\u00e4nde mich sanft in die Luft hoben, hoch hinauf trugen und&#8230;&#8230; so entstand das Foto.<\/span><\/span><\/p>\n<p class=\"Normal-P\" style=\"margin-bottom: 6pt; text-align: justify; text-justify: inter-ideograph; direction: ltr; unicode-bidi: normal;\"><span class=\"Normal-H\"><span style=\"font-size: 11pt;\">Diese Hilfe hat wahrscheinlich auch unser Buschauffeur gehabt, der weit, weit auf der einspurigen Strasse r\u00fcckwarts fahren musste, weil bei der Meg kein Wendeplatz war. Er brachte uns auch sicher zum Bahnhof von Langwathby, wo wir in die ber\u00fchmte &#8220;Settle-Carlisle Railway&#8221; stiegen (http:\/\/www.visitcumbria.com \/carlset\/history.htm). Vor der Abfahrt legten aber alle noch einen kleinen sportlichen Sprint ein, denn kurz vor Eintreffen des Zuges realisierten wir, dass wir auf der falschen Seite des Bahnhofs warteten. Einer von uns machte die Strecke sogar 2mal &#8211; 1x ohne, 1x mit Rucksack!<\/span><\/span><\/p>\n<\/td>\n<\/tr>\n<tr class=\"-R\">\n<td class=\"-C\" style=\"width: 262.8pt; background-color: transparent;\">\n<p class=\"Normal-P\" style=\"margin-top: 6pt; margin-bottom: 6pt; text-align: justify; text-justify: inter-ideograph; direction: ltr; unicode-bidi: normal;\"><span class=\"Normal-H\"><span style=\"font-size: 11pt;\"><img decoding=\"async\" src=\"http:\/\/www.adrianwood.ch\/wp-content\/uploads\/2017\/04\/1491148700_image7.jpeg\" data-link=\"\" width=\"313px       \" height=\"236px       \"><\/span><\/span><\/p>\n<\/td>\n<td class=\"-C\" style=\"width: 245.85pt; background-color: transparent;\">\n<p class=\"Normal-P\" style=\"margin-top: 6pt; margin-bottom: 6pt; text-align: justify; text-justify: inter-ideograph; direction: ltr; unicode-bidi: normal;\"><span class=\"Normal-H\"><span style=\"font-size: 11pt;\"><img decoding=\"async\" src=\"http:\/\/www.adrianwood.ch\/wp-content\/uploads\/2017\/04\/1491148700_image8.jpeg\" data-link=\"\" width=\"325px       \" height=\"245px       \"><\/span><\/span><\/p>\n<\/td>\n<\/tr>\n<tr class=\"-R\">\n<td class=\"-C\" style=\"width: 508.65pt; background-color: transparent;\" colspan=\"2\">\n<p class=\"Normal-P\" style=\"margin-bottom: 6pt; text-align: justify; text-justify: inter-ideograph; direction: ltr; unicode-bidi: normal;\"><span class=\"Normal-H\"><span style=\"font-size: 11pt;\">Der Zug hatte f\u00fcr uns reservierte Pl\u00e4tze, ein Buffetw\u00e4geli und einen Reisebegleiter, der uns \u00fcber die Geschichte der Bahn informierte und auf die Sehensw\u00fcrdigkeiten aufmerksam machte. Und von denen gab es jede Menge: die verrostete Dampfloki in Appleby, den treuen Hund von Garsdale (http:\/\/ruswarp.blogspot.com\/2008\/03\/ruswarp-story-and-sculpture.html), Dent Station: &#8220;The highest Main Line Station in England, 1150 feet above sea level&#8221;, das Viadukt bei Ribblehead und den Bergr\u00fccken Pen-y-ghent, den wir \u00fcbermorgen besteigen werden.<\/span><\/span><\/p>\n<p class=\"Normal-P\" style=\"margin-bottom: 6pt; text-align: justify; text-justify: inter-ideograph; direction: ltr; unicode-bidi: normal;\"><span class=\"Normal-H\"><span style=\"font-size: 11pt;\">Kurz vor 16 Uhr erreichten wir Settle, liefen zu unserem Hotel, dem &#8220;Golden Lion&#8221;, ein sehr stilvoller ca. 1640 entstandene Bau, wo uns ein italienischer Kellner mit viel Show die Zimmerschl\u00fcssel \u00fcberreichte&#8230;&#8230;Und dann zogen alle eigene Individualprogramme durch. Ich selber spazierte (kletterte nicht) auf den Castleberg Rock, einen beflaggten Kletterfelsen mit 24 Routen !, der eine grossartige Aussicht auf das Ribble-Tal bot.<\/span><\/span><\/p>\n<p class=\"Normal-P\" style=\"margin-bottom: 6pt; text-align: justify; text-justify: inter-ideograph; direction: ltr; unicode-bidi: normal;\"><span class=\"Normal-H\"><span style=\"font-size: 11pt;\">Und dann &#8230;eine Pint in der Hotelbar &#8230; und dann&#8230;&#8230; tiefer Schlaf&#8230;&#8230;.bis 5:30!!<\/span><\/span><\/p>\n<p class=\"Normal-P\" style=\"margin-bottom: 6pt; text-align: justify; text-justify: inter-ideograph; direction: ltr; unicode-bidi: normal;\"><span class=\"Normal-H\"><span style=\"font-size: 11pt;\">Es war ein toller Tag, merci viiielmoool Adrian. <\/span><\/span><\/p>\n<p class=\"Normal-P\" style=\"margin-bottom: 6pt; text-align: justify; text-justify: inter-ideograph; direction: ltr; unicode-bidi: normal;\"><span class=\"Normal-H\"><span style=\"font-size: 11pt;\">Bert<\/span><\/span><\/p>\n<\/td>\n<\/tr>\n<p><!-- [if !supportMisalignedColumns]--><\/tbody>\n<\/table>\n<\/div>\n","protected":false},"excerpt":{"rendered":"<p>16 Mai, Glenridding-Penrith-Little Salkeld-Long Meg-Langwathby-Settle. Heute ist Reisetag angesagt. Wir z\u00fcgeln aus dem Lake District (war wundersch\u00f6n) in die Yorkshire Dales (wird wundersch\u00f6n). Aber wir werden nicht nur im Bus von Glenridding nach Settle kutschiert werden, sondern Adrian hat f\u00fcr uns noch einige Besonderheiten vorgesehen. Aber nun der Reihe nach&#8230; Nach einer ruhigen Nacht (in &hellip; <a href=\"https:\/\/www.adrianwood.ch\/?page_id=694\" class=\"more-link\">Continue reading <span class=\"screen-reader-text\">05-16 Little Salkeld<\/span> <span class=\"meta-nav\">&rarr;<\/span><\/a><\/p>\n","protected":false},"author":1,"featured_media":0,"parent":159,"menu_order":2371,"comment_status":"closed","ping_status":"closed","template":"","meta":{"ngg_post_thumbnail":0,"footnotes":""},"class_list":["post-694","page","type-page","status-publish","hentry"],"_links":{"self":[{"href":"https:\/\/www.adrianwood.ch\/index.php?rest_route=\/wp\/v2\/pages\/694","targetHints":{"allow":["GET"]}}],"collection":[{"href":"https:\/\/www.adrianwood.ch\/index.php?rest_route=\/wp\/v2\/pages"}],"about":[{"href":"https:\/\/www.adrianwood.ch\/index.php?rest_route=\/wp\/v2\/types\/page"}],"author":[{"embeddable":true,"href":"https:\/\/www.adrianwood.ch\/index.php?rest_route=\/wp\/v2\/users\/1"}],"replies":[{"embeddable":true,"href":"https:\/\/www.adrianwood.ch\/index.php?rest_route=%2Fwp%2Fv2%2Fcomments&post=694"}],"version-history":[{"count":3,"href":"https:\/\/www.adrianwood.ch\/index.php?rest_route=\/wp\/v2\/pages\/694\/revisions"}],"predecessor-version":[{"id":11929,"href":"https:\/\/www.adrianwood.ch\/index.php?rest_route=\/wp\/v2\/pages\/694\/revisions\/11929"}],"up":[{"embeddable":true,"href":"https:\/\/www.adrianwood.ch\/index.php?rest_route=\/wp\/v2\/pages\/159"}],"wp:attachment":[{"href":"https:\/\/www.adrianwood.ch\/index.php?rest_route=%2Fwp%2Fv2%2Fmedia&parent=694"}],"curies":[{"name":"wp","href":"https:\/\/api.w.org\/{rel}","templated":true}]}}