{"id":7061,"date":"2016-05-11T07:51:43","date_gmt":"2016-05-11T07:51:43","guid":{"rendered":"http:\/\/www.adrianwood.ch\/?page_id=7061"},"modified":"2017-12-11T15:08:40","modified_gmt":"2017-12-11T15:08:40","slug":"2016-04-lanzarote","status":"publish","type":"page","link":"https:\/\/www.adrianwood.ch\/?page_id=7061","title":{"rendered":"2016 04 Lanzarote"},"content":{"rendered":"<figure id=\"attachment_7062\" aria-describedby=\"caption-attachment-7062\" style=\"width: 730px\" class=\"wp-caption alignnone\"><a href=\"http:\/\/www.adrianwood.ch\/wp-content\/uploads\/2016\/05\/LAN_0551_r7.jpg\"><img loading=\"lazy\" decoding=\"async\" class=\"size-full wp-image-7062\" src=\"http:\/\/www.adrianwood.ch\/wp-content\/uploads\/2016\/05\/LAN_0551_r7.jpg\" alt=\"Blick auf La Graciosa vom Risco de Famara\" height=\"487\" width=\"730\" srcset=\"https:\/\/www.adrianwood.ch\/wp-content\/uploads\/2016\/05\/LAN_0551_r7.jpg 730w, https:\/\/www.adrianwood.ch\/wp-content\/uploads\/2016\/05\/LAN_0551_r7-300x200.jpg 300w\" sizes=\"auto, (max-width: 730px) 100vw, 730px\" \/><\/a><figcaption id=\"caption-attachment-7062\" class=\"wp-caption-text\">Blick auf La Graciosa vom Risco de Famara<\/figcaption><\/figure>\n<h2 style=\"text-align: justify;\"><strong>Vulkaninsel Lanzarote, die bizarrste der Kanaren<\/strong><\/h2>\n<h2 style=\"text-align: justify;\"><strong>Samstag, 9.April, Ankunft und Ueberblick<\/strong><\/h2>\n<p style=\"text-align: justify;\">Beim Anflug auf Lanzarote sah ich ein Land, das ich nur als &#8216;w\u00fcst und leer&#8217; beschreiben konnte. Im S\u00fcden, auf Lanzarote, wo selten Regen niedergeht, und wenn doch, dann ergiesst sich das kostbare Nass in reissenden B\u00e4chen \u00fcber das Land, k\u00f6nnen nur speziell-angepasste Pflanzen gedeihen. Die dunkle, schroffe Kargheit der Lava-Formation gibt der Landschaft ein skurriles Aussehen.<\/p>\n<p style=\"text-align: justify;\">Nach der Landung in Arrecife fuhren wir zu unserem Urlaubsdomizil, Costa Teguise, ein ab Mitte der 60er Jahre entstandener Ferienort im S\u00fcd-Osten gelegen. Die Unterkunft lag direkt am Meer und ich konnte morgens mit der ersten Tasse Kaffee auf dem Balkon den Sonnenaufgang geniessen, die eifrigen Jogger auf der Promenade von Costa Teguise sehen und h\u00f6ren.<\/p>\n<p style=\"text-align: justify;\">Es ging t\u00e4glich per Mietauto zum Ausgangspunkt der jeweiligen Wanderungen, manchmal mit einem lokalen Wanderf\u00fchrer und manchmal auf eigene Faust.<\/p>\n<p style=\"text-align: justify;\">Lanzarote beeindruckt mit einem unglaublichen Farbenspiel in den kontrastreichen Vulkanlandschaften. Man wandert \u00fcber dunkelgraue und rotbraune Lavafl\u00e4chen, die im steten Wechsel mit den Kraterst\u00fcmpfen der Ausbr\u00fcche um 1730 stehen. Erstarrte Lavabomben im Mal Pais wechseln sich ab mit den im Lapilli stehenden Weinreben des Anbaugebietes von La Geria. Von den Anh\u00f6hen der Risco de Famaraoffenbaren sich traumhafte Ausblicke auf die Inseln La Graciosa, Monta\u00f1a Clara und Alegranza, die im Atlantik schimmern. Wesentlich zur Erhaltung der Natursch\u00f6nheiten der Insel beigetragen hat der K\u00fcnstler C\u00e9sar Manrique, dessen Einfluss durch Bauwerke wie Museen und Miradores \u00fcber die ganze Insel verstreut sind. Als H\u00f6hepunkte dieser von Lava geformten Insel waren die Wanderungen im Anblick der Feuerberge bei Timanfaya Nationalpark, die Bootstour nach Graciosa und der Aussicht von Monte Corona und der Risco de Famara.<\/p>\n<p style=\"text-align: justify;\">Obwohl die Insel eigentlich klein ist, reichte eine Woche nur um die wichtigsten Sehensw\u00fcrdigkeiten zu erkunden. Die Zeit verflog wie im Traum und viel zu fr\u00fch hiess es Abschiednehmen.<\/p>\n<p style=\"text-align: justify;\">Beim Blick aus dem Flieger nach dem Start sah die Insel dann f\u00fcr mich anders aus, ich habe ihre Sch\u00f6nheit verinnerlicht.<\/p>\n<h3 style=\"text-align: justify;\"><a href=\"http:\/\/www.adrianwood.ch\/?page_id=7432\">Inhalt \/ Contents<\/a><\/h3>\n<p style=\"text-align: justify;\"><!-- default-view.php -->\n<div\n\tclass=\"ngg-galleryoverview default-view\n\t ngg-ajax-pagination-none\t\"\n\tid=\"ngg-gallery-77d9726b38c82f5a9014cf5dfd0e0f65-1\"\n\tdata-nextgen-gallery-id=\"291\"\n\tdata-gallery-id=\"291\"\n\t\tdata-gallery-name=\"lanzarote01\"\n\t>\n\n\t\t<!-- Thumbnails -->\n\t\t\t\t<div id=\"ngg-image-0\" class=\"ngg-gallery-thumbnail-box\n\t\t\t\t\t\t\t\tngg-6-columns\t\t\t\"\n\t\t\t>\n\t\t\t\t\t\t<div class=\"ngg-gallery-thumbnail\">\n\t\t<a href=\"https:\/\/www.adrianwood.ch\/wp-content\/gallery\/lanzarote01\/GC1_0002.jpg?t=1776951456\"\n\t\t\ttitle=\"\"\n\t\t\tdata-src=\"https:\/\/www.adrianwood.ch\/wp-content\/gallery\/lanzarote01\/GC1_0002.jpg?t=1776951456\"\n\t\t\tdata-thumbnail=\"https:\/\/www.adrianwood.ch\/wp-content\/gallery\/lanzarote01\/thumbs\/thumbs_GC1_0002.jpg?t=1776951456\"\n\t\t\tdata-image-id=\"8164\"\n\t\t\tdata-image-name=\"GC1_0002.jpg\"\n\t\t\tdata-title=\"GC1_0002\"\n\t\t\tdata-description=\"\"\n\t\t\tdata-image-slug=\"gc1_0002\"\n\t\t\t\t\t\t\t\t\t\t\t\t\t\t\t\t\t\t\t\tclass=\"ngg-fancybox\" rel=\"77d9726b38c82f5a9014cf5dfd0e0f65\">\n\t\t\t\t\t\t\t\t<img\n\t\t\t\t\ttitle=\"GC1_0002\"\n\t\t\t\t\talt=\"GC1_0002\"\n\t\t\t\t\tsrc=\"https:\/\/www.adrianwood.ch\/wp-content\/gallery\/lanzarote01\/cache\/GC1_0002.jpg-nggid048164-ngg0dyn-240x160x100-00f0w010c010r110f110r010t010.jpg?t=1776951456\"\n\t\t\t\t\twidth=\"240\"\n\t\t\t\t\theight=\"160\"\n\t\t\t\t\tstyle=\"max-width:100%;\"\n\t\t\t\t\/>\n\t\t\t<\/a>\n\t\t<\/div>\n\t\t\t\t\t\t\t<\/div>\n\t\t\t\n\t\t\t\t<div id=\"ngg-image-1\" class=\"ngg-gallery-thumbnail-box\n\t\t\t\t\t\t\t\tngg-6-columns\t\t\t\"\n\t\t\t>\n\t\t\t\t\t\t<div class=\"ngg-gallery-thumbnail\">\n\t\t<a href=\"https:\/\/www.adrianwood.ch\/wp-content\/gallery\/lanzarote01\/GC1_0003.jpg?t=1776951457\"\n\t\t\ttitle=\"\"\n\t\t\tdata-src=\"https:\/\/www.adrianwood.ch\/wp-content\/gallery\/lanzarote01\/GC1_0003.jpg?t=1776951457\"\n\t\t\tdata-thumbnail=\"https:\/\/www.adrianwood.ch\/wp-content\/gallery\/lanzarote01\/thumbs\/thumbs_GC1_0003.jpg?t=1776951457\"\n\t\t\tdata-image-id=\"8165\"\n\t\t\tdata-image-name=\"GC1_0003.jpg\"\n\t\t\tdata-title=\"GC1_0003\"\n\t\t\tdata-description=\"\"\n\t\t\tdata-image-slug=\"gc1_0003-1\"\n\t\t\t\t\t\t\t\t\t\t\t\t\t\t\t\t\t\t\t\tclass=\"ngg-fancybox\" rel=\"77d9726b38c82f5a9014cf5dfd0e0f65\">\n\t\t\t\t\t\t\t\t<img\n\t\t\t\t\ttitle=\"GC1_0003\"\n\t\t\t\t\talt=\"GC1_0003\"\n\t\t\t\t\tsrc=\"https:\/\/www.adrianwood.ch\/wp-content\/gallery\/lanzarote01\/cache\/GC1_0003.jpg-nggid048165-ngg0dyn-240x160x100-00f0w010c010r110f110r010t010.jpg?t=1776951457\"\n\t\t\t\t\twidth=\"240\"\n\t\t\t\t\theight=\"160\"\n\t\t\t\t\tstyle=\"max-width:100%;\"\n\t\t\t\t\/>\n\t\t\t<\/a>\n\t\t<\/div>\n\t\t\t\t\t\t\t<\/div>\n\t\t\t\n\t\t\t\t<div id=\"ngg-image-2\" class=\"ngg-gallery-thumbnail-box\n\t\t\t\t\t\t\t\tngg-6-columns\t\t\t\"\n\t\t\t>\n\t\t\t\t\t\t<div class=\"ngg-gallery-thumbnail\">\n\t\t<a href=\"https:\/\/www.adrianwood.ch\/wp-content\/gallery\/lanzarote01\/LAN_0002.jpg?t=1776951457\"\n\t\t\ttitle=\"\"\n\t\t\tdata-src=\"https:\/\/www.adrianwood.ch\/wp-content\/gallery\/lanzarote01\/LAN_0002.jpg?t=1776951457\"\n\t\t\tdata-thumbnail=\"https:\/\/www.adrianwood.ch\/wp-content\/gallery\/lanzarote01\/thumbs\/thumbs_LAN_0002.jpg?t=1776951457\"\n\t\t\tdata-image-id=\"8166\"\n\t\t\tdata-image-name=\"LAN_0002.jpg\"\n\t\t\tdata-title=\"LAN_0002\"\n\t\t\tdata-description=\"\"\n\t\t\tdata-image-slug=\"lan_0002-1\"\n\t\t\t\t\t\t\t\t\t\t\t\t\t\t\t\t\t\t\t\tclass=\"ngg-fancybox\" rel=\"77d9726b38c82f5a9014cf5dfd0e0f65\">\n\t\t\t\t\t\t\t\t<img\n\t\t\t\t\ttitle=\"LAN_0002\"\n\t\t\t\t\talt=\"LAN_0002\"\n\t\t\t\t\tsrc=\"https:\/\/www.adrianwood.ch\/wp-content\/gallery\/lanzarote01\/cache\/LAN_0002.jpg-nggid048166-ngg0dyn-240x160x100-00f0w010c010r110f110r010t010.jpg?t=1776951457\"\n\t\t\t\t\twidth=\"240\"\n\t\t\t\t\theight=\"160\"\n\t\t\t\t\tstyle=\"max-width:100%;\"\n\t\t\t\t\/>\n\t\t\t<\/a>\n\t\t<\/div>\n\t\t\t\t\t\t\t<\/div>\n\t\t\t\n\t\t\t\t<div id=\"ngg-image-3\" class=\"ngg-gallery-thumbnail-box\n\t\t\t\t\t\t\t\tngg-6-columns\t\t\t\"\n\t\t\t>\n\t\t\t\t\t\t<div class=\"ngg-gallery-thumbnail\">\n\t\t<a href=\"https:\/\/www.adrianwood.ch\/wp-content\/gallery\/lanzarote01\/LAN_0082.jpg?t=1776953393\"\n\t\t\ttitle=\"\"\n\t\t\tdata-src=\"https:\/\/www.adrianwood.ch\/wp-content\/gallery\/lanzarote01\/LAN_0082.jpg?t=1776953393\"\n\t\t\tdata-thumbnail=\"https:\/\/www.adrianwood.ch\/wp-content\/gallery\/lanzarote01\/thumbs\/thumbs_LAN_0082.jpg?t=1776953393\"\n\t\t\tdata-image-id=\"8167\"\n\t\t\tdata-image-name=\"LAN_0082.jpg\"\n\t\t\tdata-title=\"LAN_0082\"\n\t\t\tdata-description=\"\"\n\t\t\tdata-image-slug=\"lan_0082-1\"\n\t\t\t\t\t\t\t\t\t\t\t\t\t\t\t\t\t\t\t\tclass=\"ngg-fancybox\" rel=\"77d9726b38c82f5a9014cf5dfd0e0f65\">\n\t\t\t\t\t\t\t\t<img\n\t\t\t\t\ttitle=\"LAN_0082\"\n\t\t\t\t\talt=\"LAN_0082\"\n\t\t\t\t\tsrc=\"https:\/\/www.adrianwood.ch\/wp-content\/gallery\/lanzarote01\/cache\/LAN_0082.jpg-nggid048167-ngg0dyn-240x160x100-00f0w010c010r110f110r010t010.jpg?t=1776953393\"\n\t\t\t\t\twidth=\"240\"\n\t\t\t\t\theight=\"160\"\n\t\t\t\t\tstyle=\"max-width:100%;\"\n\t\t\t\t\/>\n\t\t\t<\/a>\n\t\t<\/div>\n\t\t\t\t\t\t\t<\/div>\n\t\t\t\n\t\t\t\t<div id=\"ngg-image-4\" class=\"ngg-gallery-thumbnail-box\n\t\t\t\t\t\t\t\tngg-6-columns\t\t\t\"\n\t\t\t>\n\t\t\t\t\t\t<div class=\"ngg-gallery-thumbnail\">\n\t\t<a href=\"https:\/\/www.adrianwood.ch\/wp-content\/gallery\/lanzarote01\/LAN_0083.jpg?t=1776951474\"\n\t\t\ttitle=\"\"\n\t\t\tdata-src=\"https:\/\/www.adrianwood.ch\/wp-content\/gallery\/lanzarote01\/LAN_0083.jpg?t=1776951474\"\n\t\t\tdata-thumbnail=\"https:\/\/www.adrianwood.ch\/wp-content\/gallery\/lanzarote01\/thumbs\/thumbs_LAN_0083.jpg?t=1776951474\"\n\t\t\tdata-image-id=\"8168\"\n\t\t\tdata-image-name=\"LAN_0083.jpg\"\n\t\t\tdata-title=\"LAN_0083\"\n\t\t\tdata-description=\"\"\n\t\t\tdata-image-slug=\"lan_0083-1\"\n\t\t\t\t\t\t\t\t\t\t\t\t\t\t\t\t\t\t\t\tclass=\"ngg-fancybox\" rel=\"77d9726b38c82f5a9014cf5dfd0e0f65\">\n\t\t\t\t\t\t\t\t<img\n\t\t\t\t\ttitle=\"LAN_0083\"\n\t\t\t\t\talt=\"LAN_0083\"\n\t\t\t\t\tsrc=\"https:\/\/www.adrianwood.ch\/wp-content\/gallery\/lanzarote01\/cache\/LAN_0083.jpg-nggid048168-ngg0dyn-240x160x100-00f0w010c010r110f110r010t010.jpg?t=1776951474\"\n\t\t\t\t\twidth=\"240\"\n\t\t\t\t\theight=\"160\"\n\t\t\t\t\tstyle=\"max-width:100%;\"\n\t\t\t\t\/>\n\t\t\t<\/a>\n\t\t<\/div>\n\t\t\t\t\t\t\t<\/div>\n\t\t\t\n\t\t\t\t<div id=\"ngg-image-5\" class=\"ngg-gallery-thumbnail-box\n\t\t\t\t\t\t\t\tngg-6-columns\t\t\t\"\n\t\t\t>\n\t\t\t\t\t\t<div class=\"ngg-gallery-thumbnail\">\n\t\t<a href=\"https:\/\/www.adrianwood.ch\/wp-content\/gallery\/lanzarote01\/LAN_0086.jpg?t=1776951471\"\n\t\t\ttitle=\"\"\n\t\t\tdata-src=\"https:\/\/www.adrianwood.ch\/wp-content\/gallery\/lanzarote01\/LAN_0086.jpg?t=1776951471\"\n\t\t\tdata-thumbnail=\"https:\/\/www.adrianwood.ch\/wp-content\/gallery\/lanzarote01\/thumbs\/thumbs_LAN_0086.jpg?t=1776951471\"\n\t\t\tdata-image-id=\"8169\"\n\t\t\tdata-image-name=\"LAN_0086.jpg\"\n\t\t\tdata-title=\"LAN_0086\"\n\t\t\tdata-description=\"\"\n\t\t\tdata-image-slug=\"lan_0086-1\"\n\t\t\t\t\t\t\t\t\t\t\t\t\t\t\t\t\t\t\t\tclass=\"ngg-fancybox\" rel=\"77d9726b38c82f5a9014cf5dfd0e0f65\">\n\t\t\t\t\t\t\t\t<img\n\t\t\t\t\ttitle=\"LAN_0086\"\n\t\t\t\t\talt=\"LAN_0086\"\n\t\t\t\t\tsrc=\"https:\/\/www.adrianwood.ch\/wp-content\/gallery\/lanzarote01\/cache\/LAN_0086.jpg-nggid048169-ngg0dyn-240x160x100-00f0w010c010r110f110r010t010.jpg?t=1776951471\"\n\t\t\t\t\twidth=\"240\"\n\t\t\t\t\theight=\"160\"\n\t\t\t\t\tstyle=\"max-width:100%;\"\n\t\t\t\t\/>\n\t\t\t<\/a>\n\t\t<\/div>\n\t\t\t\t\t\t\t<\/div>\n\t\t\t\n\t\t\t\t<div id=\"ngg-image-6\" class=\"ngg-gallery-thumbnail-box\n\t\t\t\t\t\t\t\tngg-6-columns\t\t\t\"\n\t\t\t>\n\t\t\t\t\t\t<div class=\"ngg-gallery-thumbnail\">\n\t\t<a href=\"https:\/\/www.adrianwood.ch\/wp-content\/gallery\/lanzarote01\/LAN_0130a.jpg?t=1776951490\"\n\t\t\ttitle=\"\"\n\t\t\tdata-src=\"https:\/\/www.adrianwood.ch\/wp-content\/gallery\/lanzarote01\/LAN_0130a.jpg?t=1776951490\"\n\t\t\tdata-thumbnail=\"https:\/\/www.adrianwood.ch\/wp-content\/gallery\/lanzarote01\/thumbs\/thumbs_LAN_0130a.jpg?t=1776951490\"\n\t\t\tdata-image-id=\"8182\"\n\t\t\tdata-image-name=\"LAN_0130a.jpg\"\n\t\t\tdata-title=\"LAN_0130a\"\n\t\t\tdata-description=\"\"\n\t\t\tdata-image-slug=\"lan_0130a-1\"\n\t\t\t\t\t\t\t\t\t\t\t\t\t\t\t\t\t\t\t\tclass=\"ngg-fancybox\" rel=\"77d9726b38c82f5a9014cf5dfd0e0f65\">\n\t\t\t\t\t\t\t\t<img\n\t\t\t\t\ttitle=\"LAN_0130a\"\n\t\t\t\t\talt=\"LAN_0130a\"\n\t\t\t\t\tsrc=\"https:\/\/www.adrianwood.ch\/wp-content\/gallery\/lanzarote01\/cache\/LAN_0130a.jpg-nggid048182-ngg0dyn-240x160x100-00f0w010c010r110f110r010t010.jpg?t=1776951490\"\n\t\t\t\t\twidth=\"240\"\n\t\t\t\t\theight=\"160\"\n\t\t\t\t\tstyle=\"max-width:100%;\"\n\t\t\t\t\/>\n\t\t\t<\/a>\n\t\t<\/div>\n\t\t\t\t\t\t\t<\/div>\n\t\t\t\n\t\n\t<br style=\"clear: both\" \/>\n\n\t\t<div class=\"slideshowlink\">\n\t\t<a href='https:\/\/www.adrianwood.ch\/index.php\/nggallery\/slideshow?page_id=7061'>[Show slideshow]<\/a>\n\n\t<\/div>\n\t\n\t\t<!-- Pagination -->\n\t\t<div class='ngg-clear'><\/div>\t<\/div>\n<\/p>\n<p>Lanzarote<\/p>\n","protected":false},"excerpt":{"rendered":"<p>Vulkaninsel Lanzarote, die bizarrste der Kanaren Samstag, 9.April, Ankunft und Ueberblick Beim Anflug auf Lanzarote sah ich ein Land, das ich nur als &#8216;w\u00fcst und leer&#8217; beschreiben konnte. Im S\u00fcden, auf Lanzarote, wo selten Regen niedergeht, und wenn doch, dann ergiesst sich das kostbare Nass in reissenden B\u00e4chen \u00fcber das Land, k\u00f6nnen nur speziell-angepasste Pflanzen &hellip; <a href=\"https:\/\/www.adrianwood.ch\/?page_id=7061\" class=\"more-link\">Continue reading <span class=\"screen-reader-text\">2016 04 Lanzarote<\/span> <span class=\"meta-nav\">&rarr;<\/span><\/a><\/p>\n","protected":false},"author":1,"featured_media":7067,"parent":2800,"menu_order":365,"comment_status":"closed","ping_status":"closed","template":"","meta":{"ngg_post_thumbnail":0,"footnotes":""},"class_list":["post-7061","page","type-page","status-publish","has-post-thumbnail","hentry"],"_links":{"self":[{"href":"https:\/\/www.adrianwood.ch\/index.php?rest_route=\/wp\/v2\/pages\/7061","targetHints":{"allow":["GET"]}}],"collection":[{"href":"https:\/\/www.adrianwood.ch\/index.php?rest_route=\/wp\/v2\/pages"}],"about":[{"href":"https:\/\/www.adrianwood.ch\/index.php?rest_route=\/wp\/v2\/types\/page"}],"author":[{"embeddable":true,"href":"https:\/\/www.adrianwood.ch\/index.php?rest_route=\/wp\/v2\/users\/1"}],"replies":[{"embeddable":true,"href":"https:\/\/www.adrianwood.ch\/index.php?rest_route=%2Fwp%2Fv2%2Fcomments&post=7061"}],"version-history":[{"count":7,"href":"https:\/\/www.adrianwood.ch\/index.php?rest_route=\/wp\/v2\/pages\/7061\/revisions"}],"predecessor-version":[{"id":11129,"href":"https:\/\/www.adrianwood.ch\/index.php?rest_route=\/wp\/v2\/pages\/7061\/revisions\/11129"}],"up":[{"embeddable":true,"href":"https:\/\/www.adrianwood.ch\/index.php?rest_route=\/wp\/v2\/pages\/2800"}],"wp:featuredmedia":[{"embeddable":true,"href":"https:\/\/www.adrianwood.ch\/index.php?rest_route=\/wp\/v2\/media\/7067"}],"wp:attachment":[{"href":"https:\/\/www.adrianwood.ch\/index.php?rest_route=%2Fwp%2Fv2%2Fmedia&parent=7061"}],"curies":[{"name":"wp","href":"https:\/\/api.w.org\/{rel}","templated":true}]}}