{"id":7071,"date":"2016-05-11T08:04:58","date_gmt":"2016-05-11T08:04:58","guid":{"rendered":"http:\/\/www.adrianwood.ch\/?page_id=7071"},"modified":"2016-05-11T08:48:37","modified_gmt":"2016-05-11T08:48:37","slug":"04-10-costa-teguise","status":"publish","type":"page","link":"https:\/\/www.adrianwood.ch\/?page_id=7071","title":{"rendered":"04 10 Costa Teguise"},"content":{"rendered":"<figure id=\"attachment_7072\" aria-describedby=\"caption-attachment-7072\" style=\"width: 730px\" class=\"wp-caption alignnone\"><a href=\"http:\/\/www.adrianwood.ch\/wp-content\/uploads\/2016\/05\/LAN_0108_r7.jpg\"><img loading=\"lazy\" decoding=\"async\" class=\"size-full wp-image-7072\" src=\"http:\/\/www.adrianwood.ch\/wp-content\/uploads\/2016\/05\/LAN_0108_r7.jpg\" alt=\"Playa de las Cucharas in Costa Teguise\" width=\"730\" height=\"487\" srcset=\"https:\/\/www.adrianwood.ch\/wp-content\/uploads\/2016\/05\/LAN_0108_r7.jpg 730w, https:\/\/www.adrianwood.ch\/wp-content\/uploads\/2016\/05\/LAN_0108_r7-300x200.jpg 300w\" sizes=\"auto, (max-width: 730px) 100vw, 730px\" \/><\/a><figcaption id=\"caption-attachment-7072\" class=\"wp-caption-text\">Playa de las Cucharas in Costa Teguise<\/figcaption><\/figure>\n<h2><strong>Sonntag, 10.April, Costa Teguise<\/strong><\/h2>\n<p style=\"text-align: justify;\">Am ersten volle Tag nahmen wir bei einem Spaziergang sogleich ein Auge voll vom Umfeld um Costa Teguise. Der Weg f\u00fchrte vorbei an vielen, derzeit nicht bewohnten Ferienanlagen, Ressorts, kleinen Sandstr\u00e4nden und uns wurde klar, dass sich hier w\u00e4hrend der Saison Ferieng\u00e4ste ohne Zahl tummeln.<\/p>\n<p style=\"text-align: justify;\">Beim Hauptstrand Playa de las Cucharas auf einer vorgelagerten Mole steht gross, trotzig und eindrucksvoll die Plastik &#8216;Vater, Mutter Kind&#8217;, ein starkes Zeugnis der vielseitigen Arbeiten von C\u00e9sar Manrique, dem gefeierten K\u00fcnstler und Sohn von Lanzarote. Wir wanderten weiter der K\u00fcste entlang Richtung Las Cocoteros, aber kehrten bald um damit wir an einem der sch\u00f6nen flachen Str\u00e4nde baden konnten.<\/p>\n<p style=\"text-align: justify;\"><!-- default-view.php -->\n<div\n\tclass=\"ngg-galleryoverview default-view\n\t ngg-ajax-pagination-none\t\"\n\tid=\"ngg-gallery-f60b3fe1b46804c8bb56efa7fc612628-1\"\n\tdata-nextgen-gallery-id=\"292\"\n\tdata-gallery-id=\"292\"\n\t\tdata-gallery-name=\"lanzarote02\"\n\t>\n\n\t\t<!-- Thumbnails -->\n\t\t\t\t<div id=\"ngg-image-0\" class=\"ngg-gallery-thumbnail-box\n\t\t\t\t\t\t\t\tngg-6-columns\t\t\t\"\n\t\t\t>\n\t\t\t\t\t\t<div class=\"ngg-gallery-thumbnail\">\n\t\t<a href=\"https:\/\/www.adrianwood.ch\/wp-content\/gallery\/lanzarote02\/LAN_0087.jpg?t=1776951271\"\n\t\t\ttitle=\"\"\n\t\t\tdata-src=\"https:\/\/www.adrianwood.ch\/wp-content\/gallery\/lanzarote02\/LAN_0087.jpg?t=1776951271\"\n\t\t\tdata-thumbnail=\"https:\/\/www.adrianwood.ch\/wp-content\/gallery\/lanzarote02\/thumbs\/thumbs_LAN_0087.jpg?t=1776951271\"\n\t\t\tdata-image-id=\"8183\"\n\t\t\tdata-image-name=\"LAN_0087.jpg\"\n\t\t\tdata-title=\"LAN_0087\"\n\t\t\tdata-description=\"\"\n\t\t\tdata-image-slug=\"lan_0087-2\"\n\t\t\t\t\t\t\t\t\t\t\t\t\t\t\t\t\t\t\t\tclass=\"ngg-fancybox\" rel=\"f60b3fe1b46804c8bb56efa7fc612628\">\n\t\t\t\t\t\t\t\t<img\n\t\t\t\t\ttitle=\"LAN_0087\"\n\t\t\t\t\talt=\"LAN_0087\"\n\t\t\t\t\tsrc=\"https:\/\/www.adrianwood.ch\/wp-content\/gallery\/lanzarote02\/cache\/LAN_0087.jpg-nggid048183-ngg0dyn-240x160x100-00f0w010c010r110f110r010t010.jpg?t=1776951271\"\n\t\t\t\t\twidth=\"240\"\n\t\t\t\t\theight=\"160\"\n\t\t\t\t\tstyle=\"max-width:100%;\"\n\t\t\t\t\/>\n\t\t\t<\/a>\n\t\t<\/div>\n\t\t\t\t\t\t\t<\/div>\n\t\t\t\n\t\t\t\t<div id=\"ngg-image-1\" class=\"ngg-gallery-thumbnail-box\n\t\t\t\t\t\t\t\tngg-6-columns\t\t\t\"\n\t\t\t>\n\t\t\t\t\t\t<div class=\"ngg-gallery-thumbnail\">\n\t\t<a href=\"https:\/\/www.adrianwood.ch\/wp-content\/gallery\/lanzarote02\/LAN_0092.jpg?t=1776953389\"\n\t\t\ttitle=\"\"\n\t\t\tdata-src=\"https:\/\/www.adrianwood.ch\/wp-content\/gallery\/lanzarote02\/LAN_0092.jpg?t=1776953389\"\n\t\t\tdata-thumbnail=\"https:\/\/www.adrianwood.ch\/wp-content\/gallery\/lanzarote02\/thumbs\/thumbs_LAN_0092.jpg?t=1776953389\"\n\t\t\tdata-image-id=\"8184\"\n\t\t\tdata-image-name=\"LAN_0092.jpg\"\n\t\t\tdata-title=\"LAN_0092\"\n\t\t\tdata-description=\"\"\n\t\t\tdata-image-slug=\"lan_0092-2\"\n\t\t\t\t\t\t\t\t\t\t\t\t\t\t\t\t\t\t\t\tclass=\"ngg-fancybox\" rel=\"f60b3fe1b46804c8bb56efa7fc612628\">\n\t\t\t\t\t\t\t\t<img\n\t\t\t\t\ttitle=\"LAN_0092\"\n\t\t\t\t\talt=\"LAN_0092\"\n\t\t\t\t\tsrc=\"https:\/\/www.adrianwood.ch\/wp-content\/gallery\/lanzarote02\/cache\/LAN_0092.jpg-nggid048184-ngg0dyn-240x160x100-00f0w010c010r110f110r010t010.jpg?t=1776953389\"\n\t\t\t\t\twidth=\"240\"\n\t\t\t\t\theight=\"160\"\n\t\t\t\t\tstyle=\"max-width:100%;\"\n\t\t\t\t\/>\n\t\t\t<\/a>\n\t\t<\/div>\n\t\t\t\t\t\t\t<\/div>\n\t\t\t\n\t\t\t\t<div id=\"ngg-image-2\" class=\"ngg-gallery-thumbnail-box\n\t\t\t\t\t\t\t\tngg-6-columns\t\t\t\"\n\t\t\t>\n\t\t\t\t\t\t<div class=\"ngg-gallery-thumbnail\">\n\t\t<a href=\"https:\/\/www.adrianwood.ch\/wp-content\/gallery\/lanzarote02\/LAN_0105.jpg?t=1776951266\"\n\t\t\ttitle=\"\"\n\t\t\tdata-src=\"https:\/\/www.adrianwood.ch\/wp-content\/gallery\/lanzarote02\/LAN_0105.jpg?t=1776951266\"\n\t\t\tdata-thumbnail=\"https:\/\/www.adrianwood.ch\/wp-content\/gallery\/lanzarote02\/thumbs\/thumbs_LAN_0105.jpg?t=1776951266\"\n\t\t\tdata-image-id=\"8185\"\n\t\t\tdata-image-name=\"LAN_0105.jpg\"\n\t\t\tdata-title=\"LAN_0105\"\n\t\t\tdata-description=\"\"\n\t\t\tdata-image-slug=\"lan_0105-2\"\n\t\t\t\t\t\t\t\t\t\t\t\t\t\t\t\t\t\t\t\tclass=\"ngg-fancybox\" rel=\"f60b3fe1b46804c8bb56efa7fc612628\">\n\t\t\t\t\t\t\t\t<img\n\t\t\t\t\ttitle=\"LAN_0105\"\n\t\t\t\t\talt=\"LAN_0105\"\n\t\t\t\t\tsrc=\"https:\/\/www.adrianwood.ch\/wp-content\/gallery\/lanzarote02\/cache\/LAN_0105.jpg-nggid048185-ngg0dyn-240x160x100-00f0w010c010r110f110r010t010.jpg?t=1776951266\"\n\t\t\t\t\twidth=\"240\"\n\t\t\t\t\theight=\"160\"\n\t\t\t\t\tstyle=\"max-width:100%;\"\n\t\t\t\t\/>\n\t\t\t<\/a>\n\t\t<\/div>\n\t\t\t\t\t\t\t<\/div>\n\t\t\t\n\t\t\t\t<div id=\"ngg-image-3\" class=\"ngg-gallery-thumbnail-box\n\t\t\t\t\t\t\t\tngg-6-columns\t\t\t\"\n\t\t\t>\n\t\t\t\t\t\t<div class=\"ngg-gallery-thumbnail\">\n\t\t<a href=\"https:\/\/www.adrianwood.ch\/wp-content\/gallery\/lanzarote02\/LAN_0108.jpg?t=1776951265\"\n\t\t\ttitle=\"\"\n\t\t\tdata-src=\"https:\/\/www.adrianwood.ch\/wp-content\/gallery\/lanzarote02\/LAN_0108.jpg?t=1776951265\"\n\t\t\tdata-thumbnail=\"https:\/\/www.adrianwood.ch\/wp-content\/gallery\/lanzarote02\/thumbs\/thumbs_LAN_0108.jpg?t=1776951265\"\n\t\t\tdata-image-id=\"8186\"\n\t\t\tdata-image-name=\"LAN_0108.jpg\"\n\t\t\tdata-title=\"LAN_0108\"\n\t\t\tdata-description=\"\"\n\t\t\tdata-image-slug=\"lan_0108-2\"\n\t\t\t\t\t\t\t\t\t\t\t\t\t\t\t\t\t\t\t\tclass=\"ngg-fancybox\" rel=\"f60b3fe1b46804c8bb56efa7fc612628\">\n\t\t\t\t\t\t\t\t<img\n\t\t\t\t\ttitle=\"LAN_0108\"\n\t\t\t\t\talt=\"LAN_0108\"\n\t\t\t\t\tsrc=\"https:\/\/www.adrianwood.ch\/wp-content\/gallery\/lanzarote02\/cache\/LAN_0108.jpg-nggid048186-ngg0dyn-240x160x100-00f0w010c010r110f110r010t010.jpg?t=1776951265\"\n\t\t\t\t\twidth=\"240\"\n\t\t\t\t\theight=\"160\"\n\t\t\t\t\tstyle=\"max-width:100%;\"\n\t\t\t\t\/>\n\t\t\t<\/a>\n\t\t<\/div>\n\t\t\t\t\t\t\t<\/div>\n\t\t\t\n\t\t\t\t<div id=\"ngg-image-4\" class=\"ngg-gallery-thumbnail-box\n\t\t\t\t\t\t\t\tngg-6-columns\t\t\t\"\n\t\t\t>\n\t\t\t\t\t\t<div class=\"ngg-gallery-thumbnail\">\n\t\t<a href=\"https:\/\/www.adrianwood.ch\/wp-content\/gallery\/lanzarote02\/LAN_0110.jpg?t=1776951250\"\n\t\t\ttitle=\"\"\n\t\t\tdata-src=\"https:\/\/www.adrianwood.ch\/wp-content\/gallery\/lanzarote02\/LAN_0110.jpg?t=1776951250\"\n\t\t\tdata-thumbnail=\"https:\/\/www.adrianwood.ch\/wp-content\/gallery\/lanzarote02\/thumbs\/thumbs_LAN_0110.jpg?t=1776951250\"\n\t\t\tdata-image-id=\"8187\"\n\t\t\tdata-image-name=\"LAN_0110.jpg\"\n\t\t\tdata-title=\"LAN_0110\"\n\t\t\tdata-description=\"\"\n\t\t\tdata-image-slug=\"lan_0110-1\"\n\t\t\t\t\t\t\t\t\t\t\t\t\t\t\t\t\t\t\t\tclass=\"ngg-fancybox\" rel=\"f60b3fe1b46804c8bb56efa7fc612628\">\n\t\t\t\t\t\t\t\t<img\n\t\t\t\t\ttitle=\"LAN_0110\"\n\t\t\t\t\talt=\"LAN_0110\"\n\t\t\t\t\tsrc=\"https:\/\/www.adrianwood.ch\/wp-content\/gallery\/lanzarote02\/cache\/LAN_0110.jpg-nggid048187-ngg0dyn-240x160x100-00f0w010c010r110f110r010t010.jpg?t=1776951250\"\n\t\t\t\t\twidth=\"240\"\n\t\t\t\t\theight=\"160\"\n\t\t\t\t\tstyle=\"max-width:100%;\"\n\t\t\t\t\/>\n\t\t\t<\/a>\n\t\t<\/div>\n\t\t\t\t\t\t\t<\/div>\n\t\t\t\n\t\t\t\t<div id=\"ngg-image-5\" class=\"ngg-gallery-thumbnail-box\n\t\t\t\t\t\t\t\tngg-6-columns\t\t\t\"\n\t\t\t>\n\t\t\t\t\t\t<div class=\"ngg-gallery-thumbnail\">\n\t\t<a href=\"https:\/\/www.adrianwood.ch\/wp-content\/gallery\/lanzarote02\/LAN_0113.jpg?t=1776951266\"\n\t\t\ttitle=\"\"\n\t\t\tdata-src=\"https:\/\/www.adrianwood.ch\/wp-content\/gallery\/lanzarote02\/LAN_0113.jpg?t=1776951266\"\n\t\t\tdata-thumbnail=\"https:\/\/www.adrianwood.ch\/wp-content\/gallery\/lanzarote02\/thumbs\/thumbs_LAN_0113.jpg?t=1776951266\"\n\t\t\tdata-image-id=\"8188\"\n\t\t\tdata-image-name=\"LAN_0113.jpg\"\n\t\t\tdata-title=\"LAN_0113\"\n\t\t\tdata-description=\"\"\n\t\t\tdata-image-slug=\"lan_0113-1\"\n\t\t\t\t\t\t\t\t\t\t\t\t\t\t\t\t\t\t\t\tclass=\"ngg-fancybox\" rel=\"f60b3fe1b46804c8bb56efa7fc612628\">\n\t\t\t\t\t\t\t\t<img\n\t\t\t\t\ttitle=\"LAN_0113\"\n\t\t\t\t\talt=\"LAN_0113\"\n\t\t\t\t\tsrc=\"https:\/\/www.adrianwood.ch\/wp-content\/gallery\/lanzarote02\/cache\/LAN_0113.jpg-nggid048188-ngg0dyn-240x160x100-00f0w010c010r110f110r010t010.jpg?t=1776951266\"\n\t\t\t\t\twidth=\"240\"\n\t\t\t\t\theight=\"160\"\n\t\t\t\t\tstyle=\"max-width:100%;\"\n\t\t\t\t\/>\n\t\t\t<\/a>\n\t\t<\/div>\n\t\t\t\t\t\t\t<\/div>\n\t\t\t\n\t\t\t\t<div id=\"ngg-image-6\" class=\"ngg-gallery-thumbnail-box\n\t\t\t\t\t\t\t\tngg-6-columns\t\t\t\"\n\t\t\t>\n\t\t\t\t\t\t<div class=\"ngg-gallery-thumbnail\">\n\t\t<a href=\"https:\/\/www.adrianwood.ch\/wp-content\/gallery\/lanzarote02\/LAN_0114.jpg?t=1776951249\"\n\t\t\ttitle=\"\"\n\t\t\tdata-src=\"https:\/\/www.adrianwood.ch\/wp-content\/gallery\/lanzarote02\/LAN_0114.jpg?t=1776951249\"\n\t\t\tdata-thumbnail=\"https:\/\/www.adrianwood.ch\/wp-content\/gallery\/lanzarote02\/thumbs\/thumbs_LAN_0114.jpg?t=1776951249\"\n\t\t\tdata-image-id=\"8189\"\n\t\t\tdata-image-name=\"LAN_0114.jpg\"\n\t\t\tdata-title=\"LAN_0114\"\n\t\t\tdata-description=\"\"\n\t\t\tdata-image-slug=\"lan_0114-1\"\n\t\t\t\t\t\t\t\t\t\t\t\t\t\t\t\t\t\t\t\tclass=\"ngg-fancybox\" rel=\"f60b3fe1b46804c8bb56efa7fc612628\">\n\t\t\t\t\t\t\t\t<img\n\t\t\t\t\ttitle=\"LAN_0114\"\n\t\t\t\t\talt=\"LAN_0114\"\n\t\t\t\t\tsrc=\"https:\/\/www.adrianwood.ch\/wp-content\/gallery\/lanzarote02\/cache\/LAN_0114.jpg-nggid048189-ngg0dyn-240x160x100-00f0w010c010r110f110r010t010.jpg?t=1776951249\"\n\t\t\t\t\twidth=\"240\"\n\t\t\t\t\theight=\"160\"\n\t\t\t\t\tstyle=\"max-width:100%;\"\n\t\t\t\t\/>\n\t\t\t<\/a>\n\t\t<\/div>\n\t\t\t\t\t\t\t<\/div>\n\t\t\t\n\t\t\t\t<div id=\"ngg-image-7\" class=\"ngg-gallery-thumbnail-box\n\t\t\t\t\t\t\t\tngg-6-columns\t\t\t\"\n\t\t\t>\n\t\t\t\t\t\t<div class=\"ngg-gallery-thumbnail\">\n\t\t<a href=\"https:\/\/www.adrianwood.ch\/wp-content\/gallery\/lanzarote02\/LAN_0120.jpg?t=1776951265\"\n\t\t\ttitle=\"\"\n\t\t\tdata-src=\"https:\/\/www.adrianwood.ch\/wp-content\/gallery\/lanzarote02\/LAN_0120.jpg?t=1776951265\"\n\t\t\tdata-thumbnail=\"https:\/\/www.adrianwood.ch\/wp-content\/gallery\/lanzarote02\/thumbs\/thumbs_LAN_0120.jpg?t=1776951265\"\n\t\t\tdata-image-id=\"8190\"\n\t\t\tdata-image-name=\"LAN_0120.jpg\"\n\t\t\tdata-title=\"LAN_0120\"\n\t\t\tdata-description=\"\"\n\t\t\tdata-image-slug=\"lan_0120-1\"\n\t\t\t\t\t\t\t\t\t\t\t\t\t\t\t\t\t\t\t\tclass=\"ngg-fancybox\" rel=\"f60b3fe1b46804c8bb56efa7fc612628\">\n\t\t\t\t\t\t\t\t<img\n\t\t\t\t\ttitle=\"LAN_0120\"\n\t\t\t\t\talt=\"LAN_0120\"\n\t\t\t\t\tsrc=\"https:\/\/www.adrianwood.ch\/wp-content\/gallery\/lanzarote02\/cache\/LAN_0120.jpg-nggid048190-ngg0dyn-240x160x100-00f0w010c010r110f110r010t010.jpg?t=1776951265\"\n\t\t\t\t\twidth=\"240\"\n\t\t\t\t\theight=\"160\"\n\t\t\t\t\tstyle=\"max-width:100%;\"\n\t\t\t\t\/>\n\t\t\t<\/a>\n\t\t<\/div>\n\t\t\t\t\t\t\t<\/div>\n\t\t\t\n\t\t\t\t<div id=\"ngg-image-8\" class=\"ngg-gallery-thumbnail-box\n\t\t\t\t\t\t\t\tngg-6-columns\t\t\t\"\n\t\t\t>\n\t\t\t\t\t\t<div class=\"ngg-gallery-thumbnail\">\n\t\t<a href=\"https:\/\/www.adrianwood.ch\/wp-content\/gallery\/lanzarote02\/LAN_0121.jpg?t=1776951249\"\n\t\t\ttitle=\"\"\n\t\t\tdata-src=\"https:\/\/www.adrianwood.ch\/wp-content\/gallery\/lanzarote02\/LAN_0121.jpg?t=1776951249\"\n\t\t\tdata-thumbnail=\"https:\/\/www.adrianwood.ch\/wp-content\/gallery\/lanzarote02\/thumbs\/thumbs_LAN_0121.jpg?t=1776951249\"\n\t\t\tdata-image-id=\"8191\"\n\t\t\tdata-image-name=\"LAN_0121.jpg\"\n\t\t\tdata-title=\"LAN_0121\"\n\t\t\tdata-description=\"\"\n\t\t\tdata-image-slug=\"lan_0121-1\"\n\t\t\t\t\t\t\t\t\t\t\t\t\t\t\t\t\t\t\t\tclass=\"ngg-fancybox\" rel=\"f60b3fe1b46804c8bb56efa7fc612628\">\n\t\t\t\t\t\t\t\t<img\n\t\t\t\t\ttitle=\"LAN_0121\"\n\t\t\t\t\talt=\"LAN_0121\"\n\t\t\t\t\tsrc=\"https:\/\/www.adrianwood.ch\/wp-content\/gallery\/lanzarote02\/cache\/LAN_0121.jpg-nggid048191-ngg0dyn-240x160x100-00f0w010c010r110f110r010t010.jpg?t=1776951249\"\n\t\t\t\t\twidth=\"240\"\n\t\t\t\t\theight=\"160\"\n\t\t\t\t\tstyle=\"max-width:100%;\"\n\t\t\t\t\/>\n\t\t\t<\/a>\n\t\t<\/div>\n\t\t\t\t\t\t\t<\/div>\n\t\t\t\n\t\t\t\t<div id=\"ngg-image-9\" class=\"ngg-gallery-thumbnail-box\n\t\t\t\t\t\t\t\tngg-6-columns\t\t\t\"\n\t\t\t>\n\t\t\t\t\t\t<div class=\"ngg-gallery-thumbnail\">\n\t\t<a href=\"https:\/\/www.adrianwood.ch\/wp-content\/gallery\/lanzarote02\/LAN_0124.jpg?t=1776953174\"\n\t\t\ttitle=\"\"\n\t\t\tdata-src=\"https:\/\/www.adrianwood.ch\/wp-content\/gallery\/lanzarote02\/LAN_0124.jpg?t=1776953174\"\n\t\t\tdata-thumbnail=\"https:\/\/www.adrianwood.ch\/wp-content\/gallery\/lanzarote02\/thumbs\/thumbs_LAN_0124.jpg?t=1776953174\"\n\t\t\tdata-image-id=\"8192\"\n\t\t\tdata-image-name=\"LAN_0124.jpg\"\n\t\t\tdata-title=\"LAN_0124\"\n\t\t\tdata-description=\"\"\n\t\t\tdata-image-slug=\"lan_0124-1\"\n\t\t\t\t\t\t\t\t\t\t\t\t\t\t\t\t\t\t\t\tclass=\"ngg-fancybox\" rel=\"f60b3fe1b46804c8bb56efa7fc612628\">\n\t\t\t\t\t\t\t\t<img\n\t\t\t\t\ttitle=\"LAN_0124\"\n\t\t\t\t\talt=\"LAN_0124\"\n\t\t\t\t\tsrc=\"https:\/\/www.adrianwood.ch\/wp-content\/gallery\/lanzarote02\/cache\/LAN_0124.jpg-nggid048192-ngg0dyn-240x160x100-00f0w010c010r110f110r010t010.jpg?t=1776953174\"\n\t\t\t\t\twidth=\"240\"\n\t\t\t\t\theight=\"160\"\n\t\t\t\t\tstyle=\"max-width:100%;\"\n\t\t\t\t\/>\n\t\t\t<\/a>\n\t\t<\/div>\n\t\t\t\t\t\t\t<\/div>\n\t\t\t\n\t\t\t\t<div id=\"ngg-image-10\" class=\"ngg-gallery-thumbnail-box\n\t\t\t\t\t\t\t\tngg-6-columns\t\t\t\"\n\t\t\t>\n\t\t\t\t\t\t<div class=\"ngg-gallery-thumbnail\">\n\t\t<a href=\"https:\/\/www.adrianwood.ch\/wp-content\/gallery\/lanzarote02\/LAN_0125.jpg?t=1776951251\"\n\t\t\ttitle=\"\"\n\t\t\tdata-src=\"https:\/\/www.adrianwood.ch\/wp-content\/gallery\/lanzarote02\/LAN_0125.jpg?t=1776951251\"\n\t\t\tdata-thumbnail=\"https:\/\/www.adrianwood.ch\/wp-content\/gallery\/lanzarote02\/thumbs\/thumbs_LAN_0125.jpg?t=1776951251\"\n\t\t\tdata-image-id=\"8193\"\n\t\t\tdata-image-name=\"LAN_0125.jpg\"\n\t\t\tdata-title=\"LAN_0125\"\n\t\t\tdata-description=\"\"\n\t\t\tdata-image-slug=\"lan_0125-1\"\n\t\t\t\t\t\t\t\t\t\t\t\t\t\t\t\t\t\t\t\tclass=\"ngg-fancybox\" rel=\"f60b3fe1b46804c8bb56efa7fc612628\">\n\t\t\t\t\t\t\t\t<img\n\t\t\t\t\ttitle=\"LAN_0125\"\n\t\t\t\t\talt=\"LAN_0125\"\n\t\t\t\t\tsrc=\"https:\/\/www.adrianwood.ch\/wp-content\/gallery\/lanzarote02\/cache\/LAN_0125.jpg-nggid048193-ngg0dyn-240x160x100-00f0w010c010r110f110r010t010.jpg?t=1776951251\"\n\t\t\t\t\twidth=\"240\"\n\t\t\t\t\theight=\"160\"\n\t\t\t\t\tstyle=\"max-width:100%;\"\n\t\t\t\t\/>\n\t\t\t<\/a>\n\t\t<\/div>\n\t\t\t\t\t\t\t<\/div>\n\t\t\t\n\t\t\t\t<div id=\"ngg-image-11\" class=\"ngg-gallery-thumbnail-box\n\t\t\t\t\t\t\t\tngg-6-columns\t\t\t\"\n\t\t\t>\n\t\t\t\t\t\t<div class=\"ngg-gallery-thumbnail\">\n\t\t<a href=\"https:\/\/www.adrianwood.ch\/wp-content\/gallery\/lanzarote02\/LAN_0127.jpg?t=1776951248\"\n\t\t\ttitle=\"\"\n\t\t\tdata-src=\"https:\/\/www.adrianwood.ch\/wp-content\/gallery\/lanzarote02\/LAN_0127.jpg?t=1776951248\"\n\t\t\tdata-thumbnail=\"https:\/\/www.adrianwood.ch\/wp-content\/gallery\/lanzarote02\/thumbs\/thumbs_LAN_0127.jpg?t=1776951248\"\n\t\t\tdata-image-id=\"8194\"\n\t\t\tdata-image-name=\"LAN_0127.jpg\"\n\t\t\tdata-title=\"LAN_0127\"\n\t\t\tdata-description=\"\"\n\t\t\tdata-image-slug=\"lan_0127-1\"\n\t\t\t\t\t\t\t\t\t\t\t\t\t\t\t\t\t\t\t\tclass=\"ngg-fancybox\" rel=\"f60b3fe1b46804c8bb56efa7fc612628\">\n\t\t\t\t\t\t\t\t<img\n\t\t\t\t\ttitle=\"LAN_0127\"\n\t\t\t\t\talt=\"LAN_0127\"\n\t\t\t\t\tsrc=\"https:\/\/www.adrianwood.ch\/wp-content\/gallery\/lanzarote02\/cache\/LAN_0127.jpg-nggid048194-ngg0dyn-240x160x100-00f0w010c010r110f110r010t010.jpg?t=1776951248\"\n\t\t\t\t\twidth=\"240\"\n\t\t\t\t\theight=\"160\"\n\t\t\t\t\tstyle=\"max-width:100%;\"\n\t\t\t\t\/>\n\t\t\t<\/a>\n\t\t<\/div>\n\t\t\t\t\t\t\t<\/div>\n\t\t\t\n\t\n\t<br style=\"clear: both\" \/>\n\n\t\t<div class=\"slideshowlink\">\n\t\t<a href='https:\/\/www.adrianwood.ch\/index.php\/nggallery\/slideshow?page_id=7071'>[Show slideshow]<\/a>\n\n\t<\/div>\n\t\n\t\t<!-- Pagination -->\n\t\t<div class='ngg-clear'><\/div>\t<\/div>\n<\/p>\n","protected":false},"excerpt":{"rendered":"<p>Sonntag, 10.April, Costa Teguise Am ersten volle Tag nahmen wir bei einem Spaziergang sogleich ein Auge voll vom Umfeld um Costa Teguise. Der Weg f\u00fchrte vorbei an vielen, derzeit nicht bewohnten Ferienanlagen, Ressorts, kleinen Sandstr\u00e4nden und uns wurde klar, dass sich hier w\u00e4hrend der Saison Ferieng\u00e4ste ohne Zahl tummeln. Beim Hauptstrand Playa de las Cucharas &hellip; <a href=\"https:\/\/www.adrianwood.ch\/?page_id=7071\" class=\"more-link\">Continue reading <span class=\"screen-reader-text\">04 10 Costa Teguise<\/span> <span class=\"meta-nav\">&rarr;<\/span><\/a><\/p>\n","protected":false},"author":1,"featured_media":0,"parent":7061,"menu_order":4952,"comment_status":"closed","ping_status":"closed","template":"","meta":{"ngg_post_thumbnail":0,"footnotes":""},"class_list":["post-7071","page","type-page","status-publish","hentry"],"_links":{"self":[{"href":"https:\/\/www.adrianwood.ch\/index.php?rest_route=\/wp\/v2\/pages\/7071","targetHints":{"allow":["GET"]}}],"collection":[{"href":"https:\/\/www.adrianwood.ch\/index.php?rest_route=\/wp\/v2\/pages"}],"about":[{"href":"https:\/\/www.adrianwood.ch\/index.php?rest_route=\/wp\/v2\/types\/page"}],"author":[{"embeddable":true,"href":"https:\/\/www.adrianwood.ch\/index.php?rest_route=\/wp\/v2\/users\/1"}],"replies":[{"embeddable":true,"href":"https:\/\/www.adrianwood.ch\/index.php?rest_route=%2Fwp%2Fv2%2Fcomments&post=7071"}],"version-history":[{"count":2,"href":"https:\/\/www.adrianwood.ch\/index.php?rest_route=\/wp\/v2\/pages\/7071\/revisions"}],"predecessor-version":[{"id":7102,"href":"https:\/\/www.adrianwood.ch\/index.php?rest_route=\/wp\/v2\/pages\/7071\/revisions\/7102"}],"up":[{"embeddable":true,"href":"https:\/\/www.adrianwood.ch\/index.php?rest_route=\/wp\/v2\/pages\/7061"}],"wp:attachment":[{"href":"https:\/\/www.adrianwood.ch\/index.php?rest_route=%2Fwp%2Fv2%2Fmedia&parent=7071"}],"curies":[{"name":"wp","href":"https:\/\/api.w.org\/{rel}","templated":true}]}}