{"id":718,"date":"2011-02-01T14:11:40","date_gmt":"2011-02-01T13:11:40","guid":{"rendered":"http:\/\/adrianwood.ch\/"},"modified":"2011-02-01T14:11:40","modified_gmt":"2011-02-01T13:11:40","slug":"05-20-raydale","status":"publish","type":"page","link":"https:\/\/www.adrianwood.ch\/?page_id=718","title":{"rendered":"05-20 Raydale"},"content":{"rendered":"<h3>20.Mai, Hawes &#8211; Roman Road &#8211; Stalling Busk &#8211; Marsett in Raydale &#8211; Semerwater &#8211; Bainbridge<\/h3>\n<table border=\"0\" cellspacing=\"0\" cellpadding=\"0\">\n<tbody>\n<tr>\n<td colspan=\"2\" width=\"657\" valign=\"top\">Nach dem opulenten Fr\u00fchst\u00fcck im Stone House Hotel machten sich 16 von uns auf nach Hawes, wo wir noch einkaufen und uns mit Peter treffen wollten. Das Wetter war gut, wenn auch etwas neblig, vor allem in den Bergen. Ueber Felder und wieder durch Mauert\u00f6rli konnten wir Hawes fast ohne Asphaltstrasse erreichen. Da wir abends individuell zur\u00fcckkehren w\u00fcrden, sollte man sich den Weg gut einpr\u00e4gen. Bereits unterwegs wurde Adrian von Peter per Handy informiert, dass er im Stau stehe und uns nicht rechtzeitig in Hawes treffen k\u00f6nne. Sobald die ersten Gesch\u00e4fte in Sicht waren, zerstreute sich die Gruppe blitzartig, um Proviant, Marken etc. einzukaufen. Da Peter immer noch nicht eingetroffen war, gab Adrian uns etwas mehr Zeit. Er hatte dann aber seine liebe M\u00fche, seine Sch\u00e4fchen wieder zusammenzutreiben f\u00fcr den Abmarsch.<\/td>\n<\/tr>\n<tr>\n<td width=\"328\" valign=\"top\">\u00a0<img decoding=\"async\" class=\"ngg-singlepic ngg-none\" src=\"http:\/\/adrianwood.ch\/wp-content\/gallery\/nordengland20\/image002.jpg\" alt=\"image002\" \/><\/td>\n<td width=\"328\" valign=\"top\">\u00a0<img decoding=\"async\" class=\"ngg-singlepic ngg-none\" src=\"http:\/\/adrianwood.ch\/wp-content\/gallery\/nordengland20\/image004.jpg\" alt=\"image004\" \/><\/td>\n<\/tr>\n<tr>\n<td width=\"328\" valign=\"top\">Vielleicht sollte er mal so einen Ausbildungskurs f\u00fcr Sch\u00e4ferhunde besuchen und deren Taktik erlernen (siehe unten)! Ohne Peter ging es dann auf dem Pennineway leicht bergauf in Richtung Marsett, wie \u00fcblich so ca. alle 30 m \u00fcber oder durch Mauertore. Nach einer knappen halben Stunde wurde ein Trinkhalt eingeschaltet, um Peter, der inzwischen eingetroffen war, das Aufholen zu erm\u00f6glichen. Der Weg f\u00fchrte weiter bergauf und bald umh\u00fcllten uns Nebelschwaden. Dank GPS blieben wir trotzdem auf dem richtigen Weg durch das Hochmoor und erreichten die maximale H\u00f6he (574 m) und eine r\u00f6mische Strasse. Adrian hatte uns schon am Vorabend eine \u201esurprise\u201c kulinarischer Art angek\u00fcndigt, weshalb um 11.45 h nur ein kurzer Mittagshalt eingeschaltet wurde.<\/td>\n<td width=\"328\" valign=\"top\">\u00a0<img decoding=\"async\" class=\"ngg-singlepic ngg-none\" src=\"http:\/\/adrianwood.ch\/wp-content\/gallery\/nordengland20\/image006.jpg\" alt=\"image006\" \/><\/td>\n<\/tr>\n<tr>\n<td width=\"328\" valign=\"top\">\u00a0<img decoding=\"async\" class=\"ngg-singlepic ngg-none\" src=\"http:\/\/adrianwood.ch\/wp-content\/gallery\/nordengland20\/image008.jpg\" alt=\"image008\" \/><\/td>\n<td width=\"328\" valign=\"top\">\u00a0<img decoding=\"async\" class=\"ngg-singlepic ngg-none\" src=\"http:\/\/adrianwood.ch\/wp-content\/gallery\/nordengland20\/image010.jpg\" alt=\"image010\" \/><\/td>\n<\/tr>\n<tr>\n<td colspan=\"2\" width=\"657\" valign=\"top\">Auf dem Crag Side Road wanderten wir bergab und erreichten kurz vor 13.00 h dem Weiler Marsett. Eine ruppige Schotterstrasse f\u00fchrte uns zum n\u00e4chsten kurzen Aufstieg zu den Raydale Preserves, wo uns bereits gedeckte Tische auf der Terrasse erwarteten. Bereits auf dem Abstieg wich der Nebel strahlendem Sonnenschein und so konnten wir uns an den feinen Scones, Fruitcake und div. Sorten Cookies laben.<\/td>\n<\/tr>\n<tr>\n<td width=\"328\" valign=\"top\">\u00a0<img decoding=\"async\" class=\"ngg-singlepic ngg-none\" src=\"http:\/\/adrianwood.ch\/wp-content\/gallery\/nordengland20\/image012.jpg\" alt=\"image012\" \/><\/td>\n<td width=\"328\" valign=\"top\">\u00a0<img decoding=\"async\" class=\"ngg-singlepic ngg-none\" src=\"http:\/\/adrianwood.ch\/wp-content\/gallery\/nordengland20\/image014.jpg\" alt=\"image014\" \/><\/td>\n<\/tr>\n<tr>\n<td colspan=\"2\" width=\"657\" valign=\"top\">Raydale Preserves entstand vor 22 Jahren in der Farmhaus-K\u00fcche mit dem Ziel, eine breite Auswahl an selbstgemachten Konfit\u00fcren, Chutneys und sogar Ingwerbier anzubieten. Unsere Gruppe kaufte fleissig ein und Adrian musste um 14.00 h ziemlich energisch zum Aufbruch dr\u00e4ngen, um den Bus in Bainbridge um 15.30 zu erreichen. Peter f\u00fchrte den Abstieg an, zuerst an einer zerfallenen Kirche vorbei, sp\u00e4ter oberhalb des Semerwater genannten idyllischen Sees. Die Ruhe wurde allerdings pl\u00f6tzlich von zwei Armeehelikoptern, welche Uebungsfl\u00fcge tief \u00fcber dem See abhielten, gest\u00f6rt.<\/td>\n<\/tr>\n<tr>\n<td width=\"328\" valign=\"top\">\u00a0<img decoding=\"async\" class=\"ngg-singlepic ngg-none\" src=\"http:\/\/adrianwood.ch\/wp-content\/gallery\/nordengland20\/image016.jpg\" alt=\"image016\" \/><\/td>\n<td width=\"328\" valign=\"top\">\u00a0<img decoding=\"async\" class=\"ngg-singlepic ngg-none\" src=\"http:\/\/adrianwood.ch\/wp-content\/gallery\/nordengland20\/image018.jpg\" alt=\"image018\" \/><\/td>\n<\/tr>\n<tr>\n<td width=\"328\" valign=\"top\">Bald wurde auch klar, dass wir den Bus um 15.30 nicht erreichen w\u00fcrden \u2013 zuviele M\u00e4uerchen, die uns aufhielten. Nach dem See folgten wir einem m\u00e4andernden B\u00e4chlein \u00fcber eine grosse Ebene, und den letzten steilen Aufstieg auf den Bracken Hill, von wo man das nahe Bainbridge sehen konnte. Ein auff\u00e4llig weisses Geb\u00e4ude wurde von Beat mit Kennerblick als Pub identifiziert. Nach dem kurzen Abstieg erreichten wir um 15.45 die Bierquelle und labten unsere trockenen Kehlen. Mit dem Bus um 16.35 kehrten wir nach Hawes zur\u00fcck und von dort jeder nach seinem Gusto ins Hotel, n\u00e4chstes Pub oder auf die Shoppingmeile.<\/td>\n<td width=\"328\" valign=\"top\">\u00a0<img decoding=\"async\" class=\"ngg-singlepic ngg-none\" src=\"http:\/\/adrianwood.ch\/wp-content\/gallery\/nordengland20\/image020.jpg\" alt=\"image020\" \/><\/td>\n<\/tr>\n<tr>\n<td colspan=\"2\" width=\"657\" valign=\"top\">Philipp und Jiri haben sich Mountainbikes gemietet und sind zum Semerwater geradelt, wo sie uns zum Tee treffen wollten. Da aber die Raydale Preserves nicht signalisiert waren, fanden sie uns nicht und die Handykommunikation mit Adrian hat auch nicht geklappt. Sie sind deshalb eine andere Strecke gefahren und haben so die Umgebung von Hawes erkundet. Am sp\u00e4ten Nachmittag besuchten sie die einst\u00fcndige Vorf\u00fchrung der Border Collies bei der Arbeit mit den Schafen. Auf Befehl, resp. Pfiff des Sch\u00e4fers treiben sie die Tiere in eine bestimmte Richtung oder Ort oder sie trennen die Schafe nach wechselnden Kriterien voneinander. Philipp und Jiri fanden die Vorstellung sehr beeindruckend. Ingrid und Rainer besuchten das Museum und die Pottery in Hawes und machten eine Wanderung mit Picknick in der Umgebung. So hatten wir alle einen erlebnisreichen, sch\u00f6nen Tag.\u00a0\u00a0\u00a0\u00a0\u00a0\u00a0\u00a0\u00a0\u00a0 Vreni C.<\/td>\n<\/tr>\n<\/tbody>\n<\/table>\n<p><img decoding=\"async\" class=\"ngg-singlepic ngg-none\" src=\"http:\/\/adrianwood.ch\/wp-content\/gallery\/nordengland20\/image021.jpg\" alt=\"image021\" \/><\/p>\n","protected":false},"excerpt":{"rendered":"<p>20.Mai, Hawes &#8211; Roman Road &#8211; Stalling Busk &#8211; Marsett in Raydale &#8211; Semerwater &#8211; Bainbridge Nach dem opulenten Fr\u00fchst\u00fcck im Stone House Hotel machten sich 16 von uns auf nach Hawes, wo wir noch einkaufen und uns mit Peter treffen wollten. Das Wetter war gut, wenn auch etwas neblig, vor allem in den Bergen. &hellip; <a href=\"https:\/\/www.adrianwood.ch\/?page_id=718\" class=\"more-link\">Continue reading <span class=\"screen-reader-text\">05-20 Raydale<\/span> <span class=\"meta-nav\">&rarr;<\/span><\/a><\/p>\n","protected":false},"author":1,"featured_media":0,"parent":159,"menu_order":2375,"comment_status":"closed","ping_status":"closed","template":"","meta":{"ngg_post_thumbnail":0,"footnotes":""},"class_list":["post-718","page","type-page","status-publish","hentry"],"_links":{"self":[{"href":"https:\/\/www.adrianwood.ch\/index.php?rest_route=\/wp\/v2\/pages\/718","targetHints":{"allow":["GET"]}}],"collection":[{"href":"https:\/\/www.adrianwood.ch\/index.php?rest_route=\/wp\/v2\/pages"}],"about":[{"href":"https:\/\/www.adrianwood.ch\/index.php?rest_route=\/wp\/v2\/types\/page"}],"author":[{"embeddable":true,"href":"https:\/\/www.adrianwood.ch\/index.php?rest_route=\/wp\/v2\/users\/1"}],"replies":[{"embeddable":true,"href":"https:\/\/www.adrianwood.ch\/index.php?rest_route=%2Fwp%2Fv2%2Fcomments&post=718"}],"version-history":[{"count":0,"href":"https:\/\/www.adrianwood.ch\/index.php?rest_route=\/wp\/v2\/pages\/718\/revisions"}],"up":[{"embeddable":true,"href":"https:\/\/www.adrianwood.ch\/index.php?rest_route=\/wp\/v2\/pages\/159"}],"wp:attachment":[{"href":"https:\/\/www.adrianwood.ch\/index.php?rest_route=%2Fwp%2Fv2%2Fmedia&parent=718"}],"curies":[{"name":"wp","href":"https:\/\/api.w.org\/{rel}","templated":true}]}}