{"id":743,"date":"2011-02-04T13:39:26","date_gmt":"2011-02-04T12:39:26","guid":{"rendered":"http:\/\/adrianwood.ch\/"},"modified":"2016-06-09T08:29:33","modified_gmt":"2016-06-09T08:29:33","slug":"2009-07-col-de-mille","status":"publish","type":"page","link":"https:\/\/www.adrianwood.ch\/?page_id=743","title":{"rendered":"2009-07 Col de Mille"},"content":{"rendered":"<figure id=\"attachment_782\" aria-describedby=\"caption-attachment-782\" style=\"width: 720px\" class=\"wp-caption alignnone\"><a href=\"http:\/\/adrianwood.ch\/club-tours\/wallis\/2009-07-col-de-mille\/dsc_0259_r2\/\" rel=\"attachment wp-att-782\"><img loading=\"lazy\" decoding=\"async\" class=\"size-full wp-image-782\" title=\"DSC_0259_r2\" src=\"http:\/\/adrianwood.ch\/wp-content\/uploads\/2011\/02\/DSC_0259_r2.jpg\" alt=\"vor Cabane Brunet mit dem Grand Combin\" width=\"720\" height=\"478\" \/><\/a><figcaption id=\"caption-attachment-782\" class=\"wp-caption-text\">vor Cabane Brunet mit dem Grand Combin<\/figcaption><\/figure>\n<h3>31.Juli &#8211; 3. August 2009, Col de Mille \u2013 Gr. St.Bernhard, Unterwallis, Bergwanderung vom Val de Bagnes ins Val d&#8217;Entremont.<\/h3>\n<h4><strong><span style=\"text-decoration: underline;\">Freitag, 31. Juli:<\/span><\/strong>\u00a0Fionnay (1491) \u2013 Vers le Grenier de Corbassi\u00e8re (1959) \u2013 Les Creux \u2013 P2190 \u2013 P2140 \u2013 La Maye (2132) &#8211;\u00a0 P2026 \u2013 Cap. Brunet (2103) \u2191 1044 \u2193 439 ca 4 h 30.<\/h4>\n<p><strong><span style=\"text-decoration: underline;\">Samstag, 1.August:<\/span><\/strong>\u00a0Cap. Brunet (2103) \u2013 Goli des Sayons \u2013 Les Golassons (2074) \u2013 La Chaux (2091) \u2013 Col de Mille (2473) \u2191\u00a0 687 \u2193 313 ca 3h. und Besteigung von Mont Rogneux \u2191 \u00a0\u2193 610 ca 3h 15.<\/p>\n<p><strong><span style=\"text-decoration: underline;\">Sonntag, 2.August:<\/span><\/strong> Cap. Col de Mille (2473) &#8211;\u00a0 \u2191 355 \u2193 1195 ca 4h. Bourg-St.Pierre \u2013 Gr. St.Bernhard mit Bus (ca.20 min.) Abstieg (200m) oder Bus nach Cantine d\u2019\u00a0Aoste,<\/p>\n<p><strong><span style=\"text-decoration: underline;\">Montag, 3. August:<\/span><\/strong> Cantine d\u2019Aoste ( 2203) \u2013 Gr.St.Bernhard (2469) \u2013 Bourg-St.Pierre (1632).<\/p>\n<h3><a href=\"http:\/\/www.adrianwood.ch\/?page_id=7566\">Inhalt \/ Contents<\/a><\/h3>\nngg_shortcode_0_placeholder\n<table border=\"0\" cellspacing=\"0\" cellpadding=\"0\">\n<tbody>\n<tr>\n<td valign=\"top\" width=\"620\">Wir kn\u00fcpften an unsere letzj\u00e4hrige Walliser Wanderung an und wanderten weiter nach Westen von Fionnay im Val de Bagnes \u00fcber den Grand St.Bernhard nach Bourg Saint Pierre\u00a0. Es gab auch die M\u00f6glichkeit den Mont Rogneux (3083m) oder mindestens den Vorgipfel (3032m) zu Besteigen. Sie war stellenweise weglos und ein gewisses Mass an Trittfestigkeit und Schwindelfreiheit\u00a0waren erforderlich (T3+). F\u00fcr jedermann gab es den kurzen und kurzweiligen Abstecher zum H\u00fcttengipfel Mont Brul\u00e9 (2572m).<\/td>\n<\/tr>\n<\/tbody>\n<\/table>\n<p>Auswertung der GPS Aufzeichnungen von Hanspeter Sauter<\/p>\n<table border=\"0\" cellspacing=\"0\" cellpadding=\"0\">\n<tbody>\n<tr>\n<td valign=\"top\" width=\"71\">Datum<\/td>\n<td valign=\"top\" width=\"236\">Start<\/td>\n<td valign=\"top\" width=\"189\">Ziel<\/td>\n<td valign=\"top\" width=\"118\">gesamte Dauer<\/td>\n<td valign=\"top\" width=\"118\">gesamte Marschzeit<\/td>\n<td valign=\"top\" width=\"118\">Streckenl\u00e4nge<\/td>\n<td valign=\"top\" width=\"95\">Aufstieg<\/td>\n<td valign=\"top\" width=\"95\">Abstieg<\/td>\n<\/tr>\n<tr>\n<td valign=\"top\" width=\"71\">31.07.<\/td>\n<td valign=\"top\" width=\"236\">Fionnay<\/td>\n<td valign=\"top\" width=\"189\">Cab. Marcel Brunet<\/td>\n<td valign=\"top\" width=\"118\">6 h 33 min<\/td>\n<td valign=\"top\" width=\"118\">4 h 32 min<\/td>\n<td valign=\"top\" width=\"118\">9.8 km<\/td>\n<td valign=\"top\" width=\"95\">1022 m<\/td>\n<td valign=\"top\" width=\"95\">394 m<\/td>\n<\/tr>\n<tr>\n<td valign=\"top\" width=\"71\">01.08.<\/td>\n<td valign=\"top\" width=\"236\">Cab. Marcel Brunet<\/td>\n<td valign=\"top\" width=\"189\">Cab. Col de Mille<\/td>\n<td valign=\"top\" width=\"118\">3 h 47 min<\/td>\n<td valign=\"top\" width=\"118\">3 h 02 min<\/td>\n<td valign=\"top\" width=\"118\">7.9 km<\/td>\n<td valign=\"top\" width=\"95\">640 m<\/td>\n<td valign=\"top\" width=\"95\">243 m<\/td>\n<\/tr>\n<tr>\n<td valign=\"top\" width=\"71\"><\/td>\n<td valign=\"top\" width=\"236\">Cab. Col de Mille<\/td>\n<td valign=\"top\" width=\"189\">Mont Br\u00fbl\u00e9<\/td>\n<td valign=\"top\" width=\"118\">1 h 42 min<\/td>\n<td valign=\"top\" width=\"118\">41 min<\/td>\n<td valign=\"top\" width=\"118\">1.9 km<\/td>\n<td valign=\"top\" width=\"95\">102 m<\/td>\n<td valign=\"top\" width=\"95\">102 m<\/td>\n<\/tr>\n<tr>\n<td valign=\"top\" width=\"71\">02.08.<\/td>\n<td valign=\"top\" width=\"236\">Cab. Col de Mille<\/td>\n<td valign=\"top\" width=\"189\">Bourg St. Pierre<\/td>\n<td valign=\"top\" width=\"118\">3 h 57 min<\/td>\n<td valign=\"top\" width=\"118\">3 h 26 min<\/td>\n<td valign=\"top\" width=\"118\">11.8 km<\/td>\n<td valign=\"top\" width=\"95\">205 m<\/td>\n<td valign=\"top\" width=\"95\">1036 m<\/td>\n<\/tr>\n<tr>\n<td valign=\"top\" width=\"71\"><\/td>\n<td valign=\"top\" width=\"236\">Col du Gd. St. Bernard<\/td>\n<td valign=\"top\" width=\"189\">Cantine d\u2019Aosta<\/td>\n<td valign=\"top\" width=\"118\">43 min<\/td>\n<td valign=\"top\" width=\"118\">43 min<\/td>\n<td valign=\"top\" width=\"118\">2.4 km<\/td>\n<td valign=\"top\" width=\"95\">19 m<\/td>\n<td valign=\"top\" width=\"95\">262 m<\/td>\n<\/tr>\n<tr>\n<td valign=\"top\" width=\"71\">03.08.<\/td>\n<td valign=\"top\" width=\"236\">Cantine d\u2019Aosta<\/td>\n<td valign=\"top\" width=\"189\">Bourg St. Pierre<\/td>\n<td valign=\"top\" width=\"118\">5 h 21 min<\/td>\n<td valign=\"top\" width=\"118\">4 h 43 min<\/td>\n<td valign=\"top\" width=\"118\">16.4 km<\/td>\n<td valign=\"top\" width=\"95\">515 m<\/td>\n<td valign=\"top\" width=\"95\">1083 m<\/td>\n<\/tr>\n<tr>\n<td valign=\"top\" width=\"71\"><\/td>\n<td valign=\"top\" width=\"236\"><\/td>\n<td valign=\"top\" width=\"189\"><\/td>\n<td valign=\"top\" width=\"118\">22 h 03 min<\/td>\n<td valign=\"top\" width=\"118\">17 h 07 min<\/td>\n<td valign=\"top\" width=\"118\">50.2 km<\/td>\n<td valign=\"top\" width=\"95\">2503 m<\/td>\n<td valign=\"top\" width=\"95\">3120 m<\/td>\n<\/tr>\n<\/tbody>\n<\/table>\n<figure id=\"attachment_783\" aria-describedby=\"caption-attachment-783\" style=\"width: 720px\" class=\"wp-caption alignnone\"><a href=\"http:\/\/adrianwood.ch\/club-tours\/wallis\/2009-07-col-de-mille\/dsc_0429_1_m_r2\/\" rel=\"attachment wp-att-783\"><img loading=\"lazy\" decoding=\"async\" class=\"size-full wp-image-783\" title=\"DSC_0429_1_m_r2\" src=\"http:\/\/adrianwood.ch\/wp-content\/uploads\/2011\/02\/DSC_0429_1_m_r2.jpg\" alt=\"im Cantine d\u2019 Aoste\" width=\"720\" height=\"480\" \/><\/a><figcaption id=\"caption-attachment-783\" class=\"wp-caption-text\">im Cantine d\u2019 Aoste<\/figcaption><\/figure>\n","protected":false},"excerpt":{"rendered":"<p>31.Juli &#8211; 3. August 2009, Col de Mille \u2013 Gr. St.Bernhard, Unterwallis, Bergwanderung vom Val de Bagnes ins Val d&#8217;Entremont. Freitag, 31. Juli:\u00a0Fionnay (1491) \u2013 Vers le Grenier de Corbassi\u00e8re (1959) \u2013 Les Creux \u2013 P2190 \u2013 P2140 \u2013 La Maye (2132) &#8211;\u00a0 P2026 \u2013 Cap. Brunet (2103) \u2191 1044 \u2193 439 ca 4 h &hellip; <a href=\"https:\/\/www.adrianwood.ch\/?page_id=743\" class=\"more-link\">Continue reading <span class=\"screen-reader-text\">2009-07 Col de Mille<\/span> <span class=\"meta-nav\">&rarr;<\/span><\/a><\/p>\n","protected":false},"author":1,"featured_media":0,"parent":136,"menu_order":1340,"comment_status":"closed","ping_status":"closed","template":"","meta":{"ngg_post_thumbnail":0,"footnotes":""},"class_list":["post-743","page","type-page","status-publish","hentry"],"_links":{"self":[{"href":"https:\/\/www.adrianwood.ch\/index.php?rest_route=\/wp\/v2\/pages\/743","targetHints":{"allow":["GET"]}}],"collection":[{"href":"https:\/\/www.adrianwood.ch\/index.php?rest_route=\/wp\/v2\/pages"}],"about":[{"href":"https:\/\/www.adrianwood.ch\/index.php?rest_route=\/wp\/v2\/types\/page"}],"author":[{"embeddable":true,"href":"https:\/\/www.adrianwood.ch\/index.php?rest_route=\/wp\/v2\/users\/1"}],"replies":[{"embeddable":true,"href":"https:\/\/www.adrianwood.ch\/index.php?rest_route=%2Fwp%2Fv2%2Fcomments&post=743"}],"version-history":[{"count":2,"href":"https:\/\/www.adrianwood.ch\/index.php?rest_route=\/wp\/v2\/pages\/743\/revisions"}],"predecessor-version":[{"id":7570,"href":"https:\/\/www.adrianwood.ch\/index.php?rest_route=\/wp\/v2\/pages\/743\/revisions\/7570"}],"up":[{"embeddable":true,"href":"https:\/\/www.adrianwood.ch\/index.php?rest_route=\/wp\/v2\/pages\/136"}],"wp:attachment":[{"href":"https:\/\/www.adrianwood.ch\/index.php?rest_route=%2Fwp%2Fv2%2Fmedia&parent=743"}],"curies":[{"name":"wp","href":"https:\/\/api.w.org\/{rel}","templated":true}]}}