{"id":755,"date":"2011-02-04T15:51:23","date_gmt":"2011-02-04T14:51:23","guid":{"rendered":"http:\/\/adrianwood.ch\/"},"modified":"2011-02-04T15:51:23","modified_gmt":"2011-02-04T14:51:23","slug":"08-01-col-de-mille","status":"publish","type":"page","link":"https:\/\/www.adrianwood.ch\/?page_id=755","title":{"rendered":"08-01 Col de Mille"},"content":{"rendered":"<h3>1. August, Cabane Marcel Brunet \u2013 Cabane Col de Mille und Mont Br\u00fbl\u00e9\u00a0<\/h3>\n<table border=\"0\" cellspacing=\"0\" cellpadding=\"0\">\n<tbody>\n<tr>\n<td colspan=\"2\" width=\"721\" valign=\"top\">Wir begannen unsere heutige Wanderung mit wolkenlosem Himmel und warmem Wetter um 8.03 Uhr bei der Cab. Marcel Brunet. Adrian entschied sich, nicht wie urspr\u00fcnglich vorgesehen, die Route \u00fcber den Col de L\u00e2ne zu nehmen, sondern den direkten Weg, der zuerst gelb, dann weiss-rot-weiss markiert ist. Wie richtig dieser Entscheid war, sollten wir erst am Abend erfahren.<\/td>\n<\/tr>\n<tr>\n<td width=\"411\" valign=\"top\">\u00a0<img decoding=\"async\" class=\"ngg-singlepic ngg-none\" src=\"http:\/\/adrianwood.ch\/wp-content\/gallery\/colle-de-mille03\/image001_r4.jpg\" alt=\"image001_r4\" \/><\/td>\n<td width=\"310\" valign=\"top\">\u00a0<img decoding=\"async\" class=\"ngg-singlepic ngg-none\" src=\"http:\/\/adrianwood.ch\/wp-content\/gallery\/colle-de-mille03\/image003_r4.jpg\" alt=\"image003_r4\" \/><\/td>\n<\/tr>\n<tr>\n<td colspan=\"2\" width=\"721\" valign=\"top\">Nach dem Gruppenfoto vor der H\u00fctte ging es erst etwas bergab, dann stieg der Fusspfad sanft an und f\u00fchrte durch offenes Gel\u00e4nde, das durch B\u00fcsche gepr\u00e4gt ist, aber immer weite Ausblicke bot. Nach einer guten Stunde machten wir die erste Rast, u.a. auch, um auf die Nachz\u00fcgler zu warten. Wenige Minuten nach dem Weitermarsch kamen wir an einem kleinen See vorbei, der glasklares Wasser enthielt. In diesem versuchten wir einige Wassertierchen zu identifizieren. Dann n\u00e4herte sich von der Gegenrichtung unserer Wanderung eine Horde italienisch sprechender j\u00fcngerer Wanderer. Einige machten kurzen Prozess und stiegen rasch ins Wasser. Aber ihre Schreie machten jedem klar, dass die K\u00e4lte des Wassers nicht jedermanns Sache war.<\/td>\n<\/tr>\n<tr>\n<td width=\"411\" valign=\"top\">Nun f\u00fchrte der Fusspfad weiter sanft in die H\u00f6he. Etwa um 11 Uhr machten wir eine Mittagsrast. Danach folgten einige steilere Passagen, es ging eine \u00fcberwachsene Mor\u00e4ne hinauf und auch ein Schneefeld in einer Rinne musste \u00fcberquert werden. Eine letzte sanfte Traverse brachte uns schliesslich zum Col de Mille. Von der Fahne aus waren es noch etwa 50 m bis zur Cabane Col de Mille, die auf der andern Seite des Passes liegt und die wir um 11.51 Uhr erreichten.Wegen einer Erk\u00e4ltung, die an diesem Tag ihren H\u00f6hepunkt erreichte,war der Chronist sehr m\u00fcde und wollte sich nicht den Unternehmungslustigen anschliessen, die am Nachmittag den Mont Rogneux bestiegen (siehe Bericht von Marianne Frei). Der Chronist besuchte w\u00e4hrend dessen den Gipfel des Hausberges der H\u00fctte, den Mont Br\u00fbl\u00e9, der 100 m \u00fcber der H\u00fctte liegt und in 20 min erreicht werden kann. W\u00e4hrend seines Aufenthaltes von einer Stunde konnte er in der warmen Sonne die umfassende Rundsicht geniessen.<\/td>\n<td width=\"310\" valign=\"top\">\u00a0<img decoding=\"async\" class=\"ngg-singlepic ngg-none\" src=\"http:\/\/adrianwood.ch\/wp-content\/gallery\/colle-de-mille03\/image005_r4.jpg\" alt=\"image005_r4\" \/><\/td>\n<\/tr>\n<tr>\n<td colspan=\"2\" width=\"721\" valign=\"top\">\u00a0<\/td>\n<\/tr>\n<tr>\n<td width=\"411\" valign=\"top\">W\u00e4hrend des Tages begannen wir immer mehr, unseren Mitwanderer Wolfgang Schwer zu vermissen; niemand wusste, wo er war. Zum Nachtessen tauchte er dann pl\u00f6tzlich auf. Unseren Abmarsch am Morgen hatte er verpasst (auf der Gruppenfoto war er aber dabei). Dann machte er sich selbst\u00e4ndig auf den Weg Richtung Col de L\u00e2ne. Kurz vor dem Pass wurde der lockere Schnee so tief und es galt, ein steiles Firnfeld zu durchqueren, so dass er sich entschliessen musste, umzukehren und auf \u201aunserem\u2019 Weg das Tagesziel zu erreichen.Wegen des Wochenendes und des Nationalfeiertags war die H\u00fctte voll belegt. Sie ist bescheiden ausger\u00fcstet. Zum waschen steht ein einziger (Kalt-) Wasserhahn im Freien zur Verf\u00fcgung und das WC ist ein abseits aufgestelltes H\u00e4uschen f\u00fcr eine Person.<\/p>\n<p>Hanspeter S.<\/td>\n<td width=\"310\" valign=\"top\">\u00a0<img decoding=\"async\" class=\"ngg-singlepic ngg-none\" src=\"http:\/\/adrianwood.ch\/wp-content\/gallery\/colle-de-mille03\/image007_r4.jpg\" alt=\"image007_r4\" \/><\/td>\n<\/tr>\n<\/tbody>\n<\/table>\n<p><img decoding=\"async\" class=\"ngg-singlepic ngg-none\" src=\"http:\/\/adrianwood.ch\/wp-content\/gallery\/colle-de-mille03\/image002.jpg\" alt=\"image002\" \/><\/p>\n<p><img decoding=\"async\" class=\"ngg-singlepic ngg-none\" src=\"http:\/\/adrianwood.ch\/wp-content\/gallery\/colle-de-mille03\/image001.png\" alt=\"image001\" \/><\/p>\n","protected":false},"excerpt":{"rendered":"<p>1. August, Cabane Marcel Brunet \u2013 Cabane Col de Mille und Mont Br\u00fbl\u00e9\u00a0 Wir begannen unsere heutige Wanderung mit wolkenlosem Himmel und warmem Wetter um 8.03 Uhr bei der Cab. Marcel Brunet. Adrian entschied sich, nicht wie urspr\u00fcnglich vorgesehen, die Route \u00fcber den Col de L\u00e2ne zu nehmen, sondern den direkten Weg, der zuerst gelb, &hellip; <a href=\"https:\/\/www.adrianwood.ch\/?page_id=755\" class=\"more-link\">Continue reading <span class=\"screen-reader-text\">08-01 Col de Mille<\/span> <span class=\"meta-nav\">&rarr;<\/span><\/a><\/p>\n","protected":false},"author":1,"featured_media":0,"parent":743,"menu_order":1343,"comment_status":"closed","ping_status":"closed","template":"","meta":{"ngg_post_thumbnail":0,"footnotes":""},"class_list":["post-755","page","type-page","status-publish","hentry"],"_links":{"self":[{"href":"https:\/\/www.adrianwood.ch\/index.php?rest_route=\/wp\/v2\/pages\/755","targetHints":{"allow":["GET"]}}],"collection":[{"href":"https:\/\/www.adrianwood.ch\/index.php?rest_route=\/wp\/v2\/pages"}],"about":[{"href":"https:\/\/www.adrianwood.ch\/index.php?rest_route=\/wp\/v2\/types\/page"}],"author":[{"embeddable":true,"href":"https:\/\/www.adrianwood.ch\/index.php?rest_route=\/wp\/v2\/users\/1"}],"replies":[{"embeddable":true,"href":"https:\/\/www.adrianwood.ch\/index.php?rest_route=%2Fwp%2Fv2%2Fcomments&post=755"}],"version-history":[{"count":0,"href":"https:\/\/www.adrianwood.ch\/index.php?rest_route=\/wp\/v2\/pages\/755\/revisions"}],"up":[{"embeddable":true,"href":"https:\/\/www.adrianwood.ch\/index.php?rest_route=\/wp\/v2\/pages\/743"}],"wp:attachment":[{"href":"https:\/\/www.adrianwood.ch\/index.php?rest_route=%2Fwp%2Fv2%2Fmedia&parent=755"}],"curies":[{"name":"wp","href":"https:\/\/api.w.org\/{rel}","templated":true}]}}