{"id":763,"date":"2011-02-04T16:14:02","date_gmt":"2011-02-04T15:14:02","guid":{"rendered":"http:\/\/adrianwood.ch\/"},"modified":"2011-02-04T16:14:02","modified_gmt":"2011-02-04T15:14:02","slug":"08-01-mont-rogneux","status":"publish","type":"page","link":"https:\/\/www.adrianwood.ch\/?page_id=763","title":{"rendered":"08-01 Mont Rogneux"},"content":{"rendered":"<h3>1.August, Wanderung oder eher steiler Aufstieg \u00a0vom Col de Mille auf dem Mont Rogneux<\/h3>\n<table border=\"0\" cellspacing=\"0\" cellpadding=\"0\" width=\"706\">\n<tbody>\n<tr>\n<td colspan=\"3\" width=\"706\" valign=\"top\">Mit von der Partie: Herbert E., Adrian, Jean-Fran\u00e7ois, Bruni, Margrit, Brigitte H., Uli , Brigitte W., Hans-Peter K., Marianne und Regina (bis auf halbe H\u00f6he, von wo sie uns beobachtet)<\/td>\n<\/tr>\n<tr>\n<td colspan=\"3\" width=\"706\" valign=\"top\">\u00a0<img decoding=\"async\" class=\"ngg-singlepic ngg-none\" src=\"http:\/\/adrianwood.ch\/wp-content\/gallery\/colle-de-mille04\/image001_r2.jpg\" alt=\"image001_r2\" \/><\/td>\n<\/tr>\n<tr>\n<td colspan=\"2\" width=\"636\" valign=\"top\">\u00a0<\/td>\n<td width=\"70\" valign=\"top\">\u00a0<\/td>\n<\/tr>\n<tr>\n<td colspan=\"3\" width=\"706\" valign=\"top\">Wie im Tagesbericht angegeben, sind wir um 11.51 auf dem Col de Mille angekommen .Wir durften in der H\u00fctte gleich unseren Schlafraum beziehen und konnten unsere Rucks\u00e4cke bis auf das N\u00f6tigste leeren.Auf der Terrasse vor der H\u00fctte wurde gem\u00fctlich Picknick gehalten mit einer Rundsicht auf das Combin Massiv, ins Val d\u2019Entremont und auf die franz\u00f6sischen Alpen.<\/td>\n<\/tr>\n<tr>\n<td width=\"485\" valign=\"top\">\u00a0<img decoding=\"async\" class=\"ngg-singlepic ngg-none\" src=\"http:\/\/adrianwood.ch\/wp-content\/gallery\/colle-de-mille04\/image003_r4.jpg\" alt=\"image003_r4\" \/><\/td>\n<td colspan=\"2\" width=\"221\" valign=\"top\">Langsam verteilten sich dann die Leute auf der umliegenden Wiese zu einem Nickereche und Sonnenbad\u00a0 und andere machten sich auf , den Mont Rogneux zu besteigen.Ich war auch bei denjenigen, die es sich auf der Wiese gem\u00fctlich machten. Irgenwann kam aber der Moment, wo Bruni und ich\u00a0 fanden, dass wir doch noch etwas mit dem angebrochenen Nachmitag machen wollten. Wir fanden, dass wir doch noch Lust h\u00e4tten, zum Rogneux aufsteigen k\u00f6nnten &#8211; ganz ohne Zwang.<\/td>\n<\/tr>\n<tr>\n<td colspan=\"3\" width=\"706\" valign=\"top\">Das Gehen mit dem halbvollen Rucksack fiel mir doch etwas leichter und so kam ich ganz gut voran. In einem gr\u00fcnen Zwischensattel trafen wir dann auf\u00a0 die anderen, die Rast hielten. Wir gesellten uns zu ihnen und waren eigentlich entschlossen, da zu bleiben.Wer hat uns eigentlich \u00fcberzeugt, doch weiter zu gehen\u00a0? Wer hat unseren Ehrgeiz geweckt\u00a0 Ich weiss nicht mehr, wer diese war. War es Adrian\u00a0? Mein Motiv war\u00a0 die sicher spektakul\u00e4re Aussicht, die sich von weiter oben bieten w\u00fcrde.Also stiegen wir weiter und\u00a0 der Pfad wurde bald rutschig und\u00a0 m\u00fchsam. Wir waren eben auf einem blau-weiss markiertem Pfad, mit T4 Schwierigkeitsgrad. Bei den rutschigen Stellen dachte ich schon an den Abstieg und ich fragte mich, warum ich das alles auf mich n\u00e4hme. Aber ich ging weiter , manchmal waren die sonst hilfreichen St\u00f6cke hinderlich und\u00a0 ich brauchte die H\u00e4nde, um mich an Felsvorspr\u00fcngen festzuhalten.<\/td>\n<\/tr>\n<tr>\n<td colspan=\"3\" width=\"706\" valign=\"top\">\u00a0<img decoding=\"async\" class=\"ngg-singlepic ngg-none\" src=\"http:\/\/adrianwood.ch\/wp-content\/gallery\/colle-de-mille04\/image005_r2.jpg\" alt=\"image005_r2\" \/><\/td>\n<\/tr>\n<tr>\n<td colspan=\"3\" width=\"706\" valign=\"top\">Das Ganze war recht anstrengend und ich war fast die letzte, die den Vorgipfel (P 3032m) erreichte. Die anderen hatten es sich auf einem Steindach eines Unterstandes, gem\u00fctlich gemacht. Obwohl wir nur auf dem Vorgipfel waren, gab es einige Gipfelk\u00fcsse und Gratulationen. Ich freute, mich, dass ich es geschaft hatte. Auch ich musste etwas trinken und essen und dann nat\u00fcrlich einige Fotos machen. Die Sicht auf den Petit Combin, mit den grauen Felspyramiden des Grand Laget und der Pointe de Boveire im Vordergrund, auf den Combin de Boveire und dahinter den Grand Combin ist gewaltig und sehr eindrucksvoll. Die Kraxlerei hatte sich gelohnt !<\/td>\n<\/tr>\n<tr>\n<td width=\"485\" valign=\"top\">\u00a0<img decoding=\"async\" class=\"ngg-singlepic ngg-none\" src=\"http:\/\/adrianwood.ch\/wp-content\/gallery\/colle-de-mille04\/image007_r4.jpg\" alt=\"image007_r4\" \/><\/td>\n<td colspan=\"2\" width=\"221\" valign=\"top\">\u00a0<img decoding=\"async\" class=\"ngg-singlepic ngg-none\" src=\"http:\/\/adrianwood.ch\/wp-content\/gallery\/colle-de-mille04\/image009.jpg\" alt=\"image009\" \/><\/td>\n<\/tr>\n<tr>\n<td colspan=\"3\" width=\"706\" valign=\"top\">Als einziger stieg Uli noch auf den eigentlichen Gipfel ( 3083m), welcher \u00fcber einen Verbindungsgrat erreichbar ist und auf welchem ein Gipfelkreuz steht. Allm\u00e4hlich machten sich die Leute wieder an den Abstieg. Bruni und ich stiegen zwischen Jean-Fran\u00e7ois\u00a0 (vorne) und Adrian (hinten) ganz sorgf\u00e4ltig den Berg hinunter. Auch an den rutschigen Stellen ging es ganz gut und wir erreichten wieder den Zwischensattel, wo die anderen\u00a0 schon auf der Wiese lagerten. Hier genossen wir die Sonne, die fast zu heiss herunterbrannte.<\/td>\n<\/tr>\n<tr>\n<td width=\"485\" valign=\"top\">\u00a0<img decoding=\"async\" class=\"ngg-singlepic ngg-none\" src=\"http:\/\/adrianwood.ch\/wp-content\/gallery\/colle-de-mille04\/image011_r4.jpg\" alt=\"image011_r4\" \/><\/td>\n<td colspan=\"2\" width=\"221\" valign=\"top\">Ich glaube Adrian vermeinte, sich am Strande zu\u00a0befinden! Auch hier lichteten sich allm\u00e4hlich die Reihen der Lagernden. Endlich machten sich auch Bruni und ich mit Adrian und Jean-Fran\u00e7ois an den weiteren Abstieg, der viel l\u00e4nger\u00a0 war als ich in Erinnerung hatte.Bei der Cabane du Col de Mille stiessen wir dann wieder auf die anderen der Gruppe, die teilweise bereits beim wohlverdienten Bier und Aperitiv sassen.\u00a0\u00a0\u00a0\u00a0\u00a0\u00a0\u00a0\u00a0\u00a0\u00a0\u00a0\u00a0\u00a0\u00a0\u00a0\u00a0\u00a0 Marianne<\/td>\n<\/tr>\n<tr height=\"0\">\n<td width=\"653\">\u00a0<\/td>\n<td width=\"215\">\u00a0<\/td>\n<td width=\"110\">\u00a0<\/td>\n<\/tr>\n<\/tbody>\n<\/table>\n","protected":false},"excerpt":{"rendered":"<p>1.August, Wanderung oder eher steiler Aufstieg \u00a0vom Col de Mille auf dem Mont Rogneux Mit von der Partie: Herbert E., Adrian, Jean-Fran\u00e7ois, Bruni, Margrit, Brigitte H., Uli , Brigitte W., Hans-Peter K., Marianne und Regina (bis auf halbe H\u00f6he, von wo sie uns beobachtet) \u00a0 \u00a0 \u00a0 Wie im Tagesbericht angegeben, sind wir um 11.51 &hellip; <a href=\"https:\/\/www.adrianwood.ch\/?page_id=763\" class=\"more-link\">Continue reading <span class=\"screen-reader-text\">08-01 Mont Rogneux<\/span> <span class=\"meta-nav\">&rarr;<\/span><\/a><\/p>\n","protected":false},"author":1,"featured_media":0,"parent":743,"menu_order":1344,"comment_status":"closed","ping_status":"closed","template":"","meta":{"ngg_post_thumbnail":0,"footnotes":""},"class_list":["post-763","page","type-page","status-publish","hentry"],"_links":{"self":[{"href":"https:\/\/www.adrianwood.ch\/index.php?rest_route=\/wp\/v2\/pages\/763","targetHints":{"allow":["GET"]}}],"collection":[{"href":"https:\/\/www.adrianwood.ch\/index.php?rest_route=\/wp\/v2\/pages"}],"about":[{"href":"https:\/\/www.adrianwood.ch\/index.php?rest_route=\/wp\/v2\/types\/page"}],"author":[{"embeddable":true,"href":"https:\/\/www.adrianwood.ch\/index.php?rest_route=\/wp\/v2\/users\/1"}],"replies":[{"embeddable":true,"href":"https:\/\/www.adrianwood.ch\/index.php?rest_route=%2Fwp%2Fv2%2Fcomments&post=763"}],"version-history":[{"count":0,"href":"https:\/\/www.adrianwood.ch\/index.php?rest_route=\/wp\/v2\/pages\/763\/revisions"}],"up":[{"embeddable":true,"href":"https:\/\/www.adrianwood.ch\/index.php?rest_route=\/wp\/v2\/pages\/743"}],"wp:attachment":[{"href":"https:\/\/www.adrianwood.ch\/index.php?rest_route=%2Fwp%2Fv2%2Fmedia&parent=763"}],"curies":[{"name":"wp","href":"https:\/\/api.w.org\/{rel}","templated":true}]}}