{"id":778,"date":"2011-02-04T17:25:22","date_gmt":"2011-02-04T16:25:22","guid":{"rendered":"http:\/\/adrianwood.ch\/"},"modified":"2011-02-04T17:25:22","modified_gmt":"2011-02-04T16:25:22","slug":"08-03-bourg-st-pierre","status":"publish","type":"page","link":"https:\/\/www.adrianwood.ch\/?page_id=778","title":{"rendered":"08-03 Bourg St.Pierre"},"content":{"rendered":"<p><strong>3.August, Cantine d\u2019Aosta \u2013 Grand St.Bernhard &#8211; Bourg St.Pierre<\/strong><\/p>\n<table border=\"0\" cellspacing=\"0\" cellpadding=\"0\">\n<tbody>\n<tr>\n<td colspan=\"2\" width=\"821\" valign=\"top\">Nach einem hervorragenden Fr\u00fchst\u00fcck in der Cantina und in Anwesenheit unserer Gastgeberin Senora Calvi, machten wir uns bereit zum Abmarsch auf den Grossen St. Bernhard, mit 2469 M\u00fcM, der dritth\u00f6chste Pass der Schweiz. Kurz nach halb neun ging&#8217;s los. Der Grossteil der Gruppe entschied sich f\u00fcr die frisch geteerte Passstrasse, die Andern wollten, nach dem heftigen Regen des Vortages,\u00a0 erneut die Wasserfestigkeit ihrer Gore-Tex Schuhe auf die Probe stellen und liefen durchs nasse Gras. P\u00fcnktlich setzte auch der Regen wieder ein.<\/td>\n<\/tr>\n<tr>\n<td width=\"411\" valign=\"top\">\u00a0<img decoding=\"async\" class=\"ngg-singlepic ngg-none\" src=\"http:\/\/adrianwood.ch\/wp-content\/gallery\/colle-de-mille06\/image001_r4.jpg\" alt=\"image001_r4\" \/><\/td>\n<td width=\"411\" valign=\"top\">\u00a0<img decoding=\"async\" class=\"ngg-singlepic ngg-none\" src=\"http:\/\/adrianwood.ch\/wp-content\/gallery\/colle-de-mille06\/image003_r4.jpg\" alt=\"image003_r4\" \/><a class=\"shutterset_\" href=\"http:\/\/adrianwood.ch\/wp-content\/gallery\/colle-de-mille06\/image003_r4.jpg\"><\/a><a class=\"shutterset_\" href=\"http:\/\/adrianwood.ch\/wp-content\/gallery\/colle-de-mille06\/image003_r4.jpg\"><\/a><\/td>\n<\/tr>\n<tr>\n<td colspan=\"2\" width=\"821\" valign=\"top\">Um 9.40 Uhr erreichten wir den Pass, wo wir f\u00fcnf Clubmitglieder, die im Hospiz \u00fcbernachtet hatten, begr\u00fcssen konnten. Nach einer kurzen Besprechung, entschieden sich einige, mit dem Bus weiterzureisen und in Bourg St.-Pierre zu warten oder gleich nach Martiny ins Museum zu gehen.Zu elft starteten wir um 10.00 Uhr unseren Abstieg auf dem historischen Saumpfad, auf dem im Jahre 1800 Napoleon mit \u00fcber 40000 Mann im Mai und im Schnee von Norden \u00fcber den Pass kam. Der Dauerregen liess uns auch nicht gerade in Freudent\u00e4nze ausbrechen. Trotz Regenschirmen, Pelerinen und Regenhosen blieb kaum ein Fuss trocken und sogar der Inhalt der Rucks\u00e4cke wurde nass und n\u00e4sser. Kaum war ein Regenschutz wieder versorgt, fing es bald wieder zu regnen an. So kam uns ein L\u00fcftungsschacht\u00a0 des Tunnels sehr gelegen um im Trockenen eine Ess- und Trinkpause einzuschalten.<\/td>\n<\/tr>\n<tr>\n<td width=\"411\" valign=\"top\">\u00a0<img decoding=\"async\" class=\"ngg-singlepic ngg-none\" src=\"http:\/\/adrianwood.ch\/wp-content\/gallery\/colle-de-mille06\/image005_r4.jpg\" alt=\"image005_r4\" \/><\/td>\n<td width=\"411\" valign=\"top\">\u00a0<img decoding=\"async\" class=\"ngg-singlepic ngg-none\" src=\"http:\/\/adrianwood.ch\/wp-content\/gallery\/colle-de-mille06\/image007_r4.jpg\" alt=\"image007_r4\" \/><\/td>\n<\/tr>\n<tr>\n<td width=\"411\" valign=\"top\">Von da an ging&#8217;s rauf und runter und besonders in der letzten Stunde recht m\u00fchsam bis nach Bourg St.-Pierre, wo wir nach knapp vier Stunden um 13.50 Uhr eintrafen.Dort stellte sich heraus, dass der n\u00e4chste Bus erst um 16.50 Uhr fahren w\u00fcrde und so bestellten wir aus Orsi\u00e8res einen Taxisbus, der uns in sausender Fahrt ins Tal fuhr.<\/p>\n<p>In Martiny schliesslich, trafen wir unsere \u201eMuseumsbesucher\u201c wieder und fuhren gemeinsam im Zug nach Hause.<\/p>\n<p>Annette und Christian<\/td>\n<td width=\"411\" valign=\"top\">\u00a0<strong><img decoding=\"async\" src=\"http:\/\/adrianwood.ch\/wp-content\/gallery\/colle-de-mille06\/image009_r4.jpg\" alt=\"image009_r4\" \/><\/strong><\/td>\n<\/tr>\n<\/tbody>\n<\/table>\n<p><img decoding=\"async\" class=\"ngg-singlepic ngg-none\" src=\"http:\/\/adrianwood.ch\/wp-content\/gallery\/colle-de-mille06\/image002_r2.jpg\" alt=\"image002_r2\" \/><\/p>\n","protected":false},"excerpt":{"rendered":"<p>3.August, Cantine d\u2019Aosta \u2013 Grand St.Bernhard &#8211; Bourg St.Pierre Nach einem hervorragenden Fr\u00fchst\u00fcck in der Cantina und in Anwesenheit unserer Gastgeberin Senora Calvi, machten wir uns bereit zum Abmarsch auf den Grossen St. Bernhard, mit 2469 M\u00fcM, der dritth\u00f6chste Pass der Schweiz. Kurz nach halb neun ging&#8217;s los. Der Grossteil der Gruppe entschied sich f\u00fcr &hellip; <a href=\"https:\/\/www.adrianwood.ch\/?page_id=778\" class=\"more-link\">Continue reading <span class=\"screen-reader-text\">08-03 Bourg St.Pierre<\/span> <span class=\"meta-nav\">&rarr;<\/span><\/a><\/p>\n","protected":false},"author":1,"featured_media":0,"parent":743,"menu_order":1346,"comment_status":"closed","ping_status":"closed","template":"","meta":{"ngg_post_thumbnail":0,"footnotes":""},"class_list":["post-778","page","type-page","status-publish","hentry"],"_links":{"self":[{"href":"https:\/\/www.adrianwood.ch\/index.php?rest_route=\/wp\/v2\/pages\/778","targetHints":{"allow":["GET"]}}],"collection":[{"href":"https:\/\/www.adrianwood.ch\/index.php?rest_route=\/wp\/v2\/pages"}],"about":[{"href":"https:\/\/www.adrianwood.ch\/index.php?rest_route=\/wp\/v2\/types\/page"}],"author":[{"embeddable":true,"href":"https:\/\/www.adrianwood.ch\/index.php?rest_route=\/wp\/v2\/users\/1"}],"replies":[{"embeddable":true,"href":"https:\/\/www.adrianwood.ch\/index.php?rest_route=%2Fwp%2Fv2%2Fcomments&post=778"}],"version-history":[{"count":0,"href":"https:\/\/www.adrianwood.ch\/index.php?rest_route=\/wp\/v2\/pages\/778\/revisions"}],"up":[{"embeddable":true,"href":"https:\/\/www.adrianwood.ch\/index.php?rest_route=\/wp\/v2\/pages\/743"}],"wp:attachment":[{"href":"https:\/\/www.adrianwood.ch\/index.php?rest_route=%2Fwp%2Fv2%2Fmedia&parent=778"}],"curies":[{"name":"wp","href":"https:\/\/api.w.org\/{rel}","templated":true}]}}