{"id":824,"date":"2011-02-05T18:08:02","date_gmt":"2011-02-05T17:08:02","guid":{"rendered":"http:\/\/adrianwood.ch\/"},"modified":"2011-02-05T18:08:02","modified_gmt":"2011-02-05T17:08:02","slug":"04-27-osterfest","status":"publish","type":"page","link":"https:\/\/www.adrianwood.ch\/?page_id=824","title":{"rendered":"04-27 Osterfest"},"content":{"rendered":"<h2>Samstag, 26. April, Anreise und Greichische-Osterfest\u00a0<\/h2>\n<table border=\"0\" cellspacing=\"0\" cellpadding=\"0\">\n<tbody>\n<tr>\n<td colspan=\"3\" width=\"821\" valign=\"top\">Am 26. April ging es los, mit dem fr\u00f6hlich gelben TUI Flieger aus Basel &#8211; Abreise um 16 Uhr, Ankunft am Flughafen N. Kazantsakis (Heraklion) um 21 Uhr, gerade nach dem Eindunkeln. Dieser Samstagabend war der Vorabend f\u00fcr das griechische Osterfest. Kurz vor uns war eine Fackel aus Jerusalem angekommen, der Flughafen voll von Musik und fr\u00f6hlichen Menschen. Was f\u00fcr ein Empfang ! Noch besser: auch unser Gep\u00e4ck kam vollst\u00e4ndig und unbeschadet an. Ein guter Start f\u00fcr die Wanderwoche. Die Busfahrt ins Zentrum war kurz, das Hotel Marin Dream sympathisch und ruhig gelegen. Im Zuge des Osterfestes haben wir das Hotel alle nochmals verlassen und bis Mitternacht in der Stadt geblieben. Ein paar von uns genossen schon an diesem Abend griechische Vorspeisen, nachdem die Lokalbesitzerin in Windeseile eine Tafel f\u00fcr 12 Personen aus dem Nichts gezaubert hatte.<\/td>\n<\/tr>\n<tr>\n<td width=\"274\" valign=\"top\">\u00a0<img decoding=\"async\" class=\"ngg-singlepic ngg-none\" src=\"http:\/\/adrianwood.ch\/wp-content\/gallery\/kreta0804\/image001_r3.jpg\" alt=\"image001_r3\" \/><\/td>\n<td width=\"274\" valign=\"top\">\u00a0<img decoding=\"async\" class=\"ngg-singlepic ngg-none\" src=\"http:\/\/adrianwood.ch\/wp-content\/gallery\/kreta0804\/image003_r3.jpg\" alt=\"image003_r3\" \/><\/td>\n<td width=\"274\" valign=\"top\">\u00a0<img decoding=\"async\" class=\"ngg-singlepic ngg-none\" src=\"http:\/\/adrianwood.ch\/wp-content\/gallery\/kreta0804\/image005_r3.jpg\" alt=\"image005_r3\" \/><\/td>\n<\/tr>\n<tr>\n<td colspan=\"3\" width=\"821\" valign=\"top\">Andere suchten eher die kulturellen Gen\u00fcsse. Vor den beleuchteten Kirchen gab es \u00fcberall gr\u00f6ssere Ansammlungen von Menschen mit brennenden Kerzen in der Hand, ein wundersch\u00f6ne friedliche Stimmung, wir bewunderten noch die prachtvolle Innenausstattungen von Agios Titos und Agios Dimitrios vor der R\u00fcckkehr ins Hotel. Dort gab es dann Raki und Ostergeb\u00e4ck und anschliessend den wohlverdienten Schlaf.<\/td>\n<\/tr>\n<tr>\n<td width=\"274\" valign=\"top\">\u00a0<img decoding=\"async\" class=\"ngg-singlepic ngg-none\" src=\"http:\/\/adrianwood.ch\/wp-content\/gallery\/kreta0804\/image007_r3.jpg\" alt=\"image007_r3\" \/><\/td>\n<td width=\"274\" valign=\"top\">\u00a0<img decoding=\"async\" class=\"ngg-singlepic ngg-none\" src=\"http:\/\/adrianwood.ch\/wp-content\/gallery\/kreta0804\/image009_r3.jpg\" alt=\"image009_r3\" \/><\/td>\n<td width=\"274\" valign=\"top\">\u00a0<img decoding=\"async\" class=\"ngg-singlepic ngg-none\" src=\"http:\/\/adrianwood.ch\/wp-content\/gallery\/kreta0804\/image011_r3.jpg\" alt=\"image011_r3\" \/><\/td>\n<\/tr>\n<tr>\n<td colspan=\"3\" width=\"821\" valign=\"top\">\n<h2>Sonntag, 27. April, Ein sanfter Start in die Wanderwoche<\/h2>\n<p>Am Sonntag hat man sich mal gr\u00fcndlich ausgeschlafen, eine lange Wanderung stand nicht auf dem Programm. Das Wetter zeigte sich von seiner schlechtesten Seite mit K\u00e4lte und Regen, was der 23-k\u00f6pfigen Wandergruppe einigen Grund zur Sorge bereitete. Trostreich war der Gedanke an den bevorstehenden Osterschmaus und die Wetterprognose, die f\u00fcr Dienstag Besserung prophezeite (die jedoch am Montag schon eintrat).<\/p>\n<p>Zuerst fuhren wir mit einem komfortablen Reisebus zusammen mit unserer freundlichen lokalen Begleitung Gabi in die Gegend s\u00fcdlich von Heraklion und erf\u00fchren viel \u00fcber Land und Leute. Die Gegend war einladend gr\u00fcn, kein Wunder bei dem Regen. Dies war jedoch nicht immer so &#8211; schon in minoischen Zeiten wurde stark abgeholzt, was zur Verkarstung f\u00fchrte und sp\u00e4ter wurden Projekte zur Begr\u00fcnung durchgef\u00fchrt. Die lokale Bev\u00f6lkerung hat lange von Sultaninenproduktion gelebt (bis die t\u00fcrkischen Sultaninen zu viel Preisdruck erzeugten), sp\u00e4ter wurde durch staatliche F\u00f6rderung auf Olivenproduktion umgestellt (die heute ebenfalls unter der Konkurrenz leidet). Heute findet man haupts\u00e4chlich kurzst\u00e4mmige Olivenb\u00e4ume, die tiefh\u00e4ngende (daher leicht zu pfl\u00fcckende) kleine und fettreiche Oliven liefern, haupts\u00e4chlich zur Produktion des weltweit bekannten kretischen Oliven\u00f6ls.<\/p>\n<p>Auf unserer Tour besichtigen wir die Quelle des heiligen Mironas, dessen H\u00f6hle und eine sch\u00f6ne orthodoxe Kirche, wo wir auch den Beginn eines Gottesdienstes beiwohnten (ohne ein Wort zu verstehen, nat\u00fcrlich). Ausserdem sahen wir zwei Statuen von Helden in lokaler Tracht, die sich im Kampf gegen die t\u00fcrkischen Belagerer verdient gemacht hatten. Nat\u00fcrlich haben wir uns alle eifrig bem\u00fcht, die Anf\u00e4nge der griechischen Sprache zu erlernen, unser erster Satz \u201echronia polla, christi anesti\u201c kann man leider nur an einem Tag des Jahres sinnvoll einsetzen, n\u00e4mlich am Ostersonntag. Auf der weitern Busfahrt erahnten wir das Psiloritismassiv (hinter Nebel und Wolken), und sahen den Berg Yuchtas, den Geburtsort von Zeus. Nicht weit entfernt liegt Knossos, das wegen Tsunami, Vulkanausbruch oder Erdbeben untergegangen sein soll.<\/td>\n<\/tr>\n<tr>\n<td width=\"274\" valign=\"top\"><strong>\u00a0<img decoding=\"async\" class=\"ngg-singlepic ngg-none\" src=\"http:\/\/adrianwood.ch\/wp-content\/gallery\/kreta0804\/image013_r3.jpg\" alt=\"image013_r3\" \/><\/strong><\/td>\n<td width=\"274\" valign=\"top\"><strong>\u00a0<img decoding=\"async\" class=\"ngg-singlepic ngg-none\" src=\"http:\/\/adrianwood.ch\/wp-content\/gallery\/kreta0804\/image015_r3.jpg\" alt=\"image015_r3\" \/><\/strong><\/td>\n<td width=\"274\" valign=\"top\"><strong>\u00a0<img decoding=\"async\" class=\"ngg-singlepic ngg-none\" src=\"http:\/\/adrianwood.ch\/wp-content\/gallery\/kreta0804\/image017_r3.jpg\" alt=\"image017_r3\" \/><\/strong><\/td>\n<\/tr>\n<tr>\n<td colspan=\"3\" width=\"821\" valign=\"top\">Weiter ging es nach Pano Assites, wo unser Osterschmaus vorbereitet wurde, Das griechische Ostern findet viel sp\u00e4ter statt als unseres. Die Zeit davor wird gefastet, am Gr\u00fcndonnerstag gibt es eingelegte Weinbl\u00e4tter, am Freitag Tomatensuppe, am Samstag eine ganz spezielle Suppe aus gehackten Lammeingeweiden, die mit Zwiebeln und anderen schmackhaften Zutaten verarbeitet werden. Und am Sonntag schliesslich das Festessen, das gegrillte Lamm, zusammen mit roten Ostereiern. In ganz Kreta bedeutet dies ein Aufruf zu landweiten Lammr\u00f6sten, die Familien fahren aus der Stadt aufs Land, um auf kleinen Feuerstellen Lammst\u00fcckchen zu grillen. Und seit 20 Jahren gab es immer sch\u00f6nes Wetter an diesem Tag, bis wir anreisten. In Pano Assites haben wir vor dem Essen noch ein altehrw\u00fcrdige Dame in ihrem Haus besucht und einen Eindruck \u00fcber die lokalen Gegebenheiten bekommen. Dann ging es zu einem Restaurant, wo das Lamm wetterbedingt nicht gegrillt, sondern in einem grossen Steinofen geschmort wurde, und zusammen mit Ofenkartoffeln genussvoll von uns verschmaust wurden. Dann ging es wieder in den Reisebus, wir nahmen Abschied von Gabi und<\/td>\n<\/tr>\n<tr>\n<td width=\"274\" valign=\"top\">\u00a0<img decoding=\"async\" class=\"ngg-singlepic ngg-none\" src=\"http:\/\/adrianwood.ch\/wp-content\/gallery\/kreta0804\/image019_r3.jpg\" alt=\"image019_r3\" \/><\/td>\n<td width=\"274\" valign=\"top\">\u00a0<img decoding=\"async\" class=\"ngg-singlepic ngg-none\" src=\"http:\/\/adrianwood.ch\/wp-content\/gallery\/kreta0804\/image021_r3.jpg\" alt=\"DCF 1.0\" \/><\/td>\n<td width=\"274\" valign=\"top\">\u00a0<img decoding=\"async\" class=\"ngg-singlepic ngg-none\" src=\"http:\/\/adrianwood.ch\/wp-content\/gallery\/kreta0804\/image023_r3.jpg\" alt=\"image023_r3\" \/><\/td>\n<\/tr>\n<tr>\n<td colspan=\"3\" width=\"821\" valign=\"top\">machten uns auf die mehrst\u00fcndige Reise in den S\u00fcden, via Heraklion, Rethimnon und Chania bis nach Paleochora, wo wir uns im Hotel Megim einquartierten. Das Abendessen war nach freier Wahl, wir hatten wunderbaren gegrillten Fisch im Restaurant Calixo nicht weit vom Hafen in Paleochora, wo wir morgen in eine andere Welt entf\u00fchrt werden sollten \u2026.\u00a0\u00a0\u00a0\u00a0\u00a0\u00a0\u00a0\u00a0\u00a0\u00a0\u00a0\u00a0\u00a0\u00a0\u00a0 Christine<\/td>\n<\/tr>\n<\/tbody>\n<\/table>\n","protected":false},"excerpt":{"rendered":"<p>Samstag, 26. April, Anreise und Greichische-Osterfest\u00a0 Am 26. April ging es los, mit dem fr\u00f6hlich gelben TUI Flieger aus Basel &#8211; Abreise um 16 Uhr, Ankunft am Flughafen N. Kazantsakis (Heraklion) um 21 Uhr, gerade nach dem Eindunkeln. Dieser Samstagabend war der Vorabend f\u00fcr das griechische Osterfest. Kurz vor uns war eine Fackel aus Jerusalem &hellip; <a href=\"https:\/\/www.adrianwood.ch\/?page_id=824\" class=\"more-link\">Continue reading <span class=\"screen-reader-text\">04-27 Osterfest<\/span> <span class=\"meta-nav\">&rarr;<\/span><\/a><\/p>\n","protected":false},"author":1,"featured_media":0,"parent":792,"menu_order":2284,"comment_status":"closed","ping_status":"closed","template":"","meta":{"ngg_post_thumbnail":0,"footnotes":""},"class_list":["post-824","page","type-page","status-publish","hentry"],"_links":{"self":[{"href":"https:\/\/www.adrianwood.ch\/index.php?rest_route=\/wp\/v2\/pages\/824","targetHints":{"allow":["GET"]}}],"collection":[{"href":"https:\/\/www.adrianwood.ch\/index.php?rest_route=\/wp\/v2\/pages"}],"about":[{"href":"https:\/\/www.adrianwood.ch\/index.php?rest_route=\/wp\/v2\/types\/page"}],"author":[{"embeddable":true,"href":"https:\/\/www.adrianwood.ch\/index.php?rest_route=\/wp\/v2\/users\/1"}],"replies":[{"embeddable":true,"href":"https:\/\/www.adrianwood.ch\/index.php?rest_route=%2Fwp%2Fv2%2Fcomments&post=824"}],"version-history":[{"count":0,"href":"https:\/\/www.adrianwood.ch\/index.php?rest_route=\/wp\/v2\/pages\/824\/revisions"}],"up":[{"embeddable":true,"href":"https:\/\/www.adrianwood.ch\/index.php?rest_route=\/wp\/v2\/pages\/792"}],"wp:attachment":[{"href":"https:\/\/www.adrianwood.ch\/index.php?rest_route=%2Fwp%2Fv2%2Fmedia&parent=824"}],"curies":[{"name":"wp","href":"https:\/\/api.w.org\/{rel}","templated":true}]}}