{"id":835,"date":"2011-02-07T11:16:52","date_gmt":"2011-02-07T11:16:52","guid":{"rendered":"http:\/\/adrianwood.ch\/"},"modified":"2016-01-28T12:49:00","modified_gmt":"2016-01-28T12:49:00","slug":"2011-01-morgartenberg","status":"publish","type":"page","link":"https:\/\/www.adrianwood.ch\/?page_id=835","title":{"rendered":"2011-01 Morgartenberg"},"content":{"rendered":"<h2><a href=\"http:\/\/adrianwood.ch\/club-tours\/innerschweiz\/2011-01-morgartenberg\/dscn5232_r2\/\" rel=\"attachment wp-att-840\"><img loading=\"lazy\" decoding=\"async\" class=\"alignleft size-full wp-image-840\" title=\"DSCN5232_r2\" src=\"http:\/\/adrianwood.ch\/wp-content\/uploads\/2011\/02\/DSCN5232_r2.jpg\" alt=\"\" width=\"720\" height=\"540\" \/><\/a>Samstag\u00a0 22. 01. 2011, Schneeschuhwanderung auf den Morgartenberg, Sattel, Schwyz<\/h2>\n<h4>Von Sattel &#8211; Aegeri (763m) aus wanderten\u00a0wir auf einem Str\u00e4sschen\u00a0\u00fcber Lustenau nach Churzeren und stiegen dem frisch verschneiten Hang hinauf nach Unter &#8211; und Ober &#8211;\u00a0 Morgarten. Von dort aus folgten wir\u00a0dem Wanderweg auf den Grat des Morgartenberges (1244m). Von hier gab es leider\u00a0kein\u00a0 pr\u00e4chtige Sicht in die Alpen aber doch durch dem Nebel\u00a0auf den Aegerisee hinunter. Wir\u00a0 tauchen nun in den Sauberhaftenwald ein und\u00a0 kamen vor\u00a0Chli Morgarten (1069m) wieder auf eine grosse Lichtung. Wir wanderten weiter nach Norden durch den T\u00e4nndliwald\u00a0 und querten beim T\u00e4nndlichr\u00fcz die Strasse, die das Rothenthurmer Moor mit dem Aegerisee verbindet. Ueber offenenes Gel\u00e4nde erreichten wir den B\u00f6schirain und\u00a0dann die kleine Lichtung St. Jost mit Kapelle. Ohne die bewirtete Skih\u00fctte zu besuchen\u00a0gingen wir weiter\u00a0durch den Wald hinunter zum Bibersteg und querten das Moor um die Dritte Altmatt zu erreichen. Hier nahmen wir die S31 nach Arth- Goldau.<\/h4>\n<h4>Dies\u00a0war keine sehr anstrengende Wanderung, aber es zog sich in der L\u00e4nge. Wanderzeit: knapp 5 Std. Leiter: Marianne Frei, <a href=\"http:\/\/www.freimarianne.ch\/?page_id=1062\">http:\/\/www.freimarianne.ch\/?page_id=1062<\/a><\/h4>\n<h4>ngg_shortcode_0_placeholder<\/h4>\n<p><img decoding=\"async\" class=\"ngg-singlepic ngg-none\" src=\"http:\/\/adrianwood.ch\/wp-content\/gallery\/morgartenberg01\/2011-01-22-00.jpg\" alt=\"2011-01-22-00\" \/><\/p>\n","protected":false},"excerpt":{"rendered":"<p>Samstag\u00a0 22. 01. 2011, Schneeschuhwanderung auf den Morgartenberg, Sattel, Schwyz Von Sattel &#8211; Aegeri (763m) aus wanderten\u00a0wir auf einem Str\u00e4sschen\u00a0\u00fcber Lustenau nach Churzeren und stiegen dem frisch verschneiten Hang hinauf nach Unter &#8211; und Ober &#8211;\u00a0 Morgarten. Von dort aus folgten wir\u00a0dem Wanderweg auf den Grat des Morgartenberges (1244m). Von hier gab es leider\u00a0kein\u00a0 pr\u00e4chtige &hellip; <a href=\"https:\/\/www.adrianwood.ch\/?page_id=835\" class=\"more-link\">Continue reading <span class=\"screen-reader-text\">2011-01 Morgartenberg<\/span> <span class=\"meta-nav\">&rarr;<\/span><\/a><\/p>\n","protected":false},"author":1,"featured_media":0,"parent":122,"menu_order":1123,"comment_status":"closed","ping_status":"closed","template":"","meta":{"ngg_post_thumbnail":0,"footnotes":""},"class_list":["post-835","page","type-page","status-publish","hentry"],"_links":{"self":[{"href":"https:\/\/www.adrianwood.ch\/index.php?rest_route=\/wp\/v2\/pages\/835","targetHints":{"allow":["GET"]}}],"collection":[{"href":"https:\/\/www.adrianwood.ch\/index.php?rest_route=\/wp\/v2\/pages"}],"about":[{"href":"https:\/\/www.adrianwood.ch\/index.php?rest_route=\/wp\/v2\/types\/page"}],"author":[{"embeddable":true,"href":"https:\/\/www.adrianwood.ch\/index.php?rest_route=\/wp\/v2\/users\/1"}],"replies":[{"embeddable":true,"href":"https:\/\/www.adrianwood.ch\/index.php?rest_route=%2Fwp%2Fv2%2Fcomments&post=835"}],"version-history":[{"count":1,"href":"https:\/\/www.adrianwood.ch\/index.php?rest_route=\/wp\/v2\/pages\/835\/revisions"}],"predecessor-version":[{"id":4858,"href":"https:\/\/www.adrianwood.ch\/index.php?rest_route=\/wp\/v2\/pages\/835\/revisions\/4858"}],"up":[{"embeddable":true,"href":"https:\/\/www.adrianwood.ch\/index.php?rest_route=\/wp\/v2\/pages\/122"}],"wp:attachment":[{"href":"https:\/\/www.adrianwood.ch\/index.php?rest_route=%2Fwp%2Fv2%2Fmedia&parent=835"}],"curies":[{"name":"wp","href":"https:\/\/api.w.org\/{rel}","templated":true}]}}