{"id":8415,"date":"2016-07-03T09:52:15","date_gmt":"2016-07-03T09:52:15","guid":{"rendered":"http:\/\/www.adrianwood.ch\/?page_id=8415"},"modified":"2019-11-06T17:19:27","modified_gmt":"2019-11-06T17:19:27","slug":"2016-05-kroatien","status":"publish","type":"page","link":"https:\/\/www.adrianwood.ch\/?page_id=8415","title":{"rendered":"2016-05 Kroatien"},"content":{"rendered":"<figure id=\"attachment_20985\" aria-describedby=\"caption-attachment-20985\" style=\"width: 1620px\" class=\"wp-caption alignleft\"><a href=\"http:\/\/www.adrianwood.ch\/wp-content\/uploads\/2019\/11\/CRO_0517.jpg\"><img loading=\"lazy\" decoding=\"async\" class=\"size-full wp-image-20985\" src=\"http:\/\/www.adrianwood.ch\/wp-content\/uploads\/2019\/11\/CRO_0517.jpg\" alt=\"\" width=\"1620\" height=\"1080\" srcset=\"https:\/\/www.adrianwood.ch\/wp-content\/uploads\/2019\/11\/CRO_0517.jpg 1620w, https:\/\/www.adrianwood.ch\/wp-content\/uploads\/2019\/11\/CRO_0517-300x200.jpg 300w, https:\/\/www.adrianwood.ch\/wp-content\/uploads\/2019\/11\/CRO_0517-768x512.jpg 768w, https:\/\/www.adrianwood.ch\/wp-content\/uploads\/2019\/11\/CRO_0517-1024x683.jpg 1024w\" sizes=\"auto, (max-width: 1620px) 100vw, 1620px\" \/><\/a><figcaption id=\"caption-attachment-20985\" class=\"wp-caption-text\">auf dem Kula oberhalp von Omis<\/figcaption><\/figure>\n<h2><strong>Kroatiens Inselwelt und Istrien<\/strong><\/h2>\n<p style=\"text-align: justify;\">Kroatiens Inselwelt l\u00e4dt zu entdeckungsreichen Wanderungen ein, die \u00f6fters durch Olivenhaine und W\u00e4lder mit Feigenb\u00e4umen und aromatisch duftenden Kr\u00e4uter f\u00fchren. Kleine Kirchen, D\u00f6rfer und Kapellen runden diese Touren ebenso stimmungsvoll wie interessant ab. Die Reise startete in der Altstadt von Trogir und ging gleich an Bord der neue deluxe Motoryacht \u201aMystic\u2018. Sie wurde f\u00fcr die n\u00e4chste Woche unsere schwimmendes Heim sein. Auf dem Programm standen die Inseln Vis, Mljet und Korcula und am Festland Dubrovnik, Orebic und Omis. Dubrovnik wird nicht zu Unrecht \u201ePerle der Adria\u201c genannt, geh\u00f6rte es doch in seiner Bl\u00fctezeit im Mittelalter zu den bedeutendsten wirtschaftlichen und kulturellen Zentren des Mittelmeeres. Heute pr\u00e4sentiert sich die Altstadt dem Besucher als ein einzigartiges Freilichtmuseum mit einer F\u00fclle von Sehensw\u00fcrdigkeiten. Auch ein Besuch der vollst\u00e4ndig erhaltene Stadt Korcula ist sehr lohnenswert. Es wird manchmal klein Dubrovnik gennant.<\/p>\n<p style=\"text-align: justify;\">Kristallklares Wasser, mittelalterliche Hafenst\u00e4dte, antike Pracht und ein weitgehend unentdecktes Hinterland pr\u00e4gen das &#8220;Herz Europas&#8221;. Istrien, die gr\u00f6\u00dfte Halbinsel Kroatiens, ist wie ein Herz geformt. Es bietet viel mehr als nur Sonne und Badespa\u00df. Im Landesinneren verstecken sich jede Menge Geheimwege, zwischen kleinen alten D\u00f6rfern auf H\u00fcgelkuppen, die an die Toskana erinnern. Die K\u00fcche bietet eine Vielfalt an mediterranen K\u00f6stlichkeiten, eine Mischung aus b\u00e4uerlicher istrianischer K\u00fcche gepaart mit italienischen und \u00f6sterreichischen Einfl\u00fcssen. Die Zutaten kommen direkt aus dem Meer, den W\u00e4ldern, Weing\u00e4rten und Feldern. Besonders ber\u00fchmt sind die schwarzen Truffel, die fast das ganze Jahr \u00fcber von den abgerichteten Hunden gefunden werden. Dort bezogen wir Hotels in Motovun und Vrsar, kleine malerische D\u00f6rfer an der Westk\u00fcste und in Landesinnere. Wir besuchten die bekannte malerischen Ortschaften Rovinj und Pula an der K\u00fcste und Hum, die kleinste Stadt der Welt, in den Bergen.<\/p>\n<h2 style=\"text-align: justify;\"><a href=\"http:\/\/www.adrianwood.ch\/?page_id=9470\">Inhalt \/ Contents<\/a><\/h2>\n<h3 style=\"text-align: justify;\"><a href=\"http:\/\/www.adrianwood.ch\/?page_id=8419\">Einf\u00fchrung<\/a><\/h3>\n","protected":false},"excerpt":{"rendered":"<p>Kroatiens Inselwelt und Istrien Kroatiens Inselwelt l\u00e4dt zu entdeckungsreichen Wanderungen ein, die \u00f6fters durch Olivenhaine und W\u00e4lder mit Feigenb\u00e4umen und aromatisch duftenden Kr\u00e4uter f\u00fchren. Kleine Kirchen, D\u00f6rfer und Kapellen runden diese Touren ebenso stimmungsvoll wie interessant ab. Die Reise startete in der Altstadt von Trogir und ging gleich an Bord der neue deluxe Motoryacht \u201aMystic\u2018. &hellip; <a href=\"https:\/\/www.adrianwood.ch\/?page_id=8415\" class=\"more-link\">Continue reading <span class=\"screen-reader-text\">2016-05 Kroatien<\/span> <span class=\"meta-nav\">&rarr;<\/span><\/a><\/p>\n","protected":false},"author":1,"featured_media":0,"parent":20764,"menu_order":253,"comment_status":"closed","ping_status":"closed","template":"","meta":{"ngg_post_thumbnail":0,"footnotes":""},"class_list":["post-8415","page","type-page","status-publish","hentry"],"_links":{"self":[{"href":"https:\/\/www.adrianwood.ch\/index.php?rest_route=\/wp\/v2\/pages\/8415","targetHints":{"allow":["GET"]}}],"collection":[{"href":"https:\/\/www.adrianwood.ch\/index.php?rest_route=\/wp\/v2\/pages"}],"about":[{"href":"https:\/\/www.adrianwood.ch\/index.php?rest_route=\/wp\/v2\/types\/page"}],"author":[{"embeddable":true,"href":"https:\/\/www.adrianwood.ch\/index.php?rest_route=\/wp\/v2\/users\/1"}],"replies":[{"embeddable":true,"href":"https:\/\/www.adrianwood.ch\/index.php?rest_route=%2Fwp%2Fv2%2Fcomments&post=8415"}],"version-history":[{"count":8,"href":"https:\/\/www.adrianwood.ch\/index.php?rest_route=\/wp\/v2\/pages\/8415\/revisions"}],"predecessor-version":[{"id":20986,"href":"https:\/\/www.adrianwood.ch\/index.php?rest_route=\/wp\/v2\/pages\/8415\/revisions\/20986"}],"up":[{"embeddable":true,"href":"https:\/\/www.adrianwood.ch\/index.php?rest_route=\/wp\/v2\/pages\/20764"}],"wp:attachment":[{"href":"https:\/\/www.adrianwood.ch\/index.php?rest_route=%2Fwp%2Fv2%2Fmedia&parent=8415"}],"curies":[{"name":"wp","href":"https:\/\/api.w.org\/{rel}","templated":true}]}}