{"id":853,"date":"2011-02-07T12:43:39","date_gmt":"2011-02-07T12:43:39","guid":{"rendered":"http:\/\/adrianwood.ch\/"},"modified":"2016-01-28T12:49:58","modified_gmt":"2016-01-28T12:49:58","slug":"2011-01-bockshorn","status":"publish","type":"page","link":"https:\/\/www.adrianwood.ch\/?page_id=853","title":{"rendered":"2011-01 Bockshorn"},"content":{"rendered":"<figure id=\"attachment_857\" aria-describedby=\"caption-attachment-857\" style=\"width: 720px\" class=\"wp-caption alignleft\"><a href=\"http:\/\/adrianwood.ch\/club-tours\/innerschweiz\/2011-01-bockshorn\/dscn5263_1_r2\/\" rel=\"attachment wp-att-857\"><img loading=\"lazy\" decoding=\"async\" class=\"size-full wp-image-857\" title=\"DSCN5263_1_r2\" src=\"http:\/\/adrianwood.ch\/wp-content\/uploads\/2011\/02\/DSCN5263_1_r2.jpg\" alt=\"auf dem Bockshorn\" width=\"720\" height=\"486\" \/><\/a><figcaption id=\"caption-attachment-857\" class=\"wp-caption-text\">auf dem Bockshorn<\/figcaption><\/figure>\n<h2>Sonntag 30. Januar 2011, Wanderung, Escholzmatt \u2013 Bockshorn<\/h2>\n<h4>10.20 Uhr starten wir von Escholzmatt und steigen zum Bockshorn\u00a0im Napfgebiet auf. Nach einem kurzem Aufstieg durch dem frostigem Wald und dem Nebelschicht, hat das sch\u00f6ne Alpenpanorama uns auf dem Grossteil des Weges begleitet. Sonne und Wind hatten der dunne Schneeschicht teilweise vom Gipfel weggefegt und der\u00a0Schneesituation verlangte weder nach LVS noch Schneeschuhe (letztere hatten wir doch dabei). Der Weiterweg\u00a0f\u00fchrte an zwei Bauernh\u00f6fe vorbei einem breitem Bergr\u00fccken entlang bis hinunter nach Tr\u00fcbsachen. In den Pausen k\u00f6nnten wir uns \u00fcber den Mitgebrachten Backwaren freuen. Es war eine gem\u00fctliche ca. 3.5 st\u00fcndige Wanderung. Leiter: Vreni Gubler. ngg_shortcode_0_placeholder<\/h4>\n","protected":false},"excerpt":{"rendered":"<p>Sonntag 30. Januar 2011, Wanderung, Escholzmatt \u2013 Bockshorn 10.20 Uhr starten wir von Escholzmatt und steigen zum Bockshorn\u00a0im Napfgebiet auf. Nach einem kurzem Aufstieg durch dem frostigem Wald und dem Nebelschicht, hat das sch\u00f6ne Alpenpanorama uns auf dem Grossteil des Weges begleitet. Sonne und Wind hatten der dunne Schneeschicht teilweise vom Gipfel weggefegt und der\u00a0Schneesituation &hellip; <a href=\"https:\/\/www.adrianwood.ch\/?page_id=853\" class=\"more-link\">Continue reading <span class=\"screen-reader-text\">2011-01 Bockshorn<\/span> <span class=\"meta-nav\">&rarr;<\/span><\/a><\/p>\n","protected":false},"author":1,"featured_media":0,"parent":122,"menu_order":1124,"comment_status":"closed","ping_status":"closed","template":"","meta":{"ngg_post_thumbnail":0,"footnotes":""},"class_list":["post-853","page","type-page","status-publish","hentry"],"_links":{"self":[{"href":"https:\/\/www.adrianwood.ch\/index.php?rest_route=\/wp\/v2\/pages\/853","targetHints":{"allow":["GET"]}}],"collection":[{"href":"https:\/\/www.adrianwood.ch\/index.php?rest_route=\/wp\/v2\/pages"}],"about":[{"href":"https:\/\/www.adrianwood.ch\/index.php?rest_route=\/wp\/v2\/types\/page"}],"author":[{"embeddable":true,"href":"https:\/\/www.adrianwood.ch\/index.php?rest_route=\/wp\/v2\/users\/1"}],"replies":[{"embeddable":true,"href":"https:\/\/www.adrianwood.ch\/index.php?rest_route=%2Fwp%2Fv2%2Fcomments&post=853"}],"version-history":[{"count":1,"href":"https:\/\/www.adrianwood.ch\/index.php?rest_route=\/wp\/v2\/pages\/853\/revisions"}],"predecessor-version":[{"id":4859,"href":"https:\/\/www.adrianwood.ch\/index.php?rest_route=\/wp\/v2\/pages\/853\/revisions\/4859"}],"up":[{"embeddable":true,"href":"https:\/\/www.adrianwood.ch\/index.php?rest_route=\/wp\/v2\/pages\/122"}],"wp:attachment":[{"href":"https:\/\/www.adrianwood.ch\/index.php?rest_route=%2Fwp%2Fv2%2Fmedia&parent=853"}],"curies":[{"name":"wp","href":"https:\/\/api.w.org\/{rel}","templated":true}]}}