{"id":8563,"date":"2016-07-03T17:10:35","date_gmt":"2016-07-03T17:10:35","guid":{"rendered":"http:\/\/www.adrianwood.ch\/?page_id=8563"},"modified":"2016-07-13T18:27:19","modified_gmt":"2016-07-13T18:27:19","slug":"05-17-dubrovnik","status":"publish","type":"page","link":"https:\/\/www.adrianwood.ch\/?page_id=8563","title":{"rendered":"05-17 Dubrovnik"},"content":{"rendered":"<p class=\"Normal-P\" style=\"margin-bottom: 6pt; text-align: justify; text-justify: inter-ideograph; direction: ltr; unicode-bidi: normal;\"><span class=\"Normal-H\"><span style=\"font-family: Times New Roman; font-weight: bold;\">Di<\/span><span style=\"font-family: Times New Roman; font-weight: bold;\">enstag<\/span><span style=\"font-family: Times New Roman; font-weight: bold;\">, 17. Mai 2016<\/span><span style=\"font-family: Times New Roman; font-weight: bold;\">,<\/span><span style=\"font-family: Times New Roman; font-weight: bold;\"> Dubrovnik<\/span><\/span><\/p>\n<table class=\"TableGrid-T\" style=\"border-collapse: collapse;\" cellspacing=\"0\">\n<tbody>\n<tr class=\"-R\">\n<td class=\"-C\" style=\"width: 492.7pt; border: none windowtext 0pt;\" colspan=\"2\">\n<p class=\"Normal-P\" style=\"margin-bottom: 6pt; text-align: justify; text-justify: inter-ideograph; direction: ltr; unicode-bidi: normal;\"><span class=\"Normal-H\"><span style=\"font-family: Times New Roman;\">Schon vor der Fahrt nach Dubrovnik wurde beim Abendessen \u00fcber das Ereignis Dubrovnik gesprochen, schliesslich handelte es sich um einen der H\u00f6hepunkte der Wanderreise. Einige kannten die Stadt schon und freuten sich auf ein Wiedersehen, die anderen waren gespannt, ob Dubrovnik wirklich so einmalig sch\u00f6n sein w\u00fcrde wie man \u00fcberall h\u00f6rte. Beunruhigend waren die gar nicht g\u00fcnstigen Wetteraussichten, die Vorhersage lautete auf Gewitter und Regen. Als die Mystik von Pomena auf der Insel Mljet ablegte, blickten wir sorgenvoll in den grauen Himmel, auf dem Oberdeck war es k\u00fchl, es blies ein unangenehmer Wind, aber es war trocken. Wir fuhren mit Blick auf das Festland an verschiedenen Inseln vorbei und gewahrten einen gewaltigen Autobahnviadukt, auf dem reger Verkehr herrschte. Nun r\u00fcckten riesige Hotelanlagen, sowohl auf dem Festland wie auch auf der Insel Kolocep ins Blickfeld, vom Schiff aus konnten wir aber nur einen kleinen Badestrand ausmachen. Ein grosses Kreuzfahrtschiff ankerte vor dem Festland und erinnerte uns daran, dass Dubrovnik eines der Hauptreiseziele Kroatiens ist und die Altstadt von Touristen formlich \u00fcberflutet wird.<\/span><\/span><\/p>\n<\/td>\n<\/tr>\n<tr class=\"-R\">\n<td class=\"-C\" style=\"width: 246.05pt; border: none windowtext 0pt;\">\n<p class=\"Normal-P\" style=\"margin-bottom: 6pt; text-align: justify; text-justify: inter-ideograph; direction: ltr; unicode-bidi: normal;\"><span class=\"Normal-H\"><span style=\"font-family: Times New Roman;\"><img loading=\"lazy\" decoding=\"async\" class=\"\" src=\"http:\/\/www.adrianwood.ch\/wp-content\/uploads\/2016\/07\/1467565790_image1.jpeg\" width=\"346\" height=\"231\" data-link=\"\" \/><\/span><\/span><\/p>\n<\/td>\n<td class=\"-C\" style=\"width: 246.65pt; border: none windowtext 0pt;\">\n<p class=\"Normal-P\" style=\"margin-bottom: 6pt; text-align: justify; text-justify: inter-ideograph; direction: ltr; unicode-bidi: normal;\"><span class=\"Normal-H\"><span style=\"font-family: Times New Roman;\"><img loading=\"lazy\" decoding=\"async\" class=\"\" src=\"http:\/\/www.adrianwood.ch\/wp-content\/uploads\/2016\/07\/1467565790_image2.jpeg\" width=\"346\" height=\"230\" data-link=\"\" \/><\/span><\/span><\/p>\n<\/td>\n<\/tr>\n<tr class=\"-R\">\n<td class=\"-C\" style=\"width: 492.7pt; border: none windowtext 0pt;\" colspan=\"2\">\n<p class=\"Normal-P\" style=\"margin-bottom: 6pt; text-align: justify; text-justify: inter-ideograph; direction: ltr; unicode-bidi: normal;\"><span class=\"Normal-H\"><span style=\"font-family: Times New Roman;\">Der Kapit\u00e4n steuerte die Mystik nicht direkt in den Port Gruz, sondern fuhr mit uns entlang der gewaltigen Festungsmauern bis zum St John Fort und wendete vor dem alten Hafen, was uns einen ersten Blick auf die Altstadt erm\u00f6glichte. Danach ging es zur\u00fcck, wieder entlang der Befestigungsmauer zum Anlegeplatz. Noch auf dem Schiff wurde uns geraten, die Fahrkarten f\u00fcr den Bus vor Antritt der Fahrt am Kiosk zu besorgen, was die meisten auch machten. Da es mehrere Buslinien zur Altstadt gab, mussten wir nicht lange warten, bis der Transfer gelang. F\u00fcr den Rest des Tages war freier Ausgang und so spaltete sich die Gruppe in mehrere kleine Einheiten auf, von denen die meisten durch das Pile Tor in die Altstadt strebten.<\/span><\/span><\/p>\n<\/td>\n<\/tr>\n<tr class=\"-R\">\n<td class=\"-C\" style=\"width: 246.05pt; border: none windowtext 0pt;\">\n<p class=\"Normal-P\" style=\"margin-bottom: 6pt; text-align: justify; text-justify: inter-ideograph; direction: ltr; unicode-bidi: normal;\"><span class=\"Normal-H\"><span style=\"font-family: Times New Roman;\"><img loading=\"lazy\" decoding=\"async\" class=\"\" src=\"http:\/\/www.adrianwood.ch\/wp-content\/uploads\/2016\/07\/1467565790_image3.jpeg\" width=\"346\" height=\"231\" data-link=\"\" \/><\/span><\/span><\/p>\n<\/td>\n<td class=\"-C\" style=\"width: 246.65pt; border: none windowtext 0pt;\">\n<p class=\"Normal-P\" style=\"margin-bottom: 6pt; text-align: justify; text-justify: inter-ideograph; direction: ltr; unicode-bidi: normal;\"><span class=\"Normal-H\"><span style=\"font-family: Times New Roman;\"><img loading=\"lazy\" decoding=\"async\" class=\"\" src=\"http:\/\/www.adrianwood.ch\/wp-content\/uploads\/2016\/07\/1467565790_image4.jpeg\" width=\"346\" height=\"230\" data-link=\"\" \/><\/span><\/span><\/p>\n<\/td>\n<\/tr>\n<tr class=\"-R\">\n<td class=\"-C\" style=\"width: 492.7pt; border: none windowtext 0pt;\" colspan=\"2\">\n<p class=\"Normal-P\" style=\"text-align: justify; text-justify: inter-ideograph; direction: ltr; unicode-bidi: normal;\"><span class=\"Normal-H\"><span style=\"font-family: Times New Roman;\">F\u00fcr Marianne und mich stand fest, dass wir erst einmal auf der Mauer die Altstadt umrunden wollten, um von oben einen Ueberblick zu bekommen. Nachdem wir die Eintrittskarten gel\u00f6st und die Kontrollstelle passiert hatten, mussten wir eine lange und steile Treppe hinaufsteigen, um auf die Mauerkrone zu gelangen. Der vielen Gruppen aus Fernost wegen, die auch auf der Mauer unterwegs waren, hatten wir den Eindruck, auf der chinesischen Mauer unterwegs zu sein. Das Wetter wurde immer besser, ein frischer Wind vertrieb die Wolken und die Sonne tauchte die riesigen Steinanlagen in grelles Licht, Schwerstarbeit f\u00fcr die Kamera. Vorbei an Fort Bokar, vorbei an Getr\u00e4nkest\u00e4nden, Caf\u00e9s und Restaurants und immer schwankend zwischen dem Blick hinaus aufs Meer und die Inseln oder hinunter auf das D\u00e4chergewirr und in die engen Gassen der Altstadt oder hinauf zur Festung Fort Imperial auf dem H\u00f6henzug des Brdo Srd gelangten wir schliesslich zum Fort Ivan am alten Hafen.<\/span><\/span><\/p>\n<\/td>\n<\/tr>\n<tr class=\"-R\">\n<td class=\"-C\" style=\"width: 246.05pt; border: none windowtext 0pt;\">\n<p class=\"Normal-P\" style=\"margin-bottom: 6pt; text-align: justify; text-justify: inter-ideograph; direction: ltr; unicode-bidi: normal;\"><span class=\"Normal-H\"><span style=\"font-family: Times New Roman;\"><img loading=\"lazy\" decoding=\"async\" class=\"\" src=\"http:\/\/www.adrianwood.ch\/wp-content\/uploads\/2016\/07\/1467565790_image5.jpeg\" width=\"346\" height=\"231\" data-link=\"\" \/><\/span><\/span><\/p>\n<\/td>\n<td class=\"-C\" style=\"width: 246.65pt; border: none windowtext 0pt;\">\n<p class=\"Normal-P\" style=\"margin-bottom: 6pt; text-align: justify; text-justify: inter-ideograph; direction: ltr; unicode-bidi: normal;\"><span class=\"Normal-H\"><span style=\"font-family: Times New Roman;\"><img loading=\"lazy\" decoding=\"async\" class=\"\" src=\"http:\/\/www.adrianwood.ch\/wp-content\/uploads\/2016\/07\/1467565790_image6.jpeg\" width=\"346\" height=\"230\" data-link=\"\" \/><\/span><\/span><\/p>\n<\/td>\n<\/tr>\n<tr class=\"-R\">\n<td class=\"-C\" style=\"width: 492.7pt; border: none windowtext 0pt;\" colspan=\"2\">\n<p class=\"Normal-P\" style=\"margin-bottom: 6pt; text-align: justify; text-justify: inter-ideograph; direction: ltr; unicode-bidi: normal;\"><span class=\"Normal-H\"><span style=\"font-family: Times New Roman;\">Es herrschte reger Verkehr von Ausflugsbooten, die Touristen auf Rundfahrten herumschipperten. Mit einem Blick auf das Rathaus und den Uhrturm verliessen wir das Hafengebiet und arbeiteten uns fotografierend und schwitzend, die Sonne heizte uns recht ein, vorbei an Fort Revelin bis zum Fort Minceta voran. Vom Fort aus genossen wir die atemberaubende Aussicht und der frische Wind, der hier ober wehte, verschaffte uns Abk\u00fchlung, so dass wir den Rest des Rundgangs bis zum Ausgangspunkt schnell bew\u00e4ltigten.<\/span><\/span><\/p>\n<\/td>\n<\/tr>\n<tr class=\"-R\">\n<td class=\"-C\" style=\"width: 246.05pt; border: none windowtext 0pt;\">\n<p class=\"Normal-P\" style=\"margin-bottom: 6pt; text-align: justify; text-justify: inter-ideograph; direction: ltr; unicode-bidi: normal;\"><span class=\"Normal-H\"><span style=\"font-family: Times New Roman;\"><img loading=\"lazy\" decoding=\"async\" class=\"\" src=\"http:\/\/www.adrianwood.ch\/wp-content\/uploads\/2016\/07\/1467565790_image7.jpeg\" width=\"346\" height=\"231\" data-link=\"\" \/><\/span><\/span><\/p>\n<\/td>\n<td class=\"-C\" style=\"width: 246.65pt; border: none windowtext 0pt;\">\n<p class=\"Normal-P\" style=\"margin-bottom: 6pt; text-align: justify; text-justify: inter-ideograph; direction: ltr; unicode-bidi: normal;\"><span class=\"Normal-H\"><span style=\"font-family: Times New Roman;\"><img loading=\"lazy\" decoding=\"async\" class=\"\" src=\"http:\/\/www.adrianwood.ch\/wp-content\/uploads\/2016\/07\/1467565790_image8.jpeg\" width=\"346\" height=\"230\" data-link=\"\" \/><\/span><\/span><\/p>\n<\/td>\n<\/tr>\n<tr class=\"-R\">\n<td class=\"-C\" style=\"width: 492.7pt; border: none windowtext 0pt;\" colspan=\"2\">\n<p class=\"Normal-P\" style=\"margin-bottom: 6pt; text-align: justify; text-justify: inter-ideograph; direction: ltr; unicode-bidi: normal;\"><span class=\"Normal-H\"><span style=\"font-family: Times New Roman;\">Jetzt war eine Rast in einem der vielen Caf\u00e9s an der Placa angesagt, eine Idee, die wir nicht allein hatten, trafen wir doch einen grossen Teil der Wandergruppe dort an. Frisch gest\u00e4rkt setzten wir die Erkundung Dubrovniks nun zu f\u00fcnft fort, gleichzeitig nach einem passenden Restaurant f\u00fcr das Abendessen suchend, gelangten wir zum Rektorenpalast, dem bisch\u00f6flichen Palais und schlenderten durch das Gewirr der engen Altstadt G\u00e4sschen.<\/span><\/span><\/p>\n<\/td>\n<\/tr>\n<tr class=\"-R\">\n<td class=\"-C\" style=\"width: 246.05pt; border: none windowtext 0pt;\">\n<p class=\"Normal-P\" style=\"margin-bottom: 6pt; text-align: justify; text-justify: inter-ideograph; direction: ltr; unicode-bidi: normal;\"><span class=\"Normal-H\"><span style=\"font-family: Times New Roman;\"><img loading=\"lazy\" decoding=\"async\" class=\"\" src=\"http:\/\/www.adrianwood.ch\/wp-content\/uploads\/2016\/07\/1467565790_image9.jpeg\" width=\"346\" height=\"231\" data-link=\"\" \/><\/span><\/span><\/p>\n<\/td>\n<td class=\"-C\" style=\"width: 246.65pt; border: none windowtext 0pt;\">\n<p class=\"Normal-P\" style=\"margin-bottom: 6pt; text-align: justify; text-justify: inter-ideograph; direction: ltr; unicode-bidi: normal;\"><span class=\"Normal-H\"><span style=\"font-family: Times New Roman;\"><img loading=\"lazy\" decoding=\"async\" class=\"\" src=\"http:\/\/www.adrianwood.ch\/wp-content\/uploads\/2016\/07\/1467565790_image10.jpeg\" width=\"346\" height=\"230\" data-link=\"\" \/><\/span><\/span><\/p>\n<\/td>\n<\/tr>\n<tr class=\"-R\">\n<td class=\"-C\" style=\"width: 492.7pt; border: none windowtext 0pt;\" colspan=\"2\">\n<p class=\"Normal-P\" style=\"margin-bottom: 6pt; text-align: justify; text-justify: inter-ideograph; direction: ltr; unicode-bidi: normal;\"><span class=\"Normal-H\"><span style=\"font-family: Times New Roman;\">Wir entschieden uns f\u00fcr ein kleines Restaurant, das wir fast f\u00fcllten und genossen Fisch und Muschelgerichte. Auf dem Weg zum Pile Tor fanden wir eine Gedenktafel, die an den Beschuss Dubrovniks durch serbische und montenegrinische Truppen und die Zerst\u00f6rung und Toten des Kroatischen Kriegs (1991 \u2013 1995) erinnerte. Heute sieht man in Dubrovnik praktisch keine Kriegssch\u00e4den mehr, nur der Blick von der Stadtmauer auf die Altstadt zeigt durch die vielen neu gedeckten H\u00e4user, dass es in der Stadt erhebliche Zerst\u00f6rungen gegeben haben muss. Der Bus brachte uns zur Anlegestelle der Mystik zur\u00fcck, ein sch\u00f6ner, erlebnisreicher Tag war zu Ende und wir waren todm\u00fcde. \u00a0 <\/span><span style=\"font-family: Times New Roman;\">Michael<\/span><\/span><\/p>\n<\/td>\n<\/tr>\n<p><!-- [if !supportMisalignedColumns]--><\/tbody>\n<\/table>\n","protected":false},"excerpt":{"rendered":"<p>Dienstag, 17. Mai 2016, Dubrovnik Schon vor der Fahrt nach Dubrovnik wurde beim Abendessen \u00fcber das Ereignis Dubrovnik gesprochen, schliesslich handelte es sich um einen der H\u00f6hepunkte der Wanderreise. Einige kannten die Stadt schon und freuten sich auf ein Wiedersehen, die anderen waren gespannt, ob Dubrovnik wirklich so einmalig sch\u00f6n sein w\u00fcrde wie man \u00fcberall &hellip; <a href=\"https:\/\/www.adrianwood.ch\/?page_id=8563\" class=\"more-link\">Continue reading <span class=\"screen-reader-text\">05-17 Dubrovnik<\/span> <span class=\"meta-nav\">&rarr;<\/span><\/a><\/p>\n","protected":false},"author":1,"featured_media":0,"parent":8415,"menu_order":2537,"comment_status":"closed","ping_status":"closed","template":"","meta":{"ngg_post_thumbnail":0,"footnotes":""},"class_list":["post-8563","page","type-page","status-publish","hentry"],"_links":{"self":[{"href":"https:\/\/www.adrianwood.ch\/index.php?rest_route=\/wp\/v2\/pages\/8563","targetHints":{"allow":["GET"]}}],"collection":[{"href":"https:\/\/www.adrianwood.ch\/index.php?rest_route=\/wp\/v2\/pages"}],"about":[{"href":"https:\/\/www.adrianwood.ch\/index.php?rest_route=\/wp\/v2\/types\/page"}],"author":[{"embeddable":true,"href":"https:\/\/www.adrianwood.ch\/index.php?rest_route=\/wp\/v2\/users\/1"}],"replies":[{"embeddable":true,"href":"https:\/\/www.adrianwood.ch\/index.php?rest_route=%2Fwp%2Fv2%2Fcomments&post=8563"}],"version-history":[{"count":3,"href":"https:\/\/www.adrianwood.ch\/index.php?rest_route=\/wp\/v2\/pages\/8563\/revisions"}],"predecessor-version":[{"id":8807,"href":"https:\/\/www.adrianwood.ch\/index.php?rest_route=\/wp\/v2\/pages\/8563\/revisions\/8807"}],"up":[{"embeddable":true,"href":"https:\/\/www.adrianwood.ch\/index.php?rest_route=\/wp\/v2\/pages\/8415"}],"wp:attachment":[{"href":"https:\/\/www.adrianwood.ch\/index.php?rest_route=%2Fwp%2Fv2%2Fmedia&parent=8563"}],"curies":[{"name":"wp","href":"https:\/\/api.w.org\/{rel}","templated":true}]}}