{"id":8736,"date":"2016-07-06T07:29:59","date_gmt":"2016-07-06T07:29:59","guid":{"rendered":"http:\/\/www.adrianwood.ch\/?page_id=8736"},"modified":"2016-07-14T14:10:27","modified_gmt":"2016-07-14T14:10:27","slug":"05-25-groznjan","status":"publish","type":"page","link":"https:\/\/www.adrianwood.ch\/?page_id=8736","title":{"rendered":"05-25 Groznjan"},"content":{"rendered":"<p class=\"Normal-P\" style=\"margin-bottom: 6pt; text-align: justify; text-justify: inter-ideograph; direction: ltr; unicode-bidi: normal;\"><span class=\"Normal-H\"><span style=\"font-weight: bold; font-size: 11pt;\">Mittwoch, 25.5.2016<span style=\"color: #000000;\">,<\/span><\/span><span style=\"font-weight: bold; font-size: 11pt; color: #000000;\">Von Oprtalj \/ Sv.Lucija via Gro\u017enjan<\/span><\/span><\/p>\n<table class=\"TableGrid-T\" style=\"border-collapse: collapse;\" cellspacing=\"0\">\n<tbody>\n<tr class=\"-R\">\n<td class=\"-C\" style=\"width: 490.35pt; border: none windowtext 0pt;\" colspan=\"2\">\n<p class=\"Normal-P\" style=\"margin-bottom: 6pt; text-align: justify; text-justify: inter-ideograph; direction: ltr; unicode-bidi: normal;\"><span class=\"Normal-H\"><span style=\"font-size: 11pt;\">Nach dem guten Fr\u00fchst\u00fcck im Hotel Castel bleibt uns noch Zeit, einen Morgenspaziergang durch das alte St\u00e4dtchen Motovun zu machen und zu fotografieren &#8211; hat man doch eine sch\u00f6ne Rundsicht auf die gr\u00fcnen H\u00fcgel ringsherum.<\/span><\/span><span class=\"Normal-H\"><span style=\"font-size: 11pt;\">Wir werden heute vom \u201egrauen\u201c Istrien,\u201d ins\u201c rote\u201c Istrien fahren.<\/span><\/span><\/p>\n<p class=\"Normal-P\" style=\"margin-bottom: 6pt; text-align: justify; text-justify: inter-ideograph; direction: ltr; unicode-bidi: normal;\"><span class=\"Normal-H\"><span style=\"font-size: 11pt;\">Laut Wikipedia: <\/span><\/span><\/p>\n<p class=\"Normal-P\" style=\"margin-bottom: 6pt; text-align: justify; text-justify: inter-ideograph; direction: ltr; unicode-bidi: normal;\"><span class=\"Normal-H\"><span style=\"font-style: italic; font-size: 11pt; color: gray;\">Nach den verschiedenen B\u00f6den wird Istrien in eine <\/span><span style=\"font-weight: bold; font-size: 11pt; color: gray;\">wei\u00dfe, eine graue und eine rote Region <\/span><span style=\"font-style: italic; font-size: 11pt; color: gray;\">eingeteilt. Diese drei Bereiche sind zugleich die drei H\u00f6hen- und Landschaftszonen der istrischen Halbinsel.<\/span><\/span><\/p>\n<p class=\"Normal-P\" style=\"margin-bottom: 6pt; text-align: justify; text-justify: inter-ideograph; direction: ltr; unicode-bidi: normal;\"><span class=\"Normal-H\"><span style=\"font-style: italic; font-size: 11pt; color: gray;\">Die wei\u00dfe Farbe entspricht den h\u00f6chsten Teilen im Osten der Halbinsel,<\/span><span style=\"font-style: italic; font-size: 11pt; color: gray;\"> und <\/span><a href=\"https:\/\/de.wikipedia.org\/wiki\/U%C4%8Dka\" target=\"\">U\u010dka<\/a><span style=\"font-style: italic; color: gray; font-size: 11pt; text-decoration: none underline;\">.<\/span><\/span><\/p>\n<p class=\"Normal-P\" style=\"margin-bottom: 6pt; text-align: justify; text-justify: inter-ideograph; direction: ltr; unicode-bidi: normal;\"><span class=\"Normal-H\"><span style=\"font-style: italic; font-size: 11pt; text-decoration: none underline; color: gray;\">Der mittlere Teil Istriens weist viele <\/span><a href=\"https:\/\/de.wikipedia.org\/wiki\/Lehm\" target=\"\">Lehmb\u00f6den<\/a><span style=\"font-style: italic; font-size: 11pt; text-decoration: none underline; color: gray;\"> auf und wird nach dessen Farbe als Grau-Istrien bezeichnet. Dieses h\u00fcgelige Land ist erheblich zerkl\u00fcftet, sehr trocken, nur d\u00fcnn besiedelt und von <\/span><a href=\"https:\/\/de.wikipedia.org\/wiki\/Flysch\" target=\"\">Flysch Ablagerungen<\/a><span style=\"font-style: italic; font-size: 11pt; text-decoration: none underline; color: gray;\"> gepr\u00e4gt. Die pr\u00e4genden Gesteine sind hier Sandsteine, Mergelgesteine und vereinzelt <\/span><a href=\"https:\/\/de.wikipedia.org\/wiki\/Brekzie\" target=\"\">Brekzien<\/a><span style=\"font-style: italic; font-size: 11pt; text-decoration: none underline; color: gray;\">.<\/span><\/span><\/p>\n<p class=\"Normal-P\" style=\"margin-bottom: 6pt; text-align: justify; text-justify: inter-ideograph; direction: ltr; unicode-bidi: normal;\"><span class=\"Normal-H\"><span style=\"font-style: italic; font-size: 11pt; text-decoration: none underline; color: gray;\">Roterde-Boden in Istrien<\/span><span style=\"font-style: italic; font-size: 11pt; text-decoration: none underline; color: gray;\">. <\/span><span style=\"font-style: italic; font-size: 11pt; text-decoration: none underline; color: gray;\">Zwischen dem zentralen Teil und der westlichen K\u00fcstenzone erstreckt sich ein Kalksteinplateau mit aufliegenden <\/span><a href=\"https:\/\/de.wikipedia.org\/wiki\/Terra_rossa\" target=\"\">Terra Rossa<\/a><span style=\"font-style: italic; font-size: 11pt; text-decoration: none underline; color: gray;\">-B\u00f6den. Diese roten B\u00f6den gaben diesem Landesteil den Namen Rot-Istrien. Nur wenige Schluchten schneiden in dieses Plateau mit einer H\u00f6henlage zwischen 200 und 400 Metern ein. Die gr\u00f6\u00dften Einschnitte bilden die Schlucht <\/span><a href=\"https:\/\/de.wikipedia.org\/wiki\/Limski_kanal\" target=\"\">Limska Draga<\/a><span style=\"font-style: italic; font-size: 11pt; text-decoration: none underline; color: gray;\"> und das Mirna-Tal von der westlichen K\u00fcste ausgehend und die Ra\u0161ka Draga im Osten, die alle mit tektonischen Linien korrespondieren. In dieser Zone befinden sich Lagerst\u00e4tten sehr dichter Kalksteine, die mindestens seit der r\u00f6mischen Epoche f\u00fcr Bausteine und Bildhauerzwecke genutzt werden. Die baulichen Zeugnisse der R\u00f6mer in Pula sind \u00fcberwiegend aus istrischen Kalksteinen errichtet worden (z.\u00a0B. das <\/span><a href=\"https:\/\/de.wikipedia.org\/wiki\/Amphitheater_Pula\" target=\"\">Amphitheater<\/a><span style=\"font-style: italic; font-size: 11pt; text-decoration: none underline; color: gray;\">).<\/span><\/span><\/p>\n<p class=\"Normal-P\" style=\"margin-bottom: 6pt; text-align: justify; text-justify: inter-ideograph; direction: ltr; unicode-bidi: normal;\"><span class=\"Normal-H\"><span style=\"font-size: 11pt;\">Mit dem Lokalbus fahren wir hinunter zu unserem Bus, der uns zum Dorf <\/span><span style=\"font-size: 11pt;\">Oprtalj bringt.<\/span><\/span><\/p>\n<\/td>\n<\/tr>\n<tr class=\"-R\">\n<td class=\"-C\" style=\"width: 244.8pt; border: none windowtext 0pt;\">\n<p class=\"Normal-P\" style=\"margin-bottom: 6pt; text-align: justify; text-justify: inter-ideograph; direction: ltr; unicode-bidi: normal;\"><span class=\"Normal-H\"><span style=\"font-size: 11pt;\"><img loading=\"lazy\" decoding=\"async\" class=\"\" src=\"http:\/\/www.adrianwood.ch\/wp-content\/uploads\/2016\/07\/1467789994_image1.jpg\" width=\"346\" height=\"231\" data-link=\"\" \/><\/span><\/span><\/p>\n<\/td>\n<td class=\"-C\" style=\"width: 245.55pt; border: none windowtext 0pt;\">\n<p class=\"Normal-P\" style=\"margin-bottom: 6pt; text-align: justify; text-justify: inter-ideograph; direction: ltr; unicode-bidi: normal;\"><span class=\"Normal-H\"><span style=\"font-size: 11pt;\"><img loading=\"lazy\" decoding=\"async\" class=\"\" src=\"http:\/\/www.adrianwood.ch\/wp-content\/uploads\/2016\/07\/1467789994_image2.jpg\" width=\"346\" height=\"231\" data-link=\"\" \/><\/span><\/span><\/p>\n<\/td>\n<\/tr>\n<tr class=\"-R\">\n<td class=\"-C\" style=\"width: 490.35pt; border: none windowtext 0pt;\" colspan=\"2\">\n<p class=\"Normal-P\" style=\"margin-bottom: 6pt; text-align: justify; text-justify: inter-ideograph; direction: ltr; unicode-bidi: normal;\"><span class=\"Normal-H\"><span style=\"font-size: 11pt;\">Von hier aus wandern wir auf Feldwegen durch Wiesen und Hecken entlang durch die \u00fcppige gr\u00fcne Landschaft und erfreuen uns der Blumenpracht. Bei Sveti Ivan machen wir einen Halt und haben die M\u00f6glichkeit, Honig bei einer Familie zu kaufen.<\/span><\/span><\/p>\n<\/td>\n<\/tr>\n<tr class=\"-R\">\n<td class=\"-C\" style=\"width: 244.8pt; border: none windowtext 0pt;\">\n<p class=\"Normal-P\" style=\"margin-bottom: 6pt; text-align: justify; text-justify: inter-ideograph; direction: ltr; unicode-bidi: normal;\"><span class=\"Normal-H\"><span style=\"font-size: 11pt;\"><img loading=\"lazy\" decoding=\"async\" class=\"\" src=\"http:\/\/www.adrianwood.ch\/wp-content\/uploads\/2016\/07\/1467789994_image3.jpg\" width=\"346\" height=\"231\" data-link=\"\" \/><\/span><\/span><\/p>\n<\/td>\n<td class=\"-C\" style=\"width: 245.55pt; border: none windowtext 0pt;\">\n<p class=\"Normal-P\" style=\"margin-bottom: 6pt; text-align: justify; text-justify: inter-ideograph; direction: ltr; unicode-bidi: normal;\"><span class=\"Normal-H\"><span style=\"font-size: 11pt;\"><img loading=\"lazy\" decoding=\"async\" class=\"\" src=\"http:\/\/www.adrianwood.ch\/wp-content\/uploads\/2016\/07\/1467789994_image4.jpg\" width=\"346\" height=\"231\" data-link=\"\" \/><\/span><\/span><\/p>\n<\/td>\n<\/tr>\n<tr class=\"-R\">\n<td class=\"-C\" style=\"width: 490.35pt; border: none windowtext 0pt;\" colspan=\"2\">\n<p class=\"Normal-P\" style=\"margin-bottom: 6pt; text-align: justify; text-justify: inter-ideograph; direction: ltr; unicode-bidi: normal;\"><span class=\"Normal-H\"><span style=\"font-size: 11pt;\">Dann geht es weiter auf und ab durch das weite einsame Land. Vor zw\u00f6lf Uhr ist denn ein weiterer Halt im Schatten f\u00e4llig. Es ist heute sonnig und warm, was durstig macht. Bald m\u00fcssen wir auf einer Strasse gehen &#8211; <\/span><span style=\"font-size: 11pt;\">es ist vorbei mit den schmalen Wiesenpfaden!<\/span><\/span><\/p>\n<p class=\"Normal-P\" style=\"margin-bottom: 6pt; text-align: justify; text-justify: inter-ideograph; direction: ltr; unicode-bidi: normal;\"><span class=\"Normal-H\"><span style=\"font-size: 11pt;\">Wir kommen bei einer Kapelle vorbei, ein gutes Photosujet. Wir gehen nun in einer Gegend, die etwas an die Toskana erinnert. Auf H\u00fcgeln, die mit Reben bepflanzt sind befinden sich kleine D\u00f6rfer. Ein solches ist Monticello. Im n\u00e4chsten H\u00fcgeldorf<\/span><span style=\"font-size: 11pt;\">, <\/span><\/span><\/p>\n<\/td>\n<\/tr>\n<tr class=\"-R\">\n<td class=\"-C\" style=\"width: 244.8pt; border: none windowtext 0pt;\">\n<p class=\"Normal-P\" style=\"margin-bottom: 6pt; text-align: justify; text-justify: inter-ideograph; direction: ltr; unicode-bidi: normal;\"><span class=\"Normal-H\"><span style=\"font-size: 11pt;\"><img loading=\"lazy\" decoding=\"async\" class=\"\" src=\"http:\/\/www.adrianwood.ch\/wp-content\/uploads\/2016\/07\/1467789994_image5.jpg\" width=\"346\" height=\"231\" data-link=\"\" \/><\/span><\/span><\/p>\n<\/td>\n<td class=\"-C\" style=\"width: 245.55pt; border: none windowtext 0pt;\">\n<p class=\"Normal-P\" style=\"margin-bottom: 6pt; text-align: justify; text-justify: inter-ideograph; direction: ltr; unicode-bidi: normal;\"><span class=\"Normal-H\"><span style=\"font-size: 11pt;\"><img loading=\"lazy\" decoding=\"async\" class=\"\" src=\"http:\/\/www.adrianwood.ch\/wp-content\/uploads\/2016\/07\/1467789994_image6.jpg\" width=\"346\" height=\"231\" data-link=\"\" \/><\/span><\/span><\/p>\n<\/td>\n<\/tr>\n<tr class=\"-R\">\n<td class=\"-C\" style=\"width: 490.35pt; border: none windowtext 0pt;\" colspan=\"2\">\n<p class=\"Normal-P\" style=\"margin-bottom: 6pt; text-align: justify; text-justify: inter-ideograph; direction: ltr; unicode-bidi: normal;\"><span class=\"Normal-H\"><span style=\"font-size: 11pt;\">Wir gehen nicht hinauf in die verlassen wirkende Stadt sondern machen uns nun auf zum zweiten Teil der heutigen Wanderung, die sehr im Gegensatz zum ersten Teil stehen wird. Zum Gl\u00fcck wissen wir nicht im voraus, was uns an diesem sonnigen, warmen Tag auf der sog.Parenzana, dem Trasse einer stillgelegten Schmalspurbahn, erwartet.<\/span><\/span><\/p>\n<\/td>\n<\/tr>\n<tr class=\"-R\">\n<td class=\"-C\" style=\"width: 244.8pt; border: none windowtext 0pt;\">\n<p class=\"Normal-P\" style=\"margin-bottom: 6pt; text-align: justify; text-justify: inter-ideograph; direction: ltr; unicode-bidi: normal;\"><span class=\"Normal-H\"><span style=\"font-size: 11pt;\"><img loading=\"lazy\" decoding=\"async\" class=\"\" src=\"http:\/\/www.adrianwood.ch\/wp-content\/uploads\/2016\/07\/1467789994_image7.jpg\" width=\"346\" height=\"231\" data-link=\"\" \/><\/span><\/span><\/p>\n<\/td>\n<td class=\"-C\" style=\"width: 245.55pt; border: none windowtext 0pt;\">\n<p class=\"Normal-P\" style=\"margin-bottom: 6pt; text-align: justify; text-justify: inter-ideograph; direction: ltr; unicode-bidi: normal;\"><span class=\"Normal-H\"><span style=\"font-size: 11pt;\"><img loading=\"lazy\" decoding=\"async\" class=\"\" src=\"http:\/\/www.adrianwood.ch\/wp-content\/uploads\/2016\/07\/1467789994_image8.jpg\" width=\"346\" height=\"231\" data-link=\"\" \/><\/span><\/span><\/p>\n<\/td>\n<\/tr>\n<tr class=\"-R\">\n<td class=\"-C\" style=\"width: 490.35pt; border: none windowtext 0pt;\" colspan=\"2\">\n<p class=\"Normal-P\" style=\"margin-bottom: 6pt; text-align: justify; text-justify: inter-ideograph; direction: ltr; unicode-bidi: normal;\"><span class=\"Normal-H\"><span style=\"font-size: 11pt;\">Im WEB gibt es viele Informationen zu dieser Wegstrecke und so lese ich folgendes:<\/span><span style=\"font-size: 11pt; text-decoration: underline; color: gray;\">\u2019<\/span><span style=\"font-style: italic; font-size: 11pt; text-decoration: none underline; color: gray;\"> Ein echtes Highlight ist dieser l\u00e4nder\u00fcbergreifende Radweg auf der ehemaligen Bahnstrecke von Triest nach Parenzo (Pore\u010d). Die im Jahr 1902 in Betrieb genommene und bereits 1935 wieder stillgelegte Trasse der Schmalspurbahn f\u00fchrt von Triest \u00fcber Koper ins istrische H\u00fcgelland und weiter bis nach Pore\u010d.<\/span><\/span><\/p>\n<p class=\"Normal-P\" style=\"margin-bottom: 6pt; text-align: justify; text-justify: inter-ideograph; direction: ltr; unicode-bidi: normal;\"><span class=\"Normal-H\"><span style=\"font-style: italic; font-size: 11pt; text-decoration: none underline; color: gray;\">Das Trasse wird als Weg der Gesundheit und Freundschaft bezeichnet und ist ein multinationaler Radwanderweg\u201c<\/span><\/span><\/p>\n<p class=\"Normal-P\" style=\"margin-bottom: 6pt; text-align: justify; text-justify: inter-ideograph; direction: ltr; unicode-bidi: normal;\"><span class=\"Normal-H\"><span style=\"font-size: 11pt;\">Wir gehen nun <\/span><span style=\"font-size: 11pt;\">zwei<\/span><span style=\"font-size: 11pt;\"> Stunde<\/span><span style=\"font-size: 11pt;\">(8km) <\/span><span style=\"font-size: 11pt;\">auf der steinigen, erdigen und staubigen Strasse. Der Weg scheint endlos zu sein und der Frust ist gross. Zwischendurch braucht es einen Trinkhalt im Schatten. Wie immer verzettelt sich die gro\u00dfe Gruppe in kleine Einzelgr\u00fcppchen.<\/span><\/span><\/p>\n<p class=\"Normal-P\" style=\"margin-bottom: 6pt; text-align: justify; text-justify: inter-ideograph; direction: ltr; unicode-bidi: normal;\"><span class=\"Normal-H\"><span style=\"font-size: 11pt;\">Wir sehen nicht ein, dass das eine sch\u00f6ne Wanderstrecke sein soll. F\u00fcr Velofahrer mag diese Stecke geeignet sein aber f\u00fcr Wanderer ist sie langweilig und frustrierend.<\/span><\/span><\/p>\n<p class=\"Normal-P\" style=\"margin-bottom: 6pt; text-align: justify; text-justify: inter-ideograph; direction: ltr; unicode-bidi: normal;\"><span class=\"Normal-H\"><span style=\"font-size: 11pt;\">Das Positive daran ist aber die sch\u00f6ne Aussicht auf die liebliche gr\u00fcne und h\u00fcglige Landschaft.<\/span><\/span><\/p>\n<p class=\"Normal-P\" style=\"margin-bottom: 6pt; text-align: justify; text-justify: inter-ideograph; direction: ltr; unicode-bidi: normal;\"><span class=\"Normal-H\"><span style=\"font-size: 11pt;\">Gegen Ende der Parenzana gibt es zwei Tunnels und dann erreichen wir endlich die Strasse zum K\u00fcnstlerdorf<\/span> <\/span><\/p>\n<\/td>\n<\/tr>\n<tr class=\"-R\">\n<td class=\"-C\" style=\"width: 244.8pt; border: none windowtext 0pt;\">\n<p class=\"Normal-P\" style=\"margin-bottom: 6pt; text-align: justify; text-justify: inter-ideograph; direction: ltr; unicode-bidi: normal;\"><span class=\"Normal-H\"><span style=\"font-size: 11pt;\"><img loading=\"lazy\" decoding=\"async\" class=\"\" src=\"http:\/\/www.adrianwood.ch\/wp-content\/uploads\/2016\/07\/1467789994_image9.jpg\" width=\"346\" height=\"231\" data-link=\"\" \/><\/span><\/span><\/p>\n<\/td>\n<td class=\"-C\" style=\"width: 245.55pt; border: none windowtext 0pt;\">\n<p class=\"Normal-P\" style=\"margin-bottom: 6pt; text-align: justify; text-justify: inter-ideograph; direction: ltr; unicode-bidi: normal;\"><span class=\"Normal-H\"><span style=\"font-size: 11pt;\"><img loading=\"lazy\" decoding=\"async\" class=\"\" src=\"http:\/\/www.adrianwood.ch\/wp-content\/uploads\/2016\/07\/1467789994_image10.jpg\" width=\"346\" height=\"231\" data-link=\"\" \/><\/span><\/span><\/p>\n<\/td>\n<\/tr>\n<tr class=\"-R\">\n<td class=\"-C\" style=\"width: 490.35pt; border: none windowtext 0pt;\" colspan=\"2\">\n<p class=\"Normal-P\" style=\"margin-bottom: 6pt; text-align: justify; text-justify: inter-ideograph; direction: ltr; unicode-bidi: normal;\"><span class=\"Normal-H\"><span style=\"font-size: 11pt;\">Wir sind alle sehr erleichtert, als wir unter B\u00e4umen an den Tischen sitzen und bald vergessen wir bei Speis und Trank den Frust.<\/span><span style=\"font-size: 11pt;\">Wir bekommen ein gute Suppe und Fisch und Kartoffeln und als Dessert ein Tiramisu. Dank dem Wein und Bier wird es auch ganz lustig.<\/span><\/span><\/p>\n<\/td>\n<\/tr>\n<tr class=\"-R\">\n<td class=\"-C\" style=\"width: 244.8pt; border: none windowtext 0pt;\">\n<p class=\"Normal-P\" style=\"margin-bottom: 6pt; text-align: justify; text-justify: inter-ideograph; direction: ltr; unicode-bidi: normal;\"><span class=\"Normal-H\"><span style=\"font-size: 11pt;\"><img loading=\"lazy\" decoding=\"async\" class=\"\" src=\"http:\/\/www.adrianwood.ch\/wp-content\/uploads\/2016\/07\/1467789994_image11.jpg\" width=\"346\" height=\"231\" data-link=\"\" \/><\/span><\/span><\/p>\n<\/td>\n<td class=\"-C\" style=\"width: 245.55pt; border: none windowtext 0pt;\">\n<p class=\"Normal-P\" style=\"margin-bottom: 6pt; text-align: justify; text-justify: inter-ideograph; direction: ltr; unicode-bidi: normal;\"><span class=\"Normal-H\"><span style=\"font-size: 11pt;\"><img loading=\"lazy\" decoding=\"async\" class=\"\" src=\"http:\/\/www.adrianwood.ch\/wp-content\/uploads\/2016\/07\/1467789994_image12.jpg\" width=\"346\" height=\"231\" data-link=\"\" \/><\/span><\/span><\/p>\n<\/td>\n<\/tr>\n<tr class=\"-R\">\n<td class=\"-C\" style=\"width: 490.35pt; border: none windowtext 0pt;\" colspan=\"2\">\n<p class=\"Normal-P\" style=\"margin-bottom: 6pt; text-align: justify; text-justify: inter-ideograph; direction: ltr; unicode-bidi: normal;\"><span class=\"Normal-H\"><span style=\"font-size: 11pt;\">Wohlgest\u00e4rkt sind wir dann bereit f\u00fcr eine Stadtbesichtigung. Das Dorf <\/span><\/span><\/p>\n<p class=\"Normal-P\" style=\"margin-bottom: 6pt; text-align: justify; text-justify: inter-ideograph; direction: ltr; unicode-bidi: normal;\"><span class=\"Normal-H\"><span style=\"font-size: 11pt;\">Um 17.00 h fahren wir dem Bus durch das Tal der Mirna in Richtung Motovun. Wir werden heute noch eine Weinprobe in Vizinada haben.<\/span><span style=\"font-size: 11pt;\">Da es zwei Weinbauern mit demselben Namen gibt, fahren wir zuerst an den falschen Ort.<\/span><span style=\"font-size: 11pt;\">Am richtigen Ort werden wir nett empfangen und wir k\u00f6nnen uns auf einem gedeckten Sitzplatz niederlassen und bald wird der Wein ausgeschenkt.<\/span><\/span><\/p>\n<\/td>\n<\/tr>\n<tr class=\"-R\">\n<td class=\"-C\" style=\"width: 244.8pt; border: none windowtext 0pt;\">\n<p class=\"Normal-P\" style=\"margin-bottom: 6pt; text-align: justify; text-justify: inter-ideograph; direction: ltr; unicode-bidi: normal;\"><span class=\"Normal-H\"><span style=\"font-size: 11pt;\"><img loading=\"lazy\" decoding=\"async\" class=\"\" src=\"http:\/\/www.adrianwood.ch\/wp-content\/uploads\/2016\/07\/1467789994_image13.jpg\" width=\"346\" height=\"231\" data-link=\"\" \/><\/span><\/span><\/p>\n<\/td>\n<td class=\"-C\" style=\"width: 245.55pt; border: none windowtext 0pt;\">\n<p class=\"Normal-P\" style=\"margin-bottom: 6pt; text-align: justify; text-justify: inter-ideograph; direction: ltr; unicode-bidi: normal;\"><span class=\"Normal-H\"><span style=\"font-size: 11pt;\"><img loading=\"lazy\" decoding=\"async\" class=\"\" src=\"http:\/\/www.adrianwood.ch\/wp-content\/uploads\/2016\/07\/1467789994_image14.jpg\" width=\"346\" height=\"231\" data-link=\"\" \/><\/span><\/span><\/p>\n<\/td>\n<\/tr>\n<tr class=\"-R\">\n<td class=\"-C\" style=\"width: 490.35pt; border: none windowtext 0pt;\" colspan=\"2\">\n<p class=\"Normal-P\" style=\"margin-bottom: 6pt; text-align: justify; text-justify: inter-ideograph; direction: ltr; unicode-bidi: normal;\"><span class=\"Normal-H\"><span style=\"font-size: 11pt;\">In dieser Gegend werden vor allen der gelbe bis gr\u00fcnliche, leicht bittere Malvazija sowie der helle rote Teran gekeltert.<\/span><span style=\"font-size: 11pt;\">Es gibt zwei Weissweine zu kosten, die mir nicht besonders munden. Auch der rote Teran ist nicht nach meinem Geschmack. Aber es gibt auch gen\u00fcgend Wasser zu trinken. Andern schmeckt der Wein gut und sie erhalten gen\u00fcgend Nachschub und zum Knabbern stehen K\u00f6rbchen mit besonderem Geb\u00e4ck auf dem Tisch.<\/span><span style=\"font-size: 11pt;\">Dieses Geb\u00e4ck wurde uns schon im Hotel Kastel in Motovun als Dessert angeboten. Die Stimmung der Gruppe steigt zusehends &#8211; es wird viel gelacht und dann auch noch gesungen. <\/span><\/span><\/p>\n<p class=\"Normal-P\" style=\"margin-bottom: 6pt; text-align: justify; text-justify: inter-ideograph; direction: ltr; unicode-bidi: normal;\"><span class=\"Normal-H\"><span style=\"font-size: 11pt;\">Zum Schluss werden noch Schn\u00e4pse serviert. Einige k\u00f6nnen sich kaum losreissen und es braucht einiges, um die Gruppe zum Bus zur\u00fcckzubringen. A<\/span><span style=\"font-size: 11pt;\">l<\/span><span style=\"font-size: 11pt;\">mina, unsere Reiseleiterin kommt auch recht in Schwung obwohl sie sagte, dass sie nichts trinken w\u00fcrde. <\/span><\/span><\/p>\n<p class=\"Normal-P\" style=\"margin-bottom: 6pt; text-align: justify; text-justify: inter-ideograph; direction: ltr; unicode-bidi: normal;\"><span class=\"Normal-H\"><span style=\"font-size: 11pt;\">Wir fahren erst um 19.30 h ab und kommen recht sp\u00e4t in unserem Hotel in Vrsar an.<\/span><\/span><\/p>\n<p class=\"Normal-P\" style=\"margin-bottom: 6pt; text-align: justify; text-justify: inter-ideograph; direction: ltr; unicode-bidi: normal;\"><span class=\"Normal-H\"><span style=\"font-size: 11pt;\">Dies war trotz allen ein sch\u00f6ner und wie immer erlebnisreicher Tag.\u00a0 <\/span><span style=\"font-size: 11pt;\">Marianne <\/span><\/span><\/p>\n<\/td>\n<\/tr>\n<tr class=\"-R\">\n<td class=\"-C\" style=\"width: 490.35pt; border: none windowtext 0pt;\" colspan=\"2\">\n<p class=\"Normal-P\" style=\"margin-bottom: 6pt; text-align: justify; text-justify: inter-ideograph; direction: ltr; unicode-bidi: normal;\"><span class=\"Normal-H\"><span style=\"font-size: 11pt; text-decoration: underline; color: gray;\"><img loading=\"lazy\" decoding=\"async\" class=\"\" src=\"http:\/\/www.adrianwood.ch\/wp-content\/uploads\/2016\/07\/1467789994_image15.jpg\" width=\"735\" height=\"395\" data-link=\"\" \/><\/span><\/span><\/p>\n<\/td>\n<\/tr>\n<tr class=\"-R\">\n<td class=\"-C\" style=\"width: 490.35pt; border: none windowtext 0pt;\" colspan=\"2\">\n<p class=\"Normal-P\" style=\"margin-bottom: 6pt; text-align: justify; text-justify: inter-ideograph; direction: ltr; unicode-bidi: normal;\"><span class=\"Normal-H\">\u00a0<\/span><\/p>\n<\/td>\n<\/tr>\n<tr class=\"-R\">\n<td class=\"-C\" style=\"width: 490.35pt; border: none windowtext 0pt;\" colspan=\"2\">\n<p class=\"Normal-P\" style=\"margin-bottom: 6pt; text-align: justify; text-justify: inter-ideograph; direction: ltr; unicode-bidi: normal;\"><span class=\"Normal-H\"><span style=\"font-size: 11pt; text-decoration: underline; color: gray;\"><img loading=\"lazy\" decoding=\"async\" class=\"\" src=\"http:\/\/www.adrianwood.ch\/wp-content\/uploads\/2016\/07\/1467789994_image16.jpg\" width=\"733\" height=\"445\" data-link=\"\" \/><\/span><\/span><\/p>\n<\/td>\n<\/tr>\n<p><!-- [if !supportMisalignedColumns]--><\/tbody>\n<\/table>\n","protected":false},"excerpt":{"rendered":"<p>Mittwoch, 25.5.2016,Von Oprtalj \/ Sv.Lucija via Gro\u017enjan Nach dem guten Fr\u00fchst\u00fcck im Hotel Castel bleibt uns noch Zeit, einen Morgenspaziergang durch das alte St\u00e4dtchen Motovun zu machen und zu fotografieren &#8211; hat man doch eine sch\u00f6ne Rundsicht auf die gr\u00fcnen H\u00fcgel ringsherum.Wir werden heute vom \u201egrauen\u201c Istrien,\u201d ins\u201c rote\u201c Istrien fahren. Laut Wikipedia: Nach den &hellip; <a href=\"https:\/\/www.adrianwood.ch\/?page_id=8736\" class=\"more-link\">Continue reading <span class=\"screen-reader-text\">05-25 Groznjan<\/span> <span class=\"meta-nav\">&rarr;<\/span><\/a><\/p>\n","protected":false},"author":1,"featured_media":0,"parent":8415,"menu_order":2547,"comment_status":"closed","ping_status":"closed","template":"","meta":{"ngg_post_thumbnail":0,"footnotes":""},"class_list":["post-8736","page","type-page","status-publish","hentry"],"_links":{"self":[{"href":"https:\/\/www.adrianwood.ch\/index.php?rest_route=\/wp\/v2\/pages\/8736","targetHints":{"allow":["GET"]}}],"collection":[{"href":"https:\/\/www.adrianwood.ch\/index.php?rest_route=\/wp\/v2\/pages"}],"about":[{"href":"https:\/\/www.adrianwood.ch\/index.php?rest_route=\/wp\/v2\/types\/page"}],"author":[{"embeddable":true,"href":"https:\/\/www.adrianwood.ch\/index.php?rest_route=\/wp\/v2\/users\/1"}],"replies":[{"embeddable":true,"href":"https:\/\/www.adrianwood.ch\/index.php?rest_route=%2Fwp%2Fv2%2Fcomments&post=8736"}],"version-history":[{"count":6,"href":"https:\/\/www.adrianwood.ch\/index.php?rest_route=\/wp\/v2\/pages\/8736\/revisions"}],"predecessor-version":[{"id":8754,"href":"https:\/\/www.adrianwood.ch\/index.php?rest_route=\/wp\/v2\/pages\/8736\/revisions\/8754"}],"up":[{"embeddable":true,"href":"https:\/\/www.adrianwood.ch\/index.php?rest_route=\/wp\/v2\/pages\/8415"}],"wp:attachment":[{"href":"https:\/\/www.adrianwood.ch\/index.php?rest_route=%2Fwp%2Fv2%2Fmedia&parent=8736"}],"curies":[{"name":"wp","href":"https:\/\/api.w.org\/{rel}","templated":true}]}}