{"id":8771,"date":"2016-07-06T07:58:37","date_gmt":"2016-07-06T07:58:37","guid":{"rendered":"http:\/\/www.adrianwood.ch\/?page_id=8771"},"modified":"2016-07-14T14:21:22","modified_gmt":"2016-07-14T14:21:22","slug":"05-27-pula","status":"publish","type":"page","link":"https:\/\/www.adrianwood.ch\/?page_id=8771","title":{"rendered":"05-27 Pula"},"content":{"rendered":"<p class=\"Normal-P\" style=\"margin-bottom: 6pt; text-align: justify; text-justify: inter-ideograph; direction: ltr; unicode-bidi: normal;\"><span class=\"Normal-H\"><span style=\"font-family: Times New Roman; font-weight: bold;\">Freitag, <\/span><span style=\"font-family: Times New Roman; font-weight: bold;\">27.5.2016<\/span><span style=\"font-family: Times New Roman; font-weight: bold;\">, <\/span><span style=\"font-family: Times New Roman; font-weight: bold;\">Von Vrsar nach Pula<\/span><span style=\"font-family: Times New Roman; font-weight: bold;\"> und <\/span><span style=\"font-family: Times New Roman; font-weight: bold;\">Kap Kamenjak<\/span><\/span><\/p>\n<p class=\"Normal-P\" style=\"margin-bottom: 6pt; text-align: justify; text-justify: inter-ideograph; direction: ltr; unicode-bidi: normal;\"><span class=\"Normal-H\">\u00a0<span style=\"font-family: Times New Roman;\">Eine Eigenheit bei mir auf dieser Wanderfahrt war, dass ich mich abends jeweils fr\u00fch m\u00fcde f\u00fchlte, dagegen morgens mit dem fr\u00fchen Tageslicht meist schon um 6 Uhr wach war. Da an diesem Tag die Abfahrt Richtung Pula erst auf 9h30 angesetzt war, hatte ich so noch Zeit, mich in der Altstadt von Vrsar etwas umzusehen. Durchaus sehenswert ist diese kleine Altstadt, auch wenn sich die Touristen fast nur am Hafen sammeln, wo auch die Restaurants sind. Es gab einen sch\u00f6nen Aussichtspunkt, ganz nah beim Hotel, &#8220;Casanova&#8217;s Viewpoint&#8221;. <\/span><span style=\"font-family: Times New Roman;\">Giacomo Girolamo Casanova, 1725 \u2013 1898, ein venezianischer Schriftsteller und bekannt durch seine Schilderungen \u00fcber Liebschaften, soll Vrsar in seinem Leben zweimal besucht gehabt haben.<\/span><\/span><\/p>\n<table class=\"TableGrid-T\" style=\"border-collapse: collapse;\" cellspacing=\"0\">\n<tbody>\n<tr class=\"-R\">\n<td class=\"-C\" style=\"width: 492.7pt; border: none windowtext 0pt;\" colspan=\"2\"><\/td>\n<\/tr>\n<tr class=\"-R\">\n<td class=\"-C\" style=\"width: 247.45pt; border: none windowtext 0pt;\">\n<p class=\"Normal-P\" style=\"margin-bottom: 6pt; text-align: justify; text-justify: inter-ideograph; direction: ltr; unicode-bidi: normal;\"><span class=\"Normal-H\"><span style=\"font-family: Times New Roman;\"><img loading=\"lazy\" decoding=\"async\" class=\"\" src=\"http:\/\/www.adrianwood.ch\/wp-content\/uploads\/2016\/07\/1467791820_image1.jpeg\" width=\"346\" height=\"232\" data-link=\"\" \/><\/span><\/span><\/p>\n<\/td>\n<td class=\"-C\" style=\"width: 245.25pt; border: none windowtext 0pt;\">\n<p class=\"Normal-P\" style=\"margin-bottom: 6pt; text-align: justify; text-justify: inter-ideograph; direction: ltr; unicode-bidi: normal;\"><span class=\"Normal-H\"><span style=\"font-family: Times New Roman;\"><img loading=\"lazy\" decoding=\"async\" class=\"\" src=\"http:\/\/www.adrianwood.ch\/wp-content\/uploads\/2016\/07\/1467791820_image2.jpeg\" width=\"346\" height=\"231\" data-link=\"\" \/><\/span><\/span><\/p>\n<\/td>\n<\/tr>\n<tr class=\"-R\">\n<td class=\"-C\" style=\"width: 492.7pt; border: none windowtext 0pt;\" colspan=\"2\">\n<p class=\"Normal-P\" style=\"margin-bottom: 6pt; text-align: justify; text-justify: inter-ideograph; direction: ltr; unicode-bidi: normal;\"><span class=\"Normal-H\"><span style=\"font-family: Times New Roman;\">Auf den ersten Ausflugsort von heute &#8211; Pula &#8211; etwas mehr als eine Stunde Reisezeit entfernt, war ich recht gespannt. Pula, nahe der S\u00fcdspitze Istriens gelegen, ist dessen Hauptort. Ich dachte zur\u00fcck als wir, 1985 und zu Marschall Tito&#8217;s Zeit noch, mit einer befreundeten Familie zusammen in zwei Autos, samt Kinder, zu Badeferien nach Pula aufgebrochen waren. Wir wohnten damals in Pula in einem Privathaus mit drei Ferienwohnungen, wovon wir zwei belegten; in der dritten Wohnung war ein \u00f6sterreichisches Ehepaar zu Gast. Vor gut dreissig Jahren war das! Wieviel hat sich seither wohl ver\u00e4ndert? Viel, wie ich rasch sah!<\/span><\/span><\/p>\n<p class=\"Normal-P\" style=\"margin-bottom: 6pt; text-align: justify; text-justify: inter-ideograph; direction: ltr; unicode-bidi: normal;\"><span class=\"Normal-H\"><span style=\"font-family: Times New Roman;\">Ich habe noch gut in Erinnerung, wie damals Pula ein recht beschaulicher Ort war, zwar bereits ein beliebter Ferienort, aber noch ohne t\u00e4gliche Touristenbusse und grosse Ausflugsboote. Die wenigen Ausflugsboote waren oftmals mit &#8220;Insel xyz: FKK!&#8221; angeschrieben, im \u00fcbrigen Westuropa damals noch wenig \u00fcblich. Grosse und auch recht sch\u00f6ne und moderne Campingplatz-Siedlungen in der Umgebung, auch mit FKK, gab es damals schon. Ich kann mich nicht erinnern, dass wir in Pula jemals in einem Restaurant gegessen h\u00e4tten, ich meine es gab damals auch nur eine beschr\u00e4nkte Anzahl guter Lokale. Die Vermieter unserer Ferienwohnung waren nette Leute, aber sie wurden durch das Vermieten wohl kaum reich: alles, auch das Bezahlen, ging \u00fcber das \u00f6rtliche Fremden<\/span><span style=\"font-family: Times New Roman;\">\u00adverkehrsamt, und von dem kassierten Geld sahen sie wohl nur wenig. Was mir vor allem in Erinnerung bleibt war, dass die damalige jugoslawische W\u00e4hrung von galoppierender Inflation betroffen war, DM wurden deshalb sehr gern entgegengenommen, auch die Ferienwohnung musste in DM, umgerechnet in Franken, beglichen werden. Wenn man dann trotzdem Geld wechselte erhielt man ein grosses B\u00fcndel Banknoten in die Hand gedr\u00fcckt, und es war beeindruckend zu sehen, wie schnell diese am Schalter jeweils von Hand durchgez\u00e4hlt wurden!<\/span><\/span><\/p>\n<\/td>\n<\/tr>\n<tr class=\"-R\">\n<td class=\"-C\" style=\"width: 247.45pt; border: none windowtext 0pt;\">\n<p class=\"Normal-P\" style=\"margin-bottom: 6pt; text-align: justify; text-justify: inter-ideograph; direction: ltr; unicode-bidi: normal;\"><span class=\"Normal-H\"><span style=\"font-family: Times New Roman;\"><img loading=\"lazy\" decoding=\"async\" class=\"\" src=\"http:\/\/www.adrianwood.ch\/wp-content\/uploads\/2016\/07\/1467791820_image3.jpeg\" width=\"346\" height=\"230\" data-link=\"\" \/><\/span><\/span><\/p>\n<\/td>\n<td class=\"-C\" style=\"width: 245.25pt; border: none windowtext 0pt;\">\n<p class=\"Normal-P\" style=\"margin-bottom: 6pt; text-align: justify; text-justify: inter-ideograph; direction: ltr; unicode-bidi: normal;\"><span class=\"Normal-H\"><span style=\"font-family: Times New Roman;\"><img loading=\"lazy\" decoding=\"async\" class=\"\" src=\"http:\/\/www.adrianwood.ch\/wp-content\/uploads\/2016\/07\/1467791820_image4.jpeg\" width=\"346\" height=\"231\" data-link=\"\" \/><\/span><\/span><\/p>\n<\/td>\n<\/tr>\n<tr class=\"-R\">\n<td class=\"-C\" style=\"width: 247.45pt; border: none windowtext 0pt;\">\n<p class=\"Normal-P\" style=\"margin-bottom: 6pt; text-align: justify; text-justify: inter-ideograph; direction: ltr; unicode-bidi: normal;\"><span class=\"Normal-H\">\u00a0<\/span><\/p>\n<\/td>\n<td class=\"-C\" style=\"width: 245.25pt; border: none windowtext 0pt;\"><\/td>\n<\/tr>\n<tr class=\"-R\">\n<td class=\"-C\" style=\"width: 492.7pt; border: none windowtext 0pt;\" colspan=\"2\">\n<p class=\"Normal-P\" style=\"margin-bottom: 6pt; text-align: justify; text-justify: inter-ideograph; direction: ltr; unicode-bidi: normal;\"><span class=\"Normal-H\"><span style=\"font-family: Times New Roman;\">Nun das heutige Pula: man f\u00e4hrt nicht mehr \u00fcber Landstrassen, sondern \u00fcber eine moderne Autobahn dorthin. Als wir am Hafen ankamen war der eigentlich recht grosse Parkplatz mit vielen Reisebussen schon voll besetzt, wir konnten dort lediglich aussteigen. Mario musste dann irgendwo entfernter parkieren. Am Eingang zum r\u00f6mischen Amphitheater, eines der gr\u00f6ssten noch erhaltenen in Europa und einst unter Kaiser Augustus erbaut, standen diverse Reisegruppen Schlange um gegen Eintritt Einlass zu erhalten. Ich erinnere mich nicht, dass man damals Eintritt h\u00e4tte zahlen m\u00fcssen, man ging einfach hinein. Und dann diese vielen Restaurants und Strassencaf\u00e9s und all die Strassen vollgestopft mit Touristen!! Trotzdem: Pula ist auch heute noch sehenswert. Auf einem von unserer Wanderleiterin Mini gef\u00fchrten kleinen Stadtrundgang lernten wir die wichtigsten Sehens<\/span><span style=\"font-family: Times New Roman;\">\u00adw\u00fcrdig<\/span><span style=\"font-family: Times New Roman;\">\u00adkeiten kennen, und nachher hatten wir noch eine gute Stunde frei zur eigenen Stadtbesichtigung oder f\u00fcr einer Erfrischung in einem der vielen Strassencaf\u00e9s. Die Stadt ist voll von r\u00f6mischen und mittelalterlichen Relikten. <\/span><\/span><\/p>\n<\/td>\n<\/tr>\n<tr class=\"-R\">\n<td class=\"-C\" style=\"width: 247.45pt; border: none windowtext 0pt;\">\n<p class=\"Normal-P\" style=\"margin-bottom: 6pt; text-align: justify; text-justify: inter-ideograph; direction: ltr; unicode-bidi: normal;\"><span class=\"Normal-H\"><span style=\"font-family: Times New Roman;\"><img loading=\"lazy\" decoding=\"async\" class=\"\" src=\"http:\/\/www.adrianwood.ch\/wp-content\/uploads\/2016\/07\/1467791820_image5.jpeg\" width=\"346\" height=\"232\" data-link=\"\" \/><\/span><\/span><\/p>\n<\/td>\n<td class=\"-C\" style=\"width: 245.25pt; border: none windowtext 0pt;\">\n<p class=\"Normal-P\" style=\"margin-bottom: 6pt; text-align: justify; text-justify: inter-ideograph; direction: ltr; unicode-bidi: normal;\"><span class=\"Normal-H\"><span style=\"font-family: Times New Roman;\"><img loading=\"lazy\" decoding=\"async\" class=\"\" src=\"http:\/\/www.adrianwood.ch\/wp-content\/uploads\/2016\/07\/1467791820_image6.jpeg\" width=\"345\" height=\"229\" data-link=\"\" \/><\/span><\/span><\/p>\n<\/td>\n<\/tr>\n<tr class=\"-R\">\n<td class=\"-C\" style=\"width: 492.7pt; border: none windowtext 0pt;\" colspan=\"2\">\n<p class=\"Normal-P\" style=\"margin-bottom: 6pt; text-align: justify; text-justify: inter-ideograph; direction: ltr; unicode-bidi: normal;\"><span class=\"Normal-H\"><span style=\"font-family: Times New Roman;\">Kurz nach Mittag ging es in unserem Bus dann weiter Richtung Kap Kamenjak, dem s\u00fcdlichen Endzipfel von Istrien. Kurz nach dem Fischerdorf Premantura stiegen wir am Eingang zum dortigen Nationalpark, welcher die lange und schmale s\u00fcdlichste Landzunge Istriens belegt, aus, denn Busse k\u00f6nnen den Nationalpark nicht befahren. Zum s\u00fcdlichen Ende der Landzunge, dem linken Meeresufer und der Bucht von Medulin entlang, war es eine gute Stunde Wegzeit. Der Nationalpark ist ber\u00fchmt f\u00fcr seine Flora und Fauna und auch bekannt f\u00fcr die vielen sch\u00f6nen Badebuchten, wo auch Klippenspringen m\u00f6glich ist. <\/span><span style=\"font-family: Times New Roman;\">Eine besondere botanische Attraktion sollen die zahlreichen Orchideen-Arten darstellen. Mehr als 23 verschiedene gesch\u00fctzte Arten sollen vorkommen. Auf unserer Wanderung waren all die Badepl\u00e4tze, meist felsig, bereits gut besetzt. Trotz all der Sch\u00f6nheit der Natur stellte sich bei uns zum ersten Mal eine gewisse Wanderm\u00fcdigkeit ein. Die einen wollten gleich baden, anderen war der Weg zu steinig oder auf den befahrenen Wegst\u00fccken, welche wir allerdings m\u00f6glichst vermieden, zu staubig. <\/span><\/span><\/p>\n<\/td>\n<\/tr>\n<tr class=\"-R\">\n<td class=\"-C\" style=\"width: 247.45pt; border: none windowtext 0pt;\">\n<p class=\"Normal-P\" style=\"margin-bottom: 6pt; text-align: justify; text-justify: inter-ideograph; direction: ltr; unicode-bidi: normal;\"><span class=\"Normal-H\"><span style=\"font-family: Times New Roman;\"><img loading=\"lazy\" decoding=\"async\" class=\"\" src=\"http:\/\/www.adrianwood.ch\/wp-content\/uploads\/2016\/07\/1467791820_image7.jpeg\" width=\"346\" height=\"232\" data-link=\"\" \/><\/span><\/span><\/p>\n<\/td>\n<td class=\"-C\" style=\"width: 245.25pt; border: none windowtext 0pt;\">\n<p class=\"Normal-P\" style=\"margin-bottom: 6pt; text-align: justify; text-justify: inter-ideograph; direction: ltr; unicode-bidi: normal;\"><span class=\"Normal-H\"><span style=\"font-family: Times New Roman;\"><img loading=\"lazy\" decoding=\"async\" class=\"\" src=\"http:\/\/www.adrianwood.ch\/wp-content\/uploads\/2016\/07\/1467791820_image8.jpeg\" width=\"346\" height=\"231\" data-link=\"\" \/><\/span><\/span><\/p>\n<\/td>\n<\/tr>\n<tr class=\"-R\">\n<td class=\"-C\" style=\"width: 492.7pt; border: none windowtext 0pt;\" colspan=\"2\">\n<p class=\"Normal-P\" style=\"margin-bottom: 6pt; text-align: justify; text-justify: inter-ideograph; direction: ltr; unicode-bidi: normal;\"><span class=\"Normal-H\"><span style=\"font-family: Times New Roman;\">Die meisten kamen schliesslich doch bis zur s\u00fcdlichsten Landspitze, dem Kap, mit, welche auch mit Auto auf staubiger Piste (vielleicht leider) gut erreichbar ist und bei der Ankunft sehr mit Badenden und Ausfl\u00fcglern besetzt war. Die Safari Beach Bar stellt dort eine etwas ausgefallenere Attraktion dar. Sie gefiel einem erst beim zweiten Hinsehen. Zuerst war es f\u00fcr einen sehr verwirrend anstatt einer Bar einen Pflanzendschungel vorzufinden, wo in einer Art Irrgarten immer wieder Bambus-Tische standen. Wo holten die Leute in diesem Dschungelwirrwarr ihre Getr\u00e4nke und ihr Essen? Man musste echt nach der Theke (Selbstbedienung) zuerst suchen. Aber wir fanden uns wieder \u2013 ich selbst wollte n\u00e4mlich zuerst baden, aber es waren f\u00fcr mich zu viele Leute am Strand und die anderen Badefreudigen unter uns waren schon wieder <\/span><\/span><\/p>\n<\/td>\n<\/tr>\n<tr class=\"-R\">\n<td class=\"-C\" style=\"width: 492.7pt; border: none windowtext 0pt;\" colspan=\"2\">\n<p class=\"Normal-P\" style=\"margin-bottom: 6pt; text-align: justify; text-justify: inter-ideograph; direction: ltr; unicode-bidi: normal;\"><span class=\"Normal-H\"><span style=\"font-family: Times New Roman;\">auf dem R\u00fcckweg. Es war dann doch echt originell, dort &#8216;irgendwo im Dschungel&#8217; zu sitzen und zu speisen! Der R\u00fcckweg fand dann also in diversen Gruppen statt, da ja viele bereits unterwegs waren und auf dem R\u00fcckweg badeten. Trotz leichtem Chaos: beim Bus waren wir alle wieder zusammen, und wir fanden nun fast alle &#8220;es sei sch\u00f6n gewesen und wert, dieser Ausflug zum Kap Kamenjak&#8221;.<\/span><\/span><\/p>\n<p class=\"Normal-P\" style=\"margin-bottom: 6pt; text-align: justify; text-justify: inter-ideograph; direction: ltr; unicode-bidi: normal;\"><span class=\"Normal-H\"><span style=\"font-family: Times New Roman;\">Auf der R\u00fcckfahrt nach Vrsar, bei dem wir unserem umsichtigen Busfahrer Mario wie immer voll vertrauen konnten, wurden noch einige wenige weitere von uns, welche den Tag gleich in Pula verbracht hatten, abgeholt.<\/span><\/span><\/p>\n<\/td>\n<\/tr>\n<tr class=\"-R\">\n<td class=\"-C\" style=\"width: 247.45pt; border: none windowtext 0pt;\">\n<p class=\"Normal-P\" style=\"margin-bottom: 6pt; text-align: justify; text-justify: inter-ideograph; direction: ltr; unicode-bidi: normal;\"><span class=\"Normal-H\"><span style=\"font-family: Times New Roman;\"><img loading=\"lazy\" decoding=\"async\" class=\"\" src=\"http:\/\/www.adrianwood.ch\/wp-content\/uploads\/2016\/07\/1467791820_image9.jpeg\" width=\"346\" height=\"232\" data-link=\"\" \/><\/span><\/span><\/p>\n<\/td>\n<td class=\"-C\" style=\"width: 245.25pt; border: none windowtext 0pt;\">\n<p class=\"Normal-P\" style=\"margin-bottom: 6pt; text-align: justify; text-justify: inter-ideograph; direction: ltr; unicode-bidi: normal;\"><span class=\"Normal-H\"><span style=\"font-family: Times New Roman;\"><img loading=\"lazy\" decoding=\"async\" class=\"\" src=\"http:\/\/www.adrianwood.ch\/wp-content\/uploads\/2016\/07\/1467791820_image10.jpeg\" width=\"346\" height=\"231\" data-link=\"\" \/><\/span><\/span><\/p>\n<\/td>\n<\/tr>\n<tr class=\"-R\">\n<td class=\"-C\" style=\"width: 492.7pt; border: none windowtext 0pt;\" colspan=\"2\">\n<p class=\"Normal-P\" style=\"margin-bottom: 6pt; text-align: justify; text-justify: inter-ideograph; direction: ltr; unicode-bidi: normal;\"><span class=\"Normal-H\"><span style=\"font-family: Times New Roman;\">Zur\u00fcck in Vrsar war der Tag noch nicht zu Ende, es galt den letzten Abend unserer Wanderreise zu feiern. Nach gen\u00fcgend Zeit zum Duschen, Wechseln der Kleider etc. besammelten wir uns wieder bei der Hotellobby um den kurzen aber steilen Weg zum Hafen hinunter zu gehen. In einem der vielen Lokale dort, auf der gegen\u00fcberliegenden Buchtseite gelegen und im Aussenteil des Restaurants, mit sch\u00f6nem Blick auf die verankerten Boote und sp\u00e4ter auf den Sonnenuntergang \u00fcber der kleinen Hafenbucht, bekamen wir ein vorz\u00fcgliches Fischmen\u00fc serviert.<\/span><\/span><\/p>\n<\/td>\n<\/tr>\n<tr class=\"-R\">\n<td class=\"-C\" style=\"width: 247.45pt; border: none windowtext 0pt;\">\n<p class=\"Normal-P\" style=\"margin-bottom: 6pt; text-align: justify; text-justify: inter-ideograph; direction: ltr; unicode-bidi: normal;\"><span class=\"Normal-H\"><span style=\"font-family: Times New Roman;\"><img loading=\"lazy\" decoding=\"async\" class=\"\" src=\"http:\/\/www.adrianwood.ch\/wp-content\/uploads\/2016\/07\/1467791820_image11.jpeg\" width=\"346\" height=\"232\" data-link=\"\" \/><\/span><\/span><\/p>\n<\/td>\n<td class=\"-C\" style=\"width: 245.25pt; border: none windowtext 0pt;\">\n<p class=\"Normal-P\" style=\"margin-bottom: 6pt; text-align: justify; text-justify: inter-ideograph; direction: ltr; unicode-bidi: normal;\"><span class=\"Normal-H\"><span style=\"font-family: Times New Roman;\"><img loading=\"lazy\" decoding=\"async\" class=\"\" src=\"http:\/\/www.adrianwood.ch\/wp-content\/uploads\/2016\/07\/1467791820_image12.jpeg\" width=\"346\" height=\"231\" data-link=\"\" \/><\/span><\/span><\/p>\n<\/td>\n<\/tr>\n<tr class=\"-R\">\n<td class=\"-C\" style=\"width: 247.45pt; border: none windowtext 0pt;\">\n<p class=\"Normal-P\" style=\"margin-bottom: 6pt; text-align: justify; text-justify: inter-ideograph; direction: ltr; unicode-bidi: normal;\"><span class=\"Normal-H\"><span style=\"font-family: Times New Roman;\"><img loading=\"lazy\" decoding=\"async\" class=\"\" src=\"http:\/\/www.adrianwood.ch\/wp-content\/uploads\/2016\/07\/1467791820_image13.jpeg\" width=\"346\" height=\"232\" data-link=\"\" \/><\/span><\/span><\/p>\n<\/td>\n<td class=\"-C\" style=\"width: 245.25pt; border: none windowtext 0pt;\">\n<p class=\"Normal-P\" style=\"margin-bottom: 6pt; text-align: justify; text-justify: inter-ideograph; direction: ltr; unicode-bidi: normal;\"><span class=\"Normal-H\"><span style=\"font-family: Times New Roman;\"><img loading=\"lazy\" decoding=\"async\" class=\"\" src=\"http:\/\/www.adrianwood.ch\/wp-content\/uploads\/2016\/07\/1467791820_image14.jpeg\" width=\"346\" height=\"231\" data-link=\"\" \/><\/span><\/span><\/p>\n<\/td>\n<\/tr>\n<tr class=\"-R\">\n<td class=\"-C\" style=\"width: 492.7pt; border: none windowtext 0pt;\" colspan=\"2\">\n<p class=\"Normal-P\" style=\"margin-bottom: 6pt; text-align: justify; text-justify: inter-ideograph; direction: ltr; unicode-bidi: normal;\"><span class=\"Normal-H\"><span style=\"font-family: Times New Roman;\">Helga hielt eine gute Ansprache, welche aber wegen dem allgemeinen L\u00e4rmpegel leider nicht von allen verstanden worden war und verteilte Couverts an Adrian, Mini und an unseren umsichtigen Fahrer Mario. Das erste Getr\u00e4nk war gratis \u2013 das zweite dann auch, und die sp\u00e4ter noch Bleibenden erhielten auch noch Schn\u00e4pse. Die Stimmung wurde sehr aufger\u00e4umt, ich selbst zog mich dann aber bald einmal zur\u00fcck, siehe Anfang meines Berichtes; es gab ja immerhin noch einen steilen Aufstieg, wenn auch nur kurz, zum Hotel zu bew\u00e4ltigen.<\/span><\/span><\/p>\n<p class=\"Normal-P\" style=\"margin-bottom: 6pt; text-align: justify; text-justify: inter-ideograph; direction: ltr; unicode-bidi: normal;\"><span class=\"Normal-H\"><span style=\"font-family: Times New Roman;\">Ren\u00e9<\/span><\/span><\/p>\n<\/td>\n<\/tr>\n<tr class=\"-R\">\n<td class=\"-C\" style=\"width: 492.7pt; border: none windowtext 0pt;\" colspan=\"2\">\n<p class=\"Normal-P\" style=\"margin-bottom: 6pt; text-align: justify; text-justify: inter-ideograph; direction: ltr; unicode-bidi: normal;\"><span class=\"Normal-H\"><span style=\"font-family: Times New Roman; font-weight: bold;\">Freitag, 27.05.16, Unter-Bericht Pula Schiffahrt<\/span><\/span><\/p>\n<p class=\"Normal-P\" style=\"margin-bottom: 6pt; text-align: justify; text-justify: inter-ideograph; direction: ltr; unicode-bidi: normal;\"><span class=\"Normal-H\"><span style=\"font-family: Times New Roman;\">Nachdem der Bus mit den Wanderern abgefahren ist, besteigen Edith Schwendimann und der Schreibende um 12.45 beim blauen Hafenkran das kleine Schiff &#8220;Kika&#8221; f\u00fcr eine zweist\u00fcndige Rundfahrt zu je 180 Kuna inklusive Essen. Sch\u00f6ner Blick auf Pula, vorbei am Wellenbrecher und aufgelassen Marinehafen. Der Ausflug geht um die Insel Veli Brujun mit dem Nationalpark. Unterwegs wird eine feine Makrele mit Mineral und Weisswein \u00e0 discretion sowie eine Glace serviert, die der Kapit\u00e4n in seiner kleinen Komb\u00fcse zubereitet hat. Blick auf die ganze Insel auf der Tito seine Sommerresidenz hatte und sich sch\u00f6ne Anlagen des Nationalparks befinden, wir sehen sogar Hirsche. Viele Seem\u00f6ven umfliegen das Schiff, da wir sie mit Fischresten f\u00fcttern. Um 15.00 gehen wir zum Bahnhof Pula. Ein versprayter Dieseltriebwagen mit italienischem Look f\u00e4hrt um 15.30 ein und etwa 20 Passagiere steigen aus, meistens junge Leute. Auf dem Streckenschild steht &#8220;Buzet -&gt; Pula&#8221;. Eine Dampflok mit FS-Nummer steht auch als Denkmal da. Dann vorbei an Residenzen mit kunstvollen Jugendstilt\u00fcren zur\u00fcck zum Hafen. Es langt noch f\u00fcr Eiscaf\u00e9 in der oberen baumbestandenen Allee. Um 17 Uhr Abfahrt mit dem Bus vom Hafen aus nach Vrsar.<\/span><\/span><\/p>\n<p class=\"Normal-P\" style=\"margin-bottom: 6pt; text-align: justify; text-justify: inter-ideograph; direction: ltr; unicode-bidi: normal;\"><span class=\"Normal-H\"><span style=\"font-family: Times New Roman;\">Philippe<\/span><\/span><\/p>\n<\/td>\n<\/tr>\n<tr class=\"-R\">\n<td class=\"-C\" style=\"width: 247.45pt; border: none windowtext 0pt;\">\n<p class=\"Normal-P\" style=\"margin-bottom: 6pt; text-align: justify; text-justify: inter-ideograph; direction: ltr; unicode-bidi: normal;\"><span class=\"Normal-H\"><span style=\"font-family: Times New Roman;\"><img loading=\"lazy\" decoding=\"async\" class=\"\" src=\"http:\/\/www.adrianwood.ch\/wp-content\/uploads\/2016\/07\/1467791820_image15.jpeg\" width=\"346\" height=\"232\" data-link=\"\" \/><\/span><\/span><\/p>\n<\/td>\n<td class=\"-C\" style=\"width: 245.25pt; border: none windowtext 0pt;\">\n<p class=\"Normal-P\" style=\"margin-bottom: 6pt; text-align: justify; text-justify: inter-ideograph; direction: ltr; unicode-bidi: normal;\"><span class=\"Normal-H\"><span style=\"font-family: Times New Roman;\"><img loading=\"lazy\" decoding=\"async\" class=\"\" src=\"http:\/\/www.adrianwood.ch\/wp-content\/uploads\/2016\/07\/1467791820_image16.jpeg\" width=\"347\" height=\"230\" data-link=\"\" \/><\/span><\/span><\/p>\n<\/td>\n<\/tr>\n<tr class=\"-R\">\n<td class=\"-C\" style=\"width: 247.45pt; border: none windowtext 0pt;\">\n<p class=\"Normal-P\" style=\"margin-bottom: 6pt; text-align: justify; text-justify: inter-ideograph; direction: ltr; unicode-bidi: normal;\"><span class=\"Normal-H\">\u00a0<\/span><\/p>\n<\/td>\n<td class=\"-C\" style=\"width: 245.25pt; border: none windowtext 0pt;\">\n<p class=\"Normal-P\" style=\"margin-bottom: 6pt; text-align: justify; text-justify: inter-ideograph; direction: ltr; unicode-bidi: normal;\"><span class=\"Normal-H\">\u00a0<\/span><\/p>\n<\/td>\n<\/tr>\n<tr class=\"-R\">\n<td class=\"-C\" style=\"width: 492.7pt; border: none windowtext 0pt;\" colspan=\"2\">\n<p class=\"Normal-P\" style=\"margin-bottom: 6pt; text-align: justify; text-justify: inter-ideograph; direction: ltr; unicode-bidi: normal;\"><span class=\"Normal-H\"><span style=\"font-family: Times New Roman;\"><img loading=\"lazy\" decoding=\"async\" class=\"\" src=\"http:\/\/www.adrianwood.ch\/wp-content\/uploads\/2016\/07\/1467791820_image17.jpg\" width=\"736\" height=\"504\" data-link=\"\" \/><\/span><\/span><\/p>\n<\/td>\n<\/tr>\n<p><!-- [if !supportMisalignedColumns]--><\/tbody>\n<\/table>\n","protected":false},"excerpt":{"rendered":"<p>Freitag, 27.5.2016, Von Vrsar nach Pula und Kap Kamenjak \u00a0Eine Eigenheit bei mir auf dieser Wanderfahrt war, dass ich mich abends jeweils fr\u00fch m\u00fcde f\u00fchlte, dagegen morgens mit dem fr\u00fchen Tageslicht meist schon um 6 Uhr wach war. Da an diesem Tag die Abfahrt Richtung Pula erst auf 9h30 angesetzt war, hatte ich so noch &hellip; <a href=\"https:\/\/www.adrianwood.ch\/?page_id=8771\" class=\"more-link\">Continue reading <span class=\"screen-reader-text\">05-27 Pula<\/span> <span class=\"meta-nav\">&rarr;<\/span><\/a><\/p>\n","protected":false},"author":1,"featured_media":0,"parent":8415,"menu_order":2549,"comment_status":"closed","ping_status":"closed","template":"","meta":{"ngg_post_thumbnail":0,"footnotes":""},"class_list":["post-8771","page","type-page","status-publish","hentry"],"_links":{"self":[{"href":"https:\/\/www.adrianwood.ch\/index.php?rest_route=\/wp\/v2\/pages\/8771","targetHints":{"allow":["GET"]}}],"collection":[{"href":"https:\/\/www.adrianwood.ch\/index.php?rest_route=\/wp\/v2\/pages"}],"about":[{"href":"https:\/\/www.adrianwood.ch\/index.php?rest_route=\/wp\/v2\/types\/page"}],"author":[{"embeddable":true,"href":"https:\/\/www.adrianwood.ch\/index.php?rest_route=\/wp\/v2\/users\/1"}],"replies":[{"embeddable":true,"href":"https:\/\/www.adrianwood.ch\/index.php?rest_route=%2Fwp%2Fv2%2Fcomments&post=8771"}],"version-history":[{"count":3,"href":"https:\/\/www.adrianwood.ch\/index.php?rest_route=\/wp\/v2\/pages\/8771\/revisions"}],"predecessor-version":[{"id":8820,"href":"https:\/\/www.adrianwood.ch\/index.php?rest_route=\/wp\/v2\/pages\/8771\/revisions\/8820"}],"up":[{"embeddable":true,"href":"https:\/\/www.adrianwood.ch\/index.php?rest_route=\/wp\/v2\/pages\/8415"}],"wp:attachment":[{"href":"https:\/\/www.adrianwood.ch\/index.php?rest_route=%2Fwp%2Fv2%2Fmedia&parent=8771"}],"curies":[{"name":"wp","href":"https:\/\/api.w.org\/{rel}","templated":true}]}}