{"id":899,"date":"2011-02-09T19:04:02","date_gmt":"2011-02-09T18:04:02","guid":{"rendered":"http:\/\/adrianwood.ch\/"},"modified":"2011-02-09T19:04:02","modified_gmt":"2011-02-09T18:04:02","slug":"05-01-sougia","status":"publish","type":"page","link":"https:\/\/www.adrianwood.ch\/?page_id=899","title":{"rendered":"05-01 Sougia"},"content":{"rendered":"<h2>1. Mai, Paleochora \/ Anidri \u2013 Sougia<\/h2>\n<table border=\"0\" cellspacing=\"0\" cellpadding=\"0\">\n<tbody>\n<tr>\n<td colspan=\"2\" width=\"657\" valign=\"top\">Schluchten und H\u00f6henwanderung von ca. 5 Std. bei idealen Bedingungen. Wanderungen mit vielen Highlights. Begonnen hat alles mit einem Knall, der von einem achtlos weggeworfenen Osterknaller stammte und f\u00fcr R\u00e4tselraten sorgte.<\/td>\n<\/tr>\n<tr>\n<td width=\"328\" valign=\"top\">Die Transportlogistik mit dem Hotel-Kleinbus war nicht einfach, aber mit viel Geschick, konnten wir mit zwei Fuhren, 23 Personen und 46 Gep\u00e4ckst\u00fccke transportiert. Das Gep\u00e4ck zum Schiff und die Wanderer mit den Rucks\u00e4cken auf den Berg, bis Anidri ein kleines Dorf 170 m \u00fcber dem Meeresspiegel. Eine wundersch\u00f6ne Terrasse war ideal zum Warten bis alle angekommen waren. Heute wurden \u00fcberall die H\u00e4user mit Blumen geschm\u00fcckt, das ist auf Kreta am 1.Mai so \u00fcblich. Um 9.45 Uhr waren alle f\u00fcr die Wanderung bereit, die erste Station war die sch\u00f6ne Dorfkirche mit angrenzendem Friedhof. Aber nun ging es nicht bergauf, sondern auf einem sch\u00f6nen Weg bergab. Bald wurde die Gruppe gestoppt von der ca. 1m langen Schlange, die sich aufgeringelt hinter einer Pflanze versteckt hatte, sich aber sp\u00e4ter mit etwas Nachhilfe, in ihrer ganzen L\u00e4nge zeigte. So eine Schlange ist ja nicht allt\u00e4glich und musste f\u00fcr viele Fotos herhalten. Leider konnte die Schlange nicht identifiziert werden! Vielleicht gelingt es anhand der vielen Fotos.<\/td>\n<td width=\"328\" valign=\"top\">\u00a0<img decoding=\"async\" class=\"ngg-singlepic ngg-none\" src=\"http:\/\/adrianwood.ch\/wp-content\/gallery\/kreta0808\/image001_r4.jpg\" alt=\"DCF 1.0\" \/><\/td>\n<\/tr>\n<tr>\n<td width=\"328\" valign=\"top\">\u00a0<img decoding=\"async\" class=\"ngg-singlepic ngg-none\" src=\"http:\/\/adrianwood.ch\/wp-content\/gallery\/kreta0808\/image003_r4.jpg\" alt=\"image003_r4\" \/><\/td>\n<td width=\"328\" valign=\"top\">\u00a0<img decoding=\"async\" class=\"ngg-singlepic ngg-none\" src=\"http:\/\/adrianwood.ch\/wp-content\/gallery\/kreta0808\/image005_r4.jpg\" alt=\"image005_r4\" \/><\/td>\n<\/tr>\n<tr>\n<td width=\"328\" valign=\"top\">\u00a0<img decoding=\"async\" class=\"ngg-singlepic ngg-none\" src=\"http:\/\/adrianwood.ch\/wp-content\/gallery\/kreta0808\/image007_r4.jpg\" alt=\"image007_r4\" \/><\/td>\n<td width=\"328\" valign=\"top\">Nun ging es weiter bergab an einem kleinen Bachlauf entlang und vielen riesigen, purpur-aubergine farbigen Aronst\u00e4ben, die uns zu dieser Zeit noch, viele Ah und Oh entlockten. In meinem Bestimmungs-buch wird diese Pflanze als gemeiner Schlangenwurz bezeichnet. Die Schlucht hatte einige Kletterstellen die zu \u00fcberwinden waren. Nach gut einer Stunde hatten wir die Schlucht durchklettert und durchwandert und kamen zu einem fast menschenleeren Strand, wo wir die bereitstehenden Liegest\u00fchle f\u00fcr eine Pause benutzten. Hier genossen wir die Ruhe und die k\u00fchle Meeresbriese. Aus den 10 Min Pause, wurde fast eine halbe Stunde.Danach kam der zweite sch\u00f6ne Teil der Wanderung. Eine H\u00f6henwanderung hoch \u00fcber dem Meer. Die spezielle mediterrane Vegetation und der Weitblick \u00fcber das klare, teils blaue und t\u00fcrkisfarbige Meer mit den vielen Buchten zogen uns in seinen Bann.<\/td>\n<\/tr>\n<tr>\n<td width=\"328\" valign=\"top\"><img decoding=\"async\" class=\"ngg-singlepic ngg-none\" src=\"http:\/\/adrianwood.ch\/wp-content\/gallery\/kreta0808\/image009_r4.jpg\" alt=\"DCF 1.0\" \/><\/td>\n<td width=\"328\" valign=\"top\"><img decoding=\"async\" class=\"ngg-singlepic ngg-none\" src=\"http:\/\/adrianwood.ch\/wp-content\/gallery\/kreta0808\/image011_r4.jpg\" alt=\"image011_r4\" \/><\/td>\n<\/tr>\n<tr>\n<td width=\"328\" valign=\"top\"><img decoding=\"async\" class=\"ngg-singlepic ngg-none\" src=\"http:\/\/adrianwood.ch\/wp-content\/gallery\/kreta0808\/image013_r4.jpg\" alt=\"image013_r4\" \/><\/td>\n<td width=\"328\" valign=\"top\">\u00a0F\u00fcr die Mittagspause musste nun eine sch\u00f6ne Bucht gefunden werden, was nicht ganz einfach war, doch es gelang. Die einen suchten sich dann ein Schattenpl\u00e4tzchen, die anderen einen Weg zum Wasser. Bereits um 12.30 Uhr waren alle Bade-willigen in den abk\u00fchlenden Fluten. Aber bevor die Mittagsstunde vorbei war, machten sich die Wanderw\u00fctigen auf den Weg und Adrian sah seine autonome Gruppe davonlaufen. Es ging wieder aufw\u00e4rts, einen Pass von ca. 200m stand bevor, an windgesch\u00fctzten Stellen wurde es nun recht warm. Ein Halt auf dem Pass gab es nicht, die Gruppe lief einfach weiter. Sp\u00e4ter gab es eine erzwungene Trinkpause. Das Dornengestr\u00fcpp und die scharf-kantigen Steine forderten volle Aufmerksamkeit, ob auf der Hochebene oder beim Abstieg. Wir kamen nun zum antiken Lissos und einem kleinen Ruinendorf.<\/td>\n<\/tr>\n<tr>\n<td width=\"328\" valign=\"top\">\u00a0<\/td>\n<td width=\"328\" valign=\"top\">\u00a0<\/td>\n<\/tr>\n<tr>\n<td width=\"328\" valign=\"top\">Angesteuert wurde aber der steinige Strand f\u00fcr eine kleine Pause, f\u00fcr manche mit Abk\u00fchlung im t\u00fcrkis-farbigen Meer. Um 16 Uhr sollte es weiter gehen. Ich nutzte die Pause um den Einstieg f\u00fcr den Aufstieg, der bevorstand, zu suchen. Ich traf auf eine Gruppe Holl\u00e4nder, die schon eine Stunde auf der Suche waren, sie hatten es an verschiedenen Stellen probiert. Nun machten wir uns gemeinsam auf die Suche. Oben angekommen versuchte ich unserer Gruppe Zeichen zu geben, was aber von unten nicht leicht zu verstehen war. Der Aufstieg von ca.160m, mit Sonne, forderte so manchen Schweisstropfen. Auf der Hochebene durchquerten wir eine herrliche Landschaft mit roter Erde, welche die Wege markierte. Auch hier waren die Wege steinreich, mit teilweise messerscharfen Ausf\u00fchrungen.<\/td>\n<td width=\"328\" valign=\"top\"><img decoding=\"async\" class=\"ngg-singlepic ngg-none\" src=\"http:\/\/adrianwood.ch\/wp-content\/gallery\/kreta0808\/image015_r4.jpg\" alt=\"image015_r4\" \/><\/td>\n<\/tr>\n<tr>\n<td width=\"328\" valign=\"top\"><img decoding=\"async\" class=\"ngg-singlepic ngg-none\" src=\"http:\/\/adrianwood.ch\/wp-content\/gallery\/kreta0808\/image017_r4.jpg\" alt=\"image017_r4\" \/><\/td>\n<td width=\"328\" valign=\"top\">Zum Abschluss ging es wieder durch eine sch\u00f6ne Schlucht mit schroffen, hohen Felsw\u00e4nden und wundersch\u00f6nen Oleander-b\u00fcschen. Direkt am Hafen von Sougia kamen wir an und mussten nur noch den Weg zu unserm Hotel finden. Kein Problem f\u00fcr Jean-Francois, man kann ja fragen. Ein sch\u00f6nes Hotel wartete auf uns und das Gep\u00e4ck stand schon vor dem Eingang. Am Abend traf man sich beim Ouso oder Nachtessen in einem von den vielen netten Restaurant in Sougia. Auch die lebenswichtigen Eink\u00e4ufe konnten erledigt werden. In Sougia durften wir 2 N\u00e4chte verbringen, welch ein Luxus.Vielen Dank Adrian, ich mag Deine Art, wie du die autonome Gruppe laufen l\u00e4sst. Danke f\u00fcr Deine Vorarbeit.\u00a0\u00a0\u00a0\u00a0\u00a0\u00a0\u00a0\u00a0\u00a0\u00a0\u00a0\u00a0\u00a0\u00a0\u00a0\u00a0\u00a0\u00a0\u00a0\u00a0\u00a0\u00a0\u00a0\u00a0\u00a0\u00a0 \u00a0Brigitte<\/td>\n<\/tr>\n<tr>\n<td colspan=\"2\" width=\"657\" valign=\"top\">\u00a0<\/td>\n<\/tr>\n<\/tbody>\n<\/table>\n","protected":false},"excerpt":{"rendered":"<p>1. Mai, Paleochora \/ Anidri \u2013 Sougia Schluchten und H\u00f6henwanderung von ca. 5 Std. bei idealen Bedingungen. Wanderungen mit vielen Highlights. Begonnen hat alles mit einem Knall, der von einem achtlos weggeworfenen Osterknaller stammte und f\u00fcr R\u00e4tselraten sorgte. Die Transportlogistik mit dem Hotel-Kleinbus war nicht einfach, aber mit viel Geschick, konnten wir mit zwei Fuhren, &hellip; <a href=\"https:\/\/www.adrianwood.ch\/?page_id=899\" class=\"more-link\">Continue reading <span class=\"screen-reader-text\">05-01 Sougia<\/span> <span class=\"meta-nav\">&rarr;<\/span><\/a><\/p>\n","protected":false},"author":1,"featured_media":0,"parent":792,"menu_order":2288,"comment_status":"closed","ping_status":"closed","template":"","meta":{"ngg_post_thumbnail":0,"footnotes":""},"class_list":["post-899","page","type-page","status-publish","hentry"],"_links":{"self":[{"href":"https:\/\/www.adrianwood.ch\/index.php?rest_route=\/wp\/v2\/pages\/899","targetHints":{"allow":["GET"]}}],"collection":[{"href":"https:\/\/www.adrianwood.ch\/index.php?rest_route=\/wp\/v2\/pages"}],"about":[{"href":"https:\/\/www.adrianwood.ch\/index.php?rest_route=\/wp\/v2\/types\/page"}],"author":[{"embeddable":true,"href":"https:\/\/www.adrianwood.ch\/index.php?rest_route=\/wp\/v2\/users\/1"}],"replies":[{"embeddable":true,"href":"https:\/\/www.adrianwood.ch\/index.php?rest_route=%2Fwp%2Fv2%2Fcomments&post=899"}],"version-history":[{"count":0,"href":"https:\/\/www.adrianwood.ch\/index.php?rest_route=\/wp\/v2\/pages\/899\/revisions"}],"up":[{"embeddable":true,"href":"https:\/\/www.adrianwood.ch\/index.php?rest_route=\/wp\/v2\/pages\/792"}],"wp:attachment":[{"href":"https:\/\/www.adrianwood.ch\/index.php?rest_route=%2Fwp%2Fv2%2Fmedia&parent=899"}],"curies":[{"name":"wp","href":"https:\/\/api.w.org\/{rel}","templated":true}]}}