{"id":903,"date":"2011-02-11T10:10:45","date_gmt":"2011-02-11T09:10:45","guid":{"rendered":"http:\/\/adrianwood.ch\/"},"modified":"2011-02-11T10:10:45","modified_gmt":"2011-02-11T09:10:45","slug":"05-02-tripiti","status":"publish","type":"page","link":"https:\/\/www.adrianwood.ch\/?page_id=903","title":{"rendered":"05-02 Tripiti"},"content":{"rendered":"<h2>Freitag, 2.Mai, \u00a0So\u00fagia\u00a0 Tripiti-Schlucht und zur\u00fcck mit einem Boot<\/h2>\n<table border=\"0\" cellspacing=\"0\" cellpadding=\"0\" width=\"661\">\n<tbody>\n<tr>\n<td colspan=\"3\" width=\"661\" valign=\"top\">Nach dem Fr\u00fchst\u00fcck um 09:10 h machen sich 22 Unentwegte auf den Weg zur Tripiti-Schlucht. Der Himmel wolkenlos und es ist relativ warm.. Schon gleich nach der Flu\u00dfbett\u00fcberquerung beginnt ein Aufstieg auf sch\u00f6n breitem Weg durch Oliven Haine mit toller Aussicht zur\u00fcck auf So\u00fagia. Um 09.45h erreichen wir die erste Anh\u00f6he und rasten kurz.<\/td>\n<\/tr>\n<tr>\n<td colspan=\"2\" width=\"330\" valign=\"top\"><img decoding=\"async\" class=\"ngg-singlepic ngg-none\" src=\"http:\/\/adrianwood.ch\/wp-content\/gallery\/kreta0809\/image001_r4.jpg\" alt=\"image001_r4\" \/><\/td>\n<td width=\"330\" valign=\"top\"><img decoding=\"async\" class=\"ngg-singlepic ngg-none\" src=\"http:\/\/adrianwood.ch\/wp-content\/gallery\/kreta0809\/image003_r4.jpg\" alt=\"image003_r4\" \/><\/td>\n<\/tr>\n<tr>\n<td colspan=\"3\" width=\"661\" valign=\"top\">Es wird immer W\u00e4rmer und der Weg f\u00fchrt weiter nach oben bis zu einem kleinen Plateau ca. 160 m.\u00fc.M. Dort machen wir im Schatten um 10.25h einen Drinkhalt. Wiederum fantastische Aussicht auf die Bucht von So\u00fagia. Leicht absteigend auf sehr sch\u00f6nem Weg durch Laubh\u00f6lzer, darunter Johannisbrotb\u00e4ume und Kiefern dem Meer entlang bis wir um 11.45h oberhalb der Kapelle Agios Antonios ankommen. Hier verabschieden wir uns von 7 Leuten, die sich an diesem Strand aufhalten bis sie um 13:00h von einem Schifflein abgeholt werden und zur\u00fcck nach So\u00fagia gefahren werden. F\u00fcr die Verbliebenen geht der Weg nun wieder hinauf, dann fast wieder bis zum Meer hinab, bevor wir steil hinauf durch ein Tal auf einen Sattel gelangen, wo wir die Ruinen von einem venezianischen Kastell vorfinden.<\/td>\n<\/tr>\n<tr>\n<td colspan=\"3\" width=\"661\" valign=\"top\">\u00a0<img decoding=\"async\" class=\"ngg-singlepic ngg-none\" src=\"http:\/\/adrianwood.ch\/wp-content\/gallery\/kreta0809\/image005_r2.jpg\" alt=\"DCF 1.0\" \/><\/td>\n<\/tr>\n<tr>\n<td colspan=\"3\" width=\"661\" valign=\"top\">Mittagsrast 12:15h. Nachher noch ca. 15 Min. weiter hoch zur Gipfelkapelle Profitis Illias, die wir bereits vom Meer unten sahen und nun einen gewaltigen Ausblick geniessen k\u00f6nnen.<\/td>\n<\/tr>\n<tr>\n<td width=\"326\" valign=\"top\">\u00a0<img decoding=\"async\" class=\"ngg-singlepic ngg-none\" src=\"http:\/\/adrianwood.ch\/wp-content\/gallery\/kreta0809\/image007_r4.jpg\" alt=\"image007_r4\" \/><\/td>\n<td colspan=\"2\" width=\"334\" valign=\"top\">\u00a0<img decoding=\"async\" class=\"ngg-singlepic ngg-none\" src=\"http:\/\/adrianwood.ch\/wp-content\/gallery\/kreta0809\/image009_r4.jpg\" alt=\"image009_r4\" \/><\/td>\n<\/tr>\n<tr>\n<td colspan=\"3\" width=\"661\" valign=\"top\">Nun fertig Lustig, es geht auf einem Weg, man k\u00f6nnte es auch Schotterpiste nennen steil hinab in die Tripiti-Schlucht, zum Meer. Jetzt \u00fcber und zwischen gro\u00dfen Felsbrocken hindurch zum Sent\u00f3ni Strand, wo wir ein erfrischendes Bad geniessen.<\/td>\n<\/tr>\n<tr>\n<td width=\"326\" valign=\"top\">\u00a0<img decoding=\"async\" class=\"ngg-singlepic ngg-none\" src=\"http:\/\/adrianwood.ch\/wp-content\/gallery\/kreta0809\/image011_r4.jpg\" alt=\"image011_r4\" \/><\/td>\n<td colspan=\"2\" width=\"334\" valign=\"top\">\u00a0<img decoding=\"async\" class=\"ngg-singlepic ngg-none\" src=\"http:\/\/adrianwood.ch\/wp-content\/gallery\/kreta0809\/image013_r4.jpg\" alt=\"image013_r4\" \/><\/td>\n<\/tr>\n<tr>\n<td colspan=\"3\" width=\"661\" valign=\"top\">Die 1. Sieben machen sich auf den Weg um den Anlegesteg zu finden, was f\u00fcr die meisten ein kleines Abenteuer bedeutet, denn wir finden den Steg nicht auf anhieb und schauen halt dann aufs Meer hinaus bis wir \u201eCaptain Georgio\u201c mit seinem Wassertaxi kommen sehen und dann verfolgen wo er landet. Ein hektisches Klettern zur\u00fcck \u00fcber diese Felsbl\u00f6cke zur Anlegestelle und noch rechtzeitig aufs Boot. Um 17:15h gelingt dann die erste Fahrt zur\u00fcck nach So\u00fagia. Die verbliebenen 8 kommen \u00bd Stunde sp\u00e4ter im Hafen an. Somit endet ein toller aber\u00a0 anstrengender Tag.\u00a0\u00a0\u00a0\u00a0\u00a0\u00a0\u00a0\u00a0\u00a0\u00a0\u00a0\u00a0 \u00a0Peter S.<\/td>\n<\/tr>\n<tr>\n<td width=\"326\" valign=\"top\">\u00a0<img decoding=\"async\" class=\"ngg-singlepic ngg-none\" src=\"http:\/\/adrianwood.ch\/wp-content\/gallery\/kreta0809\/image015_r4.jpg\" alt=\"image015_r4\" \/><\/td>\n<td colspan=\"2\" width=\"334\" valign=\"top\">\u00a0<img decoding=\"async\" class=\"ngg-singlepic ngg-none\" src=\"http:\/\/adrianwood.ch\/wp-content\/gallery\/kreta0809\/image017_r4.jpg\" alt=\"OLYMPUS DIGITAL CAMERA\" \/><\/td>\n<\/tr>\n<tr height=\"0\">\n<td width=\"326\">\u00a0<\/td>\n<td width=\"4\">\u00a0<\/td>\n<td width=\"330\">\u00a0<\/td>\n<\/tr>\n<\/tbody>\n<\/table>\n<p><img decoding=\"async\" class=\"ngg-singlepic ngg-none\" src=\"http:\/\/adrianwood.ch\/wp-content\/gallery\/kreta0809\/image001_r3.jpg\" alt=\"image001_r3\" \/><\/p>\n","protected":false},"excerpt":{"rendered":"<p>Freitag, 2.Mai, \u00a0So\u00fagia\u00a0 Tripiti-Schlucht und zur\u00fcck mit einem Boot Nach dem Fr\u00fchst\u00fcck um 09:10 h machen sich 22 Unentwegte auf den Weg zur Tripiti-Schlucht. Der Himmel wolkenlos und es ist relativ warm.. Schon gleich nach der Flu\u00dfbett\u00fcberquerung beginnt ein Aufstieg auf sch\u00f6n breitem Weg durch Oliven Haine mit toller Aussicht zur\u00fcck auf So\u00fagia. Um 09.45h &hellip; <a href=\"https:\/\/www.adrianwood.ch\/?page_id=903\" class=\"more-link\">Continue reading <span class=\"screen-reader-text\">05-02 Tripiti<\/span> <span class=\"meta-nav\">&rarr;<\/span><\/a><\/p>\n","protected":false},"author":1,"featured_media":0,"parent":792,"menu_order":2289,"comment_status":"closed","ping_status":"closed","template":"","meta":{"ngg_post_thumbnail":0,"footnotes":""},"class_list":["post-903","page","type-page","status-publish","hentry"],"_links":{"self":[{"href":"https:\/\/www.adrianwood.ch\/index.php?rest_route=\/wp\/v2\/pages\/903","targetHints":{"allow":["GET"]}}],"collection":[{"href":"https:\/\/www.adrianwood.ch\/index.php?rest_route=\/wp\/v2\/pages"}],"about":[{"href":"https:\/\/www.adrianwood.ch\/index.php?rest_route=\/wp\/v2\/types\/page"}],"author":[{"embeddable":true,"href":"https:\/\/www.adrianwood.ch\/index.php?rest_route=\/wp\/v2\/users\/1"}],"replies":[{"embeddable":true,"href":"https:\/\/www.adrianwood.ch\/index.php?rest_route=%2Fwp%2Fv2%2Fcomments&post=903"}],"version-history":[{"count":0,"href":"https:\/\/www.adrianwood.ch\/index.php?rest_route=\/wp\/v2\/pages\/903\/revisions"}],"up":[{"embeddable":true,"href":"https:\/\/www.adrianwood.ch\/index.php?rest_route=\/wp\/v2\/pages\/792"}],"wp:attachment":[{"href":"https:\/\/www.adrianwood.ch\/index.php?rest_route=%2Fwp%2Fv2%2Fmedia&parent=903"}],"curies":[{"name":"wp","href":"https:\/\/api.w.org\/{rel}","templated":true}]}}