{"id":922,"date":"2011-02-11T12:53:04","date_gmt":"2011-02-11T11:53:04","guid":{"rendered":"http:\/\/adrianwood.ch\/"},"modified":"2011-02-11T12:53:04","modified_gmt":"2011-02-11T11:53:04","slug":"05-04-marmorbucht","status":"publish","type":"page","link":"https:\/\/www.adrianwood.ch\/?page_id=922","title":{"rendered":"05-04 Marmorbucht"},"content":{"rendered":"<h2>4.Mai, Agia Roumeli &#8211; Agios Pavlos &#8211; Marmor-Bucht &#8211; Loutro<\/h2>\n<table border=\"0\" cellspacing=\"0\" cellpadding=\"0\">\n<tbody>\n<tr>\n<td colspan=\"2\" width=\"657\" valign=\"top\">Eigentlich hatte ich mir vorgenommen endlich mal einen seri\u00f6sen, kurzen und sachlichen Tourenbericht zu schreiben. So etwa im Stil: &#8220;4.5.08. Wanderung von Agia Roumeli nach Loutro, 19 Wanderer. Reine Marschzeit 5:27, 15.9 km, 456 H\u00f6henmeter hinauf und hinunter (Daten von Hanspeter &#8211; merci vielmool) . Wetter gut, keine besonderen Ereignisse&#8221;. Aber das w\u00e4re schade, meine ich. Vor ein paar Tagen habe ich den Bericht der Kreta-2000-Ferien wieder vor mir gehabt &#8211; und beim Lesen, speziell der Details, ist mir wieder die ganze sch\u00f6ne Zeit, die wir damals zusammen erlebten, lebendig geworden. Also bleib ich bei meinem gewohnten Stil.<\/td>\n<\/tr>\n<tr>\n<td width=\"327\" valign=\"top\">\u00a0<img decoding=\"async\" class=\"ngg-singlepic ngg-none\" src=\"http:\/\/adrianwood.ch\/wp-content\/gallery\/kreta0811\/image001_r4.jpg\" alt=\"image001_r4\" \/><\/td>\n<td width=\"330\" valign=\"top\">\u00a0<img decoding=\"async\" class=\"ngg-singlepic ngg-none\" src=\"http:\/\/adrianwood.ch\/wp-content\/gallery\/kreta0811\/image003_r4.jpg\" alt=\"OLYMPUS DIGITAL CAMERA\" \/><\/td>\n<\/tr>\n<tr>\n<td colspan=\"2\" width=\"657\" valign=\"top\">Der Morgen fing schon damit an, dass der Wirt des gr\u00f6ssten Hotels in Agia Roumeli, dem Hotel Samaria &#8211; &#8220;unserem Hotel&#8221; &#8211; zum z&#8217;Morge (7:30) wohl Kaff\u00e9, Tee, Honig (der schrecklich langsam aus der Flasche floss), Gomfi und ein paar Schiebli Brot aufgetischt hatte, aber keine Butter &#8211; die wurde allerdings rasch nachgeliefert &#8211; aber dann musste er gestehen, dass kein Brot mehr vorhanden war. Jenun! Daf\u00fcr erhielt jeder ein grosses Glas herrlich frisch gepressten Orangensaft. K\u00f6stlich!\u00a0\u00a0\u00a0\u00a0\u00a0\u00a0\u00a0\u00a0\u00a0<\/td>\n<\/tr>\n<tr>\n<td width=\"327\" valign=\"top\">\u00a0<img decoding=\"async\" class=\"ngg-singlepic ngg-none\" src=\"http:\/\/adrianwood.ch\/wp-content\/gallery\/kreta0811\/image005_r4.jpg\" alt=\"image005_r4\" \/><\/td>\n<td width=\"330\" valign=\"top\">\u00a0<img decoding=\"async\" class=\"ngg-singlepic ngg-none\" src=\"http:\/\/adrianwood.ch\/wp-content\/gallery\/kreta0811\/image007_r4.jpg\" alt=\"OLYMPUS DIGITAL CAMERA\" \/><\/td>\n<\/tr>\n<tr>\n<td colspan=\"2\" width=\"657\" valign=\"top\">Eine Stunde sp\u00e4ter &#8211; 08:30 &#8211; Abmarsch Richtung Ost. Unser Weg, der &#8220;Europ\u00e4ische Fernwanderweg Nr 4, E4&#8221; f\u00fchrt uns zuerst vorbei an Obstg\u00e4rten, wo reich behangene Mispel- und Zitronenb\u00e4ume stehen, dann aber schon nach wenigen Minuten zu einer schwierigen Bach\u00fcberquerung (1.2 m) auf einem Brett und einem rollenden Pfahl, kurz darauf vorbei an makabren H\u00fcgeln mit Geissen-Sch\u00e4deln. (s. Fotos).\u00a0<\/td>\n<\/tr>\n<tr>\n<td width=\"327\" valign=\"top\">\u00a0Doch dann gehts &#8220;normal&#8221; weiter, entlang der K\u00fcste, mal hinauf, mal hinunter, mal auf Sand, mal auf oder zwischen Felsen hindurch, bis wir um 10 Uhr die Bucht von Agios Pavlos erreichen &#8211; Kapelle, Sandstrand, S\u00fcsswasserquelle im Sand. Kurze Rast und weiter gehts, zielsicher Richtung Osten, einen sandigen Hang nehmen wir nonstop, daf\u00fcr gibt es kurz darauf einen Stop als wir den Waldrand erreichen und die Wegspur sich in Nichts aufgel\u00f6st hat. Kurze Beratung der F\u00fchrung und wir wandern ebenso z\u00fcgig wieder zur\u00fcck, bis eine halbe Stunde sp\u00e4ter die Markierungen anzeigen, dass wir unseren E4 wiedergefunden haben. Der f\u00fchrt uns nun wieder, fast auf konstanter H\u00f6he durch lichten Wald, der ab und zu einen Blick auf die Felsenk\u00fcste unter oder auf die Gipfel \u00fcber uns frei gibt.<\/td>\n<td width=\"330\" valign=\"top\">\u00a0<img decoding=\"async\" class=\"ngg-singlepic ngg-none\" src=\"http:\/\/adrianwood.ch\/wp-content\/gallery\/kreta0811\/image009_r4.jpg\" alt=\"image009_r4\" \/><\/td>\n<\/tr>\n<tr>\n<td colspan=\"2\" width=\"657\" valign=\"top\">\u00a0<\/td>\n<\/tr>\n<tr>\n<td width=\"327\" valign=\"top\"><img decoding=\"async\" class=\"ngg-singlepic ngg-none\" src=\"http:\/\/adrianwood.ch\/wp-content\/gallery\/kreta0811\/image011_r4.jpg\" alt=\"OLYMPUS DIGITAL CAMERA\" \/><\/td>\n<td width=\"330\" valign=\"top\"><img decoding=\"async\" class=\"ngg-singlepic ngg-none\" src=\"http:\/\/adrianwood.ch\/wp-content\/gallery\/kreta0811\/image013_r4.jpg\" alt=\"OLYMPUS DIGITAL CAMERA\" \/><\/td>\n<\/tr>\n<tr>\n<td colspan=\"2\" width=\"657\" valign=\"top\">So gegen halb 12 Uhr, unter\/neben malerischen Felsw\u00e4nden ist es Zeit f\u00fcr die Mittagsrast. Ein idyllischer Ort &#8211; wir sitzen unter B\u00e4umen, sehen hinunter auf das blaue Meer, eine F\u00e4hre tuckert vorbei, die Sonne scheint, die V\u00f6gel singen&#8230;.. sch\u00f6n ist&#8217;s.<\/td>\n<\/tr>\n<tr>\n<td width=\"327\" valign=\"top\">\u00a0<img decoding=\"async\" class=\"ngg-singlepic ngg-none\" src=\"http:\/\/adrianwood.ch\/wp-content\/gallery\/kreta0811\/image015_r4.jpg\" alt=\"image015_r4\" \/><\/td>\n<td width=\"330\" valign=\"top\">\u00a0<img decoding=\"async\" class=\"ngg-singlepic ngg-none\" src=\"http:\/\/adrianwood.ch\/wp-content\/gallery\/kreta0811\/image017_r4.jpg\" alt=\"image017_r4\" \/><\/td>\n<\/tr>\n<tr>\n<td colspan=\"2\" width=\"657\" valign=\"top\">Die n\u00e4chste Etappe f\u00fchrt der E4 uns auf ca. 60m \u00fc. M. auf dem offenen Hang des Vigla, von wo aus man schon bald die Bucht von Phinis und den H\u00fcgel, hinter dem sich Loutro versteckt, erblickt. Und kurz darauf sehen wir linker Hand den Eingang zur Aradhena-Schlucht, in der wir morgen wandern werden und dann die Kapelle und die Taverne der Marmorbucht und steigen schliesslich hinab zum Sandstrand der von Felsen eingerahmten Bucht, wo schon unsere Kollegen, die mit der F\u00e4hre nach Loutro gefahren sind, unter Sonnenschirmen ruhen.<\/td>\n<\/tr>\n<tr>\n<td width=\"327\" valign=\"top\">\u00a0<img decoding=\"async\" class=\"ngg-singlepic ngg-none\" src=\"http:\/\/adrianwood.ch\/wp-content\/gallery\/kreta0811\/image019_r4.jpg\" alt=\"image019_r4\" \/><\/td>\n<td width=\"330\" valign=\"top\">\u00a0<img decoding=\"async\" class=\"ngg-singlepic ngg-none\" src=\"http:\/\/adrianwood.ch\/wp-content\/gallery\/kreta0811\/image021_r4.jpg\" alt=\"OLYMPUS DIGITAL CAMERA\" \/><\/td>\n<\/tr>\n<tr>\n<td colspan=\"2\" width=\"657\" valign=\"top\">Hier endet die Gruppenwanderung und der Individualteil beginnt. Loutro ist nicht mehr weit, ca. 1.5 Stunden und nicht zu verfehlen. Also wird gebadet, am Sandstrand oder zwischen den Felsen, man genehmigt sich einen Espresso oder, wie ich schon vor 8 Jahren, ein Mythos in der Taverne. Andere fahren mit dem B\u00f6\u00f6tli nach Loutro oder marschieren nach einer Pause weiter, nehmen das Bier in Phinis. Zu denen geh\u00f6re auch ich. Wir sitzen unter B\u00e4umen, schauen auf das blaue Meer und habens sch\u00f6n.<\/td>\n<\/tr>\n<tr>\n<td width=\"327\" valign=\"top\">\u00a0<img decoding=\"async\" class=\"ngg-singlepic ngg-none\" src=\"http:\/\/adrianwood.ch\/wp-content\/gallery\/kreta0811\/image023_r4.jpg\" alt=\"image023_r4\" \/><\/td>\n<td width=\"330\" valign=\"top\">\u00a0<img decoding=\"async\" class=\"ngg-singlepic ngg-none\" src=\"http:\/\/adrianwood.ch\/wp-content\/gallery\/kreta0811\/image025_r4.jpg\" alt=\"image025_r4\" \/><\/td>\n<\/tr>\n<tr>\n<td width=\"327\" valign=\"top\">\u00a0<img decoding=\"async\" class=\"ngg-singlepic ngg-none\" src=\"http:\/\/adrianwood.ch\/wp-content\/gallery\/kreta0811\/image027_r4.jpg\" alt=\"image027_r4\" \/><\/td>\n<td width=\"330\" valign=\"top\">\u00a0<img decoding=\"async\" class=\"ngg-singlepic ngg-none\" src=\"http:\/\/adrianwood.ch\/wp-content\/gallery\/kreta0811\/image029_r4.jpg\" alt=\"image029_r4\" \/><\/td>\n<\/tr>\n<tr>\n<td colspan=\"2\" width=\"657\" valign=\"top\">Aber zwischen Marmorbucht und Phinis war da noch ein kleiner Auf- und Abstieg. An einer Weggabelung stand Loutro Easy&#8221; und &#8220;Loutro&#8221; angeschrieben. Wir nehmen selbstverst\u00e4ndlich nicht die &#8220;Easy&#8221;-Route, sondern die normale. Es war ein interessanter Abstieg!<\/td>\n<\/tr>\n<tr>\n<td width=\"327\" valign=\"top\">\u00a0<img decoding=\"async\" class=\"ngg-singlepic ngg-none\" src=\"http:\/\/adrianwood.ch\/wp-content\/gallery\/kreta0811\/image031_r4.jpg\" alt=\"image031_r4\" \/><\/td>\n<td width=\"330\" valign=\"top\">\u00a0<img decoding=\"async\" class=\"ngg-singlepic ngg-none\" src=\"http:\/\/adrianwood.ch\/wp-content\/gallery\/kreta0811\/image033_r4.jpg\" alt=\"image033_r4\" \/><\/td>\n<\/tr>\n<tr>\n<td colspan=\"2\" width=\"657\" valign=\"top\">Der letzte Teil der heutigen Wanderung f\u00fchrt hinauf \u00fcber den Bergr\u00fccken, auf dem die Ruinen der alten venezianischen Festung stehen und von wo man einen wundervollen Blick auf die Bucht und das Dorf geniessen kann. Und dann gehts hinunter auf Treppen, vorbei an einer Gartent\u00fcr an der Schuhsohlen als Scharniere dienen, hinein in einen Mini-Market um die Verpflegung f\u00fcr morgen zu posten und schliesslich in unser Hotel Daskalogiannis, wo schon unsere Koffer warten, die dann von freundlichen Burschen in die Zimmer getragen werden! Ein Super-Service!Vor dem Nachtessen in einer Taverne direkt am Wasser wird noch ein kleiner Dorfrundgang eingeschoben, die F\u00e4hre &#8211; auch Daskalogiannis getauft &#8211; l\u00e4uft ein und wird f\u00fcr die Nacht vert\u00e4ut, ein Segelschiff vor Anker schaukelt im leichten Wellengang, der Wirt erkl\u00e4rt uns was f\u00fcr leckere Gerichte auf uns warten &#8212;- es ist wirklich wundersch\u00f6n.Merci Adrian.\u00a0\u00a0\u00a0\u00a0\u00a0\u00a0\u00a0\u00a0\u00a0\u00a0\u00a0\u00a0\u00a0\u00a0\u00a0\u00a0\u00a0\u00a0\u00a0\u00a0\u00a0\u00a0 \u00a0\u00a0\u00a0\u00a0Bert<\/td>\n<\/tr>\n<\/tbody>\n<\/table>\n<p><img decoding=\"async\" class=\"ngg-singlepic ngg-none\" src=\"http:\/\/adrianwood.ch\/wp-content\/gallery\/kreta0811\/image001_r3.jpg\" alt=\"image001_r3\" \/><\/p>\n","protected":false},"excerpt":{"rendered":"<p>4.Mai, Agia Roumeli &#8211; Agios Pavlos &#8211; Marmor-Bucht &#8211; Loutro Eigentlich hatte ich mir vorgenommen endlich mal einen seri\u00f6sen, kurzen und sachlichen Tourenbericht zu schreiben. So etwa im Stil: &#8220;4.5.08. Wanderung von Agia Roumeli nach Loutro, 19 Wanderer. Reine Marschzeit 5:27, 15.9 km, 456 H\u00f6henmeter hinauf und hinunter (Daten von Hanspeter &#8211; merci vielmool) . &hellip; <a href=\"https:\/\/www.adrianwood.ch\/?page_id=922\" class=\"more-link\">Continue reading <span class=\"screen-reader-text\">05-04 Marmorbucht<\/span> <span class=\"meta-nav\">&rarr;<\/span><\/a><\/p>\n","protected":false},"author":1,"featured_media":0,"parent":792,"menu_order":2291,"comment_status":"closed","ping_status":"closed","template":"","meta":{"ngg_post_thumbnail":0,"footnotes":""},"class_list":["post-922","page","type-page","status-publish","hentry"],"_links":{"self":[{"href":"https:\/\/www.adrianwood.ch\/index.php?rest_route=\/wp\/v2\/pages\/922","targetHints":{"allow":["GET"]}}],"collection":[{"href":"https:\/\/www.adrianwood.ch\/index.php?rest_route=\/wp\/v2\/pages"}],"about":[{"href":"https:\/\/www.adrianwood.ch\/index.php?rest_route=\/wp\/v2\/types\/page"}],"author":[{"embeddable":true,"href":"https:\/\/www.adrianwood.ch\/index.php?rest_route=\/wp\/v2\/users\/1"}],"replies":[{"embeddable":true,"href":"https:\/\/www.adrianwood.ch\/index.php?rest_route=%2Fwp%2Fv2%2Fcomments&post=922"}],"version-history":[{"count":0,"href":"https:\/\/www.adrianwood.ch\/index.php?rest_route=\/wp\/v2\/pages\/922\/revisions"}],"up":[{"embeddable":true,"href":"https:\/\/www.adrianwood.ch\/index.php?rest_route=\/wp\/v2\/pages\/792"}],"wp:attachment":[{"href":"https:\/\/www.adrianwood.ch\/index.php?rest_route=%2Fwp%2Fv2%2Fmedia&parent=922"}],"curies":[{"name":"wp","href":"https:\/\/api.w.org\/{rel}","templated":true}]}}