{"id":945,"date":"2011-02-11T18:35:24","date_gmt":"2011-02-11T17:35:24","guid":{"rendered":"http:\/\/adrianwood.ch\/"},"modified":"2011-02-11T18:35:24","modified_gmt":"2011-02-11T17:35:24","slug":"05-09-rouwas-schlucht","status":"publish","type":"page","link":"https:\/\/www.adrianwood.ch\/?page_id=945","title":{"rendered":"05-09 Rouwas Schlucht"},"content":{"rendered":"<h2>Freitag, 9. Mai, hinauf und hinunter Rouwas Schlucht<\/h2>\n<table border=\"0\" cellspacing=\"0\" cellpadding=\"0\">\n<tbody>\n<tr>\n<td colspan=\"4\" width=\"679\" valign=\"top\">Ein banger Blick aus dem Fenster, kaum zu glauben nach dem gestrigen tr\u00fcben und st\u00fcrmischen Tag nun wieder blauer Himmel und B\u00e4ume welche sich nicht bewegten. Der Buschauffeur hatte wieder schwerstarbeit zu leisten um unseres Gep\u00e4ck zu verstauen.<\/td>\n<\/tr>\n<tr>\n<td colspan=\"2\" width=\"338\" valign=\"top\">Wir fuhren Richtung Timbaki, die Region ist Zentrum des Tomaten und Gurkenanbaus.Diese werden in riesigen Plastik-Treibh\u00e4usern gezogen. Schon unser\u00a0 Konsum an Griechischer Salat ben\u00f6tigt fast ein ganzes Gew\u00e4chshaus. Weiter ging die Fahrt durch h\u00fcgeliges Gel\u00e4nde und kleine Bergdorfer. Nach einer Stunde kamen wir in Zaros an. Diese Gegend ist sehr wasserreich, das klare Quellwasser speisst auch die Forellenzucht, wo unsere Wanderung durch die Rouwasschlucht anfing.Nachdem wir schon eine Schlucht von oben nach unten und eine von unten nach oben durchwandert hatten, begingen wir diese in beide Richtungen. Die Schlucht ist bekannt wegen ihrer reiche Fauna und Flora,Tiere konnte ich keine ausmachen daf\u00fcr um so mehr Blumen. Gewaltige Steinbl\u00f6cke, interessante Felsformationen und engen Passagen machten auch diese Wanderung zu einem Erlebnis, beim runtergehen war vor allem die Aussicht ins Tal atemberaubend.<\/td>\n<td colspan=\"2\" width=\"341\" valign=\"top\">\u00a0<img decoding=\"async\" class=\"ngg-singlepic ngg-none\" src=\"http:\/\/adrianwood.ch\/wp-content\/gallery\/kreta0815\/image001_r4.jpg\" alt=\"image001_r4\" \/><\/td>\n<\/tr>\n<tr>\n<td colspan=\"2\" width=\"338\" valign=\"top\">\u00a0<img decoding=\"async\" class=\"ngg-singlepic ngg-none\" src=\"http:\/\/adrianwood.ch\/wp-content\/gallery\/kreta0815\/image003_r4.jpg\" alt=\"image003_r4\" \/><\/td>\n<td colspan=\"2\" width=\"341\" valign=\"top\">\u00a0<img decoding=\"async\" class=\"ngg-singlepic ngg-none\" src=\"http:\/\/adrianwood.ch\/wp-content\/gallery\/kreta0815\/image005_r4.jpg\" alt=\"OLYMPUS DIGITAL CAMERA\" \/><\/td>\n<\/tr>\n<tr>\n<td width=\"227\" valign=\"top\">\u00a0<img decoding=\"async\" class=\"ngg-singlepic ngg-none\" src=\"http:\/\/adrianwood.ch\/wp-content\/gallery\/kreta0815\/image007_r3.jpg\" alt=\"OLYMPUS DIGITAL CAMERA\" \/><\/td>\n<td colspan=\"2\" width=\"224\" valign=\"top\">\u00a0<img decoding=\"async\" class=\"ngg-singlepic ngg-none\" src=\"http:\/\/adrianwood.ch\/wp-content\/gallery\/kreta0815\/image009_r3.jpg\" alt=\"image009_r3\" \/><\/td>\n<td width=\"228\" valign=\"top\">\u00a0<img decoding=\"async\" class=\"ngg-singlepic ngg-none\" src=\"http:\/\/adrianwood.ch\/wp-content\/gallery\/kreta0815\/image011_r3.jpg\" alt=\"image011_r3\" \/><\/td>\n<\/tr>\n<tr>\n<td colspan=\"2\" width=\"338\" valign=\"top\">\u00a0<img decoding=\"async\" class=\"ngg-singlepic ngg-none\" src=\"http:\/\/adrianwood.ch\/wp-content\/gallery\/kreta0815\/image013_r4.jpg\" alt=\"image013_r4\" \/><\/td>\n<td colspan=\"2\" width=\"341\" valign=\"top\">\u00a0<img decoding=\"async\" class=\"ngg-singlepic ngg-none\" src=\"http:\/\/adrianwood.ch\/wp-content\/gallery\/kreta0815\/image015_r4.jpg\" alt=\"image015_r4\" \/><\/td>\n<\/tr>\n<tr>\n<td colspan=\"4\" width=\"679\" valign=\"top\">Zuerst f\u00fchrte der Weg an einem wasserlosen Bach entlang, nach ca.1 1\/2 Stunden war auf einmal Wasser da, ich staune immer wieder wo das herkommt. Das letzte St\u00fcck f\u00fchrte durch einen wundersch\u00f6nen lichten Wald und auf einmal standen wir auf einem traumhaft sch\u00f6nen Hochplateau. Picknickpl\u00e4tze (welche zwar mit Geissen geteilt werden mussten) und Brunnen mit frischem Quellwasser luden zum rasten ein. Wegen den vielen Geissen war es allerdings schwierig einen sauberen und vor allem duftfreien Platz zu finden.<\/td>\n<\/tr>\n<tr>\n<td colspan=\"2\" width=\"338\" valign=\"top\">\u00a0<img decoding=\"async\" class=\"ngg-singlepic ngg-none\" src=\"http:\/\/adrianwood.ch\/wp-content\/gallery\/kreta0815\/image017_r4.jpg\" alt=\"image017_r4\" \/><\/td>\n<td colspan=\"2\" width=\"341\" valign=\"top\">\u00a0<img decoding=\"async\" class=\"ngg-singlepic ngg-none\" src=\"http:\/\/adrianwood.ch\/wp-content\/gallery\/kreta0815\/image019_r4.jpg\" alt=\"image019_r4\" \/><\/td>\n<\/tr>\n<tr>\n<td colspan=\"4\" width=\"679\" valign=\"top\">Beim runtergehen wussten wir schon das schwierige Stellen durch Holzstege entsch\u00e4rft waren. Die reiche Flora konnten wir nun nochmals geniessen. Zum x-sten Mal fotografierte ich weisse Alpenveilchen und diesmal heller Drachenwurz. Bei einer einsamen Glockenblume gab es einen regelrechten Fotografenstau. An dem Forellenteich gab es das wohlverdiente Bier oder Eiskaffee, bevor wir in die Berge nach Thronos weiterfuhren. Im Ort war die Pension Aravanes nicht so leicht zu finden und auch die Zimmerverteilung gestaltete sich etwas langwierig. Inzwischen konnten wir die traumhafte Lage hoch \u00fcber dem Tal geniessen und mit dem\u00a0 besten Wasser von ganz Kreta unseren Durst l\u00f6schen.Vergebens hatte ich mich wegen dem Mehrbettzimmer Sorgen gemacht, alle konnten wenn auch teilweise im Ort, in Doppelzimmer mit\u00a0 4-Personenbadzimmer untergebracht werden. Die Pension war sehr liebevoll aber etwas chaotisch gestaltet, \u00fcberall lagen B\u00fccher und Zeitschriften, von fremde L\u00e4nder, z.T sehr alt, herum. Das Essen erwies sich als sehr gut, reichhaltich mit vielen Vorspeisen. Ungewohnt aber sehr gut war das Geissenfleisch und dazu Risotto.Es wurde dann doch beschlossen am n\u00e4chsten Tag den Psiloritis in Angriff zu nehmen. F\u00fcr diejenige welche sich dazu entschlossen hatten bedeutete das eine kurze Nacht und f\u00fcr die Mehrheit Vorfreude auf einen ruhigen letzten Tag an diesem zauberhaften Ort. Es war wieder ein sehr sch\u00f6ner Tag.\u00a0\u00a0\u00a0\u00a0\u00a0\u00a0\u00a0\u00a0\u00a0\u00a0\u00a0\u00a0\u00a0\u00a0\u00a0\u00a0\u00a0\u00a0\u00a0\u00a0\u00a0\u00a0\u00a0\u00a0 Marijke<\/td>\n<\/tr>\n<tr height=\"0\">\n<td width=\"228\">\u00a0<\/td>\n<td width=\"111\">\u00a0<\/td>\n<td width=\"113\">\u00a0<\/td>\n<td width=\"229\">\u00a0<\/td>\n<\/tr>\n<\/tbody>\n<\/table>\n<p><img decoding=\"async\" class=\"ngg-singlepic ngg-none\" src=\"http:\/\/adrianwood.ch\/wp-content\/gallery\/kreta0815\/image020_r3.jpg\" alt=\"image020_r3\" \/><\/p>\n","protected":false},"excerpt":{"rendered":"<p>Freitag, 9. Mai, hinauf und hinunter Rouwas Schlucht Ein banger Blick aus dem Fenster, kaum zu glauben nach dem gestrigen tr\u00fcben und st\u00fcrmischen Tag nun wieder blauer Himmel und B\u00e4ume welche sich nicht bewegten. Der Buschauffeur hatte wieder schwerstarbeit zu leisten um unseres Gep\u00e4ck zu verstauen. Wir fuhren Richtung Timbaki, die Region ist Zentrum des &hellip; <a href=\"https:\/\/www.adrianwood.ch\/?page_id=945\" class=\"more-link\">Continue reading <span class=\"screen-reader-text\">05-09 Rouwas Schlucht<\/span> <span class=\"meta-nav\">&rarr;<\/span><\/a><\/p>\n","protected":false},"author":1,"featured_media":0,"parent":792,"menu_order":2295,"comment_status":"closed","ping_status":"closed","template":"","meta":{"ngg_post_thumbnail":0,"footnotes":""},"class_list":["post-945","page","type-page","status-publish","hentry"],"_links":{"self":[{"href":"https:\/\/www.adrianwood.ch\/index.php?rest_route=\/wp\/v2\/pages\/945","targetHints":{"allow":["GET"]}}],"collection":[{"href":"https:\/\/www.adrianwood.ch\/index.php?rest_route=\/wp\/v2\/pages"}],"about":[{"href":"https:\/\/www.adrianwood.ch\/index.php?rest_route=\/wp\/v2\/types\/page"}],"author":[{"embeddable":true,"href":"https:\/\/www.adrianwood.ch\/index.php?rest_route=\/wp\/v2\/users\/1"}],"replies":[{"embeddable":true,"href":"https:\/\/www.adrianwood.ch\/index.php?rest_route=%2Fwp%2Fv2%2Fcomments&post=945"}],"version-history":[{"count":0,"href":"https:\/\/www.adrianwood.ch\/index.php?rest_route=\/wp\/v2\/pages\/945\/revisions"}],"up":[{"embeddable":true,"href":"https:\/\/www.adrianwood.ch\/index.php?rest_route=\/wp\/v2\/pages\/792"}],"wp:attachment":[{"href":"https:\/\/www.adrianwood.ch\/index.php?rest_route=%2Fwp%2Fv2%2Fmedia&parent=945"}],"curies":[{"name":"wp","href":"https:\/\/api.w.org\/{rel}","templated":true}]}}