{"id":9452,"date":"2016-07-28T08:18:18","date_gmt":"2016-07-28T08:18:18","guid":{"rendered":"http:\/\/www.adrianwood.ch\/?page_id=9452"},"modified":"2016-07-28T08:21:45","modified_gmt":"2016-07-28T08:21:45","slug":"05-24-ucka-berge","status":"publish","type":"page","link":"https:\/\/www.adrianwood.ch\/?page_id=9452","title":{"rendered":"05-24 Ucka Berge"},"content":{"rendered":"<p class=\"Normal-P\" style=\"margin-bottom: 6pt; text-align: justify; text-justify: inter-ideograph; direction: ltr; unicode-bidi: normal;\"><span class=\"Normal-H\"><span style=\"; font-weight: bold; font-size: 11pt;\">Dienstag, 24.<\/span><span style=\"; font-weight: bold; font-size: 11pt;\">Mai 2016<\/span><span style=\"; font-weight: bold; font-size: 11pt;\">, <\/span><span style=\"; font-weight: bold; font-size: 11pt;\">Wanderung \u00fcber den Vojak im U\u010dka Naturpark<\/span><\/span><\/p>\n<table class=\"TableNormal-T\" style=\"border-collapse: collapse;\" cellspacing=\"0\">\n<tbody>\n<tr class=\"-R\">\n<td class=\"-C\" style=\"width: 492.3pt; background-color: transparent;\" colspan=\"2\">\n<p class=\"Normal-P\" style=\"margin-bottom: 6pt; text-align: justify; text-justify: inter-ideograph; direction: ltr; unicode-bidi: normal;\"><span class=\"Normal-H\"><span style=\"; font-size: 11pt;\">Die Fahrt mit dem Bus vom Hotel in Motovun bis zum Beginn unserer Wanderung im U\u010dka Naturpark betr\u00e4gt knapp 50 km. Schon von weitem k\u00f6nnen wir unser Gipfelziel, den Vojak, sehen, bzw. nicht sehen, denn er steckt in dicken Wolken. Aber weiter unten ist die Region um den Gipfel frei von Gew\u00f6lk. Ob sich die Wanderung hinauf wohl lohnt?<\/span><\/span><\/p>\n<p class=\"Normal-P\" style=\"margin-bottom: 6pt; text-align: justify; text-justify: inter-ideograph; direction: ltr; unicode-bidi: normal;\"><span class=\"Normal-H\"><span style=\"; font-size: 11pt;\">Die Anfahrt dauert knapp 2 Stunden, wobei wir aber unterwegs in einem Shopping Center in Buzet Halt machen, um unsere Vorr\u00e4te zu erg\u00e4nzen. Am Ziel der Busfahrt und Beginn unserer Wanderung steht das Restaurant U\u010dka, das aber geschlossen zu sein scheint. Beim Souvenirladen bekommen wir die letzte Information zur beabsichtigten Wanderung. Adrian beschliesst, die Richtung der von unserer Wanderleiterin vorgeschlagenen Route umzukehren: die steile Route hinauf, die andere hinunter. Das sollte sich als kluger Entscheid herausstellen. Start und Ziel der Route heisst auf der Karte und den zahlreichen Wegweisern unterwegs Poklon, der Gipfel Vojak. Da die Wetterlage unsicher ist, kleidet sich jeder nach seinem Geschmack gegen Regen ein.<\/span><\/span><\/p>\n<\/td>\n<\/tr>\n<tr class=\"-R\">\n<td class=\"-C\" style=\"width: 245.55pt; background-color: transparent;\">\n<p class=\"Normal-P\" style=\"margin-bottom: 6pt; text-align: justify; text-justify: inter-ideograph; direction: ltr; unicode-bidi: normal;\"><span class=\"Normal-H\"><span style=\"; font-size: 11pt;\"><img loading=\"lazy\" decoding=\"async\" class=\"\" src=\"http:\/\/www.adrianwood.ch\/wp-content\/uploads\/2016\/07\/1469693861_image1.jpeg\" width=\"347\" height=\"231\" data-link=\"\" \/><\/span><\/span><\/p>\n<\/td>\n<td class=\"-C\" style=\"width: 246.75pt; background-color: transparent;\">\n<p class=\"Normal-P\" style=\"margin-bottom: 6pt; text-align: justify; text-justify: inter-ideograph; direction: ltr; unicode-bidi: normal;\"><span class=\"Normal-H\"><span style=\"; font-size: 11pt;\"><img loading=\"lazy\" decoding=\"async\" class=\"\" src=\"http:\/\/www.adrianwood.ch\/wp-content\/uploads\/2016\/07\/1469693861_image2.jpeg\" width=\"347\" height=\"232\" data-link=\"\" \/><\/span><\/span><\/p>\n<\/td>\n<\/tr>\n<tr class=\"-R\">\n<td class=\"-C\" style=\"width: 492.3pt; background-color: transparent;\" colspan=\"2\">\n<p class=\"Normal-P\" style=\"margin-bottom: 6pt; text-align: justify; text-justify: inter-ideograph; direction: ltr; unicode-bidi: normal;\"><span class=\"Normal-H\"><span style=\"; font-size: 11pt;\">Zun\u00e4chst geht es w\u00e4hrend einer knappen Stunde in leichtem auf und ab praktisch ohne H\u00f6hengewinn duch einen feuchten Wald, wobei wir einige glitschige Stellen passieren m\u00fcssen. In den letzten Tagen hat es oft geregnet.<\/span><span style=\"; font-size: 11pt;\"> W\u00e4hrend eines kurzen Trinkhalts erkl\u00e4rt uns Adrian, dass es nun steil hinauf geht. Diese Strecke von 200 m H\u00f6hendifferenz auf einem schmalen Fussweg im Wald macht man bei diesem feuchten Boden lieber im Aufstieg als umgekehrt. Wir bringen sie in ca. 45 min hinter uns und befinden uns nun auf einem Pass (1200 m), der aber vor lauter B\u00e4umen keine Aussicht erlaubt. W\u00e4hrend des Aufstiegs haben uns zwei Kuckucke mit einem Duett erfreut.<\/span><\/span><\/p>\n<\/td>\n<\/tr>\n<tr class=\"-R\">\n<td class=\"-C\" style=\"width: 245.55pt; background-color: transparent;\">\n<p class=\"Normal-P\" style=\"margin-bottom: 6pt; text-align: justify; text-justify: inter-ideograph; direction: ltr; unicode-bidi: normal;\"><span class=\"Normal-H\"><span style=\"; font-size: 11pt;\"><img loading=\"lazy\" decoding=\"async\" class=\"\" src=\"http:\/\/www.adrianwood.ch\/wp-content\/uploads\/2016\/07\/1469693861_image3.jpeg\" width=\"347\" height=\"231\" data-link=\"\" \/><\/span><\/span><\/p>\n<\/td>\n<td class=\"-C\" style=\"width: 246.75pt; background-color: transparent;\">\n<p class=\"Normal-P\" style=\"margin-bottom: 6pt; text-align: justify; text-justify: inter-ideograph; direction: ltr; unicode-bidi: normal;\"><span class=\"Normal-H\"><span style=\"; font-size: 11pt;\"><img loading=\"lazy\" decoding=\"async\" class=\"\" src=\"http:\/\/www.adrianwood.ch\/wp-content\/uploads\/2016\/07\/1469693861_image4.jpeg\" width=\"347\" height=\"232\" data-link=\"\" \/><\/span><\/span><\/p>\n<\/td>\n<\/tr>\n<tr class=\"-R\">\n<td class=\"-C\" style=\"width: 492.3pt; background-color: transparent;\" colspan=\"2\">\n<p class=\"Normal-P\" style=\"margin-bottom: 6pt; text-align: justify; text-justify: inter-ideograph; direction: ltr; unicode-bidi: normal;\"><span class=\"Normal-H\"><span style=\"; font-size: 11pt;\">Wir gehen bald weiter durch den Wald und sehen zu unserer Rechten etwas erh\u00f6ht erste Anzeichen der Zivilisation, Sendemasten und eine weisse runde Kuppel mit unbekannter Funktion, vielleicht Radar. Nach leichtem Anstieg erreichen wir nach 20 min einen weiteren Pass, von dem aus die Sicht in die Ferne geht. Aber der Gipfel ist noch weiter oben. Den Aufstieg im nun baumfreien Gel\u00e4nde k\u00f6nnen wir gut verfolgen. Der Gipfel ist zwar noch nicht sichtbar, aber er scheint frei von Wolken zu sein. In einer knappen halben Stunde schaffen wir die letzten 150 H\u00f6henmeter gerade rechtzeitig, um festzustellen, dass die Wolken die Antennenanlage zu verh\u00fcllen beginnen. Aber die Aussicht Richtung K\u00fcste ist noch gen\u00fcgend gut, um Opatija sehen zu k\u00f6nnen, von wo aus uns die Wanderleiterin gestern das heutige Wanderziel gezeigt hat. <\/span><\/span><\/p>\n<\/td>\n<\/tr>\n<tr class=\"-R\">\n<td class=\"-C\" style=\"width: 245.55pt; background-color: transparent;\">\n<p class=\"Normal-P\" style=\"margin-bottom: 6pt; text-align: justify; text-justify: inter-ideograph; direction: ltr; unicode-bidi: normal;\"><span class=\"Normal-H\"><span style=\"; font-size: 11pt;\"><img loading=\"lazy\" decoding=\"async\" class=\"\" src=\"http:\/\/www.adrianwood.ch\/wp-content\/uploads\/2016\/07\/1469693861_image5.jpeg\" width=\"347\" height=\"231\" data-link=\"\" \/><\/span><\/span><\/p>\n<\/td>\n<td class=\"-C\" style=\"width: 246.75pt; background-color: transparent;\">\n<p class=\"Normal-P\" style=\"margin-bottom: 6pt; text-align: justify; text-justify: inter-ideograph; direction: ltr; unicode-bidi: normal;\"><span class=\"Normal-H\"><span style=\"; font-size: 11pt;\"><img loading=\"lazy\" decoding=\"async\" class=\"\" src=\"http:\/\/www.adrianwood.ch\/wp-content\/uploads\/2016\/07\/1469693861_image6.jpeg\" width=\"347\" height=\"232\" data-link=\"\" \/><\/span><\/span><\/p>\n<\/td>\n<\/tr>\n<tr class=\"-R\">\n<td class=\"-C\" style=\"width: 492.3pt; background-color: transparent;\" colspan=\"2\">\n<p class=\"Normal-P\" style=\"margin-bottom: 6pt; text-align: justify; text-justify: inter-ideograph; direction: ltr; unicode-bidi: normal;\"><span class=\"Normal-H\"><span style=\"; font-size: 11pt;\">Der Ausblick vom steinernen Turm (Vidikovac, H\u00f6he ca. 5 m) ist nicht besser als von seinem Fuss aus, denn er wird von Nebelschwaden umweht. F\u00fcr den Aufstieg haben wir 2 1\/2 h gebraucht.<\/span><span style=\"; font-size: 11pt;\"> Nach einem ausf\u00fchrlichen Picknick geht es abw\u00e4rts, zuerst auf einerm Fahrstr\u00e4sschen, das wir aber bald auf einem Fussweg verlassen. Es folgt ein schmaler, anf\u00e4nglich steiler Pfad im Wald, der noch regennass ist. Dreimal \u00fcberqueren wir das Str\u00e4sschen, bis wir nach 1 1\/2 Stunden unser Ziel Poklon erreichen, wo uns unser Bus wieder aufnimmt. <\/span><\/span><\/p>\n<\/td>\n<\/tr>\n<tr class=\"-R\">\n<td class=\"-C\" style=\"width: 245.55pt; background-color: transparent;\">\n<p class=\"Normal-P\" style=\"margin-bottom: 6pt; text-align: justify; text-justify: inter-ideograph; direction: ltr; unicode-bidi: normal;\"><span class=\"Normal-H\"><span style=\"; font-size: 11pt;\"><img loading=\"lazy\" decoding=\"async\" class=\"\" src=\"http:\/\/www.adrianwood.ch\/wp-content\/uploads\/2016\/07\/1469693861_image7.jpeg\" width=\"347\" height=\"231\" data-link=\"\" \/><\/span><\/span><\/p>\n<\/td>\n<td class=\"-C\" style=\"width: 246.75pt; background-color: transparent;\">\n<p class=\"Normal-P\" style=\"margin-bottom: 6pt; text-align: justify; text-justify: inter-ideograph; direction: ltr; unicode-bidi: normal;\"><span class=\"Normal-H\"><span style=\"; font-size: 11pt;\"><img loading=\"lazy\" decoding=\"async\" class=\"\" src=\"http:\/\/www.adrianwood.ch\/wp-content\/uploads\/2016\/07\/1469693861_image8.jpeg\" width=\"347\" height=\"232\" data-link=\"\" \/><\/span><\/span><\/p>\n<\/td>\n<\/tr>\n<tr class=\"-R\">\n<td class=\"-C\" style=\"width: 492.3pt; background-color: transparent;\" colspan=\"2\">\n<p class=\"Normal-P\" style=\"margin-bottom: 6pt; text-align: justify; text-justify: inter-ideograph; direction: ltr; unicode-bidi: normal;\"><span class=\"Normal-H\"><span style=\"; font-size: 11pt;\">Das n\u00e4chste Ziel hat zwei Schwerpunkte. Einerseits ist es eine Stadt: Hum. Sie wird als \u201eKleinste Stadt der Welt\u201c beworben. Sie soll nur ca. 30 Personen beherbergen. Einige davon haben wir im Gastgewerbe und Tourismusbereich (Shop) gesehen. Aus der Gr\u00f6sse der um 1802 neu gebauten Kirche zu schliessen, muss es vor nicht allzu langer Zeit wesentlich mehr Einwohner gegeben haben. In der <\/span><span style=\"; font-style: italic; font-size: 11pt;\">Humska konoba<\/span><span style=\"; font-size: 11pt;\">, dem einzigen Gasthaus des St\u00e4dtchens, geniessen wir eine Spezialit\u00e4t des Hauses, den Biska, ein Tresterbrand, hergestellt aus Misteln und vier Kr\u00e4utern. Das Rezept wird von den Kelten seit 2000 Jahren \u00fcberliefert. Da Ren\u00e9 Frei heute Geburtstag hat, spendiert er eine Runde.<\/span><\/span><\/p>\n<\/td>\n<\/tr>\n<tr class=\"-R\">\n<td class=\"-C\" style=\"width: 245.55pt; background-color: transparent;\">\n<p class=\"Normal-P\" style=\"margin-bottom: 6pt; text-align: justify; text-justify: inter-ideograph; direction: ltr; unicode-bidi: normal;\"><span class=\"Normal-H\"><span style=\"; font-size: 11pt;\"><img loading=\"lazy\" decoding=\"async\" class=\"\" src=\"http:\/\/www.adrianwood.ch\/wp-content\/uploads\/2016\/07\/1469693861_image9.jpeg\" width=\"347\" height=\"231\" data-link=\"\" \/><\/span><\/span><\/p>\n<\/td>\n<td class=\"-C\" style=\"width: 246.75pt; background-color: transparent;\">\n<p class=\"Normal-P\" style=\"margin-bottom: 6pt; text-align: justify; text-justify: inter-ideograph; direction: ltr; unicode-bidi: normal;\"><span class=\"Normal-H\"><span style=\"; font-size: 11pt;\"><img loading=\"lazy\" decoding=\"async\" class=\"\" src=\"http:\/\/www.adrianwood.ch\/wp-content\/uploads\/2016\/07\/1469693861_image10.jpeg\" width=\"347\" height=\"232\" data-link=\"\" \/><\/span><\/span><\/p>\n<\/td>\n<\/tr>\n<tr class=\"-R\">\n<td class=\"-C\" style=\"width: 492.3pt; background-color: transparent;\" colspan=\"2\">\n<p class=\"Normal-P\" style=\"margin-bottom: 6pt; text-align: justify; text-justify: inter-ideograph; direction: ltr; unicode-bidi: normal;\"><span class=\"Normal-H\"><span style=\"; font-size: 11pt;\">Der zweite Schwerpunkt ist die sog. \u201eGlagolitische Allee\u201c. Dies sind steinerne Denkm\u00e4ler f\u00fcr die Glagoliza entlang einer Strasse ganz in der N\u00e4he von Hum. Die Glagoliza ist das erste Alphabet der Slawischen Schrift, das um 836 vom M\u00f6nch Kyrill von Saloniki entwickelt wurde, um die mit dem griechischen Alphabet nicht darstellbaren Laute der slawischen Sprachen schreiben zu k\u00f6nnen.<\/span><\/span><\/p>\n<p class=\"Normal-P\" style=\"margin-bottom: 6pt; text-align: justify; text-justify: inter-ideograph; direction: ltr; unicode-bidi: normal;\"><span class=\"Normal-H\"><span style=\"; font-size: 11pt;\">Die Schrift hatte eine sehr wechselvolle Geschichte und ist heute f\u00fcr praktische Zwecke verschwunden. Sie wurde sp\u00e4ter entweder durch das lateinische oder kyrillische Alphabet ersetzt.<\/span><\/span><\/p>\n<\/td>\n<\/tr>\n<tr class=\"-R\">\n<td class=\"-C\" style=\"width: 245.55pt; background-color: transparent;\">\n<p class=\"Normal-P\" style=\"margin-bottom: 6pt; text-align: justify; text-justify: inter-ideograph; direction: ltr; unicode-bidi: normal;\"><span class=\"Normal-H\"><span style=\"; font-size: 11pt;\"><img loading=\"lazy\" decoding=\"async\" class=\"\" src=\"http:\/\/www.adrianwood.ch\/wp-content\/uploads\/2016\/07\/1469693861_image11.jpeg\" width=\"347\" height=\"231\" data-link=\"\" \/><\/span><\/span><\/p>\n<\/td>\n<td class=\"-C\" style=\"width: 246.75pt; background-color: transparent;\">\n<p class=\"Normal-P\" style=\"margin-bottom: 6pt; text-align: justify; text-justify: inter-ideograph; direction: ltr; unicode-bidi: normal;\"><span class=\"Normal-H\"><span style=\"; font-size: 11pt;\"><img loading=\"lazy\" decoding=\"async\" class=\"\" src=\"http:\/\/www.adrianwood.ch\/wp-content\/uploads\/2016\/07\/1469693861_image12.jpeg\" width=\"347\" height=\"232\" data-link=\"\" \/><\/span><\/span><\/p>\n<\/td>\n<\/tr>\n<tr class=\"-R\">\n<td class=\"-C\" style=\"width: 492.3pt; background-color: transparent;\" colspan=\"2\">\n<p class=\"Normal-P\" style=\"margin-bottom: 6pt; text-align: justify; text-justify: inter-ideograph; direction: ltr; unicode-bidi: normal;\"><span class=\"Normal-H\"><span style=\"; font-size: 11pt;\">Bevor wir wieder ins Hotel gehen, gibts noch eine Spezialit\u00e4t der Region. Wir besuchen eine Tr\u00fcffelprobe. Es gibt hier sehr viele W\u00e4lder, die voll von Tr\u00fcffeln sind. Diese werden von speziell trainierten Hunden gesucht. Die Firma hat zwei solche Hunde, die uns in sicheren K\u00e4figen mit gr\u00f6sster Begeisterung begr\u00fcssen. Es werden uns grosse Schalen voller riesiger Tr\u00fcffel pr\u00e4sentiert. Dann k\u00f6nnen wir diverse Pr\u00e4parate mit Tr\u00fcffeln \u00e0 discretion probieren und sie nat\u00fcrlich auch kaufen. Gut gen\u00e4hrt k\u00f6nnen dann manche von uns heute auf das Nachtessen verzichten.<\/span><\/span><\/p>\n<p class=\"Normal-P\" style=\"margin-bottom: 6pt; text-align: justify; text-justify: inter-ideograph; direction: ltr; unicode-bidi: normal;\"><span class=\"Normal-H\"><span style=\"; font-size: 11pt;\">Es hat den ganzen Tag \u00fcber nie geregnet.<\/span><\/span><\/p>\n<p class=\"Normal-P\" style=\"margin-bottom: 6pt; text-align: justify; text-justify: inter-ideograph; direction: ltr; unicode-bidi: normal;\"><span class=\"Normal-H\"><span style=\"; font-size: 11pt;\">Hanspeter<\/span><\/span><\/p>\n<\/td>\n<\/tr>\n<tr class=\"-R\">\n<td class=\"-C\" style=\"width: 245.55pt; background-color: transparent;\">\n<p class=\"Normal-P\" style=\"margin-bottom: 6pt; text-align: justify; text-justify: inter-ideograph; direction: ltr; unicode-bidi: normal;\"><span class=\"Normal-H\">\u00a0<\/span><\/p>\n<\/td>\n<td class=\"-C\" style=\"width: 246.75pt; background-color: transparent;\">\n<p class=\"Normal-P\" style=\"margin-bottom: 6pt; text-align: justify; text-justify: inter-ideograph; direction: ltr; unicode-bidi: normal;\"><span class=\"Normal-H\">\u00a0<\/span><\/p>\n<\/td>\n<\/tr>\n<tr class=\"-R\">\n<td class=\"-C\" style=\"width: 245.55pt; background-color: transparent;\">\n<p class=\"Normal-P\" style=\"margin-bottom: 6pt; text-align: justify; text-justify: inter-ideograph; direction: ltr; unicode-bidi: normal;\"><span class=\"Normal-H\">\u00a0<\/span><\/p>\n<\/td>\n<td class=\"-C\" style=\"width: 246.75pt; background-color: transparent;\">\n<p class=\"Normal-P\" style=\"margin-bottom: 6pt; text-align: justify; text-justify: inter-ideograph; direction: ltr; unicode-bidi: normal;\"><span class=\"Normal-H\">\u00a0<\/span><\/p>\n<\/td>\n<\/tr>\n<tr class=\"-R\">\n<td class=\"-C\" style=\"width: 492.3pt; background-color: transparent;\" colspan=\"2\">\n<p class=\"Normal-P\" style=\"margin-bottom: 6pt; text-align: justify; text-justify: inter-ideograph; direction: ltr; unicode-bidi: normal;\"><span class=\"Normal-H\"><span style=\"; font-size: 11pt;\"><img loading=\"lazy\" decoding=\"async\" class=\"\" src=\"http:\/\/www.adrianwood.ch\/wp-content\/uploads\/2016\/07\/1469693861_image13.jpeg\" width=\"736\" height=\"492\" data-link=\"\" \/><\/span><\/span><\/p>\n<\/td>\n<\/tr>\n<p><!-- [if !supportMisalignedColumns]--><\/tbody>\n<\/table>\n","protected":false},"excerpt":{"rendered":"<p>Dienstag, 24.Mai 2016, Wanderung \u00fcber den Vojak im U\u010dka Naturpark Die Fahrt mit dem Bus vom Hotel in Motovun bis zum Beginn unserer Wanderung im U\u010dka Naturpark betr\u00e4gt knapp 50 km. Schon von weitem k\u00f6nnen wir unser Gipfelziel, den Vojak, sehen, bzw. nicht sehen, denn er steckt in dicken Wolken. Aber weiter unten ist die &hellip; <a href=\"https:\/\/www.adrianwood.ch\/?page_id=9452\" class=\"more-link\">Continue reading <span class=\"screen-reader-text\">05-24 Ucka Berge<\/span> <span class=\"meta-nav\">&rarr;<\/span><\/a><\/p>\n","protected":false},"author":1,"featured_media":0,"parent":8415,"menu_order":2546,"comment_status":"closed","ping_status":"closed","template":"","meta":{"ngg_post_thumbnail":0,"footnotes":""},"class_list":["post-9452","page","type-page","status-publish","hentry"],"_links":{"self":[{"href":"https:\/\/www.adrianwood.ch\/index.php?rest_route=\/wp\/v2\/pages\/9452","targetHints":{"allow":["GET"]}}],"collection":[{"href":"https:\/\/www.adrianwood.ch\/index.php?rest_route=\/wp\/v2\/pages"}],"about":[{"href":"https:\/\/www.adrianwood.ch\/index.php?rest_route=\/wp\/v2\/types\/page"}],"author":[{"embeddable":true,"href":"https:\/\/www.adrianwood.ch\/index.php?rest_route=\/wp\/v2\/users\/1"}],"replies":[{"embeddable":true,"href":"https:\/\/www.adrianwood.ch\/index.php?rest_route=%2Fwp%2Fv2%2Fcomments&post=9452"}],"version-history":[{"count":3,"href":"https:\/\/www.adrianwood.ch\/index.php?rest_route=\/wp\/v2\/pages\/9452\/revisions"}],"predecessor-version":[{"id":9467,"href":"https:\/\/www.adrianwood.ch\/index.php?rest_route=\/wp\/v2\/pages\/9452\/revisions\/9467"}],"up":[{"embeddable":true,"href":"https:\/\/www.adrianwood.ch\/index.php?rest_route=\/wp\/v2\/pages\/8415"}],"wp:attachment":[{"href":"https:\/\/www.adrianwood.ch\/index.php?rest_route=%2Fwp%2Fv2%2Fmedia&parent=9452"}],"curies":[{"name":"wp","href":"https:\/\/api.w.org\/{rel}","templated":true}]}}