{"id":957,"date":"2011-02-12T08:32:49","date_gmt":"2011-02-12T07:32:49","guid":{"rendered":"http:\/\/adrianwood.ch\/"},"modified":"2011-02-12T08:32:49","modified_gmt":"2011-02-12T07:32:49","slug":"epilog","status":"publish","type":"page","link":"https:\/\/www.adrianwood.ch\/?page_id=957","title":{"rendered":"Epilog"},"content":{"rendered":"<h2>R\u00fcckblick auf zwei tolle Wochen<\/h2>\n<table border=\"0\" cellspacing=\"0\" cellpadding=\"0\">\n<tbody>\n<tr>\n<td colspan=\"2\" width=\"657\" valign=\"top\">\n<h4>\u00a0Zum zweiten Mal Kreta \u2013 wie repetitiv !<\/h4>\n<h4>Altes zu wiederholen ging oftmals schon schief.<\/h4>\n<h4>Doch Adrian hat den Trip gut ausgekl\u00fcgelt und so die Sinne voll befl\u00fcgelt,<\/h4>\n<h4>Wandern &amp; Baden \u2013 was f\u00fcr ein Plausch, f\u00fcrwahr, ein opulenter Sinnesrausch.<\/h4>\n<p>\u00a0<\/p>\n<h4>Sinn 1: Schauen und Sehen \u2013 dies soll mit den Augen geschehen.<\/h4>\n<h4>Gesehen haben wir gewaltige Schluchten mit wildem Gestein,<\/h4>\n<h4>unwegbar, m\u00fchsam. Totes Tier und andres Gebein<\/h4>\n<h4>lag herum in der Schlucht von Ar\u00e0dena,<\/h4>\n<h4>wie man die ausspricht, war wohl keinem klar.<\/h4>\n<h4>Gesehen haben wir auch K\u00fcsten und liebliche Buchten,<\/h4>\n<\/td>\n<\/tr>\n<tr>\n<td width=\"328\" valign=\"top\">\n<h4>als Kontrastprogramm zu den \u00fcblen Schluchten,<\/h4>\n<h4>eine Vielfalt von Pflanzen \u2013 vorab der Aronstab,<\/h4>\n<h4>von dem es tausende Fotos gab.<\/h4>\n<h4>Als Puppentheater, wenn auch ganz klein<\/h4>\n<h4>Sahen wir M\u00e4nnlein auf gl\u00fchheissem Stein,<\/h4>\n<h4>vor der Arad\u00e9naschlucht,<\/h4>\n<h4>in der sch\u00f6nen Marmorbucht.<\/h4>\n<\/td>\n<td width=\"329\" valign=\"top\">\n<h4>\u00a0<img decoding=\"async\" class=\"ngg-singlepic ngg-none\" src=\"http:\/\/adrianwood.ch\/wp-content\/gallery\/kreta0817_1\/image001_r4.jpg\" alt=\"image001_r4\" \/><\/h4>\n<\/td>\n<\/tr>\n<tr>\n<td colspan=\"2\" width=\"657\" valign=\"top\">\n<h4>Sinn 2: Lauschen und H\u00f6ren, Wohlkl\u00e4nge, die unsere Ohren bet\u00f6ren.<\/h4>\n<h4>Meerrauschen h\u00f6rten wir an fast allen Tagen, da viele Hotels am Wasser lagen.<\/h4>\n<h4>Wind heulte in Agia Gallini &#8211; welch ein Verdruss &#8211; ein freier Tag, ganz ohne Badegenuss.<\/h4>\n<\/td>\n<\/tr>\n<tr>\n<td width=\"328\" valign=\"top\">\n<h4>Das Zwitschern der V\u00f6gel,<\/h4>\n<h4>das Meckern der Ziegenauf steilen Trassen,<\/h4>\n<h4>menschliches Meckern<\/h4>\n<h4>nahm ich diesmal gelassen<\/h4>\n<h4>Doch mit Adrian gab es in jedem Hotel,<\/h4>\n<h4>jeden Abend das Zeremoniell,<\/h4>\n<h4>mit Engelsstimme mussten wir ihn endlos bet\u00f6ren,<\/h4>\n<h4>das Programm zu erfahren, seine Stimme zu h\u00f6ren !<\/h4>\n<h4>Denn er h\u00f6rt nicht auf jeden, oft sagt er \u201ebitte sp\u00e4ter\u201c<\/h4>\n<h4>Als Diplomat wirkt dann der Schepperle Peter.<\/h4>\n<\/td>\n<td width=\"329\" valign=\"top\">\n<h4>\u00a0<img decoding=\"async\" class=\"ngg-singlepic ngg-none\" src=\"http:\/\/adrianwood.ch\/wp-content\/gallery\/kreta0817_1\/image003_r4.jpg\" alt=\"image003_r4\" \/><\/h4>\n<\/td>\n<\/tr>\n<tr>\n<td colspan=\"2\" width=\"657\" valign=\"top\">\n<h4>Sinn 3: Tasten &amp; F\u00fchlen, seien\u2019s die Winde, die unsere K\u00f6pfe k\u00fchlen,<\/h4>\n<h4>sei\u2019s die Sonne, die schon mit voller Kraft herabscheint und so die tiefe Br\u00e4une schafft,<\/h4>\n<h4>Auch f\u00fchlten wir mancherorts scharfes Gestein, kratzende B\u00fcsche schufen schmerzhafte Pein.<\/h4>\n<h4>W\u00e4hrend Kratzer rasch heilten und kein Schaden blieb, gab es von oben so manch\u2019 harten Hieb,<\/h4>\n<\/td>\n<\/tr>\n<tr>\n<td width=\"328\" valign=\"top\">\n<h4>durch \u00c4ste und Balken, die im Wege stehen<\/h4>\n<h4>mit Folgen noch nicht abzusehen.<\/h4>\n<h4>Auch f\u00fchlten wir des Wasser\u2019s eisige K\u00e4lte.<\/h4>\n<h4>Alle liebten das lauschige Nass.<\/h4>\n<h4>Als auf Gavdos n\u00e4chtens das Badwasser quellte,<\/h4>\n<h4>hatten \u201eReike und Heide\u201c gar keinen Spass.<\/h4>\n<\/td>\n<td width=\"329\" valign=\"top\">\n<h4>\u00a0<img decoding=\"async\" class=\"ngg-singlepic ngg-none\" src=\"http:\/\/adrianwood.ch\/wp-content\/gallery\/kreta0817_1\/image005_r4.jpg\" alt=\"image005_r4\" \/><\/h4>\n<\/td>\n<\/tr>\n<tr>\n<td colspan=\"2\" width=\"657\" valign=\"top\">\n<h4>Sinn 4: Schmecken &amp; Essen \u2013 wird\u2019 ich niemals vergessen.<\/h4>\n<h4>\u00dcbers Essen zu schreiben ist redundant, die kretische K\u00fcche war uns allen bekannt<\/h4>\n<\/td>\n<\/tr>\n<tr>\n<td width=\"328\" valign=\"top\">\n<h4>Tsatsiki, Feta und Saganaki<\/h4>\n<h4>wurden kr\u00e4ftig verd\u00fcnnt mit Ouzo und Raki.<\/h4>\n<h4>In Pawlos gab es allzu reichlich Abendmahl,<\/h4>\n<h4>mit vollem Magen wird der beste G\u00fcckel zur Qual.<\/h4>\n<h4>Auf denselben st\u00fcrzten wir uns wie besessen,<\/h4>\n<h4>mit Genuss,<\/h4>\n<h4>auf Alp Tripiti, zum Mittagessen,<\/h4>\n<h4>kurz vor dem Regenguss,<\/h4>\n<\/td>\n<td width=\"329\" valign=\"top\">\n<h4>\u00a0<img decoding=\"async\" class=\"ngg-singlepic ngg-none\" src=\"http:\/\/adrianwood.ch\/wp-content\/gallery\/kreta0817_1\/image007_r4.jpg\" alt=\"image007_r4\" \/><\/h4>\n<\/td>\n<\/tr>\n<tr>\n<td colspan=\"2\" width=\"657\" valign=\"top\">\n<h4>Sinn 5: Riechen &amp; Schmecken, Neues entdecken.<\/h4>\n<h4>Kreta ist voll von reichlichem Duft, Thymian und Kr\u00e4uter w\u00fcrzen die Luft.<\/h4>\n<h4>Viele D\u00fcfte k\u00f6nnen leicht den Geist verwirren, sodass Wanderer sich gern\u2019 verirren..<\/h4>\n<h4>Daher hat unsere Wandersgruppe, ab Moni Preveli stundenlang ungeniert,<\/h4>\n<\/td>\n<\/tr>\n<tr>\n<td width=\"328\" valign=\"top\">\n<h4>durch Effort der gesamten Truppe,den langen Weg gut markiert.<\/h4>\n<h4>Duftsteine hat es jetzt haufenweis,<\/h4>\n<h4>Die Duftnote nennt man \u201eZiege &amp; Geis\u201c,<\/h4>\n<h4>geschmacklich kann man wohl diskutieren,<\/h4>\n<h4>den Weg wir man wohl kaum noch verlieren.<\/h4>\n<h4>Christine\u00a0<\/h4>\n<\/td>\n<td width=\"329\" valign=\"top\">\n<h4>\u00a0<img decoding=\"async\" class=\"ngg-singlepic ngg-none\" src=\"http:\/\/adrianwood.ch\/wp-content\/gallery\/kreta0817_1\/image009_r4.jpg\" alt=\"image009_r4\" \/><\/h4>\n<\/td>\n<\/tr>\n<\/tbody>\n<\/table>\n","protected":false},"excerpt":{"rendered":"<p>R\u00fcckblick auf zwei tolle Wochen \u00a0Zum zweiten Mal Kreta \u2013 wie repetitiv ! Altes zu wiederholen ging oftmals schon schief. Doch Adrian hat den Trip gut ausgekl\u00fcgelt und so die Sinne voll befl\u00fcgelt, Wandern &amp; Baden \u2013 was f\u00fcr ein Plausch, f\u00fcrwahr, ein opulenter Sinnesrausch. \u00a0 Sinn 1: Schauen und Sehen \u2013 dies soll mit &hellip; <a href=\"https:\/\/www.adrianwood.ch\/?page_id=957\" class=\"more-link\">Continue reading <span class=\"screen-reader-text\">Epilog<\/span> <span class=\"meta-nav\">&rarr;<\/span><\/a><\/p>\n","protected":false},"author":1,"featured_media":0,"parent":792,"menu_order":2298,"comment_status":"closed","ping_status":"closed","template":"","meta":{"ngg_post_thumbnail":0,"footnotes":""},"class_list":["post-957","page","type-page","status-publish","hentry"],"_links":{"self":[{"href":"https:\/\/www.adrianwood.ch\/index.php?rest_route=\/wp\/v2\/pages\/957","targetHints":{"allow":["GET"]}}],"collection":[{"href":"https:\/\/www.adrianwood.ch\/index.php?rest_route=\/wp\/v2\/pages"}],"about":[{"href":"https:\/\/www.adrianwood.ch\/index.php?rest_route=\/wp\/v2\/types\/page"}],"author":[{"embeddable":true,"href":"https:\/\/www.adrianwood.ch\/index.php?rest_route=\/wp\/v2\/users\/1"}],"replies":[{"embeddable":true,"href":"https:\/\/www.adrianwood.ch\/index.php?rest_route=%2Fwp%2Fv2%2Fcomments&post=957"}],"version-history":[{"count":0,"href":"https:\/\/www.adrianwood.ch\/index.php?rest_route=\/wp\/v2\/pages\/957\/revisions"}],"up":[{"embeddable":true,"href":"https:\/\/www.adrianwood.ch\/index.php?rest_route=\/wp\/v2\/pages\/792"}],"wp:attachment":[{"href":"https:\/\/www.adrianwood.ch\/index.php?rest_route=%2Fwp%2Fv2%2Fmedia&parent=957"}],"curies":[{"name":"wp","href":"https:\/\/api.w.org\/{rel}","templated":true}]}}