{"id":9816,"date":"2016-08-04T16:54:10","date_gmt":"2016-08-04T16:54:10","guid":{"rendered":"http:\/\/www.adrianwood.ch\/?page_id=9816"},"modified":"2016-08-04T16:56:10","modified_gmt":"2016-08-04T16:56:10","slug":"04-30-las-tricias","status":"publish","type":"page","link":"https:\/\/www.adrianwood.ch\/?page_id=9816","title":{"rendered":"04-30 Las Tricias"},"content":{"rendered":"<p class=\"Normal-P\" style=\"margin-bottom: 6pt; text-align: justify; text-justify: inter-ideograph; direction: ltr; unicode-bidi: normal; margin-right: -2.85pt;\"><span class=\"Normal-H\"><span style=\"font-weight: bold; font-size: 11pt; color: gray;\">30.April,<\/span><span style=\"font-weight: bold; font-size: 11pt; color: gray;\"> Las Tricias<\/span><span style=\"font-weight: bold; font-size: 11pt; color: gray;\">&#8211;<\/span><span style=\"font-weight: bold; font-size: 11pt; color: gray;\"> H\u00f6hlen der Ureinwohner &#8211;<\/span><span style=\"font-weight: bold; font-size: 11pt; color: gray;\"> Lomada Grande.<\/span><\/span><\/p>\n<table class=\"TableGrid-T\" style=\"border-collapse: collapse;\" cellspacing=\"0\">\n<tbody>\n<tr class=\"-R\">\n<td class=\"-C\" style=\"width: 492.7pt; border: none windowtext 0pt;\" colspan=\"2\">\n<p class=\"Normal-P\" style=\"margin-bottom: 6pt; text-align: justify; text-justify: inter-ideograph; direction: ltr; unicode-bidi: normal; margin-right: -2.85pt;\"><span class=\"Normal-H\"><span style=\"font-size: 11pt;\">P\u00fcnktlich um 8 30 warten wir an der Strasse oben im Dorf. Nach unserer Meinung auf der richtigen Strassenseite, sprich, in Fahrtrichtung! Der Fahrer ist offenbar nicht unserer Meinung, f\u00e4hrt er doch kopfsch\u00fcttelnd an uns vorbei um zu wenden. Nach kurzer Diskussion im Wagen f\u00e4hrt er dann los.<\/span><\/span><\/p>\n<p class=\"Normal-P\" style=\"margin-bottom: 6pt; text-align: justify; text-justify: inter-ideograph; direction: ltr; unicode-bidi: normal; margin-right: -2.85pt;\"><span class=\"Normal-H\"><span style=\"font-size: 11pt;\">Eine l\u00e4ngere Fahrt durch einen Teil der Insel erwartet uns. Wi<\/span><span style=\"font-size: 11pt;\">e<\/span><span style=\"font-size: 11pt;\">der bekommen wir einen Eindruck <\/span><span style=\"font-size: 11pt;\">von den <\/span><span style=\"font-size: 11pt;\">steil zum Meer abfallenden K\u00fcsten. Bei der Kirche von Las Tricias verlassen wir den Bus. Einige Frauen st\u00fcrmen diese, aber nicht f\u00fcr ein stilles Gebet, sondern um ein stilles Oertchen aufzusuchen. Leider ist aber alles geschlossen.<\/span><\/span><\/p>\n<\/td>\n<\/tr>\n<tr class=\"-R\">\n<td class=\"-C\" style=\"width: 245.6pt; border: none windowtext 0pt;\">\n<p class=\"Normal-P\" style=\"margin-bottom: 6pt; text-align: justify; text-justify: inter-ideograph; direction: ltr; unicode-bidi: normal; margin-right: -2.85pt;\"><span class=\"Normal-H\"><span style=\"font-size: 11pt;\"><img loading=\"lazy\" decoding=\"async\" class=\"\" src=\"http:\/\/www.adrianwood.ch\/wp-content\/uploads\/2016\/08\/1470329525_image1.jpeg\" width=\"347\" height=\"231\" data-link=\"\" \/><\/span><\/span><\/p>\n<\/td>\n<td class=\"-C\" style=\"width: 247.1pt; border: none windowtext 0pt;\">\n<p class=\"Normal-P\" style=\"margin-bottom: 6pt; text-align: justify; text-justify: inter-ideograph; direction: ltr; unicode-bidi: normal; margin-right: -2.85pt;\"><span class=\"Normal-H\"><span style=\"font-size: 11pt;\"><img loading=\"lazy\" decoding=\"async\" class=\"\" src=\"http:\/\/www.adrianwood.ch\/wp-content\/uploads\/2016\/08\/1470329525_image2.jpeg\" width=\"347\" height=\"230\" data-link=\"\" \/><\/span><\/span><\/p>\n<\/td>\n<\/tr>\n<tr class=\"-R\">\n<td class=\"-C\" style=\"width: 492.7pt; border: none windowtext 0pt;\" colspan=\"2\">\n<p class=\"Normal-P\" style=\"margin-bottom: 6pt; text-align: justify; text-justify: inter-ideograph; direction: ltr; unicode-bidi: normal; margin-right: -2.85pt;\"><span class=\"Normal-H\"><span style=\"font-size: 11pt;\">So machen wir uns auf die Suche zum Einstieg f\u00fcr die heutige Wanderung. Mit Hilfe fast aller Teilnehmer wird dieser bald gefunden. Auf einem alten Verbindungsweg durchqueren wir den gewaltigen Barranco Izcagua. An der steilen felsigen Wand wachsen wunderh\u00fcbsche Rosetten. Von rosa bis hellgr\u00fcn und fast weiss leuchten sie in der Sonne. Die gr\u00f6sseren bilden Bl\u00fctendolden, die mit hunderten weissen Sternen \u00fcbers\u00e4t sind. Weiter auf unserem Weg duftet es nach Fenchel, Orangenbl\u00fcten und vielem mehr. Viele bl\u00fchende Blumen, Str\u00e4ucher und kleinere Drachenb\u00e4ume s\u00e4umen unseren Weg. Es ist ein Fest f\u00fcr all unsere Sinne!<\/span><\/span><\/p>\n<\/td>\n<\/tr>\n<tr class=\"-R\">\n<td class=\"-C\" style=\"width: 492.7pt; border: none windowtext 0pt;\" colspan=\"2\">\n<p class=\"Normal-P\" style=\"margin-bottom: 6pt; text-align: center; direction: ltr; unicode-bidi: normal; margin-right: -2.85pt;\"><span class=\"Normal-H\"><span style=\"font-size: 11pt;\"><img loading=\"lazy\" decoding=\"async\" class=\"\" src=\"http:\/\/www.adrianwood.ch\/wp-content\/uploads\/2016\/08\/1470329525_image3.jpeg\" width=\"735\" height=\"488\" data-link=\"\" \/><\/span><\/span><\/p>\n<\/td>\n<\/tr>\n<tr class=\"-R\">\n<td class=\"-C\" style=\"width: 492.7pt; border: none windowtext 0pt;\" colspan=\"2\">\n<p class=\"Normal-P\" style=\"margin-bottom: 6pt; text-align: justify; text-justify: inter-ideograph; direction: ltr; unicode-bidi: normal; margin-right: -2.85pt;\"><span class=\"Normal-H\"><span style=\"font-size: 11pt;\">Dann, direkt am Weg, ein wunderbarer Drachenbaum, so richtig zum fotografieren geeignet. Die Kameras <\/span><span style=\"font-size: 11pt;\">werden gez\u00fcckt, die richtige Position gesucht, damit dieses Prachtexemplar so richtig zur Geltung kommt. Dann wir es etwas schwierig. Adrian will die ganze Gruppe auf dem Bild, andere wollen den \u201eDrachen<\/span><span style=\"font-size: 11pt;\">\u201c<\/span><span style=\"font-size: 11pt;\">lieber allein. So werden wir hin und her geschickt. Marlies befolgt die Anweisungen brav, weg vom Baum, nein, hin zum Baum, ja was soll die arme Seele eigentlich tun? Soll sie in die Luft gehen, sich in solche aufl\u00f6sen, oder einfach im Boden versinken? Aber gl\u00fccklicherweise entscheidet sie sich, doch noch in unserer Gruppe zu bleiben.<\/span><\/span><\/p>\n<\/td>\n<\/tr>\n<tr class=\"-R\">\n<td class=\"-C\" style=\"width: 245.6pt; border: none windowtext 0pt;\">\n<p class=\"Normal-P\" style=\"margin-bottom: 6pt; text-align: justify; text-justify: inter-ideograph; direction: ltr; unicode-bidi: normal; margin-right: -2.85pt;\"><span class=\"Normal-H\"><span style=\"font-size: 11pt;\"><img loading=\"lazy\" decoding=\"async\" class=\"\" src=\"http:\/\/www.adrianwood.ch\/wp-content\/uploads\/2016\/08\/1470329525_image4.jpeg\" width=\"347\" height=\"242\" data-link=\"\" \/><\/span><\/span><\/p>\n<\/td>\n<td class=\"-C\" style=\"width: 247.1pt; border: none windowtext 0pt;\">\n<p class=\"Normal-P\" style=\"margin-bottom: 6pt; text-align: justify; text-justify: inter-ideograph; direction: ltr; unicode-bidi: normal; margin-right: -2.85pt;\"><span class=\"Normal-H\"><span style=\"font-size: 11pt;\"><img loading=\"lazy\" decoding=\"async\" class=\"\" src=\"http:\/\/www.adrianwood.ch\/wp-content\/uploads\/2016\/08\/1470329525_image5.jpeg\" width=\"347\" height=\"230\" data-link=\"\" \/><\/span><\/span><\/p>\n<\/td>\n<\/tr>\n<tr class=\"-R\">\n<td class=\"-C\" style=\"width: 492.7pt; border: none windowtext 0pt;\" colspan=\"2\">\n<p class=\"Normal-P\" style=\"margin-bottom: 6pt; text-align: justify; text-justify: inter-ideograph; direction: ltr; unicode-bidi: normal; margin-right: -2.85pt;\"><span class=\"Normal-H\"><span style=\"font-size: 11pt;\">Weiter geht\u2019s. Wieder durch bl\u00fchende Blumen und Str\u00e4ucher. Wir durchqueren einen Sumpf, der aber \u00fcber eine kleine Br\u00fccke begangen werden kann. Da immer wieder viele Wege zur Auswahl stehen, helfen viele mit, den richtigen Weg zu finden. So kommen wir zu den H\u00f6hlen der Ureinwohner. Eindr\u00fcckliche <\/span><span style=\"font-size: 11pt;\">Felszeich<\/span><span style=\"font-size: 11pt;\">nungen zeugen von diesen l\u00e4ngst vergangenen Zeiten. Heute werden wir allerdings von sehr lebendigen Vier- und einer Achtbeinerin erwartet. <\/span><span style=\"font-size: 11pt;\">Ein hungriger Hund und eine ebensolche Katze begr\u00fcssen uns. Diese werden nat\u00fcrlich gef\u00fcttert. Und erstaunlicherweise hat sich eine kleine Kreuzspinne in Adrians Fotoapparat h\u00e4uslich eingerichtet und ihr feines Netz gesponnen.<\/span><\/span><\/p>\n<\/td>\n<\/tr>\n<tr class=\"-R\">\n<td class=\"-C\" style=\"width: 245.6pt; border: none windowtext 0pt;\">\n<p class=\"Normal-P\" style=\"margin-bottom: 6pt; text-align: justify; text-justify: inter-ideograph; direction: ltr; unicode-bidi: normal; margin-right: -2.85pt;\"><span class=\"Normal-H\"><span style=\"font-size: 11pt;\"><img loading=\"lazy\" decoding=\"async\" class=\"\" src=\"http:\/\/www.adrianwood.ch\/wp-content\/uploads\/2016\/08\/1470329525_image6.jpeg\" width=\"347\" height=\"231\" data-link=\"\" \/><\/span><\/span><\/p>\n<\/td>\n<td class=\"-C\" style=\"width: 247.1pt; border: none windowtext 0pt;\">\n<p class=\"Normal-P\" style=\"margin-bottom: 6pt; text-align: justify; text-justify: inter-ideograph; direction: ltr; unicode-bidi: normal; margin-right: -2.85pt;\"><span class=\"Normal-H\"><span style=\"font-size: 11pt;\"><img loading=\"lazy\" decoding=\"async\" class=\"\" src=\"http:\/\/www.adrianwood.ch\/wp-content\/uploads\/2016\/08\/1470329525_image7.jpeg\" width=\"347\" height=\"231\" data-link=\"\" \/><\/span><\/span><\/p>\n<\/td>\n<\/tr>\n<tr class=\"-R\">\n<td class=\"-C\" style=\"width: 492.7pt; border: none windowtext 0pt;\" colspan=\"2\">\n<p class=\"Normal-P\" style=\"margin-bottom: 6pt; text-align: justify; text-justify: inter-ideograph; direction: ltr; unicode-bidi: normal; margin-right: -2.85pt;\"><span class=\"Normal-H\"><span style=\"font-size: 11pt;\">Nach einer kurzen Rast machen wir uns wieder auf den Weg. Vorbei an einer Windm\u00fchle, die uns den Weg weist. Wir wandern bis zu einem wundersch\u00f6nen Pic \u2013 Nic \u2013 Platz. Unter gewaltigen kanarischen Kiefern lagern wir uns, geniessen die sch\u00f6ne Aussicht auf ein ruhiges Meer und unser frugales Mahl.<\/span><\/span><\/p>\n<p class=\"Normal-P\" style=\"margin-bottom: 6pt; text-align: justify; text-justify: inter-ideograph; direction: ltr; unicode-bidi: normal; margin-right: -2.85pt;\"><span class=\"Normal-H\"><span style=\"font-size: 11pt;\">Nach einer l\u00e4ngern Siesta brechen einige auf, andere nehmen es etwas gem\u00fctlicher und verbleiben noch etwas an diesem sch\u00f6nen Ort. Auf verschiedenen Routen gelangen schliesslich wieder alle zum Bus, wo uns unser Chauffeur bereits erwartet. Wieder eine kurzweilige Fahrt bis zum Restaurant El Time. Hier geniessen wir die Aussicht \u00fcber die K\u00fcste und erlaben uns an einem k\u00fchlen Getr\u00e4nk.<\/span><\/span><\/p>\n<\/td>\n<\/tr>\n<tr class=\"-R\">\n<td class=\"-C\" style=\"width: 245.6pt; border: none windowtext 0pt;\">\n<p class=\"Normal-P\" style=\"margin-bottom: 6pt; text-align: justify; text-justify: inter-ideograph; direction: ltr; unicode-bidi: normal; margin-right: -2.85pt;\"><span class=\"Normal-H\"><span style=\"font-size: 11pt;\"><img loading=\"lazy\" decoding=\"async\" class=\"\" src=\"http:\/\/www.adrianwood.ch\/wp-content\/uploads\/2016\/08\/1470329525_image8.jpeg\" width=\"347\" height=\"231\" data-link=\"\" \/><\/span><\/span><\/p>\n<\/td>\n<td class=\"-C\" style=\"width: 247.1pt; border: none windowtext 0pt;\">\n<p class=\"Normal-P\" style=\"margin-bottom: 6pt; text-align: justify; text-justify: inter-ideograph; direction: ltr; unicode-bidi: normal; margin-right: -2.85pt;\"><span class=\"Normal-H\"><span style=\"font-size: 11pt;\"><img loading=\"lazy\" decoding=\"async\" class=\"\" src=\"http:\/\/www.adrianwood.ch\/wp-content\/uploads\/2016\/08\/1470329525_image9.jpeg\" width=\"347\" height=\"230\" data-link=\"\" \/><\/span><\/span><\/p>\n<\/td>\n<\/tr>\n<tr class=\"-R\">\n<td class=\"-C\" style=\"width: 492.7pt; border: none windowtext 0pt;\" colspan=\"2\">\n<p class=\"Normal-P\" style=\"margin-bottom: 6pt; text-align: justify; text-justify: inter-ideograph; direction: ltr; unicode-bidi: normal; margin-right: -2.85pt;\"><span class=\"Normal-H\"><span style=\"font-size: 11pt;\">Einige besteigen dann wieder den Bus, um sich zum Meer runter fahren zu lassen. Andere nehmen den steilen Abstieg \u00fcber einen sehr sch\u00f6n angelegten Wanderweg unter die F\u00fcsse. Anschliessend geniessen wir ein k\u00fchles Bad im Atlantik. Zum Abschluss offeriert uns Adrian ein Fischessen in einem <\/span><span style=\"font-size: 11pt;\">Restaurant mit Blick aufs Meer.<\/span><\/span><\/p>\n<p class=\"Normal-P\" style=\"margin-bottom: 6pt; text-align: justify; text-justify: inter-ideograph; direction: ltr; unicode-bidi: normal; margin-right: -2.85pt;\"><span class=\"Normal-H\"><span style=\"font-size: 11pt;\">M\u00fcde, ges\u00e4ttigt und zufrieden werden wir nach hause gefahren. Ein sch\u00f6ner Tag geht damit zu Ende!<\/span><\/span><\/p>\n<p class=\"Normal-P\" style=\"margin-bottom: 6pt; text-align: justify; text-justify: inter-ideograph; direction: ltr; unicode-bidi: normal; margin-right: -2.85pt;\"><span class=\"Normal-H\"><span style=\"font-size: 11pt;\">Rosmarie<\/span><\/span><\/p>\n<\/td>\n<\/tr>\n<p><!-- [if !supportMisalignedColumns]--><\/tbody>\n<\/table>\n","protected":false},"excerpt":{"rendered":"<p>30.April, Las Tricias&#8211; H\u00f6hlen der Ureinwohner &#8211; Lomada Grande. P\u00fcnktlich um 8 30 warten wir an der Strasse oben im Dorf. Nach unserer Meinung auf der richtigen Strassenseite, sprich, in Fahrtrichtung! Der Fahrer ist offenbar nicht unserer Meinung, f\u00e4hrt er doch kopfsch\u00fcttelnd an uns vorbei um zu wenden. Nach kurzer Diskussion im Wagen f\u00e4hrt er &hellip; <a href=\"https:\/\/www.adrianwood.ch\/?page_id=9816\" class=\"more-link\">Continue reading <span class=\"screen-reader-text\">04-30 Las Tricias<\/span> <span class=\"meta-nav\">&rarr;<\/span><\/a><\/p>\n","protected":false},"author":1,"featured_media":0,"parent":9478,"menu_order":2224,"comment_status":"closed","ping_status":"closed","template":"","meta":{"ngg_post_thumbnail":0,"footnotes":""},"class_list":["post-9816","page","type-page","status-publish","hentry"],"_links":{"self":[{"href":"https:\/\/www.adrianwood.ch\/index.php?rest_route=\/wp\/v2\/pages\/9816","targetHints":{"allow":["GET"]}}],"collection":[{"href":"https:\/\/www.adrianwood.ch\/index.php?rest_route=\/wp\/v2\/pages"}],"about":[{"href":"https:\/\/www.adrianwood.ch\/index.php?rest_route=\/wp\/v2\/types\/page"}],"author":[{"embeddable":true,"href":"https:\/\/www.adrianwood.ch\/index.php?rest_route=\/wp\/v2\/users\/1"}],"replies":[{"embeddable":true,"href":"https:\/\/www.adrianwood.ch\/index.php?rest_route=%2Fwp%2Fv2%2Fcomments&post=9816"}],"version-history":[{"count":4,"href":"https:\/\/www.adrianwood.ch\/index.php?rest_route=\/wp\/v2\/pages\/9816\/revisions"}],"predecessor-version":[{"id":9828,"href":"https:\/\/www.adrianwood.ch\/index.php?rest_route=\/wp\/v2\/pages\/9816\/revisions\/9828"}],"up":[{"embeddable":true,"href":"https:\/\/www.adrianwood.ch\/index.php?rest_route=\/wp\/v2\/pages\/9478"}],"wp:attachment":[{"href":"https:\/\/www.adrianwood.ch\/index.php?rest_route=%2Fwp%2Fv2%2Fmedia&parent=9816"}],"curies":[{"name":"wp","href":"https:\/\/api.w.org\/{rel}","templated":true}]}}