{"id":9885,"date":"2016-08-04T17:46:37","date_gmt":"2016-08-04T17:46:37","guid":{"rendered":"http:\/\/www.adrianwood.ch\/?page_id=9885"},"modified":"2016-08-04T17:49:16","modified_gmt":"2016-08-04T17:49:16","slug":"05-04-tenguia","status":"publish","type":"page","link":"https:\/\/www.adrianwood.ch\/?page_id=9885","title":{"rendered":"05-04 Tenguia"},"content":{"rendered":"<p><span style=\"font-family: Times New Roman; font-size: 11pt;\">4.Mai, Vulkane San<\/span><span style=\"font-family: Times New Roman; font-size: 11pt;\">Antonio und Teneguia<\/span><\/p>\n<table class=\"TableGrid-T\" style=\"border-collapse: collapse;\" cellspacing=\"0\">\n<tbody>\n<tr class=\"-R\">\n<td class=\"-C\" style=\"width: 466.25pt; border: none windowtext 0pt;\" colspan=\"2\">\n<p class=\"Normal-P\" style=\"margin-bottom: 6pt; text-align: justify; text-justify: inter-ideograph; direction: ltr; unicode-bidi: normal;\"><span class=\"Normal-H\"><span style=\"font-family: Times New Roman; font-size: 11pt;\">Nach der grossen Vulkanroute von gestern stand heute die restliche Strecke von Fuencaliente zur S\u00fcdspitze der Insel \u2013 zum Faro de Fuencaliente auf dem Programm.<\/span><span style=\"font-family: Times New Roman; font-size: 11pt;\">Trotz des Stromausfalls am Morgen f\u00fcr einige Bungalows erschienen die M\u00e4nner fertig rasiert beim Bus, und wir konnten unser Fr\u00fchst\u00fccksei auch noch in der Restw\u00e4rme garen.<\/span><span style=\"font-family: Times New Roman; font-size: 11pt;\">Der Bus brachte uns \u00fcber die LP1 bis zum Parkplatz des Centro de Visitantes Volcan de San Antonio in Fuencaliente.<\/span><\/span><\/p>\n<p class=\"Normal-P\" style=\"margin-bottom: 6pt; text-align: justify; text-justify: inter-ideograph; direction: ltr; unicode-bidi: normal;\"><span class=\"Normal-H\"><span style=\"font-family: Times New Roman; font-size: 11pt;\">Wir besuchten das Centro mit den anschaulichen Erl\u00e4uterungen von Juan Carlos Carracedo. Sp\u00e4testens hier hatte jeder Teilnehmer Gelegenheit zur Erkenntnis, dass nicht nur La Palmas S\u00fcden vulkanischen Ursprungs ist sondern die ganze Insel, mit Ausnahme von den Intrusivgesteinen (Plutoniten) im Kern der Caldera di Taburiente, wo wundersch\u00f6ne Exemplare von zum Teil grobk\u00f6rnigen Gabbros u.a. Tiefengesteinen im Barranco de Angustia von u<\/span><span style=\"font-family: Times New Roman; font-size: 11pt;\">ns \u00fcberklettert werden mussten.<\/span><\/span><\/p>\n<\/td>\n<\/tr>\n<tr class=\"-R\">\n<td class=\"-C\" style=\"width: 232.2pt; border: none windowtext 0pt;\">\n<p class=\"Normal-P\" style=\"margin-bottom: 6pt; text-align: justify; text-justify: inter-ideograph; direction: ltr; unicode-bidi: normal;\"><span class=\"Normal-H\"><span style=\"font-family: Times New Roman; font-size: 11pt;\"><img loading=\"lazy\" decoding=\"async\" class=\"\" src=\"http:\/\/www.adrianwood.ch\/wp-content\/uploads\/2016\/08\/1470332709_image1.jpeg\" width=\"347\" height=\"260\" data-link=\"\" \/><\/span><\/span><\/p>\n<\/td>\n<td class=\"-C\" style=\"width: 234.05pt; border: none windowtext 0pt;\">\n<p class=\"Normal-P\" style=\"margin-bottom: 6pt; text-align: justify; text-justify: inter-ideograph; direction: ltr; unicode-bidi: normal;\"><span class=\"Normal-H\"><span style=\"font-family: Times New Roman; font-size: 11pt;\"><img loading=\"lazy\" decoding=\"async\" class=\"\" src=\"http:\/\/www.adrianwood.ch\/wp-content\/uploads\/2016\/08\/1470332709_image2.jpeg\" width=\"346\" height=\"260\" data-link=\"\" \/><\/span><\/span><\/p>\n<\/td>\n<\/tr>\n<tr class=\"-R\">\n<td class=\"-C\" style=\"width: 466.25pt; border: none windowtext 0pt;\" colspan=\"2\">\n<p class=\"Normal-P\" style=\"margin-bottom: 6pt; text-align: justify; text-justify: inter-ideograph; direction: ltr; unicode-bidi: normal;\"><span class=\"Normal-H\"><span style=\"font-family: Times New Roman; font-size: 11pt;\">Zum Abschluss der Besichtigung konnten wir in einem kurzen Film den Ausbruch des Teneguia von 1971 miterleben.<\/span><span style=\"font-family: Times New Roman; font-size: 11pt;\">Damit war unsere Phantasie gen\u00fcgend angeregt, um uns auf der nun folgenden Wanderung zu den Vulkanen das Treiben dieser Teufelsk\u00fcche lebhaft vorzustellen.<\/span><span style=\"font-family: Times New Roman; font-size: 11pt;\">Zuerst marschierten wir auf den Vulkan San Antonio, der als Bilderbuchvulkan gilt, weil er einen vollendet runden Aschenkegel bildet. Vom Kraterrand (nur die H\u00e4lfte darf beschritten werden) ist der Blick in den zentralen Kessel frei, auf dessen Grund ein kleiner Bestand<\/span><span style=\"font-family: Times New Roman; font-size: 11pt;\"> von Pinus canariensis gedeiht.<\/span><\/span><\/p>\n<\/td>\n<\/tr>\n<tr class=\"-R\">\n<td class=\"-C\" style=\"width: 232.2pt; border: none windowtext 0pt;\">\n<p class=\"Normal-P\" style=\"margin-bottom: 6pt; text-align: center; direction: ltr; unicode-bidi: normal;\"><span class=\"Normal-H\"><span style=\"font-family: Times New Roman; font-size: 11pt;\"><img loading=\"lazy\" decoding=\"async\" class=\"\" src=\"http:\/\/www.adrianwood.ch\/wp-content\/uploads\/2016\/08\/1470332709_image3.jpeg\" width=\"347\" height=\"260\" data-link=\"\" \/><\/span><\/span><\/p>\n<\/td>\n<td class=\"-C\" style=\"width: 234.05pt; border: none windowtext 0pt;\">\n<p class=\"Normal-P\" style=\"margin-bottom: 6pt; text-align: justify; text-justify: inter-ideograph; direction: ltr; unicode-bidi: normal;\"><span class=\"Normal-H\"><span style=\"font-family: Times New Roman; font-size: 11pt;\"><img loading=\"lazy\" decoding=\"async\" class=\"\" src=\"http:\/\/www.adrianwood.ch\/wp-content\/uploads\/2016\/08\/1470332709_image4.jpeg\" width=\"346\" height=\"230\" data-link=\"\" \/><\/span><\/span><\/p>\n<\/td>\n<\/tr>\n<tr class=\"-R\">\n<td class=\"-C\" style=\"width: 466.25pt; border: none windowtext 0pt;\" colspan=\"2\">\n<p class=\"Normal-P\" style=\"margin-bottom: 6pt; text-align: justify; text-justify: inter-ideograph; direction: ltr; unicode-bidi: normal;\"><span class=\"Normal-H\"><span style=\"font-family: Times New Roman; font-size: 11pt;\">Das warf f\u00fcr viele von uns die Frage auf, wie lange es braucht, bis das an sich fruchtbare Vulkanmaterial Boden gebildet hat, der dann Vegetation erm\u00f6glicht. Die zum Teil heute noch \u201everkaufte\u201c Meinung, der San Antonio-Aschenkegel stamme von dem Ausbruch 1677, f\u00fchrt zu einem falschen Bild. Der Aschenkegel ist \u00fcber 3200 Jahre alt, der Vulkanausbruch von 1677-78 hatte zwei Ergussschlote etwas n\u00f6rdlich und s\u00fcdwestlich des alten Kegels; das Magma floss<\/span><span style=\"font-family: Times New Roman; font-size: 11pt;\"> damals von dort bis zur K\u00fcste.<\/span><\/span><\/p>\n<p class=\"Normal-P\" style=\"margin-bottom: 6pt; text-align: justify; text-justify: inter-ideograph; direction: ltr; unicode-bidi: normal;\"><span class=\"Normal-H\"><span style=\"font-family: Times New Roman; font-size: 11pt;\">Wie m\u00fchsam die Vegetation Fuss fassen kann, lehrte uns die Besteigung des j\u00fcngsten Vulkans auf La<\/span><span style=\"font-family: Times New Roman; font-size: 11pt;\">Palma,<\/span><span style=\"font-family: Times New Roman; font-size: 11pt;\">des 1971 ausgebrochenen Teneguia, dessen Fuss wir \u00fcber einen Wanderweg zuerst in steilen Kehren bergab, dann entlang einem Wasserkanal erreichten.<\/span><span style=\"font-family: Times New Roman; font-size: 11pt;\">Auf diesem Weg kamen wir an dem Roque Teneguia vorbei, einer freigewitterten Vulkanschlotf\u00fcllung. Auf den hellen Felsen waren einige Petroglyphen (hau<\/span><span style=\"font-family: Times New Roman; font-size: 11pt;\">pts\u00e4chlich Spiralen) erkennbar.<\/span><\/span><\/p>\n<\/td>\n<\/tr>\n<tr class=\"-R\">\n<td class=\"-C\" style=\"width: 232.2pt; border: none windowtext 0pt;\">\n<p class=\"Normal-P\" style=\"margin-bottom: 6pt; text-align: justify; text-justify: inter-ideograph; direction: ltr; unicode-bidi: normal;\"><span class=\"Normal-H\"><span style=\"font-family: Times New Roman; font-size: 11pt;\"><img loading=\"lazy\" decoding=\"async\" class=\"\" src=\"http:\/\/www.adrianwood.ch\/wp-content\/uploads\/2016\/08\/1470332709_image5.jpeg\" width=\"347\" height=\"260\" data-link=\"\" \/><\/span><\/span><\/p>\n<\/td>\n<td class=\"-C\" style=\"width: 234.05pt; border: none windowtext 0pt;\">\n<p class=\"Normal-P\" style=\"margin-bottom: 6pt; text-align: justify; text-justify: inter-ideograph; direction: ltr; unicode-bidi: normal;\"><span class=\"Normal-H\"><span style=\"font-family: Times New Roman; font-size: 11pt;\"><img loading=\"lazy\" decoding=\"async\" class=\"\" src=\"http:\/\/www.adrianwood.ch\/wp-content\/uploads\/2016\/08\/1470332709_image6.jpeg\" width=\"347\" height=\"231\" data-link=\"\" \/><\/span><\/span><\/p>\n<\/td>\n<\/tr>\n<tr class=\"-R\">\n<td class=\"-C\" style=\"width: 466.25pt; border: none windowtext 0pt;\" colspan=\"2\">\n<p class=\"Normal-P\" style=\"margin-bottom: 6pt; text-align: justify; text-justify: inter-ideograph; direction: ltr; unicode-bidi: normal;\"><span class=\"Normal-H\"><span style=\"font-family: Times New Roman; font-size: 11pt;\">M\u00fchsam f\u00fcr uns war beim Besteigen des Teneguia das Gehen bei dem b\u00f6ig starken Wind, der nicht nur leer gegessene Plastiks\u00e4cke sondern manchem auch die Aufstiegslust wegblies. Bert hatte Gl\u00fcck: ihm blies der Wind nur durch ein Nasenloch hinein, durchs andere raus, was aber die Bezwingung des Grates und Gipfels nicht behinderte. Eher das Photographieren!<\/span><span style=\"font-family: Times New Roman; font-size: 11pt;\">Der Abstieg erfolgte zuerst durch scharfkantige Lava, dann aber genussvoll \u00fcber weite Aschenh\u00e4nge mit sp\u00e4rlichem Spriessen von fas<\/span><span style=\"font-family: Times New Roman; font-size: 11pt;\">t leuchtend orangerotem Ampfer. <\/span><span style=\"font-family: Times New Roman; font-size: 11pt;\">A propos leuchtend orangerot: je mehr sich unsere hellen Wanderhosen der (schwarzen) Aschenfarbe anglichen, desto bunter wurden die \u00fcbrigen Modeaccessoires wie Sonnenbrillen usw.<\/span><\/span><\/p>\n<p class=\"Normal-P\" style=\"margin-bottom: 6pt; text-align: justify; text-justify: inter-ideograph; direction: ltr; unicode-bidi: normal;\"><span class=\"Normal-H\"><span style=\"font-family: Times New Roman; font-size: 11pt;\">Wir erreichten den Faro de Fuencaliente, bewunderten den alten und den neuen Leuchtturm und darunter die idyllisch verlassene Playa del Faro. F\u00fcr ein Bad im Meer war die Temperatur nicht ausreichend, f\u00fcr den Besuch der ber\u00fchmten Salinen offenbar die Zeit nicht. So bestiegen wir unseren Bus, der uns auf der K\u00fcstenstrasse zum sp\u00e4ten Mittagessen zur Playa de Zamora brachte, vorbei an der modernen Hotelanlage von La Palma Princess und Teneguia Princess, deren f\u00fcr uns wenig einladende Poollandschaft wir sp\u00e4ter von der h\u00f6her gelegenen Strasse bei Las Indias noch bewundern konnten.<\/span><\/span><\/p>\n<\/td>\n<\/tr>\n<tr class=\"-R\">\n<td class=\"-C\" style=\"width: 232.2pt; border: none windowtext 0pt;\">\n<p class=\"Normal-P\" style=\"margin-bottom: 6pt; text-align: justify; text-justify: inter-ideograph; direction: ltr; unicode-bidi: normal;\"><span class=\"Normal-H\"><span style=\"font-family: Times New Roman; font-size: 11pt;\"><img loading=\"lazy\" decoding=\"async\" class=\"\" src=\"http:\/\/www.adrianwood.ch\/wp-content\/uploads\/2016\/08\/1470332709_image7.jpeg\" width=\"347\" height=\"230\" data-link=\"\" \/><\/span><\/span><\/p>\n<\/td>\n<td class=\"-C\" style=\"width: 234.05pt; border: none windowtext 0pt;\">\n<p class=\"Normal-P\" style=\"margin-bottom: 6pt; text-align: justify; text-justify: inter-ideograph; direction: ltr; unicode-bidi: normal;\"><span class=\"Normal-H\"><span style=\"font-family: Times New Roman; font-size: 11pt;\"><img loading=\"lazy\" decoding=\"async\" class=\"\" src=\"http:\/\/www.adrianwood.ch\/wp-content\/uploads\/2016\/08\/1470332709_image8.jpeg\" width=\"347\" height=\"231\" data-link=\"\" \/><\/span><\/span><\/p>\n<\/td>\n<\/tr>\n<tr class=\"-R\">\n<td class=\"-C\" style=\"width: 466.25pt; border: none windowtext 0pt;\" colspan=\"2\">\n<p class=\"Normal-P\" style=\"margin-bottom: 6pt; text-align: justify; text-justify: inter-ideograph; direction: ltr; unicode-bidi: normal;\"><span class=\"Normal-H\"><span style=\"font-family: Times New Roman; font-size: 11pt;\">Das Badevergn\u00fcgen in der kleinen Bucht von Zamora hielt sich in Grenzen, der Abk\u00fchlung von innen waren keine Grenzen gesetzt. Clara (=Cervezo y lemon) l\u00e4sst gr\u00fcssen! <\/span><\/span><\/p>\n<p class=\"Normal-P\" style=\"margin-bottom: 6pt; text-align: justify; text-justify: inter-ideograph; direction: ltr; unicode-bidi: normal;\"><span class=\"Normal-H\"><span style=\"font-family: Times New Roman; font-size: 11pt;\">Die R\u00fcckfahrt \u00fcber Fuencaliente brachte uns vorbei an bl\u00fchenden G\u00e4rten, durch Bananenplantagen und Rebberge, auf der h\u00f6her gelegenen Hauptstrasse durch Ampfer und Pinienwald. Wer nicht schon schlief, konnte noch einen Blick zur\u00fcck auf den imposanten Kegel des San Antonio werfen<\/span><span style=\"font-family: Times New Roman; font-size: 11pt;\">.<\/span><\/span><\/p>\n<p class=\"Normal-P\" style=\"margin-bottom: 6pt; text-align: justify; text-justify: inter-ideograph; direction: ltr; unicode-bidi: normal;\"><span class=\"Normal-H\"><span style=\"font-family: Times New Roman; font-size: 11pt;\">Um 17 Uhr landeten wir schon beim Sonvida, Zeit genug f\u00fcr die einen, die Strompannenbehebung mitzuverfolgen, f\u00fcr die anderen, bei der Vorbereitung von Marlies` Geburtstagsapero am Swimming<\/span><span style=\"font-family: Times New Roman; font-size: 11pt;\">&#8211;<\/span><span style=\"font-family: Times New Roman; font-size: 11pt;\">pool aktiv zu werden. Gleichzeitig liefen die Einladungen zum Nachtessen auf Hoch<\/span><span style=\"font-family: Times New Roman; font-size: 11pt;\">&#8211;<\/span><span style=\"font-family: Times New Roman; font-size: 11pt;\">touren, denn viele Wohngemeinschaften hatten noch \u00fcberreichlich Vorr\u00e4te, und am n\u00e4chsten Morgen verliessen wir doch die sch\u00f6ne Anlage von Sonvida.<\/span><span style=\"font-family: Times New Roman; font-size: 11pt;\">.<\/span><\/span><\/p>\n<p class=\"Normal-P\" style=\"margin-bottom: 6pt; text-align: justify; text-justify: inter-ideograph; direction: ltr; unicode-bidi: normal;\"><span class=\"Normal-H\"><span style=\"font-family: Times New Roman; font-size: 11pt;\">Marlies sei Dank f\u00fcr den Apero, der uns friedlich am Pool zusammenf\u00fchrte, bevor <\/span><span style=\"font-family: Times New Roman; font-size: 11pt;\">jeder bei seinem Dinner landete und sich schliesslich auf die Abreise vorbereitete.<\/span><\/span><\/p>\n<p class=\"Normal-P\" style=\"margin-bottom: 6pt; text-align: justify; text-justify: inter-ideograph; direction: ltr; unicode-bidi: normal;\"><span class=\"Normal-H\"><span style=\"font-family: Times New Roman; font-size: 11pt;\">Mechtild<\/span><\/span><\/p>\n<\/td>\n<\/tr>\n<p><!-- [if !supportMisalignedColumns]--><\/tbody>\n<\/table>\n","protected":false},"excerpt":{"rendered":"<p>4.Mai, Vulkane SanAntonio und Teneguia Nach der grossen Vulkanroute von gestern stand heute die restliche Strecke von Fuencaliente zur S\u00fcdspitze der Insel \u2013 zum Faro de Fuencaliente auf dem Programm.Trotz des Stromausfalls am Morgen f\u00fcr einige Bungalows erschienen die M\u00e4nner fertig rasiert beim Bus, und wir konnten unser Fr\u00fchst\u00fccksei auch noch in der Restw\u00e4rme garen.Der &hellip; <a href=\"https:\/\/www.adrianwood.ch\/?page_id=9885\" class=\"more-link\">Continue reading <span class=\"screen-reader-text\">05-04 Tenguia<\/span> <span class=\"meta-nav\">&rarr;<\/span><\/a><\/p>\n","protected":false},"author":1,"featured_media":0,"parent":9478,"menu_order":2228,"comment_status":"closed","ping_status":"closed","template":"","meta":{"ngg_post_thumbnail":0,"footnotes":""},"class_list":["post-9885","page","type-page","status-publish","hentry"],"_links":{"self":[{"href":"https:\/\/www.adrianwood.ch\/index.php?rest_route=\/wp\/v2\/pages\/9885","targetHints":{"allow":["GET"]}}],"collection":[{"href":"https:\/\/www.adrianwood.ch\/index.php?rest_route=\/wp\/v2\/pages"}],"about":[{"href":"https:\/\/www.adrianwood.ch\/index.php?rest_route=\/wp\/v2\/types\/page"}],"author":[{"embeddable":true,"href":"https:\/\/www.adrianwood.ch\/index.php?rest_route=\/wp\/v2\/users\/1"}],"replies":[{"embeddable":true,"href":"https:\/\/www.adrianwood.ch\/index.php?rest_route=%2Fwp%2Fv2%2Fcomments&post=9885"}],"version-history":[{"count":3,"href":"https:\/\/www.adrianwood.ch\/index.php?rest_route=\/wp\/v2\/pages\/9885\/revisions"}],"predecessor-version":[{"id":9895,"href":"https:\/\/www.adrianwood.ch\/index.php?rest_route=\/wp\/v2\/pages\/9885\/revisions\/9895"}],"up":[{"embeddable":true,"href":"https:\/\/www.adrianwood.ch\/index.php?rest_route=\/wp\/v2\/pages\/9478"}],"wp:attachment":[{"href":"https:\/\/www.adrianwood.ch\/index.php?rest_route=%2Fwp%2Fv2%2Fmedia&parent=9885"}],"curies":[{"name":"wp","href":"https:\/\/api.w.org\/{rel}","templated":true}]}}