{"id":9897,"date":"2016-08-05T17:02:27","date_gmt":"2016-08-05T17:02:27","guid":{"rendered":"http:\/\/www.adrianwood.ch\/?page_id=9897"},"modified":"2016-08-05T17:04:31","modified_gmt":"2016-08-05T17:04:31","slug":"05-05-barlovento","status":"publish","type":"page","link":"https:\/\/www.adrianwood.ch\/?page_id=9897","title":{"rendered":"05-05 Barlovento"},"content":{"rendered":"<p class=\"Normal-P\" style=\"margin-bottom: 6pt; text-align: justify; text-justify: inter-ideograph; direction: ltr; unicode-bidi: normal;\"><span class=\"Normal-H\"><span style=\"font-family: Times New Roman; font-weight: bold; font-size: 11pt;\">5.Mai, <\/span><span style=\"font-family: Times New Roman; font-weight: bold; font-size: 11pt;\">Transfer von Todoque nach Barlovento<\/span><\/span><\/p>\n<table class=\"TableGrid-T\" style=\"border-collapse: collapse;\" cellspacing=\"0\">\n<tbody>\n<tr class=\"-R\">\n<td class=\"-C\" style=\"width: 464.35pt; border: none windowtext 0pt;\" colspan=\"2\">\n<p class=\"Normal-P\" style=\"margin-bottom: 6pt; text-align: justify; text-justify: inter-ideograph; direction: ltr; unicode-bidi: normal;\"><span class=\"Normal-H\"><span style=\"font-family: Times New Roman; font-size: 11pt;\">Heute ist der etwas bef\u00fcrchtete Tag, an welchem wir den warmen S\u00fcdwesten der Insel verlassen, um zum \u2013 wie behauptet wurde &#8211; wesentlich k\u00fchleren Norden zu fahren. Eigentlich herrscht heute ein ruhiges Aufwachen, ohne die \u00fcbliche Hast der fr\u00fchen Wanderer. Ich frage mich, ob Adrian die Reste von gestern abend (Reis mit Crevetten und Fisch) zum Fr\u00fchst\u00fcck eingenommen hat, wie er es uns am Vorabend zusicherte. Dies werde ich nie wirklich erfahren.<\/span><\/span><\/p>\n<p class=\"Normal-P\" style=\"margin-bottom: 6pt; text-align: justify; text-justify: inter-ideograph; direction: ltr; unicode-bidi: normal;\"><span class=\"Normal-H\"><span style=\"font-family: Times New Roman; font-size: 11pt;\">Um 09:00 treffen wir den Bus, der inzwischen eine Kurve n\u00e4her an unsere Bungalows herangekommen ist. Dabei spielt es heute nicht so eine grosse Rolle, weil die schweren Koffer im Auto von Adrian transportiert werden. Heute f\u00e4hrt uns der \u00fcbliche Fernando, nicht Pedro. Mit ein bisschen Wehmut verlassen wir diese sch\u00f6ne Gegend unter den Bananenplantagen. Der Bus f\u00e4hrt dann durch das von uns gut bekannte Los Llanos, Tazacorte un<\/span><span style=\"font-family: Times New Roman; font-size: 11pt;\">d beginnt an den gewaltigen W\u00e4nden des Lavaabflusses aus der Caldera de Taburiente m\u00fchsam hochzuklettern. <\/span><\/span><\/p>\n<p class=\"Normal-P\" style=\"margin-bottom: 6pt; text-align: justify; text-justify: inter-ideograph; direction: ltr; unicode-bidi: normal;\"><span class=\"Normal-H\"><span style=\"font-family: Times New Roman; font-size: 11pt;\">F\u00fcr alle Kollegen und Kolleginnen ist dies zur Routine geworden. F\u00fcr mich, der zum ersten Mal zuerst die S\u00fcdflanke des Barranco de las Angustias bis zum Mittelpunkt und anschliessend die Nordflanke durch die direkt in den Stein gehauene Strasse im Bus fahrend empor klettert, hinterl\u00e4sst dieser Aufstieg einen m\u00e4chtigen Eindruck. Am oberen Punkt fahren wir durch den Mirador El Time. Hier ist heute nur ein <\/span><span style=\"font-family: Times New Roman; font-size: 11pt;\">Restaurant mit guter Aussicht.<\/span><\/span><\/p>\n<\/td>\n<\/tr>\n<tr class=\"-R\">\n<td class=\"-C\" style=\"width: 232.2pt; border: none windowtext 0pt;\">\n<p class=\"Normal-P\" style=\"text-align: justify; text-justify: inter-ideograph; direction: ltr; unicode-bidi: normal;\"><span class=\"Normal-H\"><span style=\"font-family: Times New Roman; font-size: 11pt;\"><img loading=\"lazy\" decoding=\"async\" class=\"\" src=\"http:\/\/www.adrianwood.ch\/wp-content\/uploads\/2016\/08\/1470416437_image1.jpeg\" width=\"347\" height=\"231\" data-link=\"\" \/><\/span><\/span><\/p>\n<\/td>\n<td class=\"-C\" style=\"width: 232.15pt; border: none windowtext 0pt;\">\n<p class=\"Normal-P\" style=\"margin-bottom: 6pt; direction: ltr; unicode-bidi: normal;\"><span class=\"Normal-H\"><span style=\"font-family: Times New Roman; font-size: 11pt;\"><img loading=\"lazy\" decoding=\"async\" class=\"\" src=\"http:\/\/www.adrianwood.ch\/wp-content\/uploads\/2016\/08\/1470416437_image2.jpeg\" width=\"347\" height=\"232\" data-link=\"\" \/><\/span><\/span><\/p>\n<\/td>\n<\/tr>\n<tr class=\"-R\">\n<td class=\"-C\" style=\"width: 464.35pt; border: none windowtext 0pt;\" colspan=\"2\">\n<p class=\"Normal-P\" style=\"text-align: justify; text-justify: inter-ideograph; direction: ltr; unicode-bidi: normal;\"><span class=\"Normal-H\"><span style=\"font-family: Times New Roman; font-size: 11pt;\">Vor sechs Jahrhunderten war dies ein wichtiger Beobachtungspunkt mit Direktaussicht auf den Strand von Tazacorte. Und genau dort wurden sie gesichtet, die Spanier, die im September 1492 aus drei Caravellen mit nicht weniger als 900 Soldaten auf dem schwarzen Lavastrand landeten. Sie stellten sofort ein Lager auf, um zu vermeiden, dass sie das gleiche Los wie 40 Jahre zuvor ereilte und mit grossem Verlust fl\u00fcchten musten. <\/span><\/span><\/p>\n<p class=\"Normal-P\" style=\"margin-bottom: 6pt; text-align: justify; text-justify: inter-ideograph; direction: ltr; unicode-bidi: normal;\"><span class=\"Normal-H\"><span style=\"font-family: Times New Roman; font-size: 11pt;\">Von dort gingen sie zum Dorf Tazacorte, wo sie einer der 12 Stammeschefs der Insel \u201cBenhoare\u201c (wie sie damals hiess) empfing und nach einer diskreten Drohung vom Chef de Luso einverstanden war \u2013 nach einer Bedenkzeit von einer Stunde &#8211; einen Vertrag zu unterschreiben, dem er wenig Wert beimass, weil ihmder Zusammenhang entging. Dies war wohl der Anfang vom Ende.<\/span><span style=\"font-family: Times New Roman; font-size: 11pt;\">Wenige Wochen danach ging die ganze \u201eArmee\u201c Richtung S\u00fcden nach Fuencaliente, v<\/span><span style=\"font-family: Times New Roman; font-size: 11pt;\">on dort zu den \u201eW\u00fcstenbergen\u201c im<\/span><span style=\"font-family: Times New Roman; font-size: 11pt;\"> S\u00fcdosten. Dank der besseren Waffen der Spanier hatten die verschiedenen St\u00e4mme der Insel keine Chance. Die Eroberer richteten ein schreckliches Blutbad mit 2000 Toten an. <\/span><\/span><\/p>\n<p class=\"Normal-P\" style=\"margin-bottom: 6pt; text-align: justify; text-justify: inter-ideograph; direction: ltr; unicode-bidi: normal;\"><span class=\"Normal-H\"><span style=\"font-family: Times New Roman; font-size: 11pt;\">Am 3. Mai 1493 trafen sie auf den frisch ernannten K\u00f6nig Tunausu von Benhoare. Der Commandante de Luso lockte ihn mit einem vorget\u00e4uschten Verhandlungsangebot aus der Caldera, das sein gut beh\u00fctetes Reich bildete, t\u00f6tete seine Truppe, nahm ihn gefangen, um ihn dem K\u00f6nig in Spanien als Kriegsbeute zu pr\u00e4sentieren. Die Rechnung ging aber nicht auf: Tunausu weigerte sich irgendwelche Nahrung und Wasser einzunehmen, spuckte sie immer wieder aus und <\/span><span style=\"font-family: Times New Roman; font-size: 11pt;\">starb auf der Schiffs\u00fcberfahrt<\/span><span style=\"font-family: Times New Roman; font-size: 11pt;\">.<\/span><\/span><\/p>\n<\/td>\n<\/tr>\n<tr class=\"-R\">\n<td class=\"-C\" style=\"width: 232.2pt; border: none windowtext 0pt;\">\n<p class=\"Normal-P\" style=\"margin-bottom: 6pt; text-align: justify; text-justify: inter-ideograph; direction: ltr; unicode-bidi: normal;\"><span class=\"Normal-H\"><span style=\"font-family: Times New Roman; font-size: 11pt;\"><img loading=\"lazy\" decoding=\"async\" class=\"\" src=\"http:\/\/www.adrianwood.ch\/wp-content\/uploads\/2016\/08\/1470416437_image3.jpeg\" width=\"346\" height=\"227\" data-link=\"\" \/><\/span><\/span><\/p>\n<\/td>\n<td class=\"-C\" style=\"width: 232.15pt; border: none windowtext 0pt;\">\n<p class=\"Normal-P\" style=\"margin-bottom: 6pt; text-align: justify; text-justify: inter-ideograph; direction: ltr; unicode-bidi: normal;\"><span class=\"Normal-H\"><span style=\"font-family: Times New Roman; font-size: 11pt;\"><img loading=\"lazy\" decoding=\"async\" class=\"\" src=\"http:\/\/www.adrianwood.ch\/wp-content\/uploads\/2016\/08\/1470416437_image4.jpg\" width=\"346\" height=\"231\" data-link=\"\" \/><\/span><\/span><\/p>\n<\/td>\n<\/tr>\n<tr class=\"-R\">\n<td class=\"-C\" style=\"width: 464.35pt; border: none windowtext 0pt;\" colspan=\"2\">\n<p class=\"Normal-P\" style=\"margin-bottom: 6pt; text-align: justify; text-justify: inter-ideograph; direction: ltr; unicode-bidi: normal;\"><span class=\"Normal-H\"><span style=\"font-family: Times New Roman; font-size: 11pt;\">Wir fahren durch tiefe Schluchten, von einem Barranco zum n\u00e4chsten mit einigen H\u00f6hlen und einer grossen Menge Pflanzen in allerlei Variationen. Man sp\u00fcrt schon wie viel reicher und verschiedenartig dieser Teil der Insel ist. Hier herrscht nicht die Monokultur des S\u00fcdens mit den Bananenplantagen. Hier gibt es m\u00e4chtige wohlriechende Kiefern und kleine Kulturen rings um die kleinen H\u00e4user der Bewohner. Es sind viele Pfade zu sehen, die zu weit entfernten auf luftigen H\u00f6hen liegenden H\u00e4usern f\u00fchren. Um 11:15 kommen wir schon in Las Tricias an, einem kleinen Ort, welcher der ganzen Mannschaft von einem fr\u00fcheren Ausflug her bekannt ist.<\/span><\/span><\/p>\n<p class=\"Normal-P\" style=\"margin-bottom: 6pt; text-align: justify; text-justify: inter-ideograph; direction: ltr; unicode-bidi: normal;\"><span class=\"Normal-H\"><span style=\"font-family: Times New Roman; font-size: 11pt;\">Fernando ist von Adrian zum Essen eingeladen worden, was er sch\u00e4tzt. Er ern\u00e4hrt sich allein an der Bar. Wir alle dagegen haben die gedeckte Terrasse belegt und essen eifrig die nacheinander Eintreff<\/span><span style=\"font-family: Times New Roman; font-size: 11pt;\">&#8211;<\/span><span style=\"font-family: Times New Roman; font-size: 11pt;\">enden Tapas: papas arrugadas nat\u00fcrlich, Reis, etwas Schwein, etwas Fisch. Es gibt ein reges Hin- und herstreifen von einem Ende zum n\u00e4chsten. Dies erlaubt uns zu erfahren, dass der grosse Torero Jos\u00e9 Mata hier im Haus hinter unserem Bus am 23. Juli 1937 geboren wurde und leider 1975 durch ein gut plaziertes Horn get\u00f6tet wurde. Er war nicht nur Torero sondern auch Akteur in zahlreichen Filmen.<\/span><\/span><\/p>\n<\/td>\n<\/tr>\n<tr class=\"-R\">\n<td class=\"-C\" style=\"width: 232.2pt; border: none windowtext 0pt;\">\n<p class=\"Normal-P\" style=\"margin-bottom: 6pt; text-align: justify; text-justify: inter-ideograph; direction: ltr; unicode-bidi: normal;\"><span class=\"Normal-H\"><span style=\"font-family: Times New Roman; font-size: 11pt;\"><img loading=\"lazy\" decoding=\"async\" class=\"\" src=\"http:\/\/www.adrianwood.ch\/wp-content\/uploads\/2016\/08\/1470416437_image5.jpg\" width=\"346\" height=\"230\" data-link=\"\" \/><\/span><\/span><\/p>\n<\/td>\n<td class=\"-C\" style=\"width: 232.15pt; border: none windowtext 0pt;\">\n<p class=\"Normal-P\" style=\"margin-bottom: 6pt; text-align: justify; text-justify: inter-ideograph; direction: ltr; unicode-bidi: normal;\"><span class=\"Normal-H\"><span style=\"font-family: Times New Roman; font-size: 11pt;\"><img loading=\"lazy\" decoding=\"async\" class=\"\" src=\"http:\/\/www.adrianwood.ch\/wp-content\/uploads\/2016\/08\/1470416437_image6.jpeg\" width=\"346\" height=\"231\" data-link=\"\" \/><\/span><\/span><\/p>\n<\/td>\n<\/tr>\n<tr class=\"-R\">\n<td class=\"-C\" style=\"width: 464.35pt; border: none windowtext 0pt;\" colspan=\"2\">\n<p class=\"Normal-P\" style=\"margin-bottom: 6pt; text-align: justify; text-justify: inter-ideograph; direction: ltr; unicode-bidi: normal;\"><span class=\"Normal-H\"><span style=\"font-family: Times New Roman; font-size: 11pt;\">Neuer Halt in Santo Domingo, Hauptstadt des alten Stammes Garaf\u00eca bietet neben zwei \u201eBeizen\u201c eine interessante Kirche mit doppeltem Schiff und arabisch anmutendem h\u00f6lzernen Deckengew\u00f6lbe und Geb\u00e4lkverzierungen sowie ein interessantes ethnologisches Museum, in welchem das Leben vor hundert Jahren illustriert wird, als noch von der ganzen Bev\u00f6lkerung Strassen in einer Art Fr<\/span><span style=\"font-family: Times New Roman; font-size: 11pt;\">onarbeit gebaut werden mussten.<\/span><\/span><\/p>\n<p class=\"Normal-P\" style=\"margin-bottom: 6pt; text-align: justify; text-justify: inter-ideograph; direction: ltr; unicode-bidi: normal;\"><span class=\"Normal-H\"><span style=\"font-family: Times New Roman; font-size: 11pt;\">Ohne weitere grosse, nennenswerte D\u00f6rfer fahren wir durch kleine Weiler immer getrennt durch riesige Barrancos &#8211; Franceses, Gallegos &#8211; Ziele des morgigen Ausflugs und kommen endlich an unseren heiss begehrten Drachenb\u00e4umen, die man nur in der Distanz an Barrancos h\u00e4ngend sehen kann. <\/span><span style=\"font-family: Times New Roman; font-size: 11pt;\">Jetzt steht das Hotel \u201eLa Romantica\u201c endlich vor unseren Augen nach<\/span><span style=\"font-family: Times New Roman; font-size: 11pt;\">der langen Fahrt, w\u00e4hrend welcher mancher ein bis zwei Augen zudr\u00fcckte. Grosse Freude bei all unsern Teilnehmern. Das Hotel ist sehr sch\u00f6n, mit Innen- und Aussenschwimmb\u00e4dern, Fitnesseinrichtungen und einer Masseuse.<\/span><\/span><\/p>\n<\/td>\n<\/tr>\n<tr class=\"-R\">\n<td class=\"-C\" style=\"width: 232.2pt; border: none windowtext 0pt;\">\n<p class=\"Normal-P\" style=\"text-align: justify; text-justify: inter-ideograph; direction: ltr; unicode-bidi: normal;\"><span class=\"Normal-H\"><span style=\"font-family: Times New Roman; font-size: 11pt;\"><img loading=\"lazy\" decoding=\"async\" class=\"\" src=\"http:\/\/www.adrianwood.ch\/wp-content\/uploads\/2016\/08\/1470416437_image7.jpeg\" width=\"347\" height=\"231\" data-link=\"\" \/><\/span><\/span><\/p>\n<\/td>\n<td class=\"-C\" style=\"width: 232.15pt; border: none windowtext 0pt;\">\n<p class=\"Normal-P\" style=\"margin-bottom: 6pt; text-align: justify; text-justify: inter-ideograph; direction: ltr; unicode-bidi: normal;\"><span class=\"Normal-H\"><span style=\"font-family: Times New Roman; font-size: 11pt;\"><img loading=\"lazy\" decoding=\"async\" class=\"\" src=\"http:\/\/www.adrianwood.ch\/wp-content\/uploads\/2016\/08\/1470416437_image8.jpeg\" width=\"347\" height=\"232\" data-link=\"\" \/><\/span><\/span><\/p>\n<\/td>\n<\/tr>\n<tr class=\"-R\">\n<td class=\"-C\" style=\"width: 464.35pt; border: none windowtext 0pt;\" colspan=\"2\">\n<p class=\"Normal-P\" style=\"margin-bottom: 6pt; text-align: justify; text-justify: inter-ideograph; direction: ltr; unicode-bidi: normal;\"><span class=\"Normal-H\"><span style=\"font-family: Times New Roman; font-size: 11pt;\">Schnell hat sich eine Gruppe in ein Taxi gesetzt und f\u00e4hrt ca. 700 m tiefer zum Strand, das heisst zu den vulkanischen Schwimmb\u00e4dern, da kein echter Strand vorhanden ist. Die anderen geniessen die grossen R\u00e4ume und breiten sich darin aus. Man muss sich sogar an etwas w\u00e4rmere Temperaturen gew\u00f6hnen; manche werden mit offenen Fenstern, andere vorerst mit total geschlossenen schlafen, bis jeder den eigenen<\/span><span style=\"font-family: Times New Roman; font-size: 11pt;\">Rhythmus gefunden hat.<\/span><\/span><\/p>\n<\/td>\n<\/tr>\n<tr class=\"-R\">\n<td class=\"-C\" style=\"width: 232.2pt; border: none windowtext 0pt;\">\n<p class=\"Normal-P\" style=\"margin-bottom: 6pt; text-align: justify; text-justify: inter-ideograph; direction: ltr; unicode-bidi: normal;\"><span class=\"Normal-H\"><span style=\"font-family: Times New Roman; font-size: 11pt;\"><img loading=\"lazy\" decoding=\"async\" class=\"\" src=\"http:\/\/www.adrianwood.ch\/wp-content\/uploads\/2016\/08\/1470416437_image9.jpeg\" width=\"347\" height=\"259\" data-link=\"\" \/><\/span><\/span><\/p>\n<\/td>\n<td class=\"-C\" style=\"width: 232.15pt; border: none windowtext 0pt;\">\n<p class=\"Normal-P\" style=\"margin-bottom: 6pt; text-align: justify; text-justify: inter-ideograph; direction: ltr; unicode-bidi: normal;\"><span class=\"Normal-H\"><span style=\"font-family: Times New Roman; font-size: 11pt;\"><img loading=\"lazy\" decoding=\"async\" class=\"\" src=\"http:\/\/www.adrianwood.ch\/wp-content\/uploads\/2016\/08\/1470416437_image10.jpeg\" width=\"347\" height=\"260\" data-link=\"\" \/><\/span><\/span><\/p>\n<\/td>\n<\/tr>\n<tr class=\"-R\">\n<td class=\"-C\" style=\"width: 464.35pt; border: none windowtext 0pt;\" colspan=\"2\">\n<p class=\"Normal-P\" style=\"margin-bottom: 6pt; text-align: justify; text-justify: inter-ideograph; direction: ltr; unicode-bidi: normal;\"><span class=\"Normal-H\"><span style=\"font-family: Times New Roman; font-size: 11pt;\">Das Abendessen gibt es dieses Mal im Hotel, eine gute Abwechslung zu unseren Bungalow-Improvisationen bzw. unseren n\u00e4chtlichen Ausfl\u00fcgen zu verschiedenen Restaurants. Als Vorspeise entweder Kanarische Suppe mit Gem\u00fcsen und Schweinspeck oder Pilze mit K\u00e4se. Als Hauptgericht entweder Spaghetti a la Carlovento oder Fleisch mit Reis. Als Nachspeise ein \u201eBien me sabe\u201c, eine Art Konfit\u00fcre aus Mandeln oder ein Mandeleis. Alles wurde sehr gesch\u00e4tzt und nur gut dar<\/span><span style=\"font-family: Times New Roman; font-size: 11pt;\">\u00fcber gesprochen.<\/span><\/span><\/p>\n<p class=\"Normal-P\" style=\"margin-bottom: 6pt; text-align: justify; text-justify: inter-ideograph; direction: ltr; unicode-bidi: normal;\"><span class=\"Normal-H\"><span style=\"font-family: Times New Roman; font-size: 11pt;\">Diverse Pl\u00e4ne f\u00fcr den n\u00e4chsten Tag werden besprochen, aber bald beherrscht der Schlaf die Stimmung im ganzen Haus.<\/span><\/span><\/p>\n<p class=\"Normal-P\" style=\"text-align: justify; text-justify: inter-ideograph; direction: ltr; unicode-bidi: normal;\"><span class=\"Normal-H\"><span style=\"font-family: Times New Roman; font-size: 11pt;\">Daniel<\/span><\/span><\/p>\n<\/td>\n<\/tr>\n<p><!-- [if !supportMisalignedColumns]--><\/tbody>\n<\/table>\n","protected":false},"excerpt":{"rendered":"<p>5.Mai, Transfer von Todoque nach Barlovento Heute ist der etwas bef\u00fcrchtete Tag, an welchem wir den warmen S\u00fcdwesten der Insel verlassen, um zum \u2013 wie behauptet wurde &#8211; wesentlich k\u00fchleren Norden zu fahren. Eigentlich herrscht heute ein ruhiges Aufwachen, ohne die \u00fcbliche Hast der fr\u00fchen Wanderer. Ich frage mich, ob Adrian die Reste von gestern &hellip; <a href=\"https:\/\/www.adrianwood.ch\/?page_id=9897\" class=\"more-link\">Continue reading <span class=\"screen-reader-text\">05-05 Barlovento<\/span> <span class=\"meta-nav\">&rarr;<\/span><\/a><\/p>\n","protected":false},"author":1,"featured_media":0,"parent":9478,"menu_order":2229,"comment_status":"closed","ping_status":"closed","template":"","meta":{"ngg_post_thumbnail":0,"footnotes":""},"class_list":["post-9897","page","type-page","status-publish","hentry"],"_links":{"self":[{"href":"https:\/\/www.adrianwood.ch\/index.php?rest_route=\/wp\/v2\/pages\/9897","targetHints":{"allow":["GET"]}}],"collection":[{"href":"https:\/\/www.adrianwood.ch\/index.php?rest_route=\/wp\/v2\/pages"}],"about":[{"href":"https:\/\/www.adrianwood.ch\/index.php?rest_route=\/wp\/v2\/types\/page"}],"author":[{"embeddable":true,"href":"https:\/\/www.adrianwood.ch\/index.php?rest_route=\/wp\/v2\/users\/1"}],"replies":[{"embeddable":true,"href":"https:\/\/www.adrianwood.ch\/index.php?rest_route=%2Fwp%2Fv2%2Fcomments&post=9897"}],"version-history":[{"count":4,"href":"https:\/\/www.adrianwood.ch\/index.php?rest_route=\/wp\/v2\/pages\/9897\/revisions"}],"predecessor-version":[{"id":9910,"href":"https:\/\/www.adrianwood.ch\/index.php?rest_route=\/wp\/v2\/pages\/9897\/revisions\/9910"}],"up":[{"embeddable":true,"href":"https:\/\/www.adrianwood.ch\/index.php?rest_route=\/wp\/v2\/pages\/9478"}],"wp:attachment":[{"href":"https:\/\/www.adrianwood.ch\/index.php?rest_route=%2Fwp%2Fv2%2Fmedia&parent=9897"}],"curies":[{"name":"wp","href":"https:\/\/api.w.org\/{rel}","templated":true}]}}